{"id":3019,"date":"2017-12-18T18:32:25","date_gmt":"2017-12-18T18:32:25","guid":{"rendered":"http:\/\/biblian.is\/gudbrandsbiblia\/sidari-konungabok-14-kafli\/"},"modified":"2017-12-18T18:32:25","modified_gmt":"2017-12-18T18:32:25","slug":"sidari-konungabok-14-kafli","status":"publish","type":"page","link":"https:\/\/biblian.is\/gudbrandsbiblia\/sidari-konungabok-14-kafli\/","title":{"rendered":"S\u00ed\u00f0ari konungab\u00f3k 14. kafli"},"content":{"rendered":"<p>XIIII.<\/p>\n<p>\u00c1 au\u00f0ru \u00e1ri J\u00f3as sonar J\u00f3akas \u00cdsraelsk\u00f3ngs var\u00f0 Amas\u00eda son J\u00f3as k\u00f3ngur yfir J\u00fada. <span class=\"athugasemd\" title=\"8 \/ Amas\u00eda 29 \u00e1r k\u00f3ngur \u00ed J\u00fada\">[<\/span> Hann haf\u00f0i fimm um tv\u00edtugt \u00fe\u00e1 hann var\u00f0 k\u00f3ngur og r\u00edkti n\u00edu og tuttugu \u00e1r \u00ed Jer\u00fasalem. Hans m\u00f3\u00f0ir h\u00e9t J\u00f3ada af Jer\u00fasalem. Og hann gj\u00f6r\u00f0i \u00fea\u00f0 sem Drottni vel l\u00edka\u00f0i en \u00fe\u00f3 ei me\u00f0 \u00f6llu sem hans fa\u00f0ir Dav\u00ed\u00f0 heldur so sem hans fa\u00f0ir J\u0092oas. \u00dev\u00ed a\u00f0 hann t\u00f3k ekki ni\u00f0ur \u00fe\u00e6r h\u00e6\u00f0ir heldur lei\u00f0 hann a\u00f0 f\u00f3lki\u00f0 offra\u00f0i og brenndi reykelsi enn n\u00fa \u00e1 h\u00e6\u00f0um. <\/p>\n<p>\tEn sem hann var\u00f0 n\u00fa megtugur \u00ed s\u00ednu k\u00f3ngsr\u00edki \u00fe\u00e1 t\u00f3k hann af l\u00edfi \u00fe\u00e1 \u00fe\u00e9nara sem slegi\u00f0 h\u00f6f\u00f0u hans f\u00f6\u00f0ur \u00ed hel. En sonu \u00feessara manndr\u00e1para drap hann ekki eftir \u00fev\u00ed sem \u00fea\u00f0 stendur skrifa\u00f0 \u00ed M\u00f3ses l\u00f6gb\u00f3k \u00fear Drottinn bau\u00f0 so og sag\u00f0i: &#8222;Foreldrarnir skulu ekki deyja fyrir rangl\u00e6ti barnanna og eigi b\u00f6rnin fyrir rangl\u00e6ti foreldranna heldur skal hver og einn deyja fyrir s\u00edna s\u00f6k.&#8220; <span class=\"athugasemd\" title=\"Deut. 26 \/ Esek\u00ed. 18\">[<\/span> <\/p>\n<p>\tHann sl\u00f3 og t\u00edu \u00fe\u00fasund af \u00feeim Edomiter \u00ed \u00feeim Saltdal og vann borgina Sela me\u00f0 str\u00ed\u00f0i og kalla\u00f0i hana Jakteel inn til \u00feessa dags.<\/p>\n<p>\tS\u00ed\u00f0an sendi Amas\u00eda menn til J\u00f3as, sonar J\u00f3akas, sonar Jeh\u00fa, k\u00f3ngsins \u00ed \u00cdsrael, me\u00f0 \u00feeim bo\u00f0um: &#8222;Kom h\u00e9r og sj\u00e1i hver okkar annan.&#8220; En J\u00f3as \u00cdsraelsk\u00f3ngur sendi bo\u00f0 til Amas\u00eda J\u00fadak\u00f3ngs og l\u00e9t segja honum svo: &#8222;\u00deistillinn sem er \u00ed L\u00edbanon sendi bo\u00f0 til sedrustr\u00e9sins \u00ed L\u00edbanon me\u00f0 \u00feessum or\u00f0um: Gef \u00fe\u00fa m\u00ednum syni \u00fe\u00edna d\u00f3ttir til eiginkonu. En villid\u00fdrin \u00ed L\u00edbanonsk\u00f3gi f\u00f3ru til og tr\u00f3\u00f0u \u00feistilinn undir f\u00f3tum. \u00de\u00fa hefur slegi\u00f0 \u00fe\u00e1 Edomiter og \u00fev\u00ed st\u00e6rist \u00feitt hjarta? Halt \u00fe\u00fa hei\u00f0ri \u00fe\u00ednum og sit heima. E\u00f0a \u00fev\u00ed s\u00e6kir \u00fe\u00fa eftir \u00f3lukku svo a\u00f0 \u00fe\u00fa fallir og J\u00fada me\u00f0 \u00fe\u00e9r?&#8220;<\/p>\n<p>\tEn Amas\u00eda hl\u00fdddi ekki \u00feessum bo\u00f0um. Svo f\u00f3r J\u00f3as \u00cdsraelsk\u00f3ngur upp og \u00feeir s\u00e1ust, hann og Amas\u00eda J\u00fadak\u00f3ngur, \u00ed Bet Semes sem liggur \u00ed J\u00fada. En J\u00fada f\u00e9ll fyrir \u00cdsrael svo a\u00f0 hver fl\u00fd\u00f0i til s\u00edns heimilis. Og J\u00f3as \u00cdsraelsk\u00f3ngur handt\u00f3k Amas\u00eda J\u00fadak\u00f3ng, son J\u00f3as, son Ahasie, \u00ed Bet Semes. <span class=\"athugasemd\" title=\"Amas\u00eda sleginn og h\u00f6ndum tekinn\">[<\/span> Og hann kom til Jer\u00fasalem og reif ni\u00f0ur Jer\u00fasalems m\u00farveggi fr\u00e1 Efra\u00edmsporti og allt til hornhli\u00f0s, fj\u00f6gur hundru\u00f0 \u00e1lna langt. Og hann t\u00f3k allt gull og silfur og \u00feau ker sem fundust \u00ed Drottins h\u00fasi og alla f\u00e9sj\u00f3\u00f0u \u00far k\u00f3ngsins herbergi. H\u00e9r me\u00f0 t\u00f3k hann og hans b\u00f6rn \u00ed g\u00edsling og f\u00f3r svo aftur \u00ed Samariam.<\/p>\n<p>\tHva\u00f0 meira er a\u00f0 segja af J\u00f3as, hva\u00f0 hann gj\u00f6r\u00f0i og hver hans styrkur var og \u00ed hvern m\u00e1ta a\u00f0 hann str\u00edddi \u00ed m\u00f3t Amas\u00eda J\u00fadak\u00f3ngi, sj\u00e1, \u00fea\u00f0 er skrifa\u00f0 \u00ed \u00cdsraelsk\u00f3nga kron\u00edku. Og J\u00f3as sofna\u00f0i me\u00f0 s\u00ednum fe\u00f0rum og var jar\u00f0a\u00f0ur \u00ed Samaria \u00e1 me\u00f0al Israelisk\u00f3nga. Og hans son Jer\u00f3b\u00f3am var\u00f0 k\u00f3ngur eftir hann.<\/p>\n<p>\tAmas\u00eda, son J\u00f3as, k\u00f3ngur J\u00fada, lif\u00f0i eftir dau\u00f0a J\u00f3as, sonar Akas, \u00cdsraelsk\u00f3ngs, fimmt\u00e1n \u00e1r. Hva\u00f0 meira er a\u00f0 segja af Amas\u00eda, \u00fea\u00f0 er skrifa\u00f0 \u00ed J\u00fadak\u00f3nga kron\u00edku. Og \u00feeir b\u00e1ru r\u00e1\u00f0 saman \u00ed m\u00f3ti honum \u00ed Jer\u00fasalem. En hann fl\u00fd\u00f0i til Lak\u00eds. \u00de\u00e1 sendu \u00feeir eftir honum til Lak\u00eds og dr\u00e1pu hann \u00fear. <span class=\"athugasemd\" title=\"Amas\u00eda \u00ed hel sleginn \/ 2. Para. 25\">[<\/span> Og \u00feeir f\u00e6r\u00f0u hann \u00e1 hestum og hann var greftra\u00f0ur \u00ed Jer\u00fasalem hj\u00e1 hans forfe\u00f0rum \u00ed Dav\u00ed\u00f0ssta\u00f0. Og allur J\u00fadal\u00fd\u00f0ur t\u00f3k Asar\u00eda til k\u00f3ngs \u00fe\u00e1 hann var sext\u00e1n vetra gamall \u00ed sta\u00f0inn s\u00edns f\u00f6\u00f0urs Amas\u00eda. Hann bygg\u00f0i upp Elat og lag\u00f0i hann aftur til J\u00fada eftir \u00fea\u00f0 k\u00f3ngurinn var sofna\u00f0ur me\u00f0 s\u00ednum fe\u00f0rum.<\/p>\n<p>\t\u00c1 fimmt\u00e1nda \u00e1ri Amazie sonar J\u00f3as k\u00f3ngsins \u00ed J\u00fada var\u00f0 Jer\u00f3b\u00f3am son J\u00f3as k\u00f3ngur yfir \u00cdsrael \u00ed Samaria eitt og fj\u00f6rut\u00edgi \u00e1r. <span class=\"athugasemd\" title=\"13 \/ Jer\u00f3b\u00f3am 41 \u00e1r k\u00f3ngur yfir \u00cdsrael\">[<\/span> Og hann gj\u00f6r\u00f0i \u00fea\u00f0 sem Drottni illa l\u00edka\u00f0i og l\u00e9t ekki af \u00f6llum syndum Jer\u00f3b\u00f3am sonar Nebat hver a\u00f0 \u00cdsrael kom til a\u00f0 syndgast. En hann vann aftur \u00cdsraels landamerki fr\u00e1 Hemat og inn til hafsins sem a\u00f0 liggur vi\u00f0 ey\u00f0im\u00f6rku eftir Drottins \u00cdsraels Gu\u00f0s or\u00f0i sem hann tala\u00f0i fyrir sinn \u00fe\u00e9nara J\u00f3na sp\u00e1mann son Amita\u00ed sem var af Gat Hefer. <span class=\"athugasemd\" title=\"J\u00f3na sp\u00e1mann\">[<\/span> \u00dev\u00ed Drottinn leit til Israelis \u00e1nau\u00f0ar vesaldar, a\u00f0 \u00feeir inniluktu og fyrirl\u00e1tnu \u00ed burtu voru og \u00fear var enginn sem hj\u00e1lpa\u00f0i \u00cdsrael. En Drottinn haf\u00f0i ekki sagt a\u00f0 hann vildi ey\u00f0ileggja \u00cdsraels nafn undir himninum og \u00fev\u00ed hj\u00e1lpa\u00f0i hann \u00feeim fyrir Jer\u00f3b\u00f3am son J\u00f3as. Hva\u00f0 meira er a\u00f0 segja um Jer\u00f3b\u00f3am og allt \u00fea\u00f0 hann gj\u00f6r\u00f0i og hans herna\u00f0ur og hvernin hann vann aftur Damscum og Hamt \u00ed J\u00fada til \u00cdsrael, sj\u00e1, \u00fea\u00f0 er skrifa\u00f0 \u00ed \u00cdsraelsk\u00f3nga kron\u00edku. Og Jer\u00f3b\u00f3am sofna\u00f0i me\u00f0 s\u00ednum fe\u00f0rum \u00cdsraelsk\u00f3ngum. Og hans son Sakar\u00eda var\u00f0 k\u00f3ngur \u00ed hans sta\u00f0.<\/p>\n","protected":false},"excerpt":{"rendered":"<p>XIIII. \u00c1 au\u00f0ru \u00e1ri J\u00f3as sonar J\u00f3akas \u00cdsraelsk\u00f3ngs var\u00f0 Amas\u00eda son J\u00f3as k\u00f3ngur yfir J\u00fada. [ Hann haf\u00f0i fimm um tv\u00edtugt \u00fe\u00e1 hann var\u00f0 k\u00f3ngur og r\u00edkti n\u00edu og tuttugu \u00e1r \u00ed Jer\u00fasalem. Hans m\u00f3\u00f0ir h\u00e9t J\u00f3ada af Jer\u00fasalem. Og hann gj\u00f6r\u00f0i \u00fea\u00f0 sem Drottni vel l\u00edka\u00f0i en \u00fe\u00f3 ei me\u00f0 \u00f6llu sem hans fa\u00f0ir Dav\u00ed\u00f0 heldur so sem hans fa\u00f0ir J\u0092oas. \u00dev\u00ed a\u00f0 hann t\u00f3k ekki ni\u00f0ur \u00fe\u00e6r h\u00e6\u00f0ir heldur lei\u00f0 hann a\u00f0 f\u00f3lki\u00f0 offra\u00f0i og brenndi reykelsi enn n\u00fa \u00e1 h\u00e6\u00f0um. En sem hann var\u00f0 n\u00fa megtugur \u00ed s\u00ednu k\u00f3ngsr\u00edki \u00fe\u00e1 t\u00f3k hann af l\u00edfi \u00fe\u00e1 \u00fe\u00e9nara sem <a href=\"https:\/\/biblian.is\/gudbrandsbiblia\/sidari-konungabok-14-kafli\/\"> [&#8230;]<\/a><\/p>\n","protected":false},"author":1,"featured_media":0,"parent":0,"menu_order":0,"comment_status":"open","ping_status":"open","template":"bibliukaflar.php","meta":{"footnotes":""},"class_list":["post-3019","page","type-page","status-publish","hentry"],"_links":{"self":[{"href":"https:\/\/biblian.is\/gudbrandsbiblia\/wp-json\/wp\/v2\/pages\/3019","targetHints":{"allow":["GET"]}}],"collection":[{"href":"https:\/\/biblian.is\/gudbrandsbiblia\/wp-json\/wp\/v2\/pages"}],"about":[{"href":"https:\/\/biblian.is\/gudbrandsbiblia\/wp-json\/wp\/v2\/types\/page"}],"author":[{"embeddable":true,"href":"https:\/\/biblian.is\/gudbrandsbiblia\/wp-json\/wp\/v2\/users\/1"}],"replies":[{"embeddable":true,"href":"https:\/\/biblian.is\/gudbrandsbiblia\/wp-json\/wp\/v2\/comments?post=3019"}],"version-history":[{"count":0,"href":"https:\/\/biblian.is\/gudbrandsbiblia\/wp-json\/wp\/v2\/pages\/3019\/revisions"}],"wp:attachment":[{"href":"https:\/\/biblian.is\/gudbrandsbiblia\/wp-json\/wp\/v2\/media?parent=3019"}],"curies":[{"name":"wp","href":"https:\/\/api.w.org\/{rel}","templated":true}]}}