{"id":3017,"date":"2017-12-18T18:32:25","date_gmt":"2017-12-18T18:32:25","guid":{"rendered":"http:\/\/biblian.is\/gudbrandsbiblia\/sidari-konungabok-12-kafli\/"},"modified":"2017-12-18T18:32:25","modified_gmt":"2017-12-18T18:32:25","slug":"sidari-konungabok-12-kafli","status":"publish","type":"page","link":"https:\/\/biblian.is\/gudbrandsbiblia\/sidari-konungabok-12-kafli\/","title":{"rendered":"S\u00ed\u00f0ari konungab\u00f3k 12. kafli"},"content":{"rendered":"<p>XII.<\/p>\n<p>\u00c1 \u00fev\u00ed sj\u00f6unda \u00e1ri Jeh\u00fa var\u00f0 J\u00f3as k\u00f3ngur og r\u00edkti fj\u00f6rut\u00edgir \u00e1r \u00ed Jer\u00fasalem. <span class=\"athugasemd\" title=\"J\u00f3as r\u00edkti xl \u00e1r \u00ed J\u00fada \/ 2. Para. 24\">[<\/span> Hans m\u00f3\u00f0ir h\u00e9t Sibea af Bersaba. Og J\u00f3as gj\u00f6r\u00f0i \u00fea\u00f0 sem r\u00e9tt var og Drottni vel \u00fe\u00f3kna\u00f0ist so lengi sem J\u00f3jada prestur l\u00e6r\u00f0i hann, utan \u00fea\u00f0 a\u00f0 hann t\u00f3k ekki \u00ed burt h\u00e6\u00f0irnar \u00fev\u00ed a\u00f0 f\u00f3lki\u00f0 f\u00e6r\u00f0i f\u00f3rnir og brenndu reykelsi \u00e1 h\u00e6\u00f0unum.<\/p>\n<p>\tOg J\u00f3as sag\u00f0i til kennimannanna: <span class=\"athugasemd\" title=\"Exod. 30\">[<\/span> &#8222;Allir \u00feeir peningar sem helga\u00f0ir ver\u00f0a og berast \u00ed Drottins h\u00fas sem eru gengir og \u00ed gildi, \u00feeir peningar sem hver ma\u00f0ur gefur fyrir sinni s\u00e1lu og allir \u00feeir peningar sem hver ma\u00f0ur gefur me\u00f0 s\u00ednum sj\u00e1lfsvilja, a\u00f0 \u00feeir skulu berast \u00ed Drottins h\u00fas, \u00fe\u00e1 taki prestarnir \u00fe\u00e1 til s\u00edn, hver af s\u00ednum kunningjum. Og af \u00fev\u00ed skulu \u00feeir endurb\u00e6ta hr\u00f6rnandi hluti \u00ed Drottins h\u00fasi og sem \u00feeir f\u00f3rnina umb\u00f3tar vi\u00f0 \u00feurfi.&#8220; En \u00fe\u00e1 prestarnir h\u00f6f\u00f0u ekki endurb\u00e6tt \u00fea\u00f0 sem broti\u00f0 var \u00e1 Drottins h\u00fasi \u00e1 \u00fev\u00ed \u00feri\u00f0ja og tuttugasta \u00e1ri J\u00f3as k\u00f3ngs \u00fe\u00e1 kalla\u00f0i J\u00f3as k\u00f3ngur J\u00f3jada kennimann og alla prestana me\u00f0 honum fyrir sig og sag\u00f0i til \u00feeirra: &#8222;\u00dev\u00ed hafi \u00fe\u00e9r ekki endurb\u00e6tt \u00fea\u00f0 sem eg bau\u00f0 y\u00f0ur \u00e1 Drottins h\u00fasi? En fr\u00e1 \u00feessu skal enginn y\u00f0ar taka peninga af s\u00ednum kunningja. En leggi\u00f0 \u00fea\u00f0 fram til musterisins forbetrunar.&#8220; Og \u00feetta sam\u00feykktu prestarnir a\u00f0 \u00feeir skyldu \u00f6ngva peninga taka af f\u00f3lkinu og b\u00e6ta \u00fe\u00f3 \u00fea\u00f0 sem \u00feurfti af musterinu.<\/p>\n<p>\t\u00de\u00e1 t\u00f3k J\u00f3adas prestur eina f\u00e9hirslu og gj\u00f6r\u00f0i eitt gat \u00fear ofan upp \u00e1 og setti hana h\u00e6gra megin altarisins \u00fear sem inn var gengi\u00f0 \u00ed Drottins h\u00fas. Og \u00feeir prestar sem geymdu dyrnar l\u00f6g\u00f0u \u00fear \u00ed alla \u00fe\u00e1 peninga sem gefnir ur\u00f0u til Drottins h\u00fass. En sem \u00feeir s\u00e1u a\u00f0 \u00fear var allmiki\u00f0 f\u00e9 til samans komi\u00f0 \u00fe\u00e1 kom k\u00f3ngsins skrifari og s\u00e1 ypparsti kennima\u00f0ur \u00fear upp og bundu f\u00e9\u00f0 til samans og reiknu\u00f0u \u00fea\u00f0 sem fundi\u00f0 var \u00ed Drottins h\u00fasi. Og \u00feeir l\u00f6g\u00f0u f\u00e9\u00f0 til kostna\u00f0ar tr\u00e9smi\u00f0um og \u00f6\u00f0rum smi\u00f0um sem sm\u00ed\u00f0u\u00f0u a\u00f0 Drottins h\u00fasi, m\u00farmeisturum og steinkl\u00f6pp\u00f6rum og a\u00f0 kaupa me\u00f0 tr\u00e9 og h\u00f6ggna steina svo a\u00f0 allt \u00fea\u00f0 sem broti\u00f0 var \u00e1 Drottins h\u00fasi skyldi endurb\u00e6tast og allt \u00fea\u00f0 sem \u00feeir fundu a\u00f0 \u00fe\u00f6rf var a\u00f0 endurb\u00e6tast skyldi \u00e1 h\u00fasinu. <span class=\"athugasemd\" title=\"Drottins h\u00fas endurb\u00e6tist\">[<\/span> <\/p>\n<p>\tEn \u00fe\u00f3 l\u00e9t hann ekki gj\u00f6ra silfursk\u00e1lir, psalterium, munnlaugar, hlj\u00f3\u00f0f\u00e6ri e\u00f0a nokkur ker af gulli e\u00f0ur silfri \u00ed Drottins h\u00fasi af \u00feeim peningum sem b\u00e1rust til h\u00fass Drottins heldur var \u00fea\u00f0 gefi\u00f0 \u00feeim arfi\u00f0ism\u00f6nnum a\u00f0 \u00feeir skyldu \u00fear me\u00f0 endurb\u00e6ta \u00fea\u00f0 sem broti\u00f0 var af h\u00fasi Drottins. En eigi st\u00f3\u00f0u \u00feeir menn reikningsskap sem \u00fatg\u00e1fu f\u00e9\u00f0 smi\u00f0unum heldur h\u00f6ndlu\u00f0u \u00feeir \u00e1 s\u00edna tr\u00fa. En \u00fea\u00f0 f\u00e9 sem galst \u00ed misverkab\u00e6tur e\u00f0ur syndaoffur, \u00fea\u00f0 var ekki bori\u00f0 \u00ed Drottins h\u00fas \u00fev\u00ed a\u00f0 \u00fea\u00f0 heyr\u00f0i prestunum til. <\/p>\n<p>\t\u00c1 \u00feeim t\u00edma f\u00f3r Hasael k\u00f3ngurinn af Syria og herja\u00f0i \u00e1 borgina Gat og hann vann hana. <span class=\"athugasemd\" title=\"Hasael \/ Infra. 13\">[<\/span> En sem Hasael sneri s\u00e9r og \u00e6tla\u00f0i a\u00f0 fara upp til Jer\u00fasalem \u00fe\u00e1 t\u00f3k J\u00f3as J\u00fadak\u00f3ngur allt (gull og silfur) \u00fea\u00f0 sem hans foreldrar, J\u00f3safat, J\u00f3ram og Ahas\u00eda k\u00f3ngar \u00ed J\u00fada, h\u00f6f\u00f0u helga\u00f0 og \u00fea\u00f0 hann haf\u00f0i sj\u00e1lfur helga\u00f0, \u00fear til allt \u00fea\u00f0 gull sem menn fundu \u00ed Drottins h\u00fass f\u00e9hirslu og \u00ed k\u00f3ngsins h\u00fasi og sendi til Hasael S\u00fdrlandsk\u00f3ngs. Vi\u00f0 \u00fea\u00f0 hvarf hann fr\u00e1 Jer\u00fasalem.<\/p>\n<p>\tHva\u00f0 meira er a\u00f0 segja um J\u00f3as og allt \u00fea\u00f0 sem hann gj\u00f6r\u00f0i, \u00fea\u00f0 er skrifa\u00f0 \u00ed J\u00fadak\u00f3nga kron\u00edku. <span class=\"athugasemd\" title=\"2. Para. 24\">[<\/span> Og hans eigin \u00fe\u00e9narar t\u00f3ku sig upp og gj\u00f6r\u00f0u uppreist \u00ed gegn honum og dr\u00e1pu hann \u00ed h\u00fasinu Mill\u00f3 \u00e1 \u00feeim vegi ofan til Silla. <span class=\"athugasemd\" title=\"J\u00f3as sleginn \u00ed hel\">[<\/span> \u00dev\u00ed a\u00f0 J\u00f3sabar son S\u00edmeat og J\u00f3sabad son S\u00f3mer, hans eigin \u00fe\u00e9narar, \u00feeir sl\u00f3gu hann \u00ed hel. Og hann var jar\u00f0a\u00f0ur me\u00f0 hans forfe\u00f0rum \u00ed Dav\u00ed\u00f0s sta\u00f0. Og Amas\u00eda hans son var\u00f0 k\u00f3ngur \u00ed hans sta\u00f0.<\/p>\n","protected":false},"excerpt":{"rendered":"<p>XII. \u00c1 \u00fev\u00ed sj\u00f6unda \u00e1ri Jeh\u00fa var\u00f0 J\u00f3as k\u00f3ngur og r\u00edkti fj\u00f6rut\u00edgir \u00e1r \u00ed Jer\u00fasalem. [ Hans m\u00f3\u00f0ir h\u00e9t Sibea af Bersaba. Og J\u00f3as gj\u00f6r\u00f0i \u00fea\u00f0 sem r\u00e9tt var og Drottni vel \u00fe\u00f3kna\u00f0ist so lengi sem J\u00f3jada prestur l\u00e6r\u00f0i hann, utan \u00fea\u00f0 a\u00f0 hann t\u00f3k ekki \u00ed burt h\u00e6\u00f0irnar \u00fev\u00ed a\u00f0 f\u00f3lki\u00f0 f\u00e6r\u00f0i f\u00f3rnir og brenndu reykelsi \u00e1 h\u00e6\u00f0unum. Og J\u00f3as sag\u00f0i til kennimannanna: [ &#8222;Allir \u00feeir peningar sem helga\u00f0ir ver\u00f0a og berast \u00ed Drottins h\u00fas sem eru gengir og \u00ed gildi, \u00feeir peningar sem hver ma\u00f0ur gefur fyrir sinni s\u00e1lu og allir \u00feeir peningar sem hver ma\u00f0ur gefur me\u00f0 <a href=\"https:\/\/biblian.is\/gudbrandsbiblia\/sidari-konungabok-12-kafli\/\"> [&#8230;]<\/a><\/p>\n","protected":false},"author":1,"featured_media":0,"parent":0,"menu_order":0,"comment_status":"open","ping_status":"open","template":"bibliukaflar.php","meta":{"footnotes":""},"class_list":["post-3017","page","type-page","status-publish","hentry"],"_links":{"self":[{"href":"https:\/\/biblian.is\/gudbrandsbiblia\/wp-json\/wp\/v2\/pages\/3017","targetHints":{"allow":["GET"]}}],"collection":[{"href":"https:\/\/biblian.is\/gudbrandsbiblia\/wp-json\/wp\/v2\/pages"}],"about":[{"href":"https:\/\/biblian.is\/gudbrandsbiblia\/wp-json\/wp\/v2\/types\/page"}],"author":[{"embeddable":true,"href":"https:\/\/biblian.is\/gudbrandsbiblia\/wp-json\/wp\/v2\/users\/1"}],"replies":[{"embeddable":true,"href":"https:\/\/biblian.is\/gudbrandsbiblia\/wp-json\/wp\/v2\/comments?post=3017"}],"version-history":[{"count":0,"href":"https:\/\/biblian.is\/gudbrandsbiblia\/wp-json\/wp\/v2\/pages\/3017\/revisions"}],"wp:attachment":[{"href":"https:\/\/biblian.is\/gudbrandsbiblia\/wp-json\/wp\/v2\/media?parent=3017"}],"curies":[{"name":"wp","href":"https:\/\/api.w.org\/{rel}","templated":true}]}}