{"id":3016,"date":"2017-12-18T18:32:25","date_gmt":"2017-12-18T18:32:25","guid":{"rendered":"http:\/\/biblian.is\/gudbrandsbiblia\/sidari-konungabok-11-kafli\/"},"modified":"2017-12-18T18:32:25","modified_gmt":"2017-12-18T18:32:25","slug":"sidari-konungabok-11-kafli","status":"publish","type":"page","link":"https:\/\/biblian.is\/gudbrandsbiblia\/sidari-konungabok-11-kafli\/","title":{"rendered":"S\u00ed\u00f0ari konungab\u00f3k 11. kafli"},"content":{"rendered":"<p>XI.<\/p>\n<p>En Atal\u00eda m\u00f3\u00f0ir Ahas\u00eda \u00fe\u00e1 h\u00fan s\u00e1 a\u00f0 sinn sonur var dau\u00f0ur t\u00f3k h\u00fan sig upp og l\u00e9t drepa allt konunglegt kyn. <span class=\"athugasemd\" title=\"Atal\u00eda\">[<\/span> En J\u00f3seba, d\u00f3ttir J\u00f3ram k\u00f3ngs, Ahas\u00eda systir, h\u00fan t\u00f3k J\u00f3has, son Ahas\u00eda, og kom honum leynilega undan fr\u00e1 k\u00f3ngsins sonum sem \u00ed hel voru slegnir me\u00f0 hans f\u00f3stru \u00ed eitt svefnherbergi. <span class=\"athugasemd\" title=\"J\u0092oas geymdur fyrir Atal\u00eda \/ 2. Para. 23\">[<\/span> Og hann var geymdur fyrir Atal\u00eda svo h\u00fan gat ekki deytt hann. Og hann var f\u00e6ddur upp \u00e1 laun me\u00f0 sinni f\u00f3stru \u00ed h\u00fasi Drottins sex \u00e1r. En Atal\u00eda var drottning \u00ed landinu.<\/p>\n<p>\tEn \u00e1 \u00fev\u00ed sj\u00f6unda \u00e1ri sendi J\u00f3jada \u00fat og t\u00f3k til s\u00edn \u00fe\u00e1 inu yppustu hundra\u00f0sh\u00f6f\u00f0ingja, h\u00f6fu\u00f0smenn og str\u00ed\u00f0smenn og bau\u00f0 \u00feeim a\u00f0 koma til s\u00edn \u00ed Drottins h\u00fas og gj\u00f6r\u00f0i s\u00e1ttm\u00e1l vi\u00f0 \u00fe\u00e1 og t\u00f3k einn ei\u00f0 af \u00feeim \u00ed Drottins h\u00fasi og s\u00fdndi \u00feeim k\u00f3ng s\u00edns son. <span class=\"athugasemd\" title=\"J\u00f3jada \/ 2. Para. 22\">[<\/span> Og hann bau\u00f0 \u00feeim og sag\u00f0i: &#8222;\u00deetta er n\u00fa \u00fea\u00f0 sem \u00fe\u00e9r skulu\u00f0 gj\u00f6ra. \u00deri\u00f0ji partur af y\u00f0ur skal ganga \u00e1 \u00fevottdeginum og halda v\u00f6r\u00f0 yfir k\u00f3ngsins h\u00fasi. En annar flokkur skal vera hj\u00e1 \u00fev\u00ed porti S\u00far og hinn \u00feri\u00f0ji flokkur hj\u00e1 \u00fev\u00ed porti sem liggur \u00e1 bak str\u00ed\u00f0smannab\u00fa\u00f0um. \u00de\u00e9r skulu\u00f0 og so halda v\u00f6r\u00f0 yfir Massa h\u00fasi. En tv\u00e6r sveitir af y\u00f0ur \u00f6llum \u00e1 \u00fevottdegi skulu \u00e6t\u00ed\u00f0 halda v\u00f6r\u00f0 og fylgd k\u00f3ngi \u00ed h\u00fasi Drotins. Og \u00fe\u00e9r skulu\u00f0 vera \u00ed kringum k\u00f3nginn, allir vopna\u00f0ir. Og ef nokkur gengur inn um gar\u00f0 musterisins s\u00e1 skal dau\u00f0a deyja. En \u00fe\u00e9r skulu\u00f0 vera hj\u00e1 k\u00f3nginum \u00e6t\u00ed\u00f0 n\u00e6r hann gengur \u00fat og inn.&#8220;<\/p>\n<p>\tOg hundra\u00f0sh\u00f6f\u00f0ingjarnir gj\u00f6r\u00f0u allt \u00fea\u00f0 sem J\u00f3jada prestur bau\u00f0 \u00feeim og \u00feeir t\u00f3ku s\u00edna menn a\u00f0 s\u00e9r, \u00feeir sem inngengu \u00ed h\u00e1t\u00ed\u00f0arhaldi\u00f0, me\u00f0 \u00feeim sem \u00fatgengu fr\u00e1 h\u00e1t\u00ed\u00f0arhaldinu og komu til J\u00f3jada prests. En presturinn f\u00e9kk hundra\u00f0sh\u00f6f\u00f0ingjunum spj\u00f3t og skj\u00f6ldu sem \u00e1tt haf\u00f0i Dav\u00ed\u00f0 k\u00f3ngur og var\u00f0veitt voru \u00ed Gu\u00f0s h\u00fasi. <span class=\"athugasemd\" title=\"2. Para. 23\">[<\/span> Og fylgdarmenn st\u00f3\u00f0u \u00ed kringum k\u00f3nginn, hver me\u00f0 sinni verju \u00ed sinni hendi, fr\u00e1 \u00fev\u00ed h\u00e6gra horni h\u00fassins og a\u00f0 \u00fev\u00ed vinstra horni \u00e1 m\u00f3t altarinu og \u00ed kringum h\u00fasi\u00f0. Og hann leiddi k\u00f3ngsins son fram. Og hann setti k\u00f3r\u00f3nu \u00e1 hann og afhenti honum <span class=\"athugasemd\" title=\"a \/ (Vitnisbur\u00f0inn) \/ \u00dea\u00f0 var Gu\u00f0s l\u00f6gm\u00e1lsb\u00f3k, Fimmta b\u00f3k M\u00f3ses, hver a\u00f0 k\u00f3ngunum var s\u00e9rdeilis \u00e1 hendur falin\">[<\/span> vitnisbur\u00f0inn og \u00feeir settu hann til k\u00f3ngs og gl\u00f6ddust me\u00f0 fagna\u00f0i og kl\u00f6ppu\u00f0u l\u00f3fum saman og s\u00f6g\u00f0u: &#8222;Vor k\u00f3ngur f\u00e1i lukku!&#8220;<\/p>\n<p>\tEn sem Atal\u00eda heyr\u00f0i hark og h\u00e1reysti f\u00f3lksins \u00fe\u00e1 kom h\u00fan me\u00f0 \u00f6\u00f0ru f\u00f3lki \u00ed Drottins h\u00fas og s\u00e1st um og sj\u00e1, \u00fe\u00e1 st\u00f3\u00f0 k\u00f3ngurinn vi\u00f0 st\u00f3lpann so sem si\u00f0ur var til en s\u00f6ngvararnir og spilmennirnir st\u00f3\u00f0u hj\u00e1 k\u00f3nginum og allt landsf\u00f3lki\u00f0 var fagnandi og bl\u00e9su \u00ed b\u00e1s\u00fanir. \u00de\u00e1 reif Atal\u00eda \u00ed sundur \u00ed s\u00edn kl\u00e6\u00f0i og sag\u00f0i: &#8222;Svikr\u00e6\u00f0i, svikr\u00e6\u00f0i!&#8220; En J\u00f3jada prestur bau\u00f0 \u00feeim hundra\u00f0sh\u00f6f\u00f0ingjum hverjir a\u00f0 settir voru yfir herinn og sag\u00f0i til \u00feeirra: &#8222;Lei\u00f0i\u00f0 hana \u00fat af musterinu \u00ed gar\u00f0inn og ef nokkur fylgir henni \u00fe\u00e1 drepi\u00f0 hann me\u00f0 sver\u00f0i.&#8220; \u00dev\u00ed presturinn haf\u00f0i sagt: &#8222;H\u00fan skal ekki deyja \u00ed Drottins h\u00fasi.&#8220; Og \u00feeir l\u00f6g\u00f0u hendur \u00e1 hana og \u00feeir f\u00e6r\u00f0u hana \u00e1 \u00feann veg sem kallast Hestahli\u00f0 og liggur til k\u00f3ngsins gar\u00f0s og \u00fear dr\u00e1pu \u00feeir hana. <span class=\"athugasemd\" title=\"Atal\u00eda \u00ed hel slegin\">[<\/span><\/p>\n<p>\t\u00de\u00e1 gj\u00f6r\u00f0i J\u00f3jada eitt s\u00e1ttm\u00e1l \u00e1 millum Drottins og k\u00f3ngsins og f\u00f3lksins a\u00f0 \u00feeir skyldu vera Drottins f\u00f3lk. Svo og gj\u00f6r\u00f0i hann s\u00e1ttm\u00e1la \u00ed millum k\u00f3ngsins og f\u00f3lksins. <\/p>\n<p>\tEftir \u00fea\u00f0 gekk allt landsf\u00f3lki\u00f0 \u00ed Baals kirkju og ni\u00f0urbraut hans altari og ni\u00f0urbraut hans b\u00edl\u00e6ti ofan \u00ed grunn og \u00feeir sl\u00f3gu Natan Baals prest \u00ed hel fyrir altarinu. Og kennima\u00f0urinn setti fyrirsj\u00f3narmenn yfir Drottins h\u00fas. Og hann t\u00f3k hundra\u00f0sh\u00f6f\u00f0ingjana og hermenn og allt f\u00f3lki\u00f0 landsins og \u00feeir f\u00e6r\u00f0u k\u00f3nginn ofan fr\u00e1 Drottins h\u00fasi og komu \u00e1 veginn \u00feann sem l\u00e1 fr\u00e1 skutulsveinaportinu til k\u00f3ngsins h\u00fass og hann setti sig \u00ed k\u00f3ngsins h\u00e1s\u00e6ti. Og allur landsl\u00fd\u00f0ur var\u00f0 gla\u00f0ur og borgin st\u00f6\u00f0va\u00f0ist. En \u00feeir sl\u00f3gu Athaliam til dau\u00f0s hj\u00e1 k\u00f3ngsins h\u00fasi. Og J\u00f3as var sj\u00f6 \u00e1ra gamall \u00fe\u00e1 hann t\u00f3k k\u00f3ngd\u00f3m.<\/p>\n","protected":false},"excerpt":{"rendered":"<p>XI. En Atal\u00eda m\u00f3\u00f0ir Ahas\u00eda \u00fe\u00e1 h\u00fan s\u00e1 a\u00f0 sinn sonur var dau\u00f0ur t\u00f3k h\u00fan sig upp og l\u00e9t drepa allt konunglegt kyn. [ En J\u00f3seba, d\u00f3ttir J\u00f3ram k\u00f3ngs, Ahas\u00eda systir, h\u00fan t\u00f3k J\u00f3has, son Ahas\u00eda, og kom honum leynilega undan fr\u00e1 k\u00f3ngsins sonum sem \u00ed hel voru slegnir me\u00f0 hans f\u00f3stru \u00ed eitt svefnherbergi. [ Og hann var geymdur fyrir Atal\u00eda svo h\u00fan gat ekki deytt hann. Og hann var f\u00e6ddur upp \u00e1 laun me\u00f0 sinni f\u00f3stru \u00ed h\u00fasi Drottins sex \u00e1r. En Atal\u00eda var drottning \u00ed landinu. En \u00e1 \u00fev\u00ed sj\u00f6unda \u00e1ri sendi J\u00f3jada \u00fat og t\u00f3k til <a href=\"https:\/\/biblian.is\/gudbrandsbiblia\/sidari-konungabok-11-kafli\/\"> [&#8230;]<\/a><\/p>\n","protected":false},"author":1,"featured_media":0,"parent":0,"menu_order":0,"comment_status":"open","ping_status":"open","template":"bibliukaflar.php","meta":{"footnotes":""},"class_list":["post-3016","page","type-page","status-publish","hentry"],"_links":{"self":[{"href":"https:\/\/biblian.is\/gudbrandsbiblia\/wp-json\/wp\/v2\/pages\/3016","targetHints":{"allow":["GET"]}}],"collection":[{"href":"https:\/\/biblian.is\/gudbrandsbiblia\/wp-json\/wp\/v2\/pages"}],"about":[{"href":"https:\/\/biblian.is\/gudbrandsbiblia\/wp-json\/wp\/v2\/types\/page"}],"author":[{"embeddable":true,"href":"https:\/\/biblian.is\/gudbrandsbiblia\/wp-json\/wp\/v2\/users\/1"}],"replies":[{"embeddable":true,"href":"https:\/\/biblian.is\/gudbrandsbiblia\/wp-json\/wp\/v2\/comments?post=3016"}],"version-history":[{"count":0,"href":"https:\/\/biblian.is\/gudbrandsbiblia\/wp-json\/wp\/v2\/pages\/3016\/revisions"}],"wp:attachment":[{"href":"https:\/\/biblian.is\/gudbrandsbiblia\/wp-json\/wp\/v2\/media?parent=3016"}],"curies":[{"name":"wp","href":"https:\/\/api.w.org\/{rel}","templated":true}]}}