{"id":3008,"date":"2017-12-18T18:32:21","date_gmt":"2017-12-18T18:32:21","guid":{"rendered":"http:\/\/biblian.is\/gudbrandsbiblia\/sidari-konungabok-3-kafli\/"},"modified":"2017-12-18T18:32:21","modified_gmt":"2017-12-18T18:32:21","slug":"sidari-konungabok-3-kafli","status":"publish","type":"page","link":"https:\/\/biblian.is\/gudbrandsbiblia\/sidari-konungabok-3-kafli\/","title":{"rendered":"S\u00ed\u00f0ari konungab\u00f3k 3. kafli"},"content":{"rendered":"<p>III.<\/p>\n<p>J\u00f3ram son Akab var\u00f0 k\u00f3ngur yfir \u00cdsrael \u00ed Samaria \u00e1 \u00fev\u00ed \u00e1tj\u00e1nda \u00e1ri J\u00f3safat k\u00f3ngs J\u00fada og r\u00edkti t\u00f3lf \u00e1r. <span class=\"athugasemd\" title=\"9 \/ J\u00f3ram 12 \u00e1r k\u00f3ngur yfir \u00cdsrael\">[<\/span> Og hann gj\u00f6r\u00f0i \u00fea\u00f0 sem Drottni illa l\u00edka\u00f0i, \u00fe\u00f3 eigi so sem hans fa\u00f0ir og hans m\u00f3\u00f0ir. \u00dev\u00ed hann burt t\u00f3k Baals sk\u00fargo\u00f0 sem hans fa\u00f0ir l\u00e9t gj\u00f6ra. En \u00fe\u00f3 gekk hann fram eftir syndum Jer\u00f3b\u00f3am sonar Nebat sem \u00cdsrael kom til a\u00f0 syndgast og l\u00e9t \u00fear ekki af.<\/p>\n<p>\tOg Mesa M\u00f3ab\u00edtak\u00f3ngur haf\u00f0i fj\u00f6lda sau\u00f0a. Hann greiddi skatt \u00cdsraelsk\u00f3ngi, hundra\u00f0 \u00fe\u00fasund lambareyfi og reyfi af hundra\u00f0 \u00fe\u00fasund hr\u00fatum. En sem Akab var dau\u00f0ur \u00fe\u00e1 f\u00e9ll k\u00f3ngur Moabitarum fr\u00e1 \u00cdsraelsk\u00f3ngi. <span class=\"athugasemd\" title=\"Mesa f\u00e9ll fr\u00e1 \u00cdsraelsk\u00f3ngi \/ 2. Par. 20\">[<\/span> S\u00ed\u00f0an f\u00f3r J\u00f3ram k\u00f3ngur \u00fat af Samaria \u00e1 \u00feeim sama t\u00edma og safna\u00f0i a\u00f0 s\u00e9r \u00f6llum \u00cdsrael. Og han sendi burt til J\u00f3safat k\u00f3ngs \u00ed J\u00fadag og l\u00e9t segja honum: &#8222;K\u00f3ngur \u00feeirra Moabitarum er fallinn fr\u00e1 m\u00e9r. Kom me\u00f0 m\u00e9r a\u00f0 berjast vi\u00f0 \u00fe\u00e1 Moabites.&#8220; Hann svara\u00f0i: &#8222;Eg vil koma, eg er sem \u00fe\u00fa og mitt f\u00f3lk svo sem \u00feitt f\u00f3lk og m\u00ednir hestar svo sem \u00fe\u00ednir hestar.&#8220; Og hann sag\u00f0i: &#8222;Um hvern veg viljum vi\u00f0 fara upp \u00feanga\u00f0?&#8220; Hann sag\u00f0i: &#8222;\u00c1 \u00feann veg sem liggur um Ed\u00f3ms ey\u00f0im\u00f6rk.&#8220;<\/p>\n<p>\tSvo fer\u00f0u\u00f0ust \u00feeir \u00cdsraelsk\u00f3ngur og k\u00f3ngur J\u00fada og k\u00f3ngurinn af Ed\u00f3m. Og sem \u00feeir h\u00f6f\u00f0u flutt her sinn sj\u00f6 daga \u00ed samt \u00fe\u00e1 haf\u00f0i herinn og \u00fea\u00f0 kvikf\u00e9 sem var me\u00f0 \u00feeim ekkert vatn. \u00de\u00e1 sag\u00f0i \u00cdsraelsk\u00f3ngur: &#8222;\u00d3 vei, Drottinn hefur kalla\u00f0 \u00feessa \u00ferj\u00e1 k\u00f3nga saman a\u00f0 hann gefi \u00fe\u00e1 \u00ed hendur Moabitarum.&#8220; <span class=\"athugasemd\" title=\"J\u00f3safat \/ 3. Reg. 22\">[<\/span> J\u00f3safat svara\u00f0i: &#8222;Er h\u00e9r enginn sp\u00e1ma\u00f0ur Drottins so v\u00e9r megum spyrja Drottin a\u00f0 r\u00e1\u00f0um fyrir hann?&#8220; \u00de\u00e1 svara\u00f0i einn af \u00cdsraelsk\u00f3ngs \u00fe\u00e9nurum og sag\u00f0i: &#8222;H\u00e9r er Eliseus son Safat sem gaf vatn \u00e1 El\u00edas hendur.&#8220; J\u00f3safat sag\u00f0i: &#8222;Hj\u00e1 honum er or\u00f0 Drottins.&#8220; Svo f\u00f3ru \u00feeir \u00cdsraelsk\u00f3ngur og J\u00f3safat og Ed\u00f3msk\u00f3ngur ofan til hans.<\/p>\n<p>\t\u00de\u00e1 sag\u00f0i Eliseus til \u00cdsraelsk\u00f3ngs: &#8222;Hva\u00f0 hefur \u00fe\u00fa me\u00f0 mig? Far burt til sp\u00e1manna f\u00f6\u00f0urs \u00fe\u00edns og m\u00f3\u00f0ur \u00feinnar.&#8220; \u00cdsraelsk\u00f3ngur svara\u00f0i honum: &#8222;Nei, \u00fev\u00ed a\u00f0 Drottinn hefur samansafna\u00f0 \u00feessum \u00feremur k\u00f3ngum a\u00f0 hann gefi \u00fe\u00e1 \u00ed hendur \u00feeirra Moabitarum.&#8220; Eliseus svara\u00f0i: &#8222;Svo sannarlega sem Drottinn Seba\u00f3t lifir fyrir hvers augliti eg stend: Ef eg s\u00e6ja ekki J\u00f3safats andlit J\u00fadak\u00f3ngs skydla eg \u00feig hverki augum sj\u00e1 n\u00e9 l\u00edta. En kalli\u00f0 til m\u00edn \u00feann mann sem vel leikur psalterium.&#8220; N\u00fa sem s\u00e1 ma\u00f0ur t\u00f3k a\u00f0 leika \u00fe\u00e1 kom Drottins h\u00f6nd yfir hann. <span class=\"athugasemd\" title=\"Eliseus sp\u00e1r fyrir\">[<\/span> Og hann sag\u00f0i: &#8222;Svo segir Drottinn: Gj\u00f6ri\u00f0 grafir h\u00e9r og hvar hj\u00e1 \u00feessum l\u00e6k. \u00dev\u00ed so segir Drottinn: \u00de\u00e9r skulu\u00f0 hverki sj\u00e1 vind n\u00e9 regn, \u00fe\u00f3 skal \u00feessi l\u00e6kur ver\u00f0a fullur af vatni svo a\u00f0 \u00fe\u00e9r, y\u00f0rir \u00fe\u00e9narar og y\u00f0vart kvikf\u00e9 skal drekka \u00fear af. \u00dear me\u00f0 er \u00fea\u00f0 l\u00edtilsvert fyrir Drottin, hann skal og gefa Moabitas \u00ed y\u00f0ar hendur svo a\u00f0 \u00fe\u00e9r munu\u00f0 sl\u00e1 allar \u00feeirra sterkustu borgir og alla \u00fatvalda sta\u00f0i. \u00de\u00e9r skulu\u00f0 og upph\u00f6ggva \u00f6ll \u00e1vaxtars\u00f6m tr\u00e9 og \u00fe\u00e9r skulu\u00f0 byrgja alla vatsbrunna og hylja grj\u00f3ti alla \u00e1g\u00e6ta akra.&#8220;<\/p>\n<p>\t\u00c1rla morguns, um f\u00f3rnf\u00e6ringart\u00edma, sj\u00e1, \u00fe\u00e1 kom \u00fear rennanda vatn \u00e1 vegi sem liggur fr\u00e1 Ed\u00f3m og uppfyllti landi\u00f0 me\u00f0 vatn.<\/p>\n<p>\tEn sem allir Moabiter spyrja \u00feetta a\u00f0 k\u00f3ngar voru komnir me\u00f0 her \u00ed m\u00f3t \u00feeim \u00fe\u00e1 k\u00f6llu\u00f0u \u00feeir alla \u00fe\u00e1 til samans sem vopnum g\u00e1tu valdi\u00f0 og fluttu herinn til sinna landamerkja. Snemma morguns t\u00f3ku Moabite sig upp og s\u00f3lin gekk upp og skein \u00e1 vatni\u00f0 og voru \u00fe\u00e1 v\u00f6tn \u00feeim Moabitis svo rau\u00f0 a\u00f0 sj\u00e1 sem bl\u00f3\u00f0 v\u00e6ri. <span class=\"athugasemd\" title=\"Teikn til \u00f3sigurs\">[<\/span> \u00de\u00e1 s\u00f6g\u00f0u \u00feeir: &#8222;\u00dea\u00f0 er bl\u00f3\u00f0, k\u00f3ngarnir hafa barist s\u00edn \u00e1 milli og drepist ni\u00f0ur. M\u00f3ab, far n\u00fa og tak herfang!&#8220; En sem \u00feeir komu til \u00cdsraels herb\u00fa\u00f0a \u00fe\u00e1 st\u00f3\u00f0 \u00cdsrael upp og sl\u00f3 \u00fe\u00e1 Moabiter og \u00feeir fl\u00fd\u00f0u fyrir \u00feeim. En \u00feeir komu og sl\u00f3gu M\u00f3ab og ni\u00f0urbrutu borgirnar og hver kasta\u00f0i s\u00ednum steini \u00e1 alla g\u00f3\u00f0a akra og fylltu \u00fe\u00e1 af grj\u00f3ti og \u00feeir tilbyrg\u00f0u allar vatsuppsprettur og hjuggu ni\u00f0ur \u00f6ll g\u00f3\u00f0 tr\u00e9 svo lengi a\u00f0 \u00fear var ekki eftir utan steinarnir af m\u00farnum. <span class=\"athugasemd\" title=\"Moabiterner sl\u00e1st \u00ed hel\">[<\/span> Og \u00feeir g\u00e1fu sig til hans me\u00f0 valsl\u00f6ngum og sl\u00f3gu hann.<\/p>\n<p>\tEn sem Moabiterk\u00f3ngur s\u00e1 a\u00f0 \u00ed \u00f3efni var komi\u00f0 fyrir honum \u00fe\u00e1 t\u00f3k hann sj\u00f6 hundru\u00f0 manna til s\u00edn, \u00fe\u00e1 inu fr\u00e6knustu, og vildi brj\u00f3tast fram \u00ed m\u00f3t k\u00f3nginum af Ed\u00f3m. En \u00feeir g\u00e1tu \u00fea\u00f0 ekki. S\u00ed\u00f0an t\u00f3k hann sinn frumgetinn son hver a\u00f0 ver\u00f0a \u00e1tti k\u00f3ngur \u00ed hans sta\u00f0 og offra\u00f0i honum upp \u00e1 m\u00farnum til brennioffurs. <span class=\"athugasemd\" title=\"K\u00f3ngur M\u00f3ab offra\u00f0i s\u00ednum syni\">[<\/span> \u00de\u00e1 var\u00f0 \u00cdsrael mj\u00f6g rei\u00f0ur og \u00feeir dr\u00f3gu fr\u00e1 honum og sneru aftur \u00ed sitt land.<\/p>\n","protected":false},"excerpt":{"rendered":"<p>III. J\u00f3ram son Akab var\u00f0 k\u00f3ngur yfir \u00cdsrael \u00ed Samaria \u00e1 \u00fev\u00ed \u00e1tj\u00e1nda \u00e1ri J\u00f3safat k\u00f3ngs J\u00fada og r\u00edkti t\u00f3lf \u00e1r. [ Og hann gj\u00f6r\u00f0i \u00fea\u00f0 sem Drottni illa l\u00edka\u00f0i, \u00fe\u00f3 eigi so sem hans fa\u00f0ir og hans m\u00f3\u00f0ir. \u00dev\u00ed hann burt t\u00f3k Baals sk\u00fargo\u00f0 sem hans fa\u00f0ir l\u00e9t gj\u00f6ra. En \u00fe\u00f3 gekk hann fram eftir syndum Jer\u00f3b\u00f3am sonar Nebat sem \u00cdsrael kom til a\u00f0 syndgast og l\u00e9t \u00fear ekki af. Og Mesa M\u00f3ab\u00edtak\u00f3ngur haf\u00f0i fj\u00f6lda sau\u00f0a. Hann greiddi skatt \u00cdsraelsk\u00f3ngi, hundra\u00f0 \u00fe\u00fasund lambareyfi og reyfi af hundra\u00f0 \u00fe\u00fasund hr\u00fatum. En sem Akab var dau\u00f0ur \u00fe\u00e1 f\u00e9ll k\u00f3ngur Moabitarum fr\u00e1 <a href=\"https:\/\/biblian.is\/gudbrandsbiblia\/sidari-konungabok-3-kafli\/\"> [&#8230;]<\/a><\/p>\n","protected":false},"author":1,"featured_media":0,"parent":0,"menu_order":0,"comment_status":"open","ping_status":"open","template":"bibliukaflar.php","meta":{"footnotes":""},"class_list":["post-3008","page","type-page","status-publish","hentry"],"_links":{"self":[{"href":"https:\/\/biblian.is\/gudbrandsbiblia\/wp-json\/wp\/v2\/pages\/3008","targetHints":{"allow":["GET"]}}],"collection":[{"href":"https:\/\/biblian.is\/gudbrandsbiblia\/wp-json\/wp\/v2\/pages"}],"about":[{"href":"https:\/\/biblian.is\/gudbrandsbiblia\/wp-json\/wp\/v2\/types\/page"}],"author":[{"embeddable":true,"href":"https:\/\/biblian.is\/gudbrandsbiblia\/wp-json\/wp\/v2\/users\/1"}],"replies":[{"embeddable":true,"href":"https:\/\/biblian.is\/gudbrandsbiblia\/wp-json\/wp\/v2\/comments?post=3008"}],"version-history":[{"count":0,"href":"https:\/\/biblian.is\/gudbrandsbiblia\/wp-json\/wp\/v2\/pages\/3008\/revisions"}],"wp:attachment":[{"href":"https:\/\/biblian.is\/gudbrandsbiblia\/wp-json\/wp\/v2\/media?parent=3008"}],"curies":[{"name":"wp","href":"https:\/\/api.w.org\/{rel}","templated":true}]}}