{"id":3006,"date":"2017-12-18T18:32:21","date_gmt":"2017-12-18T18:32:21","guid":{"rendered":"http:\/\/biblian.is\/gudbrandsbiblia\/sidari-konungabok-1-kafli\/"},"modified":"2017-12-18T18:32:21","modified_gmt":"2017-12-18T18:32:21","slug":"sidari-konungabok-1-kafli","status":"publish","type":"page","link":"https:\/\/biblian.is\/gudbrandsbiblia\/sidari-konungabok-1-kafli\/","title":{"rendered":"S\u00ed\u00f0ari konungab\u00f3k 1. kafli"},"content":{"rendered":"<p>S\u00fa fj\u00f3r\u00f0a b\u00f3k k\u00f3nganna<\/p>\n<p>I. <\/p>\n<p>Ahas\u00eda son Akab var\u00f0 k\u00f3ngur yfir \u00cdsrael \u00ed Samaria \u00e1 \u00fev\u00ed setyj\u00e1nda \u00e1ri J\u00f3safat J\u00fadak\u00f3ngs og hann r\u00edkti yfir \u00cdsrael tv\u00f6 \u00e1r. <span class=\"athugasemd\" title=\"Ahas\u00eda 2 \u00e1r k\u00f3ngur yfir \u00cdsrael\">[<\/span> Hann gj\u00f6r\u00f0i \u00fea\u00f0 sem Drottni illa l\u00edka\u00f0i og f\u00f3r allan feril f\u00f6\u00f0ur s\u00edns og m\u00f3\u00f0ur og gekk eftir vegi Jer\u00f3b\u00f3ams sonar Nebat sem \u00cdsrael kom til a\u00f0 syndgast. Og hann \u00fej\u00f3na\u00f0i Baal og tilba\u00f0 hann en stygg\u00f0i og reitti Drottin \u00cdsraels Gu\u00f0 eins l\u00edka sem hans fa\u00f0ir gj\u00f6r\u00f0i. Eftir andl\u00e1t Akab f\u00e9llu Moabiter fr\u00e1 \u00cdsrael.<\/p>\n<p>\tEn \u00fea\u00f0 ske\u00f0i svo a\u00f0 Ahas\u00eda f\u00e9ll ofan um loftsvalir nokkrar \u00ed s\u00ednum sal til Samaria og var\u00f0 sj\u00fakur. Og hann sendi \u00fat menn og sag\u00f0i til \u00feeirra: &#8222;Fari\u00f0 og spyrji\u00f0 Baal Seb\u00fab a\u00f0 sem er gu\u00f0 \u00ed Akkaron hvort eg mun lifna og ver\u00f0a heilbrig\u00f0ur af \u00feessum sj\u00fakd\u00f3mi?&#8220; En engill Drottins tala\u00f0i vi\u00f0 El\u00eda Thesbiter: &#8222;R\u00eds upp og gakk \u00e1 veginn fyrir k\u00f3ngs sendimenn af Samaria og seg til hans sendimanna: &#8222;Er \u00fear n\u00fa enginn Gu\u00f0 \u00ed \u00cdsrael a\u00f0 \u00fe\u00e9r fair\u00f0 og spyrji\u00f0 Baal Seb\u00fab gu\u00f0 \u00feeirra \u00ed Akkaron? <span class=\"athugasemd\" title=\"Baal Seb\u00fab\">[<\/span> \u00dear fyrir segir Drottinn so: Eigi skaltu r\u00edsa \u00far \u00feeirri rekkju sem \u00fe\u00fa liggur \u00ed heldur skalt \u00fe\u00fa vissilega deyja.&#8220; Og El\u00edas gekk burt.<\/p>\n<p>\tEn sem sendimenn komu til hans aftur \u00fe\u00e1 sag\u00f0i hann til \u00feeirra: &#8222;\u00dev\u00ed komi \u00fe\u00e9r aftur?&#8220; \u00deeir sv\u00f6ru\u00f0u honum: &#8222;\u00dear kom einn ma\u00f0ur \u00ed m\u00f3ti oss og sag\u00f0i til vor: Sn\u00fai\u00f0 aftur til k\u00f3ngsins sem y\u00f0ur sendi og segi\u00f0 honum: So segir Drottinn: er \u00fear \u00fe\u00e1 enginn Gu\u00f0 \u00ed \u00cdsrael a\u00f0 \u00fe\u00fa sendir til fr\u00e9tta til Baal Seb\u00fab gu\u00f0 Akkaron? \u00deess vegna skalt \u00fe\u00fa ekki r\u00edsa \u00far \u00feessari rekkju \u00fear \u00fe\u00fa liggur \u00fea\u00f0 \u00fe\u00fa skalt dau\u00f0a deyja.&#8220; Hann sag\u00f0i til \u00feeirra: &#8222;Hversu var s\u00e1 ma\u00f0ur \u00ed h\u00e1tt sem y\u00f0ur m\u00e6tti og sag\u00f0i y\u00f0ur \u00feetta?&#8220; En \u00feeir sv\u00f6ru\u00f0u honum: &#8222;Hann var \u00ed lo\u00f0nu skinni og haf\u00f0i eitt \u00f3larbelti um s\u00ednar lendar.&#8220; En hann svara\u00f0i: &#8222;\u00dea\u00f0 er El\u00edas Thesbiter.&#8220; <span class=\"athugasemd\" title=\"Kl\u00e6\u00f0na\u00f0ur El\u00eda\">[<\/span> <\/p>\n<p>\tOg hann sendi til hans einn h\u00f6fu\u00f0smann yfir fimmt\u00edgir og me\u00f0 honum \u00fe\u00e1 fimmt\u00edgi (sem undir honum voru). En sem \u00feessi kom upp til hans, sj\u00e1, \u00fe\u00e1 sat hann efst \u00e1 fjallinu. Og hann sag\u00f0i til hans: &#8222;\u00de\u00fa gu\u00f0sma\u00f0ur, k\u00f3ngurinn segir a\u00f0 \u00fe\u00fa skulir koma ofan.&#8220; El\u00edas svara\u00f0i \u00feeim sama h\u00f6fu\u00f0smanni yfir fimmt\u00edgi og sag\u00f0i: &#8222;S\u00e9 eg gu\u00f0sma\u00f0ur \u00fe\u00e1 falli eldur af himni og uppsvelgi \u00feig og \u00fe\u00edna fimmt\u00edgi.&#8220; \u00de\u00e1 f\u00e9ll eldur af himninum og uppbrenndi hann og \u00fe\u00e1 fimmt\u00edgi sem voru me\u00f0 honum. <span class=\"athugasemd\" title=\"El\u00edas bau\u00f0 eldi falla af himninum \/ Luc. 9\">[<\/span><\/p>\n<p>\tOg enn sendi hann aftur annan h\u00f6fu\u00f0smann til hans hver og settur var yfir fimmt\u00edgir og fimmt\u00edgir menn me\u00f0 honum. Og hann tala\u00f0i til hans: &#8222;\u00de\u00fa gu\u00f0sma\u00f0ur, svo segir k\u00f3ngurinn: Kom sem skj\u00f3tast ofan.&#8220; El\u00edas svara\u00f0i og sag\u00f0i: &#8222;S\u00e9 eg gu\u00f0sma\u00f0ur \u00fe\u00e1 falli eldur af himni og uppsvelgi \u00feig og \u00fe\u00edna fimmt\u00edgi.&#8220; \u00de\u00e1 f\u00e9ll eldur Gu\u00f0s af himni og uppsvalg hann og hans fimmt\u00edgi.<\/p>\n<p>\tS\u00ed\u00f0an sendi hann aftur \u00feann \u00feri\u00f0ja h\u00f6fu\u00f0smann sem og var yfir fimmt\u00edgi og me\u00f0 honum fimmt\u00edgir menn. Og er hann kom upp til hans \u00fe\u00e1 beyg\u00f0i hann s\u00edn kn\u00e9 fyrir El\u00eda, ba\u00f0 hann og sag\u00f0i til hans: <span class=\"athugasemd\" title=\"\u00deessi h\u00f6fu\u00f0sma\u00f0ur var gu\u00f0hr\u00e6ddur\">[<\/span> &#8222;\u00de\u00fa gu\u00f0sma\u00f0ur, v\u00e6g\u00f0u s\u00e1lu minni og s\u00e1lum \u00feessara \u00feinna fimmt\u00edgir \u00fe\u00e9nara. Sj\u00e1, \u00fear f\u00e9ll eldur af himni og uppbrenndi \u00fe\u00e1 tvo fyrstu h\u00f6f\u00f0ingja yfir fimmt\u00edgir me\u00f0 \u00feeirra fimmt\u00edgir m\u00f6nnum. L\u00e1t n\u00fa m\u00edna s\u00e1l gilda nokku\u00f0 fyrir \u00fe\u00e9r.&#8220; \u00de\u00e1 sag\u00f0i Gu\u00f0s engill til Eliam: &#8222;Far ofan me\u00f0 honum og \u00f3ttast ekki.&#8220;<\/p>\n<p>\tOg hann reis upp og gekk ofan me\u00f0 honum til k\u00f3ngsins. Og hann sag\u00f0i til hans: &#8222;Svo segir Drottinn: Fyrir s\u00f6kum \u00feess a\u00f0 \u00fe\u00fa sendir bo\u00f0 og l\u00e9st afspyrja Baal Seb\u00fab afgu\u00f0 \u00feeirra \u00ed Akkaron so sem \u00fear v\u00e6ri enginn Gu\u00f0 \u00ed \u00cdsrael hvern \u00fe\u00fa megir a\u00f0 or\u00f0i spyrja \u00fev\u00ed skalt \u00fe\u00fa n\u00fa ekki r\u00edsa \u00far \u00feeirri rekkju sem \u00fe\u00fa liggur \u00ed heldur skalt \u00fe\u00fa vissilega deyja.&#8220; Og so d\u00f3 hann eftir Drottins or\u00f0i svo sem El\u00edas haf\u00f0i tala\u00f0. <span class=\"athugasemd\" title=\"Ahas\u00eda andast\">[<\/span> Og J\u00f3ram t\u00f3k k\u00f3ngd\u00f3m eftir hann \u00e1 \u00f6\u00f0rum \u00e1ri J\u00f3ram sonar J\u00f3safat J\u00fadak\u00f3ngs \u00fev\u00ed hann \u00e1tti \u00f6ngvan son. <span class=\"athugasemd\" title=\"J\u00f3ram \/ Supra 11\">[<\/span> Hva\u00f0 meira er a\u00f0 segja um Ahas\u00eda, sj\u00e1, \u00fea\u00f0 er skrifa\u00f0 \u00ed \u00cdsraelsk\u00f3nga kron\u00edku.<\/p>\n","protected":false},"excerpt":{"rendered":"<p>S\u00fa fj\u00f3r\u00f0a b\u00f3k k\u00f3nganna I. Ahas\u00eda son Akab var\u00f0 k\u00f3ngur yfir \u00cdsrael \u00ed Samaria \u00e1 \u00fev\u00ed setyj\u00e1nda \u00e1ri J\u00f3safat J\u00fadak\u00f3ngs og hann r\u00edkti yfir \u00cdsrael tv\u00f6 \u00e1r. [ Hann gj\u00f6r\u00f0i \u00fea\u00f0 sem Drottni illa l\u00edka\u00f0i og f\u00f3r allan feril f\u00f6\u00f0ur s\u00edns og m\u00f3\u00f0ur og gekk eftir vegi Jer\u00f3b\u00f3ams sonar Nebat sem \u00cdsrael kom til a\u00f0 syndgast. Og hann \u00fej\u00f3na\u00f0i Baal og tilba\u00f0 hann en stygg\u00f0i og reitti Drottin \u00cdsraels Gu\u00f0 eins l\u00edka sem hans fa\u00f0ir gj\u00f6r\u00f0i. Eftir andl\u00e1t Akab f\u00e9llu Moabiter fr\u00e1 \u00cdsrael. En \u00fea\u00f0 ske\u00f0i svo a\u00f0 Ahas\u00eda f\u00e9ll ofan um loftsvalir nokkrar \u00ed s\u00ednum sal til Samaria og <a href=\"https:\/\/biblian.is\/gudbrandsbiblia\/sidari-konungabok-1-kafli\/\"> [&#8230;]<\/a><\/p>\n","protected":false},"author":1,"featured_media":0,"parent":0,"menu_order":0,"comment_status":"open","ping_status":"open","template":"bibliukaflar.php","meta":{"footnotes":""},"class_list":["post-3006","page","type-page","status-publish","hentry"],"_links":{"self":[{"href":"https:\/\/biblian.is\/gudbrandsbiblia\/wp-json\/wp\/v2\/pages\/3006","targetHints":{"allow":["GET"]}}],"collection":[{"href":"https:\/\/biblian.is\/gudbrandsbiblia\/wp-json\/wp\/v2\/pages"}],"about":[{"href":"https:\/\/biblian.is\/gudbrandsbiblia\/wp-json\/wp\/v2\/types\/page"}],"author":[{"embeddable":true,"href":"https:\/\/biblian.is\/gudbrandsbiblia\/wp-json\/wp\/v2\/users\/1"}],"replies":[{"embeddable":true,"href":"https:\/\/biblian.is\/gudbrandsbiblia\/wp-json\/wp\/v2\/comments?post=3006"}],"version-history":[{"count":0,"href":"https:\/\/biblian.is\/gudbrandsbiblia\/wp-json\/wp\/v2\/pages\/3006\/revisions"}],"wp:attachment":[{"href":"https:\/\/biblian.is\/gudbrandsbiblia\/wp-json\/wp\/v2\/media?parent=3006"}],"curies":[{"name":"wp","href":"https:\/\/api.w.org\/{rel}","templated":true}]}}