{"id":2998,"date":"2017-12-18T18:32:21","date_gmt":"2017-12-18T18:32:21","guid":{"rendered":"http:\/\/biblian.is\/gudbrandsbiblia\/fyrri-konungabok-15-kafli\/"},"modified":"2017-12-18T18:32:21","modified_gmt":"2017-12-18T18:32:21","slug":"fyrri-konungabok-15-kafli","status":"publish","type":"page","link":"https:\/\/biblian.is\/gudbrandsbiblia\/fyrri-konungabok-15-kafli\/","title":{"rendered":"Fyrri konungab\u00f3k 15. kafli"},"content":{"rendered":"<p>XV.<\/p>\n<p>\u00c1 \u00fev\u00ed \u00e1tj\u00e1nda \u00e1ri Jer\u00f3b\u00f3am k\u00f3ngs, sonar Nebat, var\u00f0 Ab\u00edam k\u00f3ngur \u00ed J\u00fada. <span class=\"athugasemd\" title=\"2 \/ Ab\u00edam r\u00edkti iy \u00e1r yfir J\u00fada\">[<\/span> Og hann r\u00edkti \u00ferj\u00fa \u00e1r \u00ed Jer\u00fasalem. Hans m\u00f3\u00f0ir h\u00e9t Maeka, d\u00f3ttir Ab\u00edsalom. Og hann gekk \u00ed \u00f6llum s\u00edns f\u00f6\u00f0urs syndum sem hann haf\u00f0i gj\u00f6rt fyrir honum og hans hjarta var ekki fullkomlegt fyrir Drottni, hans Gu\u00f0i, svo sem Dav\u00ed\u00f0s hans f\u00f6\u00f0urs hjarta. En Drottinn, hans Gu\u00f0, gaf honum lj\u00f3s \u00ed Jer\u00fasalem vegna Dav\u00ed\u00f0s a\u00f0 hann uppvekti hans son eftir hann og h\u00e9ldi honum \u00ed Jer\u00fasalem s\u00f6kum \u00feess a\u00f0 Dav\u00ed\u00f0 gj\u00f6r\u00f0i \u00fea\u00f0 sem Drottni vel \u00fe\u00f3kna\u00f0ist og veik ekki fr\u00e1 \u00f6llu \u00fev\u00ed sem hann bau\u00f0 honum alla hans l\u00edfdaga, fr\u00e1teknum m\u00e1lum \u00dar\u00eda Hethei. Og \u00fear var \u00f3fri\u00f0ur \u00e1 millum R\u00f3b\u00f3am og Jer\u00f3b\u00f3am alla \u00feeirra l\u00edfdaga.<\/p>\n<p>\tEn \u00fea\u00f0 fleira sem segja m\u00e1 um Ab\u00edam og allt \u00fea\u00f0 sem hann gj\u00f6r\u00f0i, sj\u00e1, \u00fea\u00f0 er skrifa\u00f0 \u00ed J\u00fadak\u00f3nga kron\u00edku. Og \u00fear var \u00f3fri\u00f0ur \u00ed millum Ab\u00edam og Jer\u00f3b\u00f3am. Og Ab\u00edam sofna\u00f0i me\u00f0 s\u00ednum forfe\u00f0rum og \u00feeir gr\u00f3fu hann \u00ed Dav\u00ed\u00f0sborg. <span class=\"athugasemd\" title=\"Ab\u00edam andast\">[<\/span> En Asa, hans son, var\u00f0 k\u00f3ngur \u00ed hans sta\u00f0. <span class=\"athugasemd\" title=\"3 \/ Asa 41 \u00e1r k\u00f3ngur \u00ed J\u00fada \/ 4. Para. 14\">[<\/span><\/p>\n<p>\t\u00de\u00e1 Jer\u00f3b\u00f3am haf\u00f0i veri\u00f0 k\u00f3ngur yfir \u00cdsrael \u00ed tuttugu \u00e1r \u00fe\u00e1 t\u00f3k Asa r\u00edki og k\u00f3ngd\u00f3m yfir J\u00fada. Og hann r\u00edkti eitt \u00e1r og fj\u00f6rut\u00edgi \u00ed Jer\u00fasalem. Hans m\u00f3\u00f0ier h\u00e9t Maeka, d\u00f3ttir Ab\u00edsalom. Og Asa gj\u00f6r\u00f0i \u00fea\u00f0 sem Drottni vel l\u00edka\u00f0i svo sem hans fa\u00f0ir Dav\u00ed\u00f0. Og hann burtr\u00fdmdi h\u00f3runarmenn \u00far landinu og sl\u00f3 ni\u00f0ur \u00f6ll sk\u00fargo\u00f0 \u00ed landinu sem hans fe\u00f0ur h\u00f6f\u00f0u gj\u00f6rt. Auk \u00feessa afsetti hann s\u00edna m\u00f3\u00f0ur Maeka af \u00fev\u00ed emb\u00e6tti <span class=\"athugasemd\" title=\"a \/ (Mipleset) \/ Hva\u00f0 fyrir afgu\u00f0 \u00feetta Mipleset veri\u00f0 hefur vita menn ekki. Sumir meina \u00fea\u00f0 hafi veri\u00f0 sk\u00fargo\u00f0 priapus\">[<\/span> Mipleset \u00fea\u00f0 h\u00fan gj\u00f6rt haf\u00f0i \u00ed landinu. Og Asa uppr\u00e6tti hennar Mipleset og uppbrenndi hann hj\u00e1 l\u00e6knum Kedron. En \u00feeir t\u00f3ku ei h\u00e6\u00f0irnar \u00ed burt. \u00de\u00f3 var Asa hjarta r\u00e9ttilegt fyrir Gu\u00f0i um alla hans daga. Og \u00fea\u00f0 gull og silfur og ker sem hans fa\u00f0ir haf\u00f0i helga\u00f0 og hva\u00f0 sem helga\u00f0 var til Drottins h\u00fass \u00fea\u00f0 f\u00e6r\u00f0i hann inn \u00feanga\u00f0. Og \u00fear var \u00f3fri\u00f0ur \u00ed millum Asa og Baesa \u00cdsraelsk\u00f3ngs alla \u00feeirra daga.<\/p>\n<p>\tEn Baeas \u00cdsraelsk\u00f3ngur f\u00f3r upp til J\u00fada og reisti \u00fear borg sem h\u00e9t Rama svo a\u00f0 enginn skyldi komast, hverki \u00fat n\u00e9 inn af m\u00f6nnum Asa J\u00fadak\u00f3ngs. \u00de\u00e1 t\u00f3k Asa allt \u00fea\u00f0 gull og silfur sem eftir var or\u00f0i\u00f0 af fj\u00e1rsj\u00f3\u00f0um \u00ed h\u00fasi Drottins og af fj\u00e1rsj\u00f3\u00f0um \u00ed k\u00f3ngsins h\u00fasi og f\u00e9kk s\u00ednum sveinum \u00fea\u00f0 \u00ed hendur og sendi \u00fe\u00e1 til Benhadad, sonar Tabrimon, sonar Hes\u00edon, k\u00f3ngsins \u00ed Syria, sem bj\u00f3 \u00ed Damasco, og l\u00e9t segja honum: <span class=\"athugasemd\" title=\"Benhadad, k\u00f3ngur \u00ed Syria\">[<\/span> &#8222;\u00dear er einn s\u00e1ttm\u00e1li millum m\u00edn og \u00fe\u00edn, \u00e1 millum m\u00edns f\u00f6\u00f0urs og \u00fe\u00edns f\u00f6\u00f0urs. Og \u00fev\u00ed sendi eg \u00fe\u00e9r \u00feessar gjafir, gull og silfur, a\u00f0 \u00fe\u00fa breg\u00f0ir upp \u00feeim s\u00e1ttm\u00e1la sem \u00fe\u00fa hefur me\u00f0 \u00cdsraelsk\u00f3ng Baesa so hann dragi fr\u00e1 m\u00e9r.&#8220;<\/p>\n<p>\tBenhadad t\u00f3k or\u00f0sendingum Asa k\u00f3ngs og sendi s\u00edna h\u00f6fu\u00f0smenn \u00ed m\u00f3t \u00cdsraelsborgir og sl\u00f3 J\u00edon og Dan og Abel, Bet Maeka og allt til Kinerot, allt Neftal\u00edmland. En sem Baesa \u00fea\u00f0 heyr\u00f0i \u00fe\u00e1 l\u00e9t hann af a\u00f0 byggja Rama og f\u00f3r aftur til Tirsa. S\u00ed\u00f0an sendi k\u00f3ng Asa bo\u00f0skap um allt land J\u00fada og sag\u00f0i: &#8222;\u00dear skal enginn hafa afs\u00f6kun.&#8220; Og \u00feeir t\u00f3ku steinana og tr\u00e9n \u00ed burt fr\u00e1 Rama sem Baesa haf\u00f0i byggt me\u00f0 og k\u00f3ng Asa bygg\u00f0i \u00fear me\u00f0 Geba Benjam\u00edn og Mispa. Hva\u00f0 meir er a\u00f0 segja af Asa og um alla hans magt og allt hva\u00f0 hann gj\u00f6r\u00f0i og \u00feeir sta\u00f0ir sem hann bygg\u00f0i, sj\u00e1, \u00fea\u00f0 er skrifa\u00f0 \u00ed J\u00fadak\u00f3nga kron\u00edku. Utan \u00fea\u00f0 a\u00f0 hann var\u00f0 sj\u00fakur \u00ed s\u00ednum f\u00f3tum \u00ed sinni elli. Og Asa sofna\u00f0i burt me\u00f0 s\u00ednum forfe\u00f0rum og var jar\u00f0a\u00f0ur me\u00f0 \u00feeim \u00ed s\u00edns f\u00f6\u00f0urs Dav\u00ed\u00f0s sta\u00f0 og hans son J\u00f3safat t\u00f3k k\u00f3ngd\u00f3m eftir hann. <span class=\"athugasemd\" title=\"Asa andast\">[<\/span> <\/p>\n<p>\tOg Nadab, son Jer\u00f3b\u00f3am, var\u00f0 k\u00f3ngur yfir \u00cdsrael \u00e1 \u00fev\u00ed \u00f6\u00f0ru \u00e1ri Asa J\u00fadak\u00f3ngs. <span class=\"athugasemd\" title=\"2 \/ Nadab tv\u00f6 \u00e1r k\u00f3ngur \u00ed \u00cdsrael\">[<\/span> Og hann r\u00edkti yfir \u00cdsrael \u00ed tv\u00f6 \u00e1r. Og hann gj\u00f6r\u00f0i \u00fea\u00f0 sem Drottni illa l\u00edka\u00f0i og f\u00f3r allan feril s\u00edns f\u00f6\u00f0urs og \u00ed hans syndum me\u00f0 hverjum a\u00f0 hann kom \u00cdsrael til a\u00f0 syndgast.<\/p>\n<p>\tEn Baesa, sonur Ah\u00eda af \u00cdsaskars h\u00fasi sat \u00e1 svikr\u00e1\u00f0um vi\u00f0 hann og sl\u00f3 hann \u00ed Gibeton sem a\u00f0 heyr\u00f0i til \u00feeim Philisteis \u00fev\u00ed a\u00f0 Nadab og allur \u00cdsrael sat \u00fe\u00e1 um Gibeton. So sl\u00f3 Baesa hann \u00ed hel \u00e1 \u00fev\u00ed \u00feri\u00f0ja \u00e1ri eftir \u00fea\u00f0 a\u00f0 Asa var\u00f0 k\u00f3ngur \u00ed J\u00fada og var\u00f0 so k\u00f3ngur \u00ed hans sta\u00f0. En sem hann var or\u00f0inn k\u00f3ngur \u00fe\u00e1 sl\u00f3 hann gj\u00f6rvallt Jer\u00f3b\u00f3ams h\u00fas \u00ed hel og l\u00e9t ekkert mannsbarn eftir lifa af \u00e6tt Jer\u00f3b\u00f3am \u00fear til hann haf\u00f0i ey\u00f0ilagt hann eftir Drottins or\u00f0i sem hann haf\u00f0i tala\u00f0 fyrir Ah\u00eda sinn \u00fe\u00e9nara af S\u00edl\u00f3 s\u00f6kum Jer\u00f3b\u00f3ams synda \u00feeirra sem hann gj\u00f6r\u00f0i og me\u00f0 hverjum hann kom \u00cdsrael til a\u00f0 syndgast fyrir \u00fe\u00e1 tilreitni me\u00f0 hverri hann stygg\u00f0i Drottin \u00cdsraels Gu\u00f0. <span class=\"athugasemd\" title=\"Jer\u00f3b\u00f3ams h\u00fas var eytt af Baesa \/ Supra 14\">[<\/span><\/p>\n<p>\tEn hva\u00f0 meira er a\u00f0 segja um Nadab og allt \u00fea\u00f0 sem hann gj\u00f6r\u00f0i, sj\u00e1, \u00fea\u00f0 er skrifa\u00f0 \u00ed \u00cdsraelsk\u00f3nga kron\u00edku. Og \u00fear var \u00f3fri\u00f0ur millum Asa og Baesa Israelisk\u00f3ngs \u00e1 \u00f6llum \u00feeirra d\u00f6gum.<\/p>\n<p>\t\u00c1 \u00fev\u00ed \u00feri\u00f0ja \u00e1ri Asa J\u00fadak\u00f3ngs var\u00f0 Baesa son Ah\u00eda k\u00f3ngur yfir allan \u00cdsrael \u00ed Tirsa fj\u00f6gur og tuttugu \u00e1r. <span class=\"athugasemd\" title=\"Baesa 24 k\u00f3ngur \u00ed \u00cdsrael\">[<\/span> Og hann gj\u00f6r\u00f0i \u00fea\u00f0 sem Drottni illa l\u00edka\u00f0i, gekk \u00ed Jer\u00f3b\u00f3ams vegum og \u00ed hans syndum me\u00f0 hverjum hann kom \u00cdsrael til a\u00f0 syndgast.<\/p>\n<p>\tOg or\u00f0 Drottin kom til Je\u00fa sonar Hanan\u00ed m\u00f3ti Ba\u00edsa og sag\u00f0i: <span class=\"athugasemd\" title=\"Jeh\u00fa sp\u00e1r \u00ed m\u00f3t Baesa\">[<\/span> &#8222;S\u00f6kum \u00feess a\u00f0 eg hef upphafi\u00f0 \u00feig af dufti og leiri og setta \u00feig h\u00f6f\u00f0ingja yfir mitt f\u00f3lk \u00cdsrael og \u00fe\u00fa gekkst \u00e1 Jer\u00f3b\u00f3ams vegum o gkomst m\u00ednu f\u00f3lki \u00cdsrael til a\u00f0 syndgast, a\u00f0 \u00fe\u00fa stygg\u00f0ir mig me\u00f0 \u00feeirra syndum, sj\u00e1, \u00fe\u00e1 vil eg burt taka eftirkomendur Baesa og hans h\u00fass eftirkomendur og eg vil setja \u00feitt h\u00fas l\u00edka sem h\u00fas Jer\u00f3b\u00f3am sonar Nebat. Hver sem deyr af Baesa \u00ed sta\u00f0num, \u00feann skulu hundar upp \u00e9ta en hver sem deyr af hans \u00fat \u00e1 m\u00f6rkinni, \u00feann skulu himinsins fuglar upp \u00e9ta.&#8220;<\/p>\n<p>\tHva\u00f0 sem meir er a\u00f0 segja um Baesa og hva\u00f0 hann gj\u00f6r\u00f0i og hans magt, sj\u00e1, \u00fea\u00f0 er skrifa\u00f0 \u00ed \u00cdsraelsk\u00f3nga kron\u00edku. Og Baesa sofna\u00f0i me\u00f0 s\u00ednum fe\u00f0rum og var jar\u00f0a\u00f0ur <span class=\"athugasemd\" title=\"\u00ed\">[<\/span> Tirsa. Og hans son Ella var\u00f0 k\u00f3ngur \u00ed hans sta\u00f0. Og Drottins or\u00f0 kom til Jeh\u00fa sp\u00e1manns sonar Hanan\u00ed m\u00f3ti Baesa og m\u00f3ti hans h\u00fasi og \u00e1 m\u00f3ti \u00f6llu \u00fev\u00ed vondu sem hann gj\u00f6r\u00f0i fyrir Drottni, a\u00f0 hann stygg\u00f0i hann fyrir s\u00edn handaverk, a\u00f0 hann skyldi ver\u00f0a sem Jer\u00f3b\u00f3ams h\u00fas og \u00fear fyrir a\u00f0 hann sl\u00f3 \u00feennan \u00ed hel. <span class=\"athugasemd\" title=\"Jeh\u00fa sp\u00e1ma\u00f0ur\">[<\/span><\/p>\n","protected":false},"excerpt":{"rendered":"<p>XV. \u00c1 \u00fev\u00ed \u00e1tj\u00e1nda \u00e1ri Jer\u00f3b\u00f3am k\u00f3ngs, sonar Nebat, var\u00f0 Ab\u00edam k\u00f3ngur \u00ed J\u00fada. [ Og hann r\u00edkti \u00ferj\u00fa \u00e1r \u00ed Jer\u00fasalem. Hans m\u00f3\u00f0ir h\u00e9t Maeka, d\u00f3ttir Ab\u00edsalom. Og hann gekk \u00ed \u00f6llum s\u00edns f\u00f6\u00f0urs syndum sem hann haf\u00f0i gj\u00f6rt fyrir honum og hans hjarta var ekki fullkomlegt fyrir Drottni, hans Gu\u00f0i, svo sem Dav\u00ed\u00f0s hans f\u00f6\u00f0urs hjarta. En Drottinn, hans Gu\u00f0, gaf honum lj\u00f3s \u00ed Jer\u00fasalem vegna Dav\u00ed\u00f0s a\u00f0 hann uppvekti hans son eftir hann og h\u00e9ldi honum \u00ed Jer\u00fasalem s\u00f6kum \u00feess a\u00f0 Dav\u00ed\u00f0 gj\u00f6r\u00f0i \u00fea\u00f0 sem Drottni vel \u00fe\u00f3kna\u00f0ist og veik ekki fr\u00e1 \u00f6llu \u00fev\u00ed sem hann bau\u00f0 <a href=\"https:\/\/biblian.is\/gudbrandsbiblia\/fyrri-konungabok-15-kafli\/\"> [&#8230;]<\/a><\/p>\n","protected":false},"author":1,"featured_media":0,"parent":0,"menu_order":0,"comment_status":"open","ping_status":"open","template":"bibliukaflar.php","meta":{"footnotes":""},"class_list":["post-2998","page","type-page","status-publish","hentry"],"_links":{"self":[{"href":"https:\/\/biblian.is\/gudbrandsbiblia\/wp-json\/wp\/v2\/pages\/2998","targetHints":{"allow":["GET"]}}],"collection":[{"href":"https:\/\/biblian.is\/gudbrandsbiblia\/wp-json\/wp\/v2\/pages"}],"about":[{"href":"https:\/\/biblian.is\/gudbrandsbiblia\/wp-json\/wp\/v2\/types\/page"}],"author":[{"embeddable":true,"href":"https:\/\/biblian.is\/gudbrandsbiblia\/wp-json\/wp\/v2\/users\/1"}],"replies":[{"embeddable":true,"href":"https:\/\/biblian.is\/gudbrandsbiblia\/wp-json\/wp\/v2\/comments?post=2998"}],"version-history":[{"count":0,"href":"https:\/\/biblian.is\/gudbrandsbiblia\/wp-json\/wp\/v2\/pages\/2998\/revisions"}],"wp:attachment":[{"href":"https:\/\/biblian.is\/gudbrandsbiblia\/wp-json\/wp\/v2\/media?parent=2998"}],"curies":[{"name":"wp","href":"https:\/\/api.w.org\/{rel}","templated":true}]}}