{"id":2997,"date":"2017-12-18T18:32:21","date_gmt":"2017-12-18T18:32:21","guid":{"rendered":"http:\/\/biblian.is\/gudbrandsbiblia\/fyrri-konungabok-14-kafli\/"},"modified":"2017-12-18T18:32:21","modified_gmt":"2017-12-18T18:32:21","slug":"fyrri-konungabok-14-kafli","status":"publish","type":"page","link":"https:\/\/biblian.is\/gudbrandsbiblia\/fyrri-konungabok-14-kafli\/","title":{"rendered":"Fyrri konungab\u00f3k 14. kafli"},"content":{"rendered":"<p>XIIII.<\/p>\n<p>\u00c1 \u00feeim t\u00edma var\u00f0 Ab\u00eda sonur Jer\u00f3b\u00f3am sj\u00fakur. <span class=\"athugasemd\" title=\"Ab\u00eda, sonur Jer\u00f3b\u00f3am\">[<\/span> Og Jer\u00f3b\u00f3am sag\u00f0i til sinnar kvinnu: &#8222;Tak \u00feig upp og breyt \u00fe\u00ednum b\u00faningi svo a\u00f0 enginn merki a\u00f0 \u00fe\u00fa s\u00e9rt Jer\u00f3b\u00f3ams kvinna og far burt til S\u00edl\u00f3. Sj\u00e1, \u00fear er Ah\u00eda sp\u00e1ma\u00f0ur sem sag\u00f0i m\u00e9r fyrir a\u00f0 eg skyldi ver\u00f0a k\u00f3ngur yfir \u00feessu f\u00f3lki. Og tak t\u00edu brau\u00f0 og k\u00f6kur me\u00f0 \u00fe\u00e9r og eina kr\u00fas me\u00f0 hunang og gakk til hans \u00fev\u00ed hann mun segja \u00fe\u00e9r hvert sveini \u00feessum mun batna e\u00f0ur ei.&#8220; Og Jer\u00f3b\u00f3ams kvinna gj\u00f6r\u00f0i svo, bj\u00f3 sig til og fram kom \u00ed S\u00edl\u00f3 og gekk \u00ed h\u00fas Ah\u00eda. En Ah\u00eda kunni ekki a\u00f0 sj\u00e1 \u00fev\u00ed hans augu voru sj\u00f3nl\u00edtil af elli.<\/p>\n<p>\tEn Drottinn sag\u00f0i til Ah\u00eda: &#8222;Sj\u00e1, Jer\u00f3b\u00f3ams h\u00fasfr\u00fa kemur og vill fr\u00e9tta \u00feig eftir um sinn son \u00fev\u00ed hann er sj\u00fakur. \u00dear fyrir seg \u00fe\u00fa henni svo og svo.&#8220; En sem h\u00fan kom n\u00fa inn l\u00e9t h\u00fan sem v\u00e6ri h\u00fan \u00f6nnur kvinna. Og er Ah\u00eda heyr\u00f0i til hennar f\u00f3ta \u00fe\u00e1 h\u00fan gekk inn um dyrnar \u00fe\u00e1 sag\u00f0i hann: &#8222;Kom h\u00e9r inn, \u00fe\u00fa Jer\u00f3b\u00f3ams kvinna, \u00fev\u00ed vilt \u00fe\u00fa dyljast so sem \u00f3kunnug? Eg hef hart erindi a\u00f0 bera \u00fe\u00e9r. <span class=\"athugasemd\" title=\"Ah\u00eda sp\u00e1r \u00ed m\u00f3ti Jer\u00f3b\u00f3am\">[<\/span> <\/p>\n<p>\tFar \u00fe\u00fa aftur og seg \u00fe\u00fa til Jer\u00f3b\u00f3am: Svo segir Drottinn, Gu\u00f0 \u00cdsraels: Eg hefi upphafi\u00f0 \u00feig af f\u00f3lkinu og setta eg \u00feig h\u00f6f\u00f0ingja yfir mitt f\u00f3lk \u00cdsrael. Og eg sleit k\u00f3ngsr\u00edki\u00f0 fr\u00e1 Dav\u00ed\u00f0s h\u00fasi og gaf \u00fe\u00e9r \u00fea\u00f0. En \u00fe\u00fa hefur ekki veri\u00f0 svo sem minn \u00fe\u00e9nari Dav\u00ed\u00f0 hver a\u00f0 h\u00e9lt m\u00edn bo\u00f0 og gekk eftir m\u00e9r af \u00f6llu hjarta, gj\u00f6randi hva\u00f0 m\u00e9r var \u00fe\u00e6gilegt. En \u00fe\u00fa hefur gj\u00f6rt illa fram yfir alla \u00fe\u00e1 sem veri\u00f0 hafa fyrir \u00fe\u00e9r. \u00de\u00fa f\u00f3rst og gj\u00f6r\u00f0ir \u00fe\u00e9r annarlega gu\u00f0i og steyptar myndir a\u00f0 reita mig \u00fear til me\u00f0 rei\u00f0i og kasta\u00f0ir m\u00e9r so \u00e1 bak \u00fe\u00e9r aftur.<\/p>\n<p>\tSj\u00e1, \u00fear fyrir vil eg lei\u00f0a \u00f3lukku yfir Jer\u00f3b\u00f3ams h\u00fas og uppr\u00e6ta af Jer\u00f3b\u00f3am jafnvel \u00feann sem pissar \u00ed vegginn, \u00feann innilukta og yfirgefna \u00ed \u00cdsrael. <span class=\"athugasemd\" title=\"Hefndarstraff Jer\u00f3b\u00f3am\">[<\/span> Og eg vil burt s\u00f3pa eftirkomendum Jer\u00f3b\u00f3ams h\u00fass, svo sem \u00fe\u00e1 ma\u00f0ur \u00ed burtu s\u00f3par \u00f3kl\u00e1rindi, \u00fear til \u00feeir eru allir foreyddir. Hver sem deyr \u00ed sta\u00f0num af Jer\u00f3b\u00f3am sveitungum, \u00feann skulu hundar upp \u00e9ta en hver sem deyr \u00fat \u00e1 akri, \u00feann skulu fuglar himins sl\u00edta \u00fev\u00ed Drottinn hefur sagt \u00feetta. So tak \u00feig upp og gakk heim. Og \u00fe\u00e1 \u00fe\u00fa st\u00edgur \u00fe\u00ednum f\u00e6ti innan borgar \u00fe\u00e1 mun sveinninn deyja og allur \u00cdsrael skal gr\u00e1ta hann. \u00dev\u00ed a\u00f0 \u00feessi sveinn af Jer\u00f3b\u00f3am kominn skal alleinasta gr\u00f6ft \u00f6\u00f0last s\u00f6kum \u00feess a\u00f0 \u00fear hefur nokkurt gott fundist me\u00f0 honum fyrir Drottni, \u00cdsraels Gu\u00f0i, \u00ed Jer\u00f3b\u00f3ams h\u00fasi.<\/p>\n<p>\tDrottinn Gu\u00f0 mun uppvekja s\u00e9r einn k\u00f3ng yfir \u00cdsrael. Hann skal afm\u00e1 Jer\u00f3b\u00f3ams h\u00fas \u00e1 \u00feeim degi. Og hva\u00f0 er n\u00fa gj\u00f6rt? Og Drottinn skal sl\u00e1 \u00cdsrael l\u00edka sem reyr hr\u00e6rist \u00ed vatni og hann skal uppr\u00e6ta \u00cdsrael af \u00feessu g\u00f3\u00f0a landi sem hann gaf \u00feeirra fe\u00f0rum og hann mun burt dreifa \u00feeim yfir um vatni\u00f0 s\u00f6kum \u00feess a\u00f0 \u00feeir gj\u00f6r\u00f0u s\u00e9r lunda og stygg\u00f0u Drottin \u00fear me\u00f0. <span class=\"athugasemd\" title=\"Hefnd sk\u00fargo\u00f0ad\u00fdrkanar\">[<\/span> Og hann skal yfirgefa \u00cdsrael fyrir Jer\u00f3b\u00f3ams synda sakir sem syndga\u00f0ist og kom \u00cdsrael til a\u00f0 syndgast.&#8220;<\/p>\n<p>\tOg Jer\u00f3b\u00f3ams h\u00fasfr\u00fa st\u00f3\u00f0 upp, gekk burt og kom til Tirsa. En sem h\u00fan st\u00e9 yfir \u00fer\u00f6sk\u00f6ldinn h\u00fasdyranna \u00fe\u00e1 anda\u00f0ist sveinninn. Og \u00feeir j\u00f6r\u00f0u\u00f0u hann og allur \u00cdsrael gr\u00e9t hann eftir Drottins or\u00f0um sem hann haf\u00f0i m\u00e6lt fyrir sinn \u00fe\u00e9nara Ah\u00eda sp\u00e1mann. hva\u00f0 meira er a\u00f0 segja um Jer\u00f3b\u00f3am, hvernin hann bar\u00f0ist og r\u00edkti, sj\u00e1, \u00fea\u00f0 er skrifa\u00f0 \u00ed \u00cdsraelsk\u00f3nga kron\u00edku. <span class=\"athugasemd\" title=\"Jer\u00f3b\u00f3am xxy \u00e1r k\u00f3ngur yfir \u00cdsrael\">[<\/span> En s\u00e1 t\u00edmi sem Jer\u00f3b\u00f3am r\u00edkti var tv\u00f6 og tuttugu \u00e1r og hann sofna\u00f0i me\u00f0 s\u00ednum fe\u00f0rum og hans son Nadab var\u00f0 k\u00f3ngur \u00ed hans sta\u00f0. <span class=\"athugasemd\" title=\"Nadab\">[<\/span> <\/p>\n<p>\tR\u00f3b\u00f3am son Sal\u00f3mons var k\u00f3ngur \u00ed J\u00fada. R\u00f3b\u00f3am var fj\u00f6rut\u00edgi \u00e1ra gamall \u00fe\u00e1 hann var\u00f0 k\u00f3ngur og r\u00edkti setyj\u00e1n \u00e1r \u00ed Jer\u00fasalemborg hverja e\u00f0 Drottinn \u00fatvaldi af \u00f6llum \u00cdsraels \u00e6ttum a\u00f0 hann vildi \u00fear setja sitt nafn. <span class=\"athugasemd\" title=\"R\u00f3b\u00f3am 17 \u00e1r k\u00f3ngur \u00ed J\u00fada\">[<\/span> Hans m\u00f3\u00f0ir h\u00e9t Naema, ein amm\u00f3n\u00edtesk kvinna. Og J\u00fada gj\u00f6r\u00f0i \u00fea\u00f0 sem Drottni illa l\u00edka\u00f0i og \u00feeir uppv\u00f6ktu hann meir til vandl\u00e6tis en allir \u00feeirra forfe\u00f0ur h\u00f6f\u00f0u gj\u00f6rt me\u00f0 \u00feeim syndum sem \u00feeir gj\u00f6r\u00f0u. \u00dev\u00ed \u00feeir uppbygg\u00f0u s\u00e9r h\u00e6\u00f0ir, st\u00f3lpa og lunda \u00e1 \u00f6llum h\u00e1vum h\u00e6\u00f0um og undir \u00f6llum bl\u00f3mgu\u00f0um trj\u00e1m. <span class=\"athugasemd\" title=\"Syndir J\u00fada\">[<\/span> \u00dear voru og saurlifna\u00f0armenn \u00ed landinu og \u00feeir fr\u00f6mdu allra hei\u00f0ingja sv\u00edvir\u00f0ingar hverja a\u00f0 Drottinn haf\u00f0i \u00fatr\u00fdmt fyrir \u00cdsraelssonum.<\/p>\n<p>\tEn \u00e1 \u00fev\u00ed fimmta \u00e1ri R\u00f3b\u00f3ams k\u00f3ngs \u00fe\u00e1 f\u00f3r S\u00edsak Egyptalandsk\u00f3ngur upp til Jer\u00fasalem og t\u00f3k fj\u00e1rsj\u00f3\u00f0una \u00far Drottins h\u00fasi og \u00far k\u00f3ngsins h\u00fasi og allt \u00fea\u00f0 sem hann m\u00e1tti h\u00f6nd \u00e1 koma og hann t\u00f3k alla \u00fe\u00e1 gullskj\u00f6ldu sem Sal\u00f3mon haf\u00f0i l\u00e1ti\u00f0 gj\u00f6ra. <span class=\"athugasemd\" title=\"S\u00edsak Egyptak\u00f3ngur\">[<\/span> En k\u00f3ng R\u00f3b\u00f3am l\u00e9t gj\u00f6ra aftur eirskj\u00f6ldu og f\u00e9kk \u00fe\u00e1 \u00ed hendur \u00feeim \u00e6\u00f0stu skjaldsveinum sem geymdu dyrnar \u00e1 k\u00f3ngsins h\u00fasi. Og svo oft sem k\u00f3ngurinn gekk \u00ed Drottins h\u00fas \u00fe\u00e1 b\u00e1ru fylgdarmenn k\u00f3ngs \u00feessa skj\u00f6ldu og b\u00e1ru \u00fe\u00e1 s\u00ed\u00f0an aftur \u00ed skjaldsveinanna herbergi.<\/p>\n<p>\tHva\u00f0 sem meir er a\u00f0 segja um R\u00f3b\u00f3am og \u00fea\u00f0 hann gj\u00f6r\u00f0i, sj\u00e1, \u00fea\u00f0 er skrifa\u00f0 \u00ed J\u00fadak\u00f3nga kron\u00edkub\u00f3k. Og \u00e6t\u00ed\u00f0 var \u00fear str\u00ed\u00f0 millum R\u00f3b\u00f3am og Jer\u00f3b\u00f3am \u00e1 me\u00f0an \u00feeir lif\u00f0u. Og R\u00f3b\u00f3am sofna\u00f0i me\u00f0 s\u00ednum fe\u00f0rum og var jar\u00f0a\u00f0ur \u00ed Dav\u00ed\u00f0sborg hj\u00e1 s\u00ednum fe\u00f0rum. <span class=\"athugasemd\" title=\"2. Para. 12 \/ R\u00f3b\u00f3am andast\">[<\/span> Hans m\u00f3\u00f0ir h\u00e9t Naema af \u00e6tt \u00feeirra Ammonitarum. Og Ab\u00edam hans son t\u00f3k k\u00f3ngd\u00f3m eftir hann.<\/p>\n","protected":false},"excerpt":{"rendered":"<p>XIIII. \u00c1 \u00feeim t\u00edma var\u00f0 Ab\u00eda sonur Jer\u00f3b\u00f3am sj\u00fakur. [ Og Jer\u00f3b\u00f3am sag\u00f0i til sinnar kvinnu: &#8222;Tak \u00feig upp og breyt \u00fe\u00ednum b\u00faningi svo a\u00f0 enginn merki a\u00f0 \u00fe\u00fa s\u00e9rt Jer\u00f3b\u00f3ams kvinna og far burt til S\u00edl\u00f3. Sj\u00e1, \u00fear er Ah\u00eda sp\u00e1ma\u00f0ur sem sag\u00f0i m\u00e9r fyrir a\u00f0 eg skyldi ver\u00f0a k\u00f3ngur yfir \u00feessu f\u00f3lki. Og tak t\u00edu brau\u00f0 og k\u00f6kur me\u00f0 \u00fe\u00e9r og eina kr\u00fas me\u00f0 hunang og gakk til hans \u00fev\u00ed hann mun segja \u00fe\u00e9r hvert sveini \u00feessum mun batna e\u00f0ur ei.&#8220; Og Jer\u00f3b\u00f3ams kvinna gj\u00f6r\u00f0i svo, bj\u00f3 sig til og fram kom \u00ed S\u00edl\u00f3 og gekk \u00ed h\u00fas <a href=\"https:\/\/biblian.is\/gudbrandsbiblia\/fyrri-konungabok-14-kafli\/\"> [&#8230;]<\/a><\/p>\n","protected":false},"author":1,"featured_media":0,"parent":0,"menu_order":0,"comment_status":"open","ping_status":"open","template":"bibliukaflar.php","meta":{"footnotes":""},"class_list":["post-2997","page","type-page","status-publish","hentry"],"_links":{"self":[{"href":"https:\/\/biblian.is\/gudbrandsbiblia\/wp-json\/wp\/v2\/pages\/2997","targetHints":{"allow":["GET"]}}],"collection":[{"href":"https:\/\/biblian.is\/gudbrandsbiblia\/wp-json\/wp\/v2\/pages"}],"about":[{"href":"https:\/\/biblian.is\/gudbrandsbiblia\/wp-json\/wp\/v2\/types\/page"}],"author":[{"embeddable":true,"href":"https:\/\/biblian.is\/gudbrandsbiblia\/wp-json\/wp\/v2\/users\/1"}],"replies":[{"embeddable":true,"href":"https:\/\/biblian.is\/gudbrandsbiblia\/wp-json\/wp\/v2\/comments?post=2997"}],"version-history":[{"count":0,"href":"https:\/\/biblian.is\/gudbrandsbiblia\/wp-json\/wp\/v2\/pages\/2997\/revisions"}],"wp:attachment":[{"href":"https:\/\/biblian.is\/gudbrandsbiblia\/wp-json\/wp\/v2\/media?parent=2997"}],"curies":[{"name":"wp","href":"https:\/\/api.w.org\/{rel}","templated":true}]}}