{"id":2992,"date":"2017-12-18T18:32:18","date_gmt":"2017-12-18T18:32:18","guid":{"rendered":"http:\/\/biblian.is\/gudbrandsbiblia\/fyrri-konungabok-9-kafli\/"},"modified":"2017-12-18T18:32:18","modified_gmt":"2017-12-18T18:32:18","slug":"fyrri-konungabok-9-kafli","status":"publish","type":"page","link":"https:\/\/biblian.is\/gudbrandsbiblia\/fyrri-konungabok-9-kafli\/","title":{"rendered":"Fyrri konungab\u00f3k 9. kafli"},"content":{"rendered":"<p>IX.<\/p>\n<p>\u00de\u00e1 Sal\u00f3mon haf\u00f0i fullkomna\u00f0 a\u00f0 byggja Drottins h\u00fas og k\u00f3ngsins h\u00fas og allt anna\u00f0 sem hann girntist og hann haf\u00f0i lyst til a\u00f0 gj\u00f6ra \u00fe\u00e1 birtist Drottinn honum \u00ed anna\u00f0 sinn svo sem hann birtist honum \u00ed G\u00edbeon. <span class=\"athugasemd\" title=\"Gu\u00f0 opinbera\u00f0ist \u00ed anna\u00f0 sinn fyrir Sal\u00f3moni \/ Supra. 3 \/ 2. Para. 7\">[<\/span> Og Drottinn sag\u00f0i til hans: &#8222;Eg hefi heyrt \u00fe\u00edna b\u00e6n og \u00e1kall sem \u00fe\u00fa hefur be\u00f0i\u00f0 mig og eg hefi helga\u00f0 \u00feetta h\u00fas sem \u00fe\u00fa hefur byggt a\u00f0 eg vil setja mitt nafn \u00fear inni \u00e6vinlega og m\u00edn augu og mitt hjarta skulu \u00fear vera \u00e6t\u00ed\u00f0. Og ef \u00fe\u00fa gengur fyrir m\u00e9r sem \u00feinn fa\u00f0ir Dav\u00ed\u00f0 gekk me\u00f0 einu algj\u00f6r\u00f0u og r\u00e9ttsinnu\u00f0u hjarta og gj\u00f6rir allt \u00fea\u00f0 sem eg hefi bo\u00f0i\u00f0 \u00fe\u00e9r og heldur svo m\u00edn bo\u00f0or\u00f0 og m\u00edn r\u00e9ttindi \u00fe\u00e1 vil eg sta\u00f0festa \u00feitt k\u00f3ngsr\u00edki og st\u00f3l yfir \u00cdsrael \u00e6vinlega svo sem eg tala\u00f0i til \u00fe\u00edns f\u00f6\u00f0urs Dav\u00ed\u00f0s og sag\u00f0i: <span class=\"athugasemd\" title=\"Gu\u00f0s fyrirheit\">[<\/span> \u00dear skal ekki vanta einn mann af \u00cdsraels st\u00f3li.<\/p>\n<p>\tEn ef \u00fe\u00e9r sn\u00fai\u00f0 y\u00f0ur fr\u00e1 m\u00e9r, \u00fe\u00e9r og y\u00f0rir synir, og haldi\u00f0 ekki m\u00edn bo\u00f0or\u00f0 og m\u00edn r\u00e9ttindi sem eg lag\u00f0a fram fyrir y\u00f0ur heldur fari \u00fe\u00e9r og \u00fej\u00f3ni\u00f0 \u00f6\u00f0rum gu\u00f0um og tilbi\u00f0ji\u00f0 \u00fe\u00e1 \u00fe\u00e1 vil eg uppr\u00e6ta \u00cdsrael af landinu \u00fev\u00ed sem eg hefi gefi\u00f0 \u00feeim. <span class=\"athugasemd\" title=\"1. Reg. 7 \/ \u00d3gnan Gu\u00f0s \/ Deut. 29 \/ Jere. 22\">[<\/span> Og \u00fea\u00f0 h\u00fas sem eg hefi helga\u00f0 til m\u00edns nafns, \u00fev\u00ed vil eg kasta fr\u00e1 m\u00ednu augliti. Og \u00cdsrael skal ver\u00f0a a\u00f0 or\u00f0skvi\u00f0 og \u00e6vint\u00fdri me\u00f0al alls f\u00f3lks. Og \u00feetta h\u00fasi\u00f0 skal ni\u00f0urbrj\u00f3tast so a\u00f0 allir \u00feeir sem \u00fear framhj\u00e1 ganga, \u00feeim mun bl\u00f6skra, \u00feeir munu bl\u00edstra og segja: \u00dev\u00ed hefur Drottinn gj\u00f6rt so \u00feessu landi og \u00feessu h\u00fasi? \u00de\u00e1 mun svara\u00f0 ver\u00f0a: <span class=\"athugasemd\" title=\"1. Para. 3\">[<\/span> Af \u00fev\u00ed a\u00f0 \u00feeir fyrirl\u00e9tu Drottin, sinn Gu\u00f0, hanns em f\u00e6r\u00f0i \u00feeirra forfe\u00f0ur af Egyptalandi og t\u00f3ku s\u00e9r a\u00f0ra gu\u00f0i, tilb\u00e1\u00f0u \u00fe\u00e1 og \u00fej\u00f3nu\u00f0u \u00feeim. \u00dev\u00ed hefur Drottinn leitt allt \u00feetta i\u00f0 vonda yfir \u00fe\u00e1.&#8220;<\/p>\n<p>\tEn sem \u00feau tuttugu \u00e1r voru li\u00f0in \u00e1 hverjum a\u00f0 Sal\u00f3mon bygg\u00f0i \u00feau tv\u00f6 h\u00fas, Drottins h\u00fas og k\u00f3ngsins h\u00fas (til hvers sm\u00ed\u00f0is H\u00edram k\u00f3ngur \u00ed Tyro sendi Sal\u00f3mon k\u00f3ngi sedrustr\u00e9 og grenitr\u00e9 og gull sem hann vildi) \u00fe\u00e1 gaf k\u00f3ng Sal\u00f3mon H\u00edram tuttugu sta\u00f0i \u00ed Gal\u00edlealandi. Og H\u00edram f\u00f3r \u00fat af Tyro og vildi sj\u00e1 \u00fe\u00e1 s\u00f6mu sta\u00f0i sem Sal\u00f3mon haf\u00f0i gefi\u00f0 honum en \u00feeir l\u00edk\u00f6\u00f0u honum ekki og sag\u00f0i: &#8222;Hva\u00f0 er \u00fea\u00f0 fyrir sta\u00f0i, minn br\u00f3\u00f0ir, sem \u00fe\u00fa hefur gefi\u00f0 m\u00e9r?&#8220; Og hann kalla\u00f0i \u00fe\u00e1 land Kab\u00fal inn til \u00feessa dags. <span class=\"athugasemd\" title=\"Kab\u00fal\">[<\/span> <\/p>\n<p>\tOg H\u00edram haf\u00f0i sent k\u00f3nginum hundra\u00f0 og tuttugu centener gulls. Og \u00fea\u00f0 sama er summa af \u00feeim skatti sem k\u00f3ng Sal\u00f3mon t\u00f3k upp til a\u00f0 byggja Gu\u00f0s h\u00fas og sitt h\u00fas og Mill\u00f3 og Jer\u00fasalems m\u00farveggi og Has\u00f3r og Megidd\u00f3 og Gaser. <span class=\"athugasemd\" title=\"Gaser\">[<\/span><\/p>\n<p>\t\u00dev\u00ed fara\u00f3 k\u00f3ngur af Egyptalandi var farinn upp og haf\u00f0i unni\u00f0 Gaser og brennt hana me\u00f0 eldi og \u00ed hel slegi\u00f0 \u00fe\u00e1 Cananiter sem bjuggu \u00ed sta\u00f0num og haf\u00f0i gefi\u00f0 sinni d\u00f3ttur, Sal\u00f3mons h\u00fasfr\u00fa, hana til einnrar g\u00e1fu. So uppbyg\u00f0i Sal\u00f3mon Gaser og \u00fea\u00f0 ne\u00f0ra Bet H\u00f3ron og Baelat og Tamar \u00ed landi ey\u00f0imerkur og alla sta\u00f0i sem Sal\u00f3mon haf\u00f0i korn hans \u00fat \u00ed og svo alla \u00fe\u00e1 sta\u00f0i sem hann haf\u00f0i s\u00edna vagna og \u00fe\u00e1 sta\u00f0i sem hann haf\u00f0i s\u00edna riddara \u00fat \u00ed og hvar hann haf\u00f0i lyst til a\u00f0 byggja \u00ed Jer\u00fasalem, \u00ed L\u00edbanon og \u00ed \u00f6llu landi s\u00edns r\u00edkis.<\/p>\n<p>\tOg allt \u00fea\u00f0 f\u00f3lk sem eftir var af \u00feeim Amoriter, Hethiter, Pheresiter, Heviter og Jebusiter, sem ekki voru af \u00cdsraelssonum, \u00feeirra syni sem \u00feeir l\u00e9tu eftir sig \u00ed landinu, hv\u00f6rja \u00cdsraelssynir m\u00e1ttu ekki forey\u00f0a, \u00fe\u00e1 gj\u00f6r\u00f0i Sal\u00f3mon skattgilda allt til \u00feessa dags. En af \u00cdsraelsonum gj\u00f6r\u00f0i hann ekki neina \u00fer\u00e6la heldur l\u00e9t \u00fe\u00e1 bl\u00edfa str\u00ed\u00f0smenn og s\u00edna \u00fe\u00e9nara, h\u00f6fu\u00f0smenn og riddara og setti \u00fe\u00e1 yfir s\u00edna vagna og riddarali\u00f0. Og \u00feeir umbo\u00f0smenn sem voru yfir Sal\u00f3mons erindagj\u00f6r\u00f0um, \u00feeir voru fimm hundru\u00f0 og fimmt\u00edgi sem stj\u00f3rnu\u00f0u yfir f\u00f3lki\u00f0 og framfylgdu k\u00f3ngs erindum. <span class=\"athugasemd\" title=\"Emb\u00e6ttismenn Salomonis\">[<\/span><\/p>\n<p>\tOg pharaonisd\u00f3ttir fer\u00f0a\u00f0ist upp fr\u00e1 Dav\u00ed\u00f0ssta\u00f0 \u00ed sitt h\u00fas sem hann haf\u00f0i l\u00e1ti\u00f0 byggja henni. Hann bygg\u00f0i og so Mill\u00f3. Og Sal\u00f3mon offra\u00f0i \u00ferisvar sinnum hvert \u00e1r brennif\u00f3rnum og \u00feakkl\u00e6tisoffri yfir \u00fea\u00f0 altari sem hann bygg\u00f0i Drottni og gj\u00f6r\u00f0i reykelsi yfir \u00fea\u00f0 fyrir Drottni og so var\u00f0 h\u00fasi\u00f0 fullkomna\u00f0.<\/p>\n<p>\tSal\u00f3mon bygg\u00f0i og skipast\u00f3l \u00ed Ese\u00f3n Gaber sem liggur hj\u00e1 El\u00f3t \u00ed fj\u00f6ru \u00feeirra rau\u00f0a hafs \u00ed landi Edomiter. <span class=\"athugasemd\" title=\"3. Reg. 22 \/ 2. Para. 8\">[<\/span> Og H\u00edram sendi s\u00edna \u00fe\u00e9nara til skipa me\u00f0 Salomonis \u00fe\u00e9nurum sem voru g\u00f3\u00f0ir farmenn og vel reyndir til sj\u00f3s. Og \u00feeir komu til \u00d3f\u00edr og fengu \u00fear fj\u00f6gur hundru\u00f0 og tuttugu centener gulls og f\u00e6r\u00f0u \u00fea\u00f0 Sal\u00f3mon k\u00f3ngi. <span class=\"athugasemd\" title=\"Gull af \u00f3f\u00edr\">[<\/span><\/p>\n","protected":false},"excerpt":{"rendered":"<p>IX. \u00de\u00e1 Sal\u00f3mon haf\u00f0i fullkomna\u00f0 a\u00f0 byggja Drottins h\u00fas og k\u00f3ngsins h\u00fas og allt anna\u00f0 sem hann girntist og hann haf\u00f0i lyst til a\u00f0 gj\u00f6ra \u00fe\u00e1 birtist Drottinn honum \u00ed anna\u00f0 sinn svo sem hann birtist honum \u00ed G\u00edbeon. [ Og Drottinn sag\u00f0i til hans: &#8222;Eg hefi heyrt \u00fe\u00edna b\u00e6n og \u00e1kall sem \u00fe\u00fa hefur be\u00f0i\u00f0 mig og eg hefi helga\u00f0 \u00feetta h\u00fas sem \u00fe\u00fa hefur byggt a\u00f0 eg vil setja mitt nafn \u00fear inni \u00e6vinlega og m\u00edn augu og mitt hjarta skulu \u00fear vera \u00e6t\u00ed\u00f0. Og ef \u00fe\u00fa gengur fyrir m\u00e9r sem \u00feinn fa\u00f0ir Dav\u00ed\u00f0 gekk me\u00f0 einu algj\u00f6r\u00f0u <a href=\"https:\/\/biblian.is\/gudbrandsbiblia\/fyrri-konungabok-9-kafli\/\"> [&#8230;]<\/a><\/p>\n","protected":false},"author":1,"featured_media":0,"parent":0,"menu_order":0,"comment_status":"open","ping_status":"open","template":"bibliukaflar.php","meta":{"footnotes":""},"class_list":["post-2992","page","type-page","status-publish","hentry"],"_links":{"self":[{"href":"https:\/\/biblian.is\/gudbrandsbiblia\/wp-json\/wp\/v2\/pages\/2992","targetHints":{"allow":["GET"]}}],"collection":[{"href":"https:\/\/biblian.is\/gudbrandsbiblia\/wp-json\/wp\/v2\/pages"}],"about":[{"href":"https:\/\/biblian.is\/gudbrandsbiblia\/wp-json\/wp\/v2\/types\/page"}],"author":[{"embeddable":true,"href":"https:\/\/biblian.is\/gudbrandsbiblia\/wp-json\/wp\/v2\/users\/1"}],"replies":[{"embeddable":true,"href":"https:\/\/biblian.is\/gudbrandsbiblia\/wp-json\/wp\/v2\/comments?post=2992"}],"version-history":[{"count":0,"href":"https:\/\/biblian.is\/gudbrandsbiblia\/wp-json\/wp\/v2\/pages\/2992\/revisions"}],"wp:attachment":[{"href":"https:\/\/biblian.is\/gudbrandsbiblia\/wp-json\/wp\/v2\/media?parent=2992"}],"curies":[{"name":"wp","href":"https:\/\/api.w.org\/{rel}","templated":true}]}}