{"id":2989,"date":"2017-12-18T18:32:18","date_gmt":"2017-12-18T18:32:18","guid":{"rendered":"http:\/\/biblian.is\/gudbrandsbiblia\/fyrri-konungabok-6-kafli\/"},"modified":"2017-12-18T18:32:18","modified_gmt":"2017-12-18T18:32:18","slug":"fyrri-konungabok-6-kafli","status":"publish","type":"page","link":"https:\/\/biblian.is\/gudbrandsbiblia\/fyrri-konungabok-6-kafli\/","title":{"rendered":"Fyrri konungab\u00f3k 6. kafli"},"content":{"rendered":"<p>VI.<\/p>\n<p>\u00c1 \u00fev\u00ed \u00e1ttat\u00edugnda \u00e1ri hins fimmta hundra\u00f0s fr\u00e1 \u00fev\u00ed a\u00f0 \u00cdsraelsl\u00fd\u00f0ur var \u00fatleiddur af Egyptalandi, \u00e1 \u00fev\u00ed fj\u00f3r\u00f0a \u00e1ri r\u00edkis Sal\u00f3mons k\u00f3ngs yfir \u00cdsrael, \u00ed \u00feeim m\u00e1nu\u00f0i s\u00edf, \u00fea\u00f0 er s\u00e1 annar m\u00e1nu\u00f0ur, \u00fe\u00e1 t\u00f3k Sal\u00f3mon til a\u00f0 sm\u00ed\u00f0a h\u00fas Drottins. <span class=\"athugasemd\" title=\"Sal\u00f3mons musteri \/ 2. Par. 2 \/ Anno Mundi 2933 \/ Ante Christum natum 1023\">[<\/span> En \u00fea\u00f0 h\u00fas sem Sal\u00f3mon k\u00f3ngur sm\u00ed\u00f0a\u00f0i Drottni var sext\u00edgi \u00e1lna langt, tuttugu \u00e1lna breitt og \u00ferj\u00e1t\u00edgi \u00e1lna h\u00e1tt.<\/p>\n<p>\tOg hann bygg\u00f0i eitt forh\u00fas fram af musterinu tuttugu \u00e1lna langt eftir h\u00fassins breidd og t\u00edu \u00e1lna breitt fram af h\u00fasinu. Og hann gj\u00f6r\u00f0i glugga \u00e1 h\u00fasinu, innan til v\u00ed\u00f0a og utan til mj\u00f3a. Og hann sm\u00ed\u00f0a\u00f0i lofth\u00fas \u00ed h\u00fasveggnum allt um kring, b\u00e6\u00f0i um kring musteri\u00f0 og k\u00f3rinn og gj\u00f6r\u00f0i enn veggi \u00fear um kring utan til. \u00dea\u00f0 ne\u00f0sta lofth\u00fas var fimm \u00e1lna v\u00edtt en anna\u00f0 sex \u00e1lna v\u00edtt en \u00fea\u00f0 \u00feri\u00f0ja sj\u00f6 \u00e1lna v\u00edtt. \u00dev\u00ed hann reisti bj\u00e1lka utan um kring h\u00fasi\u00f0 svo a\u00f0 \u00feau komu ekki vi\u00f0 veggi h\u00fassins.<\/p>\n<p>\tOg \u00e1\u00f0ur en h\u00fasi\u00f0 var sm\u00ed\u00f0a\u00f0 \u00fe\u00e1 voru steinarnir me\u00f0 \u00f6llu \u00e1\u00f0ur tilreiddir so a\u00f0 \u00fear heyr\u00f0ist hverki hamarsh\u00f6gg n\u00e9 auxarhlj\u00f3\u00f0 e\u00f0ur nokkra sm\u00ed\u00f0at\u00f3la \u00e1 me\u00f0an h\u00fasi\u00f0 var sm\u00ed\u00f0a\u00f0.<\/p>\n<p>\tOg \u00fear voru einar dyr h\u00e6gramegin mitt \u00e1 h\u00fasinu og um sv\u00f6lur var a\u00f0 ganga \u00ed mi\u00f0lofti\u00f0 og \u00fea\u00f0an \u00ed \u00fea\u00f0 efsta loft. Og so bygg\u00f0i hann h\u00fasi\u00f0 og fullkomna\u00f0i \u00fea\u00f0 og hann \u00feilja\u00f0i h\u00fasi\u00f0 me\u00f0 sedrustr\u00e9, b\u00e6\u00f0i hvolfi\u00f0 og veggina. Hann bygg\u00f0i og so enn ein g\u00f6ng ofanvert umhverfis allt h\u00fasi\u00f0, fimm \u00e1lna h\u00e1. Og hann \u00feakti h\u00fasi\u00f0 me\u00f0 sedrusvi\u00f0um.<\/p>\n<p>\tOg or\u00f0 Drottins ske\u00f0i til Sal\u00f3mon og sag\u00f0i: <span class=\"athugasemd\" title=\"Fyrirheit Drottins \/ 2. Reg. 7\">[<\/span> &#8222;\u00deetta er h\u00fasi\u00f0 \u00fea\u00f0 sem \u00fe\u00fa sm\u00ed\u00f0ar. Ef \u00fe\u00fa gengur \u00ed m\u00ednum bo\u00f0um og gj\u00f6rir eftir m\u00ednum r\u00e9ttindum og heldur \u00f6ll m\u00edn bo\u00f0or\u00f0 og gengur eftir \u00feeim \u00fe\u00e1 vil eg sta\u00f0festa mitt or\u00f0 vi\u00f0 \u00feig svo sem eg sag\u00f0a til \u00fe\u00edns f\u00f6\u00f0urs Dav\u00ed\u00f0. Og eg vil b\u00faa \u00e1 millum \u00cdsraelssona og eg vil ekki yfirgefa mitt f\u00f3lk \u00cdsrael.&#8220; So bygg\u00f0i Sal\u00f3mon h\u00fasi\u00f0 og fullkomna\u00f0i \u00fea\u00f0. <span class=\"athugasemd\" title=\"Act. 7\">[<\/span> Og hann \u00feilja\u00f0i veggina \u00e1 h\u00fasinu innan til me\u00f0 sedrusfj\u00f6lum ne\u00f0an fr\u00e1 g\u00f3lfinu og upp a\u00f0 \u00feakinu og \u00feilja\u00f0i \u00fea\u00f0 innan til me\u00f0 tr\u00e9 og lag\u00f0i g\u00f3lfi\u00f0 \u00ed h\u00fasinu me\u00f0 grenifjalir.<\/p>\n<p>\tHann bygg\u00f0i svo \u00e1 bak vi\u00f0 h\u00fasi\u00f0 einn vegg af sedrustr\u00e9, tuttugu \u00e1lna langan upp fr\u00e1 g\u00f3lfinu og undir \u00feaki\u00f0 og bygg\u00f0i k\u00f3rinn \u00fear fyrir innan og \u00fea\u00f0 allrahelgasta. En musterisins h\u00fas fyrir framan k\u00f3rinn var fj\u00f6rut\u00edgi \u00e1lna langt. En allt h\u00fasi\u00f0 innan til var ekki nema sedrusvi\u00f0ur me\u00f0 renndum hn\u00f6ppum og \u00fatskornum bl\u00f3mstrum svo a\u00f0 hvergi m\u00e1tti sj\u00e1 stein beran. En k\u00f3rinn tilreiddi hann innan til \u00ed h\u00fasinu svo a\u00f0 \u00feanga\u00f0 skyldi setjast s\u00e1ttm\u00e1ls\u00f6rk Drottins. Og k\u00f3rinn var tuttugu \u00e1lna langur og tuttugu \u00e1lna brei\u00f0ur og tuttugu \u00e1lna h\u00e1r, sleginn me\u00f0 kl\u00e1ra gull. <span class=\"athugasemd\" title=\"K\u00f3rinn e\u00f0ur \u00fea\u00f0 allrahelgasta \u00fear Gu\u00f0s or\u00f0 inni var\">[<\/span> En altari\u00f0 \u00feilja\u00f0i hann me\u00f0 sedrustr\u00e9. <\/p>\n<p>\tOg Sal\u00f3mon \u00feakti h\u00fasi\u00f0 innan allt me\u00f0 kl\u00e1ru gulli. Hann l\u00e9t aftur k\u00f3rinn me\u00f0 gylltum grindum og allt h\u00fasi\u00f0 var me\u00f0 gulli \u00feaki\u00f0. \u00dear me\u00f0 bj\u00f3 hann og altari\u00f0 me\u00f0 gull framan fyrir k\u00f3rnum.<\/p>\n<p>\tHann gj\u00f6r\u00f0i og \u00ed k\u00f3rnum tvo ker\u00fab\u00edm af ol\u00eduvi\u00f0artrj\u00e1m, t\u00edu \u00e1lna a\u00f0 h\u00e6\u00f0. Hver v\u00e6ngur ker\u00fab\u00edm var fimm \u00e1lna langur svo a\u00f0 \u00fea\u00f0 var t\u00edu \u00e1lnir fr\u00e1 \u00feeim eina hans v\u00e6ngsenda og til \u00feess annars v\u00e6ngsenda, so var s\u00e1 annar ker\u00fab\u00edm. <span class=\"athugasemd\" title=\"Exod. 25; 20\">[<\/span> Hann haf\u00f0i og so t\u00edu \u00e1lnir a\u00f0 lengd og b\u00e1\u00f0ir ker\u00fab\u00edm voru jafnir og eins sm\u00ed\u00f0a\u00f0ir svo a\u00f0 hver ker\u00fab\u00edm var t\u00edu \u00e1lna h\u00e1r. Og hann setti \u00feessa ker\u00fab\u00edm \u00ed mi\u00f0ju h\u00fasinu. Og ker\u00fab\u00edm \u00fatbreiddu s\u00edna v\u00e6ngi svo a\u00f0 v\u00e6ngur \u00feess eina ker\u00fab\u00edm kom vi\u00f0 vegginn og v\u00e6ngur \u00feess annars ker\u00fab\u00edm snart og \u00feann annan vegg en \u00ed mi\u00f0ju h\u00fasinu kom hver v\u00e6ngur vi\u00f0 annan. Og hann bj\u00f3 \u00feessa ker\u00fab\u00edm me\u00f0 gulli.<\/p>\n<p>\tHann l\u00e9t og \u00fatskera ala veggi musterisins me\u00f0 \u00fdmislegum hagleik allt umhverfis me\u00f0 hn\u00f6ppum og \u00fatskornum ker\u00fab\u00edm, p\u00e1lmvi\u00f0arbl\u00f3mstrum og laufverki so sem liti \u00fea\u00f0 og k\u00e6mi \u00fat \u00far veggjunum. Og hann lag\u00f0i yfir hvolfi\u00f0 me\u00f0 gull innan og utan. Og hann l\u00e9t gj\u00f6ra tv\u00e6r hur\u00f0ir \u00e1 innganginum til k\u00f3rsins af ol\u00edutr\u00e9 me\u00f0 fimmstrendum dyrust\u00f3lpum. Og hann l\u00e9t \u00fatskera \u00fear \u00e1 me\u00f0 hagleik ker\u00fab\u00edm, p\u00e1lmvi\u00f0arbl\u00f3mstur og laufverk og bj\u00f3 \u00fe\u00e6r allar me\u00f0 gulli. Hann gj\u00f6r\u00f0\u00ed og \u00ed musterisins inngangi ferstrenda dyrust\u00f3lpa af vi\u00f0smj\u00f6rsvi\u00f0artr\u00e9 og tvennar hur\u00f0ir af grenitr\u00e9 og hver hur\u00f0 haf\u00f0i tvo v\u00e6ngi og v\u00e6ngirnir h\u00e9ngu \u00e1 \u00feeirra hj\u00f6rum. Og hann l\u00e9t \u00fatskera \u00fear \u00e1 ker\u00fab\u00edm, p\u00e1lmvi\u00f0arbl\u00f3mstur og laufaverk og bj\u00f3 \u00fe\u00e6r me\u00f0 gulli eins og \u00fea\u00f0 var b\u00edfala\u00f0.<\/p>\n<p>\tHann bygg\u00f0i og svo einn kirkjugar\u00f0 me\u00f0 \u00feremur skipunum \u00fath\u00f6ggvinna steina og eitt lagi\u00f0 me\u00f0 skafi\u00f0 sedrustr\u00e9.<\/p>\n<p>\t\u00c1 \u00fev\u00ed fj\u00f3r\u00f0a \u00e1ri \u00ed \u00feeim m\u00e1na\u00f0i s\u00edf var grundv\u00f6llurinn h\u00fassins Drottins lag\u00f0ur og \u00e1 \u00fev\u00ed inu ellefta \u00e1ri \u00ed \u00feeim m\u00e1nu\u00f0i b\u00fal (\u00fea\u00f0 er s\u00e1 \u00e1ttundi m\u00e1nu\u00f0ur) var h\u00fasi\u00f0 algj\u00f6rt svo sem \u00fea\u00f0 vera skyldi. <span class=\"athugasemd\" title=\"S\u00edf \/ B\u00fal\">[<\/span> So a\u00f0 \u00feeir voru a\u00f0 sm\u00ed\u00f0a \u00fea\u00f0 \u00ed sj\u00f6 \u00e1r.<\/p>\n","protected":false},"excerpt":{"rendered":"<p>VI. \u00c1 \u00fev\u00ed \u00e1ttat\u00edugnda \u00e1ri hins fimmta hundra\u00f0s fr\u00e1 \u00fev\u00ed a\u00f0 \u00cdsraelsl\u00fd\u00f0ur var \u00fatleiddur af Egyptalandi, \u00e1 \u00fev\u00ed fj\u00f3r\u00f0a \u00e1ri r\u00edkis Sal\u00f3mons k\u00f3ngs yfir \u00cdsrael, \u00ed \u00feeim m\u00e1nu\u00f0i s\u00edf, \u00fea\u00f0 er s\u00e1 annar m\u00e1nu\u00f0ur, \u00fe\u00e1 t\u00f3k Sal\u00f3mon til a\u00f0 sm\u00ed\u00f0a h\u00fas Drottins. [ En \u00fea\u00f0 h\u00fas sem Sal\u00f3mon k\u00f3ngur sm\u00ed\u00f0a\u00f0i Drottni var sext\u00edgi \u00e1lna langt, tuttugu \u00e1lna breitt og \u00ferj\u00e1t\u00edgi \u00e1lna h\u00e1tt. Og hann bygg\u00f0i eitt forh\u00fas fram af musterinu tuttugu \u00e1lna langt eftir h\u00fassins breidd og t\u00edu \u00e1lna breitt fram af h\u00fasinu. Og hann gj\u00f6r\u00f0i glugga \u00e1 h\u00fasinu, innan til v\u00ed\u00f0a og utan til mj\u00f3a. Og hann sm\u00ed\u00f0a\u00f0i lofth\u00fas <a href=\"https:\/\/biblian.is\/gudbrandsbiblia\/fyrri-konungabok-6-kafli\/\"> [&#8230;]<\/a><\/p>\n","protected":false},"author":1,"featured_media":0,"parent":0,"menu_order":0,"comment_status":"open","ping_status":"open","template":"bibliukaflar.php","meta":{"footnotes":""},"class_list":["post-2989","page","type-page","status-publish","hentry"],"_links":{"self":[{"href":"https:\/\/biblian.is\/gudbrandsbiblia\/wp-json\/wp\/v2\/pages\/2989","targetHints":{"allow":["GET"]}}],"collection":[{"href":"https:\/\/biblian.is\/gudbrandsbiblia\/wp-json\/wp\/v2\/pages"}],"about":[{"href":"https:\/\/biblian.is\/gudbrandsbiblia\/wp-json\/wp\/v2\/types\/page"}],"author":[{"embeddable":true,"href":"https:\/\/biblian.is\/gudbrandsbiblia\/wp-json\/wp\/v2\/users\/1"}],"replies":[{"embeddable":true,"href":"https:\/\/biblian.is\/gudbrandsbiblia\/wp-json\/wp\/v2\/comments?post=2989"}],"version-history":[{"count":0,"href":"https:\/\/biblian.is\/gudbrandsbiblia\/wp-json\/wp\/v2\/pages\/2989\/revisions"}],"wp:attachment":[{"href":"https:\/\/biblian.is\/gudbrandsbiblia\/wp-json\/wp\/v2\/media?parent=2989"}],"curies":[{"name":"wp","href":"https:\/\/api.w.org\/{rel}","templated":true}]}}