{"id":2988,"date":"2017-12-18T18:32:18","date_gmt":"2017-12-18T18:32:18","guid":{"rendered":"http:\/\/biblian.is\/gudbrandsbiblia\/fyrri-konungabok-5-kafli\/"},"modified":"2017-12-18T18:32:18","modified_gmt":"2017-12-18T18:32:18","slug":"fyrri-konungabok-5-kafli","status":"publish","type":"page","link":"https:\/\/biblian.is\/gudbrandsbiblia\/fyrri-konungabok-5-kafli\/","title":{"rendered":"Fyrri konungab\u00f3k 5. kafli"},"content":{"rendered":"<p>V.<\/p>\n<p>Og H\u00edram k\u00f3ngur \u00ed Thiro hann sendi s\u00edna \u00fe\u00e9nara til Salomonis. <span class=\"athugasemd\" title=\"H\u00edram k\u00f3ngur af Thyro\">[<\/span> \u00dev\u00ed hann haf\u00f0i spurt a\u00f0 \u00feeir h\u00f6f\u00f0u smurt hann til k\u00f3ngs \u00ed hans f\u00f6\u00f0urs sta\u00f0. \u00dev\u00ed H\u00edram elska\u00f0i Dav\u00ed\u00f0 alla hans l\u00edfdaga.<\/p>\n<p>\tOg Sal\u00f3mon sendi til H\u00edram og l\u00e9t segja honum: &#8222;\u00de\u00fa veist vel a\u00f0 minn fa\u00f0ir Dav\u00ed\u00f0 m\u00e1tti ekki byggja h\u00fas nafni Drottins, s\u00edns Gu\u00f0s, s\u00f6kum \u00f3fri\u00f0ar sem var \u00f6llumegin \u00ed kringum hann \u00fear til a\u00f0 Drotitnn gaf \u00fe\u00e1 alla undir s\u00f3la hans f\u00f3ta. En n\u00fa hefur Drottinn, minn Gu\u00f0, gefi\u00f0 m\u00e9r fri\u00f0 \u00f6llumegin \u00ed kring svo a\u00f0 h\u00e9r er enginn andskoti og eigi heldur nein hindran. Sj\u00e1, so hef eg n\u00fa hugsa\u00f0 a\u00f0 byggja nafni Drottins m\u00edns Gu\u00f0s eitt h\u00fas so sem Drottinn hefur tala\u00f0 til m\u00edns f\u00f6\u00f0urs Dav\u00ed\u00f0s \u00fear hann sag\u00f0i: \u00deinn son hvern eg vil setja \u00ed \u00feinn sta\u00f0 \u00ed \u00feitt s\u00e6ti hann skal byggja m\u00ednu nafni eitt h\u00fas. \u00dear fyrir bj\u00f3\u00f0 \u00fe\u00fa n\u00fa \u00fe\u00ednum \u00fe\u00e9nurum a\u00f0 \u00feeir h\u00f6ggvi m\u00e9r sedrusvi\u00f0i af L\u00edbanon og a\u00f0 \u00fe\u00ednir \u00fe\u00e9narar s\u00e9 me\u00f0 m\u00ednum \u00fe\u00e9nurum. Og eg vil gjalda \u00fe\u00e9r laun \u00feinna \u00fe\u00e9nara svo sem \u00fe\u00fa \u00e1kve\u00f0ur. \u00dev\u00ed a\u00f0 \u00fe\u00fa veist a\u00f0 h\u00e9r er enginn hj\u00e1 oss sem svo kann a\u00f0 h\u00f6ggva tr\u00e9 sem \u00feeir Sidonither.&#8220;<\/p>\n<p>\tEn sem H\u00edram heyr\u00f0i Salomonis or\u00f0 \u00fe\u00e1 var\u00f0 hann mj\u00f6g gla\u00f0ur og sag\u00f0i: &#8222;Lofa\u00f0ur s\u00e9 Drottinn \u00e1 \u00feessum degi hver e\u00f0 gaf Dav\u00ed\u00f0 einn v\u00edsan son yfir \u00fev\u00edl\u00edkan f\u00f3lksfj\u00f6lda.&#8220; Og H\u00edram sendi til Sal\u00f3mon og l\u00e9t segja honum: &#8222;Heyr\u00f0a eg \u00feann bo\u00f0skap sem \u00fe\u00fa sendir m\u00e9r. Eg vil gj\u00f6ra eftir allri \u00feinni bei\u00f0ni um \u00fe\u00e1 sedrusvi\u00f0u og grenitr\u00e9. M\u00ednir \u00fe\u00e9narar skulu flytja \u00feessa vi\u00f0u af L\u00edbanon til sj\u00e1varins, s\u00ed\u00f0an skal eg leggja \u00fe\u00e1 \u00e1 flota \u00e1 sj\u00f3inn og f\u00e6ra hann til \u00feess sta\u00f0ar sem \u00fe\u00fa l\u00e6tur segja m\u00e9r og eg skal l\u00e1ta leysa vi\u00f0una \u00fear en \u00fe\u00fa skalt l\u00e1ta s\u00e6kja \u00fe\u00e1 \u00feanga\u00f0. En \u00ed \u00fev\u00ed skalt \u00fe\u00fa gj\u00f6ra minn vilja a\u00f0 \u00fe\u00fa veitir vistir m\u00ednum \u00fe\u00e9nurum.&#8220;<\/p>\n<p>\tSvo gaf H\u00edram Sal\u00f3moni sedrusvi\u00f0u og grenitr\u00e9 eftir hans vilja. Og Sal\u00f3mon gaf H\u00edram tuttugu \u00fe\u00fasund m\u00e6lir hveitis handa hans \u00fe\u00e9nurum og tuttugu m\u00e6lir me\u00f0 steytt oleum. <span class=\"athugasemd\" title=\"Vin\u00e1tta milli Sal\u00f3mon og H\u00edram\">[<\/span> So miki\u00f0 af Sal\u00f3mon H\u00edram hvert \u00e1r.<\/p>\n<p>\tOg Drottinn gaf Sal\u00f3mon vitru og v\u00edsd\u00f3m svo sem hann h\u00e9t honum. Og \u00fear var fri\u00f0ur millum H\u00edram og Sal\u00f3mon og \u00feeir bundu s\u00e1ttm\u00e1l me\u00f0 s\u00e9r. Og Sal\u00f3mon lag\u00f0i manntal \u00e1 allan \u00cdsrael og \u00fea\u00f0 manntal var \u00ferj\u00e1t\u00edgi \u00fe\u00fasundir manna. Og hann sendi \u00fe\u00e1 til L\u00edbanon, t\u00edu \u00fe\u00fasund hvern m\u00e1nu\u00f0 til skiptis, so \u00feeir voru einn m\u00e1nu\u00f0 \u00e1 L\u00edbanon en tvo m\u00e1nu\u00f0i heima. <span class=\"athugasemd\" title=\"Verkmenn Salomonis\">[<\/span> Og Adon\u00edram var settur h\u00f6f\u00f0ingi yfir \u00feetta manntal.<\/p>\n<p>\tOg Sal\u00f3mon haf\u00f0i sj\u00f6t\u00edgir \u00fe\u00fasundir \u00feeirra manna sem a\u00f0 b\u00e1ru byr\u00f0ar og \u00e1ttat\u00edgi \u00fe\u00fasundir sem a\u00f0 voru a\u00f0 vi\u00f0artelgju \u00e1 fjallinu umfram Sal\u00f3mons ypp\u00f6rstu verkstj\u00f3ra hverjir a\u00f0 settir voru yfir arfi\u00f0i\u00f0. \u00deeir voru a\u00f0 t\u00f6lu \u00ferj\u00e1r \u00fe\u00fasundir og \u00ferj\u00fa hundru\u00f0 \u00feeir e\u00f0 tilskipu\u00f0u og s\u00f6g\u00f0u fyrir hverri vinnu. Og k\u00f3ngurinn bau\u00f0 a\u00f0 \u00feeir skyldu uppbrj\u00f3ta st\u00f3ra og kostulega steina sem \u00fat m\u00e6tti h\u00f6ggvast til h\u00fassins grundvallar. Og Salomonis byggingarmenn og H\u00edrams og Gibl\u00edm \u00feeir hjuggu \u00fat og bjuggu til vi\u00f0inn og steinana a\u00f0 sm\u00ed\u00f0a h\u00fasi\u00f0.<\/p>\n","protected":false},"excerpt":{"rendered":"<p>V. Og H\u00edram k\u00f3ngur \u00ed Thiro hann sendi s\u00edna \u00fe\u00e9nara til Salomonis. [ \u00dev\u00ed hann haf\u00f0i spurt a\u00f0 \u00feeir h\u00f6f\u00f0u smurt hann til k\u00f3ngs \u00ed hans f\u00f6\u00f0urs sta\u00f0. \u00dev\u00ed H\u00edram elska\u00f0i Dav\u00ed\u00f0 alla hans l\u00edfdaga. Og Sal\u00f3mon sendi til H\u00edram og l\u00e9t segja honum: &#8222;\u00de\u00fa veist vel a\u00f0 minn fa\u00f0ir Dav\u00ed\u00f0 m\u00e1tti ekki byggja h\u00fas nafni Drottins, s\u00edns Gu\u00f0s, s\u00f6kum \u00f3fri\u00f0ar sem var \u00f6llumegin \u00ed kringum hann \u00fear til a\u00f0 Drotitnn gaf \u00fe\u00e1 alla undir s\u00f3la hans f\u00f3ta. En n\u00fa hefur Drottinn, minn Gu\u00f0, gefi\u00f0 m\u00e9r fri\u00f0 \u00f6llumegin \u00ed kring svo a\u00f0 h\u00e9r er enginn andskoti og eigi heldur nein <a href=\"https:\/\/biblian.is\/gudbrandsbiblia\/fyrri-konungabok-5-kafli\/\"> [&#8230;]<\/a><\/p>\n","protected":false},"author":1,"featured_media":0,"parent":0,"menu_order":0,"comment_status":"open","ping_status":"open","template":"bibliukaflar.php","meta":{"footnotes":""},"class_list":["post-2988","page","type-page","status-publish","hentry"],"_links":{"self":[{"href":"https:\/\/biblian.is\/gudbrandsbiblia\/wp-json\/wp\/v2\/pages\/2988","targetHints":{"allow":["GET"]}}],"collection":[{"href":"https:\/\/biblian.is\/gudbrandsbiblia\/wp-json\/wp\/v2\/pages"}],"about":[{"href":"https:\/\/biblian.is\/gudbrandsbiblia\/wp-json\/wp\/v2\/types\/page"}],"author":[{"embeddable":true,"href":"https:\/\/biblian.is\/gudbrandsbiblia\/wp-json\/wp\/v2\/users\/1"}],"replies":[{"embeddable":true,"href":"https:\/\/biblian.is\/gudbrandsbiblia\/wp-json\/wp\/v2\/comments?post=2988"}],"version-history":[{"count":0,"href":"https:\/\/biblian.is\/gudbrandsbiblia\/wp-json\/wp\/v2\/pages\/2988\/revisions"}],"wp:attachment":[{"href":"https:\/\/biblian.is\/gudbrandsbiblia\/wp-json\/wp\/v2\/media?parent=2988"}],"curies":[{"name":"wp","href":"https:\/\/api.w.org\/{rel}","templated":true}]}}