{"id":2987,"date":"2017-12-18T18:32:18","date_gmt":"2017-12-18T18:32:18","guid":{"rendered":"http:\/\/biblian.is\/gudbrandsbiblia\/fyrri-konungabok-4-kafli\/"},"modified":"2017-12-18T18:32:18","modified_gmt":"2017-12-18T18:32:18","slug":"fyrri-konungabok-4-kafli","status":"publish","type":"page","link":"https:\/\/biblian.is\/gudbrandsbiblia\/fyrri-konungabok-4-kafli\/","title":{"rendered":"Fyrri konungab\u00f3k 4. kafli"},"content":{"rendered":"<p>IIII.<\/p>\n<p>Svo haf\u00f0i n\u00fa Sal\u00f3mon k\u00f3ngur einvald yfir \u00f6llum \u00cdsrael. <span class=\"athugasemd\" title=\"Salomonis h\u00f6f\u00f0ingjar\">[<\/span> Og \u00feessir voru hans h\u00f6f\u00f0ingjar: Asarja sonur Sad\u00f3k kennimanns, El\u00edh\u00f3ref og Ah\u00eda, synir S\u00edsa, voru skrifarar, J\u00f3safat son Ah\u00edl\u00fa\u00f0 var canzeler, Benaja son J\u00f3jada var hersh\u00f6f\u00f0ingi, Sad\u00f3k og Abjatar voru kennimenn, Asar\u00eda son Natan var yfir emb\u00e6ttism\u00f6nnunum, Sab\u00fad son Natan kennimanns var vinur k\u00f3ngsins, Ah\u00edsar var hofgar\u00f0smeistari, Adon\u00edram son Abda var rentumeistari.<\/p>\n<p>\tOg Sal\u00f3mon setti t\u00f3lf h\u00f6f\u00f0ingja yfir allt \u00cdsraelsf\u00f3lk. \u00deeir skyldu annast og halda k\u00f3ngi bor\u00f0 og \u00f6llu hans h\u00fasi, sinn m\u00e1nu\u00f0 \u00ed \u00e1rinu hver \u00feeirra. Og \u00feessi voru \u00feeirra n\u00f6fn: <span class=\"athugasemd\" title=\"12 emb\u00e6ttismenn Salomonis\">[<\/span> Sonur H\u00far \u00e1 Efra\u00edmsfjalli, sonur Deker \u00ed Makas og Saalb\u00edm og \u00ed Bet Semes og \u00ed Elon og Bet Hanan, sonur Hese\u00f0 \u00ed Arab\u00f3t og haf\u00f0i \u00fear til me\u00f0 Sak\u00f3 og allt Heferland. Sonur Ab\u00ednadab r\u00e9\u00f0 fyrir \u00f6llu landi allt til D\u00f3r og hann \u00e1tti Tafat d\u00f3ttur Sal\u00f3mons. Baena son Ah\u00edl\u00fa\u00f0 \u00ed Taenak og \u00ed Megidd\u00f3 og yfir allt Bet Sean sem liggur hj\u00e1 Sartana undir Jesreel fr\u00e1 Betsean og allt til Meh\u00f3lasl\u00e9ttu jafngegnt Jackmeam. Son Geber (haf\u00f0i til forr\u00e1\u00f0a) Ram\u00f3t og Ja\u00edrsta\u00f0, son Manasse \u00ed G\u00edlea\u00f0 og landeign Arg\u00f3b sem liggur \u00ed Basan, sext\u00edgi st\u00f3rar m\u00fara\u00f0ar borgir og me\u00f0 j\u00e1rngrindum forsvara\u00f0ar.<\/p>\n<p>\tAh\u00ednadab son Idd\u00f3 \u00ed Mahana\u00edm. Ah\u00edmahas \u00ed Neftal\u00ed. Og hann t\u00f3k og Sal\u00f3mons d\u00f3ttir Basmat til eiginkvinnu. <span class=\"athugasemd\" title=\"Basmat\">[<\/span> Baena son H\u00fasa\u00ed \u00ed Asser og \u00ed Al\u00f3t. J\u00f3safat son Par\u00faa \u00ed \u00cdsaskar. S\u00edme\u00ed son Ela \u00ed Benjam\u00edn. Geber son \u00dar\u00ed \u00ed G\u00edlea\u00f0slandi, \u00ed S\u00edhon Amoriters k\u00f3ngs landi og \u00d3gs k\u00f3ngsins af Basan, var einn h\u00f6f\u00f0ingi \u00ed sama landi. En J\u00fada og \u00cdsrael voru \u00f3teljanlegir sem sj\u00e1varsandur og \u00feeir \u00e1tu og drukku og voru gla\u00f0ir. Svo var Salam\u00f3n einvaldsherra yfir \u00f6llum k\u00f3ngar\u00edkjum fr\u00e1 vatninu og a\u00f0 landi Philistinorum og til Egipti landamerkja sem f\u00e6r\u00f0u honum g\u00e1fur og \u00fej\u00f3nu\u00f0u honum alla hans l\u00edfdaga.<\/p>\n<p>\tEn til bor\u00f0s Salomonis var \u00e6tla\u00f0 hvern dag \u00ferj\u00e1t\u00edgi m\u00e6la hveitissalla og sext\u00edgi m\u00e6la annars mj\u00f6ls og t\u00edu aldir uxar og tuttugu uxar haggengnir og hundra\u00f0 sau\u00f0ir umfram hj\u00f6rtu og hreind\u00fdr og steingeitur og anna\u00f0 ali\u00f0f\u00e9. <span class=\"athugasemd\" title=\"Dagleg f\u00e6\u00f0a til Sal\u00f3mons bor\u00f0s\">[<\/span> \u00dev\u00ed hann haf\u00f0i einvald yfir \u00f6llum l\u00f6ndum \u00e1 \u00feessa s\u00ed\u00f0u vatsins, fr\u00e1 T\u00edfsa og inn til Gasa, yfir \u00f6llum k\u00f3ngum \u00feeimmegin vatsins. Og hann haf\u00f0i fri\u00f0 af \u00f6llum s\u00ednum undirgefnum umhverfis so a\u00f0 J\u00fada og \u00cdsrael bjuggu fyrir utan ugg og \u00f3tta hver undir s\u00ednu v\u00edntr\u00e9 og f\u00edkjutr\u00e9 fr\u00e1 Dan allt til Berseba so lengi sem Sal\u00f3mon hann lif\u00f0i.<\/p>\n<p>\tOg Sal\u00f3mon k\u00f3ngur haf\u00f0i fj\u00f6rut\u00edgi \u00fe\u00fasund vagnhesta og t\u00f3lf \u00fe\u00fasund riddarahesta. <span class=\"athugasemd\" title=\"Vagnar og riddarali\u00f0 Salomonis\">[<\/span> Og \u00e1\u00f0urnefndir k\u00f3ngsins h\u00f6f\u00f0ingjar \u00f3lu og \u00f6nnu\u00f0ust \u00fe\u00e1. \u00deeir h\u00e9ldu k\u00f3ngi sj\u00e1lfum bor\u00f0, hver \u00e1 s\u00ednum tilsettum m\u00e1nu\u00f0i og l\u00e9tu ekkert vanta. \u00deeir fluttu og hafur og hey til f\u00f3\u00f0urs handa hestunum og m\u00falunum \u00fear sem k\u00f3ngurinn var, hver \u00e1 s\u00ednum t\u00edma sem honum var skipa\u00f0.<\/p>\n<p>\tOg Gu\u00f0 gaf Sal\u00f3moni mikla speki og v\u00edsd\u00f3mi og dj\u00faps\u00e6i hjartans sem sand \u00e1 sj\u00e1varstr\u00f6ndu. <span class=\"athugasemd\" title=\"Speki Sal\u00f3moms\">[<\/span> Og Sal\u00f3mons speki og v\u00edsd\u00f3mur gekk langt umfram allra manna v\u00edsindi \u00ed austur\u00e1lfunni og allra egypskra. Og hann var spakari en allir a\u00f0rir menn og v\u00edsari heldur en \u00feeir diktarar Etan, Esrahiter, Heman, Kalkal og Darda. Og hann var nafnfr\u00e6gur me\u00f0al allra hei\u00f0ingja allt um kring. Og hann samsetti \u00ferj\u00fa \u00fe\u00fasund or\u00f0skvi\u00f0u og hans v\u00edsur voru \u00fe\u00fasund og fimm betur. Og hann tala\u00f0i af trj\u00e1num, fr\u00e1 sedrus \u00ed L\u00edbanon inn til \u00eds\u00f3p sem vex \u00far veggjum. Hann tala\u00f0i og svo um f\u00e9 og fugla, um skri\u00f0kvikindi, um fiska. Og \u00fear komu menn af \u00f6llum \u00fej\u00f3\u00f0um a\u00f0 heyra Sal\u00f3mons speki, fr\u00e1 \u00f6llum k\u00f3ngum \u00e1 j\u00f6r\u00f0unni sem a\u00f0 heyrt h\u00f6f\u00f0u af hans speki.<\/p>\n","protected":false},"excerpt":{"rendered":"<p>IIII. Svo haf\u00f0i n\u00fa Sal\u00f3mon k\u00f3ngur einvald yfir \u00f6llum \u00cdsrael. [ Og \u00feessir voru hans h\u00f6f\u00f0ingjar: Asarja sonur Sad\u00f3k kennimanns, El\u00edh\u00f3ref og Ah\u00eda, synir S\u00edsa, voru skrifarar, J\u00f3safat son Ah\u00edl\u00fa\u00f0 var canzeler, Benaja son J\u00f3jada var hersh\u00f6f\u00f0ingi, Sad\u00f3k og Abjatar voru kennimenn, Asar\u00eda son Natan var yfir emb\u00e6ttism\u00f6nnunum, Sab\u00fad son Natan kennimanns var vinur k\u00f3ngsins, Ah\u00edsar var hofgar\u00f0smeistari, Adon\u00edram son Abda var rentumeistari. Og Sal\u00f3mon setti t\u00f3lf h\u00f6f\u00f0ingja yfir allt \u00cdsraelsf\u00f3lk. \u00deeir skyldu annast og halda k\u00f3ngi bor\u00f0 og \u00f6llu hans h\u00fasi, sinn m\u00e1nu\u00f0 \u00ed \u00e1rinu hver \u00feeirra. Og \u00feessi voru \u00feeirra n\u00f6fn: [ Sonur H\u00far \u00e1 Efra\u00edmsfjalli, sonur Deker <a href=\"https:\/\/biblian.is\/gudbrandsbiblia\/fyrri-konungabok-4-kafli\/\"> [&#8230;]<\/a><\/p>\n","protected":false},"author":1,"featured_media":0,"parent":0,"menu_order":0,"comment_status":"open","ping_status":"open","template":"bibliukaflar.php","meta":{"footnotes":""},"class_list":["post-2987","page","type-page","status-publish","hentry"],"_links":{"self":[{"href":"https:\/\/biblian.is\/gudbrandsbiblia\/wp-json\/wp\/v2\/pages\/2987","targetHints":{"allow":["GET"]}}],"collection":[{"href":"https:\/\/biblian.is\/gudbrandsbiblia\/wp-json\/wp\/v2\/pages"}],"about":[{"href":"https:\/\/biblian.is\/gudbrandsbiblia\/wp-json\/wp\/v2\/types\/page"}],"author":[{"embeddable":true,"href":"https:\/\/biblian.is\/gudbrandsbiblia\/wp-json\/wp\/v2\/users\/1"}],"replies":[{"embeddable":true,"href":"https:\/\/biblian.is\/gudbrandsbiblia\/wp-json\/wp\/v2\/comments?post=2987"}],"version-history":[{"count":0,"href":"https:\/\/biblian.is\/gudbrandsbiblia\/wp-json\/wp\/v2\/pages\/2987\/revisions"}],"wp:attachment":[{"href":"https:\/\/biblian.is\/gudbrandsbiblia\/wp-json\/wp\/v2\/media?parent=2987"}],"curies":[{"name":"wp","href":"https:\/\/api.w.org\/{rel}","templated":true}]}}