{"id":2980,"date":"2017-12-18T18:32:18","date_gmt":"2017-12-18T18:32:18","guid":{"rendered":"http:\/\/biblian.is\/gudbrandsbiblia\/sidari-samuelsbok-21-kafli\/"},"modified":"2017-12-18T18:32:18","modified_gmt":"2017-12-18T18:32:18","slug":"sidari-samuelsbok-21-kafli","status":"publish","type":"page","link":"https:\/\/biblian.is\/gudbrandsbiblia\/sidari-samuelsbok-21-kafli\/","title":{"rendered":"S\u00ed\u00f0ari Sam\u00faelsb\u00f3k 21. kafli"},"content":{"rendered":"<p>XXI.<\/p>\n<p>\u00dear var miki\u00f0 hall\u00e6ri \u00e1 d\u00f6gum Dav\u00ed\u00f0s \u00ed \u00ferj\u00fa samfelld \u00e1r. <span class=\"athugasemd\" title=\"Hall\u00e6ri \/ 1. Reg. 22 \/ J\u00f3s\u00fa. 9\">[<\/span> Og Dav\u00ed\u00f0 gekk til fr\u00e9tta fyrir auglit Drottins. Og Drottinn sag\u00f0i: &#8222;Fyrir sakir Saul og fyrir sakir \u00feess bl\u00f3\u00f0sh\u00fass a\u00f0 hann \u00ed hel sl\u00f3 \u00fe\u00e1 Gibeonitas.&#8220;<\/p>\n<p>\t\u00de\u00e1 l\u00e9t k\u00f3ngurinn kalla til s\u00edn Gibeonitas og sag\u00f0i til \u00feeirra (En \u00feeir Gibeoniter voru ekki af Israelissonum heldur voru \u00feeir eftirleifar af Ammoreum \u00fej\u00f3\u00f0a. <span class=\"athugasemd\" title=\"S\u00f6k hall\u00e6risins\">[<\/span> En \u00cdsraelssynir h\u00f6f\u00f0u svari\u00f0 \u00feeim en Saul l\u00e9t sl\u00e1 \u00fe\u00e1 \u00ed hel me\u00f0 s\u00ednu vandl\u00e6ti vegna \u00cdsraels og J\u00fadasona); Dav\u00ed\u00f0 segir n\u00fa til \u00feeirra G\u00edbeon\u00edta: &#8222;Hva\u00f0 skal eg gj\u00f6ra y\u00f0ur og hvar me\u00f0 skal eg \u00fea\u00f0 forl\u00edka a\u00f0 \u00fe\u00e9r vilji\u00f0 velsigna Drottins arfleif\u00f0?&#8220;<\/p>\n<p>\tGibeoniter s\u00f6g\u00f0u til hans: &#8222;Ekki girnunst v\u00e9r gull e\u00f0a silfur \u00ed gegn Saul og hans h\u00fasi og ekki heldur viljum v\u00e9r a\u00f0 nokkur ma\u00f0ur s\u00e9 drepinn af \u00cdsrael.&#8220; Hann sag\u00f0i: &#8222;Hva\u00f0 vilji \u00fe\u00e9r \u00fe\u00e1 a\u00f0 eg skuli gj\u00f6ra y\u00f0ur?&#8220; \u00deeir sv\u00f6ru\u00f0u k\u00f3nginum: &#8222;S\u00e1 ma\u00f0ur sem oss fordjarfa\u00f0i og a\u00f0 \u00f6ngu gj\u00f6r\u00f0i \u00feann viljum v\u00e9r afm\u00e1 a\u00f0 ei s\u00e9 einn eftir af hans \u00e6tt \u00ed \u00f6llum lands\u00e1lfum \u00edsrael. Gefi\u00f0 oss fram sj\u00f6 menn af hans h\u00fasi svo v\u00e9r megum uppfesta \u00fe\u00e1 fyrir Drottni \u00ed G\u00edbea Sauls, Drottins \u00fatvalda for\u00f0um.&#8220; K\u00f3ngurinn sag\u00f0i: &#8222;Eg vil gefa y\u00f0ur \u00fe\u00e1.&#8220;<\/p>\n<p>\tEn k\u00f3ngurinn \u00feyrmdi Mef\u00edb\u00f3set, syni Jonataham, sonar Saul, s\u00f6kum \u00feess svardaga Drottins sem var \u00ed millum \u00feeirra Dav\u00ed\u00f0 og J\u00f3natan sonar Saul. <span class=\"athugasemd\" title=\"Dav\u00ed\u00f0 heldur sinn ei\u00f0 vi\u00f0 J\u00f3natan \/ Supra 18\">[<\/span> En \u00fe\u00e1 tvo sonu sem Rispa d\u00f3ttir Aja haf\u00f0i f\u00e6tt Saul, Arm\u00f3n\u00ed og Mef\u00edb\u00f3set, \u00fear til fimm sonu M\u00edk\u00f3l, d\u00f3ttur Saul, sem h\u00fan haf\u00f0i f\u00e6tt Adr\u00edel, syni Barsilla\u00ed af Mahal\u00f3t, \u00feessa t\u00f3k k\u00f3ngurinn og gaf \u00ed \u00feeirra Gibeonitis hendur. Og \u00feeir hengdu \u00fe\u00e1 upp \u00e1 fjallinu fyrir Drottni. Svo l\u00e9tu \u00feessir sj\u00f6 l\u00edf sitt \u00ed einu og d\u00f3u \u00ed \u00f6ndver\u00f0um kornskur\u00f0art\u00edma \u00fe\u00e1 menn t\u00f3ku til a\u00f0 skera upp bygg.<\/p>\n<p>\t\u00de\u00e1 t\u00f3k Rispa d\u00f3ttir Aja eitt h\u00e1rkl\u00e6\u00f0i og breiddi yfir bjargi\u00f0 fr\u00e1 \u00f6ndver\u00f0um kornskur\u00f0i \u00fear til a\u00f0 vatn draup af himni yfir \u00fe\u00e1 og eigi l\u00e9t h\u00fan fugla loftsins setjast \u00e1 \u00fe\u00e1 um daga og eigi heldur sk\u00f3gard\u00fdrin um n\u00e6tur.<\/p>\n<p>\tOg Dav\u00ed\u00f0 f\u00e9kk a\u00f0 vita hva\u00f0 Rispa d\u00f3ttir Aja, frilla Saul, haf\u00f0i gj\u00f6rt. Og Dav\u00ed\u00f0 f\u00f3r og t\u00f3k bein Saul og bein J\u00f3natan af borginni Jabes \u00ed G\u00edlea\u00f0 (sem \u00feeir h\u00f6f\u00f0u teki\u00f0 af Betanstr\u00e6ti \u00fear sem Filistearnir festu \u00fe\u00e1 upp \u00e1 \u00feeim t\u00edma sem Philistei sl\u00f3gu Saul \u00ed hel \u00e1 fjallinu Gilb\u00f3a) og hann flutti \u00fe\u00e1 \u00fea\u00f0an og safna\u00f0i \u00feeim \u00f6llum saman, beinum Sauls og J\u00f3natas og \u00feeirra sem hengdir voru og \u00feeir j\u00f6r\u00f0u\u00f0u \u00fe\u00e1 me\u00f0 beinum Saul og hans sonar Jonathas \u00ed Benjam\u00ednslandi til Sela \u00ed K\u00eds, hans f\u00f6\u00f0urs gr\u00f6f. <span class=\"athugasemd\" title=\"1. Reg. 13\">[<\/span> Og \u00feeir gj\u00f6r\u00f0u allt sem k\u00f3ngurinn bau\u00f0. Og so l\u00edkna\u00f0i Gu\u00f0 landinu.<\/p>\n<p>\tPhilistei efla enn \u00f3fri\u00f0 \u00ed m\u00f3ti \u00cdsrael. <span class=\"athugasemd\" title=\"Dav\u00ed\u00f0s orrostur vi\u00f0 Philisteos\">[<\/span> Og Dav\u00ed\u00f0 f\u00f3r ofan og hans \u00fe\u00e9narar me\u00f0 honum og b\u00f6r\u00f0ust vi\u00f0 Philisteos. Og Dav\u00ed\u00f0 var\u00f0 m\u00f3\u00f0ur. Og Jesbi af Nob (hver a\u00f0 var einn af Rafasonum hvers spj\u00f3t a\u00f0 v\u00f3 \u00ferj\u00fa hundru\u00f0 aura kopars og hans vopn voru \u00f6ll n\u00fd), hann \u00e6tla\u00f0i a\u00f0 drepa Dav\u00ed\u00f0. En Ab\u00edsa\u00ed son Ser\u00faja hj\u00e1lpa\u00f0i honum og drap \u00feann Philisteum. <span class=\"athugasemd\" title=\"Ab\u00edsa\u00ed\">[<\/span> \u00de\u00e1 s\u00f3ru Dav\u00ed\u00f0s menn og s\u00f6g\u00f0u: &#8222;Eigi skalt \u00fe\u00fa h\u00e9\u00f0an \u00ed fr\u00e1 ganga me\u00f0 oss \u00ed bardaga a\u00f0 ei beri svo illa til a\u00f0 \u00fatslokkni lj\u00f3s \u00ed \u00cdsrael.&#8220;<\/p>\n<p>\tEftir \u00feetta h\u00f3fst enn bardagi \u00ed N\u00f3b me\u00f0 Philisteis. <span class=\"athugasemd\" title=\"Sibeka\u00ed \/ Saf\">[<\/span> \u00dear sl\u00f3 Sibeka\u00ed af H\u00fasat Saf hver og e\u00f0 einn var af sonum Rafa.<\/p>\n<p>\tHinn \u00feri\u00f0ja bardaga \u00e1ttu \u00feeir \u00ed G\u00f3b vi\u00f0 Philisteos \u00ed hverjum Elhanan son Jaere Org\u00edm af Betlehem sl\u00f3 Gol\u00edat Gethither sem haf\u00f0i eitt h\u00f6ggspj\u00f3t hvers skaft e\u00f0 var sem vefjarrifur. <span class=\"athugasemd\" title=\"Elhanan \/ Gol\u00edat\">[<\/span><\/p>\n<p>\tFj\u00f3r\u00f0a bardaga \u00e1ttu \u00feeir \u00ed Gat. \u00dear var einn h\u00e1r ma\u00f0ur sem haf\u00f0i sex fingur \u00e1 s\u00ednum h\u00f6ndum og sex t\u00e6r \u00e1 hvorum s\u00ednum f\u00e6ti, \u00feeir eru fj\u00f3rir og tuttugu. <span class=\"athugasemd\" title=\"H\u00e1r ma\u00f0ur \/ J\u00f3natan\">[<\/span> Hann var og f\u00e6ddur af \u00e6tt Rafa. Og \u00fe\u00e1 hann tala\u00f0i h\u00e6\u00f0ilega vi\u00f0 \u00cdsrael \u00fe\u00e1 sl\u00f3 J\u00f3natan hann, son S\u00edmea, br\u00f3\u00f0urson Dav\u00ed\u00f0s. \u00deessir allir fj\u00f3rir voru komnir af Rafa \u00ed Gat og f\u00e9llu fyrir Dav\u00ed\u00f0 og hans \u00fe\u00e9nara h\u00f6ndum.<\/p>\n","protected":false},"excerpt":{"rendered":"<p>XXI. \u00dear var miki\u00f0 hall\u00e6ri \u00e1 d\u00f6gum Dav\u00ed\u00f0s \u00ed \u00ferj\u00fa samfelld \u00e1r. [ Og Dav\u00ed\u00f0 gekk til fr\u00e9tta fyrir auglit Drottins. Og Drottinn sag\u00f0i: &#8222;Fyrir sakir Saul og fyrir sakir \u00feess bl\u00f3\u00f0sh\u00fass a\u00f0 hann \u00ed hel sl\u00f3 \u00fe\u00e1 Gibeonitas.&#8220; \u00de\u00e1 l\u00e9t k\u00f3ngurinn kalla til s\u00edn Gibeonitas og sag\u00f0i til \u00feeirra (En \u00feeir Gibeoniter voru ekki af Israelissonum heldur voru \u00feeir eftirleifar af Ammoreum \u00fej\u00f3\u00f0a. [ En \u00cdsraelssynir h\u00f6f\u00f0u svari\u00f0 \u00feeim en Saul l\u00e9t sl\u00e1 \u00fe\u00e1 \u00ed hel me\u00f0 s\u00ednu vandl\u00e6ti vegna \u00cdsraels og J\u00fadasona); Dav\u00ed\u00f0 segir n\u00fa til \u00feeirra G\u00edbeon\u00edta: &#8222;Hva\u00f0 skal eg gj\u00f6ra y\u00f0ur og hvar me\u00f0 skal eg <a href=\"https:\/\/biblian.is\/gudbrandsbiblia\/sidari-samuelsbok-21-kafli\/\"> [&#8230;]<\/a><\/p>\n","protected":false},"author":1,"featured_media":0,"parent":0,"menu_order":0,"comment_status":"open","ping_status":"open","template":"bibliukaflar.php","meta":{"footnotes":""},"class_list":["post-2980","page","type-page","status-publish","hentry"],"_links":{"self":[{"href":"https:\/\/biblian.is\/gudbrandsbiblia\/wp-json\/wp\/v2\/pages\/2980","targetHints":{"allow":["GET"]}}],"collection":[{"href":"https:\/\/biblian.is\/gudbrandsbiblia\/wp-json\/wp\/v2\/pages"}],"about":[{"href":"https:\/\/biblian.is\/gudbrandsbiblia\/wp-json\/wp\/v2\/types\/page"}],"author":[{"embeddable":true,"href":"https:\/\/biblian.is\/gudbrandsbiblia\/wp-json\/wp\/v2\/users\/1"}],"replies":[{"embeddable":true,"href":"https:\/\/biblian.is\/gudbrandsbiblia\/wp-json\/wp\/v2\/comments?post=2980"}],"version-history":[{"count":0,"href":"https:\/\/biblian.is\/gudbrandsbiblia\/wp-json\/wp\/v2\/pages\/2980\/revisions"}],"wp:attachment":[{"href":"https:\/\/biblian.is\/gudbrandsbiblia\/wp-json\/wp\/v2\/media?parent=2980"}],"curies":[{"name":"wp","href":"https:\/\/api.w.org\/{rel}","templated":true}]}}