{"id":2975,"date":"2017-12-18T18:32:18","date_gmt":"2017-12-18T18:32:18","guid":{"rendered":"http:\/\/biblian.is\/gudbrandsbiblia\/sidari-samuelsbok-16-kafli\/"},"modified":"2017-12-18T18:32:18","modified_gmt":"2017-12-18T18:32:18","slug":"sidari-samuelsbok-16-kafli","status":"publish","type":"page","link":"https:\/\/biblian.is\/gudbrandsbiblia\/sidari-samuelsbok-16-kafli\/","title":{"rendered":"S\u00ed\u00f0ari Sam\u00faelsb\u00f3k 16. kafli"},"content":{"rendered":"<p>XVI.<\/p>\n<p>En sem Dav\u00ed\u00f0 var skammt genginn fr\u00e1 h\u00e6\u00f0inni, sj\u00e1, \u00fe\u00e1 m\u00e6tti honum S\u00edba, \u00fe\u00e9nari Mef\u00edb\u00f3set, me\u00f0 tvo klyfja\u00f0a asna af tv\u00f6 hundru\u00f0 brau\u00f0um og hundra\u00f0 kl\u00f6sum r\u00fas\u00edn og hundra\u00f0 kl\u00f6sum f\u00edkjur og einn legil v\u00edns. <span class=\"athugasemd\" title=\"S\u00edba\">[<\/span> K\u00f3ngurinn sag\u00f0i til S\u00edba: &#8222;Hva\u00f0 skal \u00feetta?&#8220; S\u00edba svara\u00f0i: &#8222;Asnarnir skulu vera til rei\u00f0ar k\u00f3ngsins \u00fe\u00e9nurum, brau\u00f0i\u00f0 og f\u00edkjurnar sveinum \u00fe\u00ednum a\u00f0 eta og v\u00edni\u00f0 a\u00f0 drekka \u00fe\u00e1 \u00feeir \u00fereytast \u00ed ey\u00f0im\u00f6rkinni.&#8220; <span class=\"athugasemd\" title=\"Infra 19\">[<\/span> K\u00f3ngurinn sag\u00f0i: &#8222;Hvar er sonur \u00fe\u00edns herra?&#8220; S\u00edba sag\u00f0i til k\u00f3ngsins: &#8222;Sj\u00e1, hann var eftir \u00ed Jer\u00fasalem \u00fev\u00ed hann sag\u00f0i: \u00cd dag skal \u00cdsraels h\u00fas gefa m\u00e9r aftur m\u00edns f\u00f6\u00f0urs r\u00edki.&#8220; K\u00f3ngurinn sag\u00f0i til S\u00edba: &#8222;Sj\u00e1, allt \u00fea\u00f0 sem Mef\u00edb\u00f3set hefur \u00fea\u00f0 skal vera \u00feitt.&#8220; S\u00edba sag\u00f0i: &#8222;Eg bi\u00f0, l\u00e1t mig finna n\u00e1\u00f0 fyrir \u00fe\u00e9r, minn herra k\u00f3ngur.&#8220; <\/p>\n<p>\tEn sem Dav\u00ed\u00f0 k\u00f3ngur kom til Bah\u00far\u00edm, sj\u00e1, \u00fe\u00e1 gekk \u00fear einn ma\u00f0ur \u00fat. Hann var af slekti Saul og h\u00e9t S\u00edme\u00ed son Gera. Hann gekk fram b\u00f6lvandi og steinum kastandi a\u00f0 Dav\u00ed\u00f0 og \u00f6llum hans \u00fe\u00e9nurum \u00fev\u00ed a\u00f0 f\u00f3lki\u00f0 og allir \u00feeir hinir hraustustu menn voru \u00e1 h\u00e6gri og vinstri h\u00f6nd k\u00f3nginum. S\u00edme\u00ed b\u00f6lva\u00f0i k\u00f3ngi me\u00f0 \u00feessum or\u00f0um: <span class=\"athugasemd\" title=\"Sime\u00ed b\u00f6lvar Dav\u00ed\u00f0\">[<\/span> &#8222;H\u00e9r \u00fat, h\u00e9r \u00fat, \u00fe\u00fa bl\u00f3\u00f0hundur, \u00fe\u00fa Bel\u00edals ma\u00f0ur! Drottinn hefur n\u00fa bitala\u00f0 \u00fe\u00e9r allt \u00fea\u00f0 bl\u00f3\u00f0 h\u00fassins Saul a\u00f0 \u00fe\u00fa settist \u00ed r\u00edki hans! N\u00fa hefur Drottinn gefi\u00f0 r\u00edki\u00f0 \u00ed hendur \u00fe\u00ednum syni Absalom! Og sj\u00e1, n\u00fa \u00ferengja \u00fe\u00e9r illskur \u00fe\u00ednar \u00fev\u00ed \u00fe\u00fa ert einn bl\u00f3\u00f0hundur!&#8220;<\/p>\n<p>\tAb\u00edsa\u00ed son Ser\u00faja sag\u00f0i til k\u00f3ngsins: &#8222;Skal \u00feessi dau\u00f0ur hundur b\u00f6lva m\u00ednum herra k\u00f3ngi? Eg vil fara og sl\u00e1 h\u00f6fu\u00f0 af honum.&#8220; K\u00f3ngurinn svara\u00f0i: &#8222;\u00de\u00e9r synir Ser\u00faja, hva\u00f0 hefi eg me\u00f0 y\u00f0ur a\u00f0 gj\u00f6ra? L\u00e1ti\u00f0 hann b\u00f6lva \u00fev\u00ed a\u00f0 Drottinn bau\u00f0 honum a\u00f0 b\u00f6lva Dav\u00ed\u00f0. <span class=\"athugasemd\" title=\"\u00deolinm\u00e6\u00f0innar d\u00e6mi me\u00f0 Dav\u00ed\u00f0\">[<\/span> Hver \u00feorir a\u00f0 segja: Hvar fyrir gj\u00f6rir \u00fe\u00fa svo?&#8220; Og Dav\u00ed\u00f0 sag\u00f0i til Ab\u00edsa\u00ed og til allra sinna \u00fe\u00e9nara: &#8222;Sj\u00e1, minn son s\u00e1 sem kominn er af m\u00ednu l\u00edfi situr um mitt l\u00edf. Hvar fyrir skyldi n\u00fa \u00fe\u00e1 ekki son Jem\u00edn\u00ed (\u00fea\u00f0 gj\u00f6ra)? L\u00e1ti\u00f0 hann b\u00f6lva \u00fev\u00ed a\u00f0 Drottinn hefur b\u00edfala\u00f0 honum \u00fea\u00f0. Ske m\u00e1 a\u00f0 Drottinn \u00e1l\u00edti m\u00edna eymd og \u00f6mbuni m\u00e9r g\u00f3\u00f0u fyrir \u00feessa dags b\u00f6lvan.&#8220; Svo gekk Dav\u00ed\u00f0 s\u00edna lei\u00f0 og hans menn. En S\u00edme\u00ed gekk hinumegin me\u00f0 fjallshl\u00ed\u00f0inni jafnframt \u00feeim, bl\u00f3tandi, og kasta\u00f0i grj\u00f3ti og j\u00f3s moldu a\u00f0 honum.<\/p>\n<p>\tK\u00f3ngurinn kom og allir \u00feeir menn sem me\u00f0 honum voru m\u00f3\u00f0ir af g\u00f6ngu og t\u00f3ku \u00fear hv\u00edld. En Absalom og allir \u00cdsraelsmenn komu til Jer\u00fasalem og Ak\u00edt\u00f3fel me\u00f0 honum. <span class=\"athugasemd\" title=\"Absalom kemur til Jer\u00fasalem\">[<\/span> En sem H\u00fasa\u00ed Arachiter, vin Dav\u00ed\u00f0s, kom inn fyrir Absalom \u00fe\u00e1 sag\u00f0i hann til Absalom: <span class=\"athugasemd\" title=\"H\u00fasa\u00ed\">[<\/span> &#8222;Heill, heill, herra k\u00f3ngur!&#8220; Absalom svara\u00f0i H\u00fasa\u00ed: &#8222;Er \u00feetta \u00fe\u00edn miskunn er \u00fe\u00fa veitir vin \u00fe\u00ednum? Hvar fyrir ertu ei farinn me\u00f0 vin \u00fe\u00ednum?&#8220; H\u00fasa\u00ed sag\u00f0i til Absalom: &#8222;Ekki so heldur hvern sem Drottinn \u00fatvelur og so \u00feetta f\u00f3lk og svo allir \u00cdsraelsmenn hans mun eg vera og hj\u00e1 honum bl\u00edfa. \u00dear n\u00e6st hverjum skal eg \u00fej\u00f3na? Skal eg ekki \u00fej\u00f3na hans syni? So sem eg \u00fej\u00f3na\u00f0i \u00fe\u00ednum f\u00f6\u00f0ur svo vil eg vera fyrir \u00fe\u00e9r.&#8220;<\/p>\n<p>\t\u00de\u00e1 sag\u00f0i Absalom til Ak\u00edt\u00f3fel: <span class=\"athugasemd\" title=\"Dav\u00ed\u00f0s straff\">[<\/span> &#8222;Gef \u00fat r\u00e1\u00f0 hva\u00f0 v\u00e9r skulum a\u00f0hafast.&#8220; Ak\u00edt\u00f3fel sag\u00f0i til Absalom: &#8222;Sof hj\u00e1 \u00fe\u00ednum f\u00f6\u00f0urs frillum \u00feeim hann l\u00e9t h\u00e9r eftir a\u00f0 geyma sinna herbergja. So skulu allir \u00cdsraelsmenn \u00fea\u00f0 fr\u00e9tta a\u00f0 \u00fe\u00fa hefur saurga\u00f0 \u00feinn f\u00f6\u00f0ur og munu \u00fe\u00e1 styrkjast hendur \u00feeirra allra er \u00fe\u00e9r fylgja.&#8220; Og \u00feeir sl\u00f3gu tjaldi Absolons upp \u00e1 \u00feekjunni og Absalom l\u00e1 hj\u00e1 s\u00edns f\u00f6\u00f0urs frillum a\u00f0 \u00e1sj\u00e1andi \u00f6llum \u00cdsrael.<\/p>\n<p>\tEn \u00fe\u00e1 Ak\u00edt\u00f3fel gaf nokku\u00f0 r\u00e1\u00f0 \u00fat \u00e1 \u00feeim t\u00edma \u00fe\u00e1 var \u00fea\u00f0 svo haldi\u00f0 sem menn hef\u00f0u r\u00e1\u00f0gast um vi\u00f0 Gu\u00f0. <span class=\"athugasemd\" title=\"Ak\u00edt\u00f3fels r\u00e1\u00f0 \/ Supra 12\">[<\/span> Svo var \u00f6ll Ak\u00edt\u00f3fels r\u00e1\u00f0agj\u00f6r\u00f0 so \u00fe\u00e1 hann var me\u00f0 Dav\u00ed\u00f0 sem n\u00fa hann var me\u00f0 Absalon.<\/p>\n","protected":false},"excerpt":{"rendered":"<p>XVI. En sem Dav\u00ed\u00f0 var skammt genginn fr\u00e1 h\u00e6\u00f0inni, sj\u00e1, \u00fe\u00e1 m\u00e6tti honum S\u00edba, \u00fe\u00e9nari Mef\u00edb\u00f3set, me\u00f0 tvo klyfja\u00f0a asna af tv\u00f6 hundru\u00f0 brau\u00f0um og hundra\u00f0 kl\u00f6sum r\u00fas\u00edn og hundra\u00f0 kl\u00f6sum f\u00edkjur og einn legil v\u00edns. [ K\u00f3ngurinn sag\u00f0i til S\u00edba: &#8222;Hva\u00f0 skal \u00feetta?&#8220; S\u00edba svara\u00f0i: &#8222;Asnarnir skulu vera til rei\u00f0ar k\u00f3ngsins \u00fe\u00e9nurum, brau\u00f0i\u00f0 og f\u00edkjurnar sveinum \u00fe\u00ednum a\u00f0 eta og v\u00edni\u00f0 a\u00f0 drekka \u00fe\u00e1 \u00feeir \u00fereytast \u00ed ey\u00f0im\u00f6rkinni.&#8220; [ K\u00f3ngurinn sag\u00f0i: &#8222;Hvar er sonur \u00fe\u00edns herra?&#8220; S\u00edba sag\u00f0i til k\u00f3ngsins: &#8222;Sj\u00e1, hann var eftir \u00ed Jer\u00fasalem \u00fev\u00ed hann sag\u00f0i: \u00cd dag skal \u00cdsraels h\u00fas gefa m\u00e9r aftur m\u00edns f\u00f6\u00f0urs <a href=\"https:\/\/biblian.is\/gudbrandsbiblia\/sidari-samuelsbok-16-kafli\/\"> [&#8230;]<\/a><\/p>\n","protected":false},"author":1,"featured_media":0,"parent":0,"menu_order":0,"comment_status":"open","ping_status":"open","template":"bibliukaflar.php","meta":{"footnotes":""},"class_list":["post-2975","page","type-page","status-publish","hentry"],"_links":{"self":[{"href":"https:\/\/biblian.is\/gudbrandsbiblia\/wp-json\/wp\/v2\/pages\/2975","targetHints":{"allow":["GET"]}}],"collection":[{"href":"https:\/\/biblian.is\/gudbrandsbiblia\/wp-json\/wp\/v2\/pages"}],"about":[{"href":"https:\/\/biblian.is\/gudbrandsbiblia\/wp-json\/wp\/v2\/types\/page"}],"author":[{"embeddable":true,"href":"https:\/\/biblian.is\/gudbrandsbiblia\/wp-json\/wp\/v2\/users\/1"}],"replies":[{"embeddable":true,"href":"https:\/\/biblian.is\/gudbrandsbiblia\/wp-json\/wp\/v2\/comments?post=2975"}],"version-history":[{"count":0,"href":"https:\/\/biblian.is\/gudbrandsbiblia\/wp-json\/wp\/v2\/pages\/2975\/revisions"}],"wp:attachment":[{"href":"https:\/\/biblian.is\/gudbrandsbiblia\/wp-json\/wp\/v2\/media?parent=2975"}],"curies":[{"name":"wp","href":"https:\/\/api.w.org\/{rel}","templated":true}]}}