{"id":2974,"date":"2017-12-18T18:32:18","date_gmt":"2017-12-18T18:32:18","guid":{"rendered":"http:\/\/biblian.is\/gudbrandsbiblia\/sidari-samuelsbok-15-kafli\/"},"modified":"2017-12-18T18:32:18","modified_gmt":"2017-12-18T18:32:18","slug":"sidari-samuelsbok-15-kafli","status":"publish","type":"page","link":"https:\/\/biblian.is\/gudbrandsbiblia\/sidari-samuelsbok-15-kafli\/","title":{"rendered":"S\u00ed\u00f0ari Sam\u00faelsb\u00f3k 15. kafli"},"content":{"rendered":"<p>XV.<\/p>\n<p>Og \u00fea\u00f0 ske\u00f0i so eftir \u00feetta a\u00f0 Absalom l\u00e9t tilrei\u00f0a s\u00e9r vagna og hesta og valdi fimmt\u00edgi menn s\u00e9r til fylgdar. <span class=\"athugasemd\" title=\"Absalom gj\u00f6rir uppreist \u00ed m\u00f3ti s\u00ednum f\u00f6\u00f0ur\">[<\/span> Og Absalom st\u00f3\u00f0 \u00e6t\u00ed\u00f0 snemma upp \u00e1 morna og st\u00f3\u00f0 \u00e1 vegi hj\u00e1 borgarhli\u00f0i. Og hver s\u00e1 ma\u00f0ur sem nokku\u00f0 m\u00e1lefni haf\u00f0i og kominn var a\u00f0 leita k\u00f3ngs atkv\u00e6\u00f0is, \u00feann kalla\u00f0i Absalom til s\u00edn og sag\u00f0i: &#8222;Af hverri borg ert \u00fe\u00fa?&#8220; Og \u00feegar hinn sag\u00f0i honum: &#8222;\u00deinn \u00fe\u00e9nari er kominn af einni borg Israelis \u00e6ttkv\u00edsla&#8220; \u00fe\u00e1 sag\u00f0i Absalom til hans: &#8222;Sj\u00e1, \u00fe\u00fa hefur g\u00f3\u00f0 og r\u00e9tt m\u00e1lefni en enginn er tilsettur af k\u00f3nginum sem \u00feig skal heyra.&#8220;<\/p>\n<p>\tOg Absalom sag\u00f0i: &#8222;Hver vill setja mig til d\u00f3mara \u00ed landinu a\u00f0 hver ma\u00f0ur komi til m\u00edn, \u00feeir sem nokkur m\u00e1lefni hafa og vilja f\u00e1 \u00farskur\u00f0, so a\u00f0 eg hj\u00e1lpi \u00feeim til r\u00e9ttinda?&#8220; Og \u00fe\u00e1 nokkur kom til hans og vildi heilsa honum \u00fe\u00e1 \u00fatr\u00e9tti hann s\u00edna h\u00f6nd og t\u00f3k \u00ed m\u00f3t honum og kyssti hann. So gj\u00f6r\u00f0i Absalom vi\u00f0 allan Israelisl\u00fd\u00f0 n\u00e6r sem menn komu til d\u00f3ms fyrir k\u00f3nginn. Og so stal hann Israelismanna hj\u00f6rtum.<\/p>\n<p>\tEftir li\u00f0inn <span class=\"athugasemd\" title=\"a \/ \u00deessi 40 \u00e1r h\u00f6fum v\u00e9r a\u00f0 telja fr\u00e1 \u00fev\u00ed Dav\u00ed\u00f0 var fyrst smur\u00f0ur til k\u00f3ngs\">[<\/span> fj\u00f6rut\u00edgi \u00e1r kom Absalon a\u00f0 m\u00e1li vi\u00f0 k\u00f3nginn og sag\u00f0i: &#8222;Eg vil fara og leysa heit mitt \u00ed Hebron sem eg h\u00e9t Drottni. \u00dev\u00ed a\u00f0 \u00feann t\u00edma sem eg bj\u00f3 \u00ed Ges\u00far \u00ed Syria \u00fe\u00e1 h\u00e9t \u00feinn \u00fe\u00e9nari einu heiti og sag\u00f0i: Ef svo er a\u00f0 Drottinn l\u00e6tur mig komast heim aftur \u00ed Jer\u00fasalem \u00fe\u00e1 vil eg gj\u00f6ra Drottni eina Gu\u00f0s \u00fej\u00f3nustu.&#8220; K\u00f3ngurinn svara\u00f0i og sag\u00f0i til hans: &#8222;Far me\u00f0 fri\u00f0i.&#8220; Og hann t\u00f3k sig upp og f\u00f3r til Hebron.<\/p>\n<p>\tEn Absalom haf\u00f0i \u00fatsent nj\u00f3snarmenn til allra \u00cdsraels kynkv\u00edsla og l\u00e9t \u00feeim segja: &#8222;N\u00e6r \u00fe\u00e9r heyri\u00f0 bl\u00e1si\u00f0 \u00ed basuner \u00fe\u00e1 segi\u00f0: Absalom er or\u00f0inn k\u00f3ngur \u00ed Hebron!&#8220; En \u00fear gengu tv\u00f6 hundru\u00f0 manna me\u00f0 Absalom af Jer\u00fasalem sem hann kvaddi a\u00f0 fara me\u00f0 s\u00e9r. En \u00feeir gengu af einf\u00f6ldu hjarta og vissu ekki hva\u00f0 undir bj\u00f3. Absalom sendi og svo eftir Ak\u00edt\u00f3fel Siloniter, r\u00e1\u00f0gjafa Dav\u00ed\u00f0s af hans sta\u00f0 S\u00edl\u00f3. <span class=\"athugasemd\" title=\"Ak\u00edt\u00f3fel heldur me\u00f0 Absalom\">[<\/span> En sem hann f\u00e6r\u00f0i n\u00fa f\u00f3rnirnar \u00fe\u00e1 var\u00f0 sambandi\u00f0 sterkt og f\u00f3lki\u00f0 hlj\u00f3p til og dreif a\u00f0 Absalom.<\/p>\n<p>\t\u00de\u00e1 kom einn og kunngj\u00f6r\u00f0i \u00feetta Dav\u00ed\u00f0 og sag\u00f0i: <span class=\"athugasemd\" title=\"Psal. 3\">[<\/span> &#8222;Hvers manns hjarta \u00ed \u00cdsrael fylgir Absalom eftir.&#8220; Dav\u00ed\u00f0 sag\u00f0i til sinna \u00fe\u00e9nara sem hj\u00e1 honum voru \u00ed Jer\u00fasalem: &#8222;St\u00f6ndum upp og for\u00f0um oss \u00fev\u00ed a\u00f0 ekki mun s\u00ed\u00f0ar kostur a\u00f0 fl\u00fdja undan Absalom. Fl\u00fdti\u00f0 y\u00f0ur og f\u00f6rum so hann teppi oss ekki inni og gr\u00edpi oss og lei\u00f0i \u00f3lukku yfir oss og sl\u00e1i sta\u00f0inn me\u00f0 sver\u00f0i.&#8220; K\u00f3ngsins \u00fe\u00e9narar s\u00f6g\u00f0u til hans: &#8222;Allt hva\u00f0 minn herra k\u00f3ngurinn b\u00fd\u00f0ur \u00fea\u00f0 viljum v\u00e9r, \u00fe\u00ednir \u00fe\u00e9narar, gj\u00f6ra.&#8220;<\/p>\n<p>\tOg k\u00f3ngurinn f\u00f3r af sta\u00f0num gangandi og allt hans h\u00fas. En hann l\u00e9t t\u00edu af s\u00ednum frillum eftir a\u00f0 geyma herbergja. Og sem k\u00f3ngurinn og allt f\u00f3lki\u00f0 me\u00f0 honum var n\u00fa \u00fat komi\u00f0 gangandi nam hann sta\u00f0ar langt fr\u00e1 h\u00fasinu. Og allir hans \u00fe\u00e9narar gengu me\u00f0 honum, \u00fear me\u00f0 og allir Crethi og Pleti og allir Gethiter og \u00feau sex hundru\u00f0 manna sem honum h\u00f6f\u00f0u fylgt \u00e1 f\u00e6ti fr\u00e1 Gat gengu undan k\u00f3nginum.<\/p>\n<p>\tOg k\u00f3ngurinn sag\u00f0i til Ita\u00ed Gethiter: <span class=\"athugasemd\" title=\"Ita\u00ed\">[<\/span> &#8222;\u00dev\u00ed fer \u00fe\u00fa me\u00f0 oss? Sn\u00fa \u00fe\u00fa aftur og vert hj\u00e1 k\u00f3nginum \u00fev\u00ed \u00fe\u00fa ert \u00fatlendur ma\u00f0ur og ert kominn hinga\u00f0 fr\u00e1 \u00fe\u00ednum sta\u00f0. \u00de\u00fa komst \u00ed g\u00e6r og \u00ed dag ver\u00f0ur \u00fe\u00fa a\u00f0 ganga me\u00f0 oss. En eg mun fara sem fyrirliggur. Sn\u00fa \u00fe\u00e9r aftur og \u00fe\u00ednir br\u00e6\u00f0ur me\u00f0 \u00fe\u00e9r, veitist \u00fe\u00e9r miskunnsemd og sannleikur.&#8220; Ita\u00ed svara\u00f0i og sag\u00f0i: &#8222;Svo sannarlega sem Drottinn lifir og svo v\u00edst sem minn herra k\u00f3ngurinn lifir: Hvar helst sem minn herra k\u00f3ngurinn ver\u00f0ur, hvert sem \u00fea\u00f0 er \u00ed l\u00edfi e\u00f0a dau\u00f0a, \u00fear skal eg, \u00feinn \u00fe\u00e9nari, vera.&#8220; Dav\u00ed\u00f0 sag\u00f0i \u00fe\u00e1 til Ita\u00ed: &#8222;So kom og far me\u00f0.&#8220; So f\u00f3r Ita\u00ed Gethiter og allir hans menn og allra \u00feeirra synir sem voru me\u00f0 honum. Og \u00feeir gr\u00e9tu allir me\u00f0 h\u00e1rri raust og allt f\u00f3lki\u00f0 gekk me\u00f0. Og k\u00f3ngurinn gekk yfir um l\u00e6kinn Kedron og allt f\u00f3lki\u00f0 gekk undan \u00e1 \u00feann veg sem liggur til ey\u00f0imerkur. <span class=\"athugasemd\" title=\"L\u00e6kurinn Kedron \/ J\u00f3h. 18\">[<\/span><\/p>\n<p>\tOg sj\u00e1, Sad\u00f3k var og \u00fear og allir \u00feeir Lev\u00edtar sem voru me\u00f0 honum berandi Gu\u00f0s s\u00e1ttm\u00e1ls\u00f6rk og \u00feeir settu hana \u00fear. Og Abjatar gekk upp til \u00feess a\u00f0 f\u00f3lki\u00f0 kom allt af sta\u00f0num. En Dav\u00ed\u00f0 sag\u00f0i til Sad\u00f3k: &#8222;Beri\u00f0 Gu\u00f0s \u00f6rk aftur \u00ed sta\u00f0inn. Ef eg finn n\u00e1\u00f0 fyrir Drottni \u00fe\u00e1 l\u00e6tur Drottinn mig koma aftur og leyfir m\u00e9r a\u00f0 sj\u00e1 hana og sitt h\u00fas. <span class=\"athugasemd\" title=\"Dav\u00ed\u00f0s \u00feolinm\u00e6\u00f0i\">[<\/span> En ef hann segir: Eg hefi \u00f6ngva \u00fe\u00f3knan \u00e1 \u00fe\u00e9r, sj\u00e1, \u00fe\u00e1 er eg h\u00e9r, gj\u00f6ri hann vi\u00f0 mig sem honum best l\u00edkar.&#8220; Og k\u00f3ngurinn sag\u00f0i til Sad\u00f3k kennimanns: &#8222;\u00de\u00fa sj\u00e1andi, sn\u00fa \u00fe\u00fa aftur \u00ed sta\u00f0inn me\u00f0 fri\u00f0i og b\u00e1\u00f0ir ykkrir synir me\u00f0 ykkur, Ah\u00edmaas, \u00feinn son og J\u00f3natan, son Abjatar. Sj\u00e1, eg vil b\u00ed\u00f0a \u00e1 \u00feessu sl\u00e9ttlendi \u00ed ey\u00f0im\u00f6rkinni \u00fear til a\u00f0 bo\u00f0skapur kemur fr\u00e1 ykkur og \u00fei\u00f0 undirv\u00edsi\u00f0 m\u00e9r.&#8220; So b\u00e1ru \u00feeir Sad\u00f3k og Abjatar Gu\u00f0s \u00f6rk aftur \u00ed Jer\u00fasalem og voru \u00fear. <\/p>\n<p>\tEn Dav\u00ed\u00f0 gekk a\u00f0 fjalli Oliveti gr\u00e1tandi, berf\u00e6ttur og me\u00f0 huldu h\u00f6f\u00f0i. So og allt f\u00f3lki\u00f0 sem var me\u00f0 honum huldu h\u00f6fu\u00f0 s\u00edn og gengu gr\u00e1tandi. Og sem \u00fea\u00f0 var Dav\u00ed\u00f0 undirv\u00edsa\u00f0 a\u00f0 Ak\u00edt\u00f3fel v\u00e6ri \u00ed sambandi me\u00f0 Absalom \u00fe\u00e1 sag\u00f0i hann: &#8222;Drottinn, gj\u00f6r \u00fe\u00fa Ak\u00edt\u00f3fels r\u00e1\u00f0 a\u00f0 heimsku.&#8220; <span class=\"athugasemd\" title=\"Ak\u00edt\u00f3fel\">[<\/span><\/p>\n<p>\tOg er Dav\u00ed\u00f0 kom upp \u00e1 h\u00e6\u00f0ir \u00fe\u00e6r \u00fear menn voru vanir a\u00f0 tilbi\u00f0ja Gu\u00f0, sj\u00e1, \u00fe\u00e1 m\u00e6tti H\u00fasa\u00ed Arachiter honum me\u00f0 sundurrifnum kl\u00e6\u00f0um og moldarfullu h\u00f6f\u00f0i. <span class=\"athugasemd\" title=\"H\u00fasa\u00ed, vinur Dav\u00ed\u00f0s\">[<\/span> Og Dav\u00ed\u00f0 sag\u00f0i til hans: &#8222;Ef \u00fe\u00fa fer me\u00f0 m\u00e9r \u00fe\u00e1 ver\u00f0ur \u00fe\u00fa m\u00e9r til \u00feyngsla. En ef \u00fe\u00fa gengur aftur \u00ed borgina og seg\u00f0ir til Absalom: Eg er \u00feinn \u00fe\u00e9nari, eg vil vera k\u00f3ngsins so sem eg var \u00fe\u00edns f\u00f6\u00f0urs \u00fe\u00e9nari \u00ed \u00feann t\u00edma so vil eg og n\u00fa vera \u00feinn \u00fe\u00e9nari. Gj\u00f6r \u00fe\u00fa fyrir mig \u00f3n\u00fdtar r\u00e1\u00f0agj\u00f6r\u00f0ir Ak\u00edt\u00f3fel. Sad\u00f3k prestur og Abjatar eru me\u00f0 \u00fe\u00e9r. Hvers \u00fe\u00fa ver\u00f0ur v\u00eds \u00ed k\u00f3ngsins gar\u00f0i \u00fea\u00f0 skaltu allt segja Sad\u00f3k kennimanni og Abjatar. Sj\u00e1, \u00feeirra tveir synir eru hj\u00e1 \u00feeim, Ah\u00edmaas son Sad\u00f3k og J\u00f3natan son Abjatar. Me\u00f0 \u00feeim kannt \u00fe\u00fa a\u00f0 senda m\u00e9r sanna vissu af \u00fev\u00ed sem \u00fe\u00fa heyrir.&#8220; Eftir \u00feetta sneri H\u00fasa\u00ed, vin Dav\u00ed\u00f0s, \u00ed borgina og Absalom kom til Jer\u00fasalem.<\/p>\n","protected":false},"excerpt":{"rendered":"<p>XV. Og \u00fea\u00f0 ske\u00f0i so eftir \u00feetta a\u00f0 Absalom l\u00e9t tilrei\u00f0a s\u00e9r vagna og hesta og valdi fimmt\u00edgi menn s\u00e9r til fylgdar. [ Og Absalom st\u00f3\u00f0 \u00e6t\u00ed\u00f0 snemma upp \u00e1 morna og st\u00f3\u00f0 \u00e1 vegi hj\u00e1 borgarhli\u00f0i. Og hver s\u00e1 ma\u00f0ur sem nokku\u00f0 m\u00e1lefni haf\u00f0i og kominn var a\u00f0 leita k\u00f3ngs atkv\u00e6\u00f0is, \u00feann kalla\u00f0i Absalom til s\u00edn og sag\u00f0i: &#8222;Af hverri borg ert \u00fe\u00fa?&#8220; Og \u00feegar hinn sag\u00f0i honum: &#8222;\u00deinn \u00fe\u00e9nari er kominn af einni borg Israelis \u00e6ttkv\u00edsla&#8220; \u00fe\u00e1 sag\u00f0i Absalom til hans: &#8222;Sj\u00e1, \u00fe\u00fa hefur g\u00f3\u00f0 og r\u00e9tt m\u00e1lefni en enginn er tilsettur af k\u00f3nginum sem \u00feig skal heyra.&#8220; <a href=\"https:\/\/biblian.is\/gudbrandsbiblia\/sidari-samuelsbok-15-kafli\/\"> [&#8230;]<\/a><\/p>\n","protected":false},"author":1,"featured_media":0,"parent":0,"menu_order":0,"comment_status":"open","ping_status":"open","template":"bibliukaflar.php","meta":{"footnotes":""},"class_list":["post-2974","page","type-page","status-publish","hentry"],"_links":{"self":[{"href":"https:\/\/biblian.is\/gudbrandsbiblia\/wp-json\/wp\/v2\/pages\/2974","targetHints":{"allow":["GET"]}}],"collection":[{"href":"https:\/\/biblian.is\/gudbrandsbiblia\/wp-json\/wp\/v2\/pages"}],"about":[{"href":"https:\/\/biblian.is\/gudbrandsbiblia\/wp-json\/wp\/v2\/types\/page"}],"author":[{"embeddable":true,"href":"https:\/\/biblian.is\/gudbrandsbiblia\/wp-json\/wp\/v2\/users\/1"}],"replies":[{"embeddable":true,"href":"https:\/\/biblian.is\/gudbrandsbiblia\/wp-json\/wp\/v2\/comments?post=2974"}],"version-history":[{"count":0,"href":"https:\/\/biblian.is\/gudbrandsbiblia\/wp-json\/wp\/v2\/pages\/2974\/revisions"}],"wp:attachment":[{"href":"https:\/\/biblian.is\/gudbrandsbiblia\/wp-json\/wp\/v2\/media?parent=2974"}],"curies":[{"name":"wp","href":"https:\/\/api.w.org\/{rel}","templated":true}]}}