{"id":2969,"date":"2017-12-18T18:32:14","date_gmt":"2017-12-18T18:32:14","guid":{"rendered":"http:\/\/biblian.is\/gudbrandsbiblia\/sidari-samuelsbok-10-kafli\/"},"modified":"2017-12-18T18:32:14","modified_gmt":"2017-12-18T18:32:14","slug":"sidari-samuelsbok-10-kafli","status":"publish","type":"page","link":"https:\/\/biblian.is\/gudbrandsbiblia\/sidari-samuelsbok-10-kafli\/","title":{"rendered":"S\u00ed\u00f0ari Sam\u00faelsb\u00f3k 10. kafli"},"content":{"rendered":"<p>X.<\/p>\n<p>Og \u00fea\u00f0 ske\u00f0i svo \u00fear eftir a\u00f0 k\u00f3ngur \u00feeirra Am\u00f3nsona anda\u00f0ist og Han\u00f3n son hans t\u00f3k k\u00f3ngd\u00f3m eftir hann. <span class=\"athugasemd\" title=\"Han\u00f3n \/ 1. Para. 20\">[<\/span> \u00de\u00e1 sag\u00f0i Dav\u00ed\u00f0: &#8222;Eg vil veita miskunn Han\u00f3n syni Nahas svo sem hans fa\u00f0ir veitti m\u00e9r miskunn.&#8220; Og hann sendi \u00feanga\u00f0 og l\u00e9t s\u00edna \u00fe\u00e9nara hugga hans harm er hann bar eftir sinn f\u00f6\u00f0ur.<\/p>\n<p>\tEn sem Dav\u00ed\u00f0s \u00fe\u00e9narar komu n\u00fa \u00ed Am\u00f3nsona land \u00fe\u00e1 s\u00f6g\u00f0u Am\u00f3nsona h\u00f6f\u00f0ingjar til s\u00edns herra Han\u00f3n: <span class=\"athugasemd\" title=\"Dav\u00ed\u00f0s sendimenn sneyptir\">[<\/span> &#8222;Hyggur \u00fe\u00fa a\u00f0 Dav\u00ed\u00f0 hafi sent huggendur hinga\u00f0 til s\u00e6mdar f\u00f6\u00f0ur \u00fe\u00ednum? Hugsar \u00fe\u00fa ekki a\u00f0 heldur hafi hann sent s\u00edna \u00fe\u00e9nara til \u00fe\u00edn a\u00f0 \u00feeir nj\u00f3sni um borgina og sko\u00f0i hvernin \u00feeir megi hana vinna?&#8220;<\/p>\n<p>\t\u00de\u00e1 t\u00f3k Han\u00f3n \u00fe\u00e9nara Dav\u00ed\u00f0s og l\u00e9t raka h\u00e1lft skeggi\u00f0 af \u00feeim og snei\u00f0a h\u00e1lfpart af \u00feeirra kl\u00e6\u00f0um ofan a\u00f0 \u00fej\u00f3hn\u00f6ppum og l\u00e9t \u00fe\u00e1 so fara. En sem \u00feeir komu n\u00fa heim og Dav\u00ed\u00f0 fr\u00e9tti \u00feetta \u00fe\u00e1 sendi hann \u00e1 m\u00f3ti \u00feeim \u00fev\u00ed a\u00f0 mennirnir voru skammarlega l\u00fdttir. Og k\u00f3ngurinn l\u00e9t segja \u00feeim: &#8222;Veri\u00f0 \u00ed Jer\u00edk\u00f3 \u00fear til a\u00f0 y\u00f0ar skegg eru vaxin og komi\u00f0 svo heim aftur.&#8220;<\/p>\n<p>\tEn sem Am\u00f3nsynir s\u00e1u \u00fea\u00f0 a\u00f0 \u00feeir h\u00f6f\u00f0u misbo\u00f0i\u00f0 Dav\u00ed\u00f0 \u00fe\u00e1 sendu \u00feeir \u00ed Syriam og leig\u00f0u s\u00e9r \u00fea\u00f0an li\u00f0 til styrks af h\u00fasi Reh\u00f3b og af S\u00f3ba og \u00feeir fengu tuttugu \u00fe\u00fasund manns me\u00f0 f\u00f3tganganda li\u00f0 og \u00fe\u00fasundru\u00f0 manna af k\u00f3nginum Maaka og af \u00cdst\u00f3b t\u00f3lf \u00fe\u00fasund manna. \u00deegar Dav\u00ed\u00f0 spyr \u00feetta \u00fe\u00e1 \u00fatsendi hann J\u00f3ab me\u00f0 allt sitt str\u00ed\u00f0sf\u00f3lk. Am\u00f3nsynir dr\u00f3gu \u00fat og bjuggust til bardaga utan fyrir sj\u00e1lfu borgarhli\u00f0inu. En \u00feeir Syri sem voru af S\u00f3ba, af Reh\u00f3b, af \u00cdst\u00f3b og af Maaka fylktu \u00feeirra li\u00f0i s\u00e9r \u00ed lagi \u00e1 v\u00f6llunum.<\/p>\n<p>\tEn sem J\u00f3ab s\u00e9r n\u00fa \u00fea\u00f0 a\u00f0 honum er b\u00fainn bardagi b\u00e6\u00f0i \u00e1 bak og \u00ed fyrir \u00fe\u00e1 \u00fatvaldi hann \u00fe\u00e1 alla inu hraustustu hermenn \u00ed \u00cdsrael og bj\u00f3st \u00ed m\u00f3ti \u00feeim Syris. En fyrir \u00fea\u00f0 li\u00f0 sem afgangs var setti hann sinn br\u00f3\u00f0ur Ab\u00edsa\u00ed \u00ed m\u00f3t Am\u00f3nsonum og sag\u00f0i: &#8222;Kunni so a\u00f0 ske a\u00f0 \u00feeir Syri beri mig ofurmegni \u00fe\u00e1 kom m\u00e9r til hj\u00e1lpar en ef Am\u00f3nsynir ver\u00f0a \u00fe\u00e9r yfirsterkir \u00fe\u00e1 vil eg koma \u00fe\u00e9r til hj\u00e1lpar. Verum n\u00fa styrkvir og berjunst hraustlega fyrir vort f\u00f3lk og fyrir Gu\u00f0s vors borgir. L\u00e1tti Drottinn ganga sem hann vill.&#8220;<\/p>\n<p>\tOg J\u00f3ab fylkti s\u00ednu li\u00f0i og r\u00e9\u00f0st til bardaga \u00e1 m\u00f3t \u00feeim Syris og \u00feeir fl\u00fd\u00f0u undan honum. <span class=\"athugasemd\" title=\"Syri og Amoniter slegnir\">[<\/span> En sem Am\u00f3nsynir \u00fea\u00f0 s\u00e1u a\u00f0 \u00feeir Syri h\u00e9ldu \u00e1 fl\u00f3tta \u00fe\u00e1 fl\u00fa\u00f0u \u00feeir og svo undan Ab\u00edsa\u00ed og f\u00f3ru \u00ed borgina. Eftir \u00fea\u00f0 sneri J\u00f3ab aftur fr\u00e1 \u00feeim Am\u00f3nsonum og kom heim til Jer\u00fasalem.<\/p>\n<p>\tOg \u00fe\u00e1 \u00feeir Syri s\u00e1u sig so slegna fyrir \u00cdsrael \u00fe\u00e1 safnast \u00feeir saman. Og Hadadeser sendi \u00fat og dr\u00f3 a\u00f0 s\u00e9r \u00fe\u00e1 Syros sem voru \u00e1 hina s\u00ed\u00f0u vatsins og alla \u00feeirra magt og S\u00f3bak sem var hersh\u00f6f\u00f0ingi Hadadeser var settur fyrir \u00feennan her.<\/p>\n<p>\tEn sem \u00fea\u00f0 f\u00e9kk a\u00f0 vita Dav\u00ed\u00f0 \u00fe\u00e1 safna\u00f0i hann \u00f6llum \u00cdsrael til samans og f\u00f3r yfir um J\u00f3rdan og kom til Helam. <span class=\"athugasemd\" title=\"Hadadeser\">[<\/span> Og \u00feeir Syri bjuggust til bardaga \u00ed m\u00f3ti Dav\u00ed\u00f0. En Syri h\u00e9ldu \u00e1 fl\u00f3tta fyrir \u00cdsrael. Og Dav\u00ed\u00f0 sl\u00f3 af \u00feeim Syris sj\u00f6 hundru\u00f0 vagna og fj\u00f6rut\u00edgi \u00fe\u00fasund riddarali\u00f0s. \u00dear til me\u00f0 sl\u00f3 hann og S\u00f3bak, \u00feeirra h\u00f6fu\u00f0smann, svo hann f\u00e9ll \u00fear. <span class=\"athugasemd\" title=\"S\u00f3bak\">[<\/span> En \u00fe\u00e1 \u00feeir k\u00f3ngar sem voru \u00ed li\u00f0i me\u00f0 Hadadeser s\u00e1u sig yfirkomna og sigra\u00f0a fyrir \u00cdsrael \u00fe\u00e1 gj\u00f6r\u00f0u \u00feeir s\u00e1tt me\u00f0 \u00cdsrael og ur\u00f0u \u00feeim undirgefnir. Og \u00feeir af Syria \u00feor\u00f0u ekki a\u00f0 veita fullting Am\u00f3nsonum \u00fea\u00f0an \u00ed fr\u00e1.<\/p>\n","protected":false},"excerpt":{"rendered":"<p>X. Og \u00fea\u00f0 ske\u00f0i svo \u00fear eftir a\u00f0 k\u00f3ngur \u00feeirra Am\u00f3nsona anda\u00f0ist og Han\u00f3n son hans t\u00f3k k\u00f3ngd\u00f3m eftir hann. [ \u00de\u00e1 sag\u00f0i Dav\u00ed\u00f0: &#8222;Eg vil veita miskunn Han\u00f3n syni Nahas svo sem hans fa\u00f0ir veitti m\u00e9r miskunn.&#8220; Og hann sendi \u00feanga\u00f0 og l\u00e9t s\u00edna \u00fe\u00e9nara hugga hans harm er hann bar eftir sinn f\u00f6\u00f0ur. En sem Dav\u00ed\u00f0s \u00fe\u00e9narar komu n\u00fa \u00ed Am\u00f3nsona land \u00fe\u00e1 s\u00f6g\u00f0u Am\u00f3nsona h\u00f6f\u00f0ingjar til s\u00edns herra Han\u00f3n: [ &#8222;Hyggur \u00fe\u00fa a\u00f0 Dav\u00ed\u00f0 hafi sent huggendur hinga\u00f0 til s\u00e6mdar f\u00f6\u00f0ur \u00fe\u00ednum? Hugsar \u00fe\u00fa ekki a\u00f0 heldur hafi hann sent s\u00edna \u00fe\u00e9nara til \u00fe\u00edn a\u00f0 \u00feeir nj\u00f3sni <a href=\"https:\/\/biblian.is\/gudbrandsbiblia\/sidari-samuelsbok-10-kafli\/\"> [&#8230;]<\/a><\/p>\n","protected":false},"author":1,"featured_media":0,"parent":0,"menu_order":0,"comment_status":"open","ping_status":"open","template":"bibliukaflar.php","meta":{"footnotes":""},"class_list":["post-2969","page","type-page","status-publish","hentry"],"_links":{"self":[{"href":"https:\/\/biblian.is\/gudbrandsbiblia\/wp-json\/wp\/v2\/pages\/2969","targetHints":{"allow":["GET"]}}],"collection":[{"href":"https:\/\/biblian.is\/gudbrandsbiblia\/wp-json\/wp\/v2\/pages"}],"about":[{"href":"https:\/\/biblian.is\/gudbrandsbiblia\/wp-json\/wp\/v2\/types\/page"}],"author":[{"embeddable":true,"href":"https:\/\/biblian.is\/gudbrandsbiblia\/wp-json\/wp\/v2\/users\/1"}],"replies":[{"embeddable":true,"href":"https:\/\/biblian.is\/gudbrandsbiblia\/wp-json\/wp\/v2\/comments?post=2969"}],"version-history":[{"count":0,"href":"https:\/\/biblian.is\/gudbrandsbiblia\/wp-json\/wp\/v2\/pages\/2969\/revisions"}],"wp:attachment":[{"href":"https:\/\/biblian.is\/gudbrandsbiblia\/wp-json\/wp\/v2\/media?parent=2969"}],"curies":[{"name":"wp","href":"https:\/\/api.w.org\/{rel}","templated":true}]}}