{"id":2968,"date":"2017-12-18T18:32:14","date_gmt":"2017-12-18T18:32:14","guid":{"rendered":"http:\/\/biblian.is\/gudbrandsbiblia\/sidari-samuelsbok-9-kafli\/"},"modified":"2017-12-18T18:32:14","modified_gmt":"2017-12-18T18:32:14","slug":"sidari-samuelsbok-9-kafli","status":"publish","type":"page","link":"https:\/\/biblian.is\/gudbrandsbiblia\/sidari-samuelsbok-9-kafli\/","title":{"rendered":"S\u00ed\u00f0ari Sam\u00faelsb\u00f3k 9. kafli"},"content":{"rendered":"<p>IX.<\/p>\n<p>Og Dav\u00ed\u00f0 sag\u00f0i. &#8222;Mun \u00fear enginn eftir or\u00f0inn af h\u00fasi Saul svo a\u00f0 eg megi veita honum miskunn fyrir sakir J\u00f3natan?&#8220; En \u00fear var einn \u00fe\u00e9nari af h\u00fasi Saul. Hann h\u00e9t S\u00edba. \u00deann k\u00f6llu\u00f0u \u00feeir fyrir Dav\u00ed\u00f0. Og k\u00f3ngurinn sag\u00f0i til hans: &#8222;Ert \u00fe\u00fa S\u00edba?&#8220; <span class=\"athugasemd\" title=\"S\u00edba\">[<\/span> Hann sag\u00f0i: &#8222;J\u00e1, \u00feinn \u00fe\u00e9nari.&#8220; K\u00f3ngurinn sag\u00f0i: &#8222;Lifir \u00fear enginn af h\u00fasi Saul svo a\u00f0 eg megi veita honum Gu\u00f0s miskunnsemi?&#8220; S\u00edba svara\u00f0i: &#8222;\u00dear lifir enn n\u00fa eftir einn sonur Jonathe og er f\u00f3tlama.&#8220; K\u00f3ngurinn sag\u00f0i til hans: &#8222;Hvar er hann?&#8220; En S\u00edba svara\u00f0i: &#8222;Sj\u00e1, hann er \u00ed L\u00f3dabar \u00ed h\u00fasi Mak\u00edr, sonar Amm\u00edel.&#8220;<\/p>\n<p>\tEn sem Mef\u00edb\u00f3set son Jonatha sonar Saul kom fyrir Dav\u00ed\u00f0 f\u00e9ll hann fram \u00e1 s\u00edna \u00e1sj\u00f3nu og kvaddi k\u00f3nginn. <span class=\"athugasemd\" title=\"Mef\u00edb\u00f3set son Jonathas\">[<\/span> Dav\u00ed\u00f0 sag\u00f0i: &#8222;Mef\u00edb\u00f3set.&#8220; Hann svara\u00f0i: &#8222;H\u00e9r er eg, \u00feinn \u00fe\u00e9nari.&#8220; Dav\u00ed\u00f0 sag\u00f0i til hans: &#8222;\u00d3ttast ekki \u00fev\u00ed a\u00f0 eg vil veita \u00fe\u00e9r miskunn fyrir s\u00f6kum \u00fe\u00edns f\u00f6\u00f0urs Jonatha so a\u00f0 eg vil gefa \u00fe\u00e9r aftur alla \u00fe\u00e1 akra sem \u00e1tti \u00feinn fa\u00f0ir Saul. Og \u00fe\u00fa skalt daglega eta brau\u00f0 vi\u00f0 mitt bor\u00f0.&#8220; Hann tilba\u00f0 k\u00f3nginn og sag\u00f0i: &#8222;Hver em eg, \u00feinn \u00fer\u00e6ll, a\u00f0 \u00fe\u00fa \u00e1l\u00edtur sl\u00edkan dau\u00f0an hund sem eg er?&#8220;<\/p>\n<p>\t\u00de\u00e1 kalla\u00f0i k\u00f3ngurinn S\u00edba, Sauls \u00fe\u00e9nara, og sag\u00f0i til hans: &#8222;Eg hefi gefi\u00f0 syni \u00fe\u00edns herra allt \u00fea\u00f0 sem Saul \u00e1tti og allt hans h\u00fas. So skalt \u00fe\u00fa n\u00fa og \u00fe\u00edn b\u00f6rn og \u00fe\u00ednir \u00fer\u00e6lar f\u00e1ga hans akra me\u00f0 \u00fe\u00ednu erfi\u00f0i til inntekta og atvinnu syni \u00fe\u00edns herra. En Mef\u00edb\u00f3set, sonur \u00fe\u00edns herra, skal daglega eta brau\u00f0 vi\u00f0 mitt bor\u00f0.&#8220; Og S\u00edba haf\u00f0i fimmt\u00e1n syni og tuttugu \u00fer\u00e6la. Og S\u00edba svara\u00f0i k\u00f3nginum: &#8222;Allt \u00fea\u00f0 sem minn herra k\u00f3ngur hefur bo\u00f0i\u00f0 s\u00ednum \u00fe\u00e9nara \u00fea\u00f0 skal hans \u00fe\u00e9nari gj\u00f6ra. Og Mef\u00edb\u00f3set skal eta vi\u00f0 mitt bor\u00f0 svo sem eitt af k\u00f3ngsins b\u00f6rnum.&#8220; Og Mef\u00edb\u00f3set \u00e1tti einn ungan son sem h\u00e9t M\u00edka. <span class=\"athugasemd\" title=\"M\u00edka son Mef\u00edb\u00f3set\">[<\/span> Og allir \u00feeir sem bjuggu \u00ed h\u00fasi S\u00edba \u00feeir \u00fej\u00f3nu\u00f0u Mef\u00edb\u00f3set. Og Mef\u00edb\u00f3set bj\u00f3 \u00ed Jer\u00fasalem \u00fev\u00ed hann \u00e1t daglega af k\u00f3ngsins bor\u00f0i og var haltur \u00e1 b\u00e1\u00f0um f\u00f3tum.<\/p>\n","protected":false},"excerpt":{"rendered":"<p>IX. Og Dav\u00ed\u00f0 sag\u00f0i. &#8222;Mun \u00fear enginn eftir or\u00f0inn af h\u00fasi Saul svo a\u00f0 eg megi veita honum miskunn fyrir sakir J\u00f3natan?&#8220; En \u00fear var einn \u00fe\u00e9nari af h\u00fasi Saul. Hann h\u00e9t S\u00edba. \u00deann k\u00f6llu\u00f0u \u00feeir fyrir Dav\u00ed\u00f0. Og k\u00f3ngurinn sag\u00f0i til hans: &#8222;Ert \u00fe\u00fa S\u00edba?&#8220; [ Hann sag\u00f0i: &#8222;J\u00e1, \u00feinn \u00fe\u00e9nari.&#8220; K\u00f3ngurinn sag\u00f0i: &#8222;Lifir \u00fear enginn af h\u00fasi Saul svo a\u00f0 eg megi veita honum Gu\u00f0s miskunnsemi?&#8220; S\u00edba svara\u00f0i: &#8222;\u00dear lifir enn n\u00fa eftir einn sonur Jonathe og er f\u00f3tlama.&#8220; K\u00f3ngurinn sag\u00f0i til hans: &#8222;Hvar er hann?&#8220; En S\u00edba svara\u00f0i: &#8222;Sj\u00e1, hann er \u00ed L\u00f3dabar \u00ed h\u00fasi Mak\u00edr, sonar <a href=\"https:\/\/biblian.is\/gudbrandsbiblia\/sidari-samuelsbok-9-kafli\/\"> [&#8230;]<\/a><\/p>\n","protected":false},"author":1,"featured_media":0,"parent":0,"menu_order":0,"comment_status":"open","ping_status":"open","template":"bibliukaflar.php","meta":{"footnotes":""},"class_list":["post-2968","page","type-page","status-publish","hentry"],"_links":{"self":[{"href":"https:\/\/biblian.is\/gudbrandsbiblia\/wp-json\/wp\/v2\/pages\/2968","targetHints":{"allow":["GET"]}}],"collection":[{"href":"https:\/\/biblian.is\/gudbrandsbiblia\/wp-json\/wp\/v2\/pages"}],"about":[{"href":"https:\/\/biblian.is\/gudbrandsbiblia\/wp-json\/wp\/v2\/types\/page"}],"author":[{"embeddable":true,"href":"https:\/\/biblian.is\/gudbrandsbiblia\/wp-json\/wp\/v2\/users\/1"}],"replies":[{"embeddable":true,"href":"https:\/\/biblian.is\/gudbrandsbiblia\/wp-json\/wp\/v2\/comments?post=2968"}],"version-history":[{"count":0,"href":"https:\/\/biblian.is\/gudbrandsbiblia\/wp-json\/wp\/v2\/pages\/2968\/revisions"}],"wp:attachment":[{"href":"https:\/\/biblian.is\/gudbrandsbiblia\/wp-json\/wp\/v2\/media?parent=2968"}],"curies":[{"name":"wp","href":"https:\/\/api.w.org\/{rel}","templated":true}]}}