{"id":2967,"date":"2017-12-18T18:32:14","date_gmt":"2017-12-18T18:32:14","guid":{"rendered":"http:\/\/biblian.is\/gudbrandsbiblia\/sidari-samuelsbok-8-kafli\/"},"modified":"2017-12-18T18:32:14","modified_gmt":"2017-12-18T18:32:14","slug":"sidari-samuelsbok-8-kafli","status":"publish","type":"page","link":"https:\/\/biblian.is\/gudbrandsbiblia\/sidari-samuelsbok-8-kafli\/","title":{"rendered":"S\u00ed\u00f0ari Sam\u00faelsb\u00f3k 8. kafli"},"content":{"rendered":"<p>VIII.<\/p>\n<p>Og \u00fea\u00f0 ske\u00f0i eftir \u00feetta a\u00f0 Dav\u00ed\u00f0 sl\u00f3 \u00fe\u00e1 Philisteos og l\u00e6kka\u00f0i \u00feeirra ofstopa og t\u00f3k \u00fer\u00e6ld\u00f3msbeisli\u00f0 af Philisteis hendi. <span class=\"athugasemd\" title=\"\u00deetta hafa allt veri\u00f0 miklar orostur en eru h\u00e9r \u00ed stuttu m\u00e1li uppteikna\u00f0ar\">[<\/span> <\/p>\n<p>\tHann sl\u00f3 og \u00fe\u00e1 M\u00f3ab\u00edta so gj\u00f6rsamlega a\u00f0 hann drap tvo hluti en \u00feri\u00f0jung l\u00e9t hann lifa. Svo ur\u00f0u Moabiter Dav\u00ed\u00f0 undirgefnir og \u00feeir ur\u00f0u honum skattgildir.<\/p>\n<p>\tDav\u00ed\u00f0 sl\u00f3 og Hadadeser, son Reh\u00f3b, k\u00f3nginn \u00ed S\u00f3ba, \u00fe\u00e1 hann f\u00f3r og vildi r\u00edkja yfir vatni Euphrates. <span class=\"athugasemd\" title=\"Hadadeser\">[<\/span> Og Dav\u00ed\u00f0 t\u00f3k til fanga \u00fe\u00fasundru\u00f0 og sj\u00f6 hundru\u00f0 riddara af \u00feeim og t\u00edu \u00fe\u00fasund f\u00f3tg\u00f6nguli\u00f0s en braut og lesti alla \u00feeirra vagna en h\u00e9lt sj\u00e1lfur eftir hundra\u00f0 v\u00f6gnum.<\/p>\n<p>\t\u00de\u00e1 komu og Syri af Damasco a\u00f0 hj\u00e1lpa Hadadeser k\u00f3nginum af S\u00f3ba og Dav\u00ed\u00f0 sl\u00f3 tv\u00f6 og tuttugu \u00fe\u00fasund manna af \u00feeim s\u00fdrlensku og setti f\u00f3lk eftir \u00ed Damasco \u00ed Syria. <span class=\"athugasemd\" title=\"Syri\">[<\/span> Svo var\u00f0 Syria skattgild undir Dav\u00ed\u00f0. \u00dev\u00ed a\u00f0 Drottinn hj\u00e1lpa\u00f0i Dav\u00ed\u00f0 hvert helst hann f\u00f3r. Og Dav\u00ed\u00f0 t\u00f3k \u00fe\u00e1 gullskj\u00f6ldu sem haft h\u00f6f\u00f0u Hadadeser \u00fe\u00e9narar og flutti \u00fe\u00e1 til Jer\u00fasalem. En af Beta og Ber\u00f3taj, borgum Hadadeser, t\u00f3k Dav\u00ed\u00f0 k\u00f3ngur ofurmikinn m\u00e1lm.<\/p>\n<p>\tSem T\u00f3i k\u00f3ngur af Hemat heyr\u00f0i a\u00f0 Dav\u00ed\u00f0 haf\u00f0i ni\u00f0urslegi\u00f0 alla magt Hadadeser sendi hann sinn son J\u00f3ram til Dav\u00ed\u00f0 og l\u00e9t heilsa honum vinsamlega og ba\u00f0 honum lukku a\u00f0 hann haf\u00f0i herja\u00f0 \u00e1 Hadadeser og yfirunni\u00f0 hann (\u00fev\u00ed T\u00f3i haf\u00f0i \u00f3fri\u00f0 vi\u00f0 Hadadeser). <span class=\"athugasemd\" title=\"T\u00f3i \/ 1. Para. 19\">[<\/span> Og J\u00f3ram haf\u00f0i me\u00f0 s\u00e9r allsh\u00e1tta\u00f0ar gersemar af silfri, gulli og kopar, hva\u00f0 allt Dav\u00ed\u00f0 k\u00f3ngur helga\u00f0i Drottni. Og allt \u00fea\u00f0 silfur og gull helga\u00f0i hann Drottni sem hann f\u00e9kk af \u00f6llum hei\u00f0ingjum sem hann braut undir sig af Syria, af M\u00f3ab, af Am\u00f3nsonum, af Philisteis, af Amalek og af Hadadeser herfangi, sonar Reh\u00f3b, k\u00f3ngsins af S\u00f3ba.<\/p>\n<p>\tOg Dav\u00ed\u00f0 gj\u00f6r\u00f0i s\u00e9r eitt nafn \u00fe\u00e1 hann kom og sl\u00f3 \u00fe\u00e1 Syros \u00ed \u00feeim dal sem kalla\u00f0ist saltdalur \u00e1tj\u00e1n \u00fe\u00fasundir. <span class=\"athugasemd\" title=\"Psal. 60\">[<\/span> Og hann setti f\u00f3lk \u00ed alla Idumeam og allt Ed\u00f3m var Dav\u00ed\u00f0 undirgefi\u00f0. \u00dev\u00ed a\u00f0 Drottinn hj\u00e1lpa\u00f0i Dav\u00ed\u00f0 hvert sem hann f\u00f3r.<\/p>\n<p>\tSo var\u00f0 n\u00fa Dav\u00ed\u00f0 k\u00f3ngur yfir allan \u00cdsrael og hann d\u00e6mdi allan l\u00fd\u00f0inn me\u00f0 d\u00f3mi og r\u00e9ttindum. <span class=\"athugasemd\" title=\"2. Sam. 20 \/ Dav\u00ed\u00f0s emb\u00e6ttismenn\">[<\/span> J\u00f3ab son Ser\u00faja var hersh\u00f6f\u00f0ingi yfir herinn. J\u00f3safat son Ah\u00edl\u00fad var canzeler. Sad\u00f3k son Ah\u00edt\u00f3b og Ah\u00edmelek son Abjatar voru kennimenn. Seraja var skrifari. Benaja son J\u00f3jada var settur yfir Creti og Pleti og Dav\u00ed\u00f0ssynir voru kennimenn.<\/p>\n","protected":false},"excerpt":{"rendered":"<p>VIII. Og \u00fea\u00f0 ske\u00f0i eftir \u00feetta a\u00f0 Dav\u00ed\u00f0 sl\u00f3 \u00fe\u00e1 Philisteos og l\u00e6kka\u00f0i \u00feeirra ofstopa og t\u00f3k \u00fer\u00e6ld\u00f3msbeisli\u00f0 af Philisteis hendi. [ Hann sl\u00f3 og \u00fe\u00e1 M\u00f3ab\u00edta so gj\u00f6rsamlega a\u00f0 hann drap tvo hluti en \u00feri\u00f0jung l\u00e9t hann lifa. Svo ur\u00f0u Moabiter Dav\u00ed\u00f0 undirgefnir og \u00feeir ur\u00f0u honum skattgildir. Dav\u00ed\u00f0 sl\u00f3 og Hadadeser, son Reh\u00f3b, k\u00f3nginn \u00ed S\u00f3ba, \u00fe\u00e1 hann f\u00f3r og vildi r\u00edkja yfir vatni Euphrates. [ Og Dav\u00ed\u00f0 t\u00f3k til fanga \u00fe\u00fasundru\u00f0 og sj\u00f6 hundru\u00f0 riddara af \u00feeim og t\u00edu \u00fe\u00fasund f\u00f3tg\u00f6nguli\u00f0s en braut og lesti alla \u00feeirra vagna en h\u00e9lt sj\u00e1lfur eftir hundra\u00f0 v\u00f6gnum. \u00de\u00e1 komu og <a href=\"https:\/\/biblian.is\/gudbrandsbiblia\/sidari-samuelsbok-8-kafli\/\"> [&#8230;]<\/a><\/p>\n","protected":false},"author":1,"featured_media":0,"parent":0,"menu_order":0,"comment_status":"open","ping_status":"open","template":"bibliukaflar.php","meta":{"footnotes":""},"class_list":["post-2967","page","type-page","status-publish","hentry"],"_links":{"self":[{"href":"https:\/\/biblian.is\/gudbrandsbiblia\/wp-json\/wp\/v2\/pages\/2967","targetHints":{"allow":["GET"]}}],"collection":[{"href":"https:\/\/biblian.is\/gudbrandsbiblia\/wp-json\/wp\/v2\/pages"}],"about":[{"href":"https:\/\/biblian.is\/gudbrandsbiblia\/wp-json\/wp\/v2\/types\/page"}],"author":[{"embeddable":true,"href":"https:\/\/biblian.is\/gudbrandsbiblia\/wp-json\/wp\/v2\/users\/1"}],"replies":[{"embeddable":true,"href":"https:\/\/biblian.is\/gudbrandsbiblia\/wp-json\/wp\/v2\/comments?post=2967"}],"version-history":[{"count":0,"href":"https:\/\/biblian.is\/gudbrandsbiblia\/wp-json\/wp\/v2\/pages\/2967\/revisions"}],"wp:attachment":[{"href":"https:\/\/biblian.is\/gudbrandsbiblia\/wp-json\/wp\/v2\/media?parent=2967"}],"curies":[{"name":"wp","href":"https:\/\/api.w.org\/{rel}","templated":true}]}}