{"id":2965,"date":"2017-12-18T18:32:14","date_gmt":"2017-12-18T18:32:14","guid":{"rendered":"http:\/\/biblian.is\/gudbrandsbiblia\/sidari-samuelsbok-6-kafli\/"},"modified":"2017-12-18T18:32:14","modified_gmt":"2017-12-18T18:32:14","slug":"sidari-samuelsbok-6-kafli","status":"publish","type":"page","link":"https:\/\/biblian.is\/gudbrandsbiblia\/sidari-samuelsbok-6-kafli\/","title":{"rendered":"S\u00ed\u00f0ari Sam\u00faelsb\u00f3k 6. kafli"},"content":{"rendered":"<p>VI.<\/p>\n<p>Og Dav\u00ed\u00f0 samansafna\u00f0i aftur \u00e1 n\u00fd \u00f6llum ungum m\u00f6nnum \u00ed \u00cdsrael, a\u00f0 t\u00f6lu \u00ferj\u00e1t\u00edgir \u00fe\u00fasundir, og t\u00f3k sig upp og f\u00f3r me\u00f0 allt \u00fea\u00f0 f\u00f3lk sem var hj\u00e1 honum af J\u00fadaborgurum a\u00f0 flytja Gu\u00f0s \u00f6rk \u00feanga\u00f0 hv\u00f6r a\u00f0 kalla\u00f0ist Drottins Seba\u00f3ts nafn b\u00fdr \u00fear \u00e1 yfir ker\u00fab\u00edm. Og \u00feeir l\u00e9tu setja Gu\u00f0s \u00f6rk \u00e1 einn n\u00fdjan vagn og t\u00f3ku hana af Ab\u00ednadabs h\u00fasi sem bj\u00f3 \u00ed G\u00edbea. En uxa \u00dasa og Ahj\u00f3, synir Ab\u00ednadab, st\u00fdr\u00f0u \u00feeim n\u00fdja vagni. Og sem \u00feeir \u00f3ku \u00fat me\u00f0 Gu\u00f0s \u00f6rk af h\u00fasi Ab\u00ednadab og Ahj\u00f3 gekk fyrir \u00f6rkinni \u00fe\u00e1 l\u00e9k Dav\u00ed\u00f0 og allt \u00cdsraels h\u00fas fyrir Drottni allra handa hlj\u00f3\u00f0f\u00e6ri sem af tr\u00e9 voru gj\u00f6r\u00f0: H\u00f6rpur, g\u00edgjur, psalteria, bj\u00f6llur og simf\u00f3n.<\/p>\n<p>\tOg \u00fe\u00e1 \u00feeir komu til \u00feeirrar hl\u00f6\u00f0u Nakon \u00fe\u00e1 r\u00e9tti \u00dasa \u00fat h\u00f6nd s\u00edna og h\u00e9lt Gu\u00f0s \u00f6rk \u00fev\u00ed a\u00f0 uxarnir gengu af veginum. \u00de\u00e1 reiddist Drottinn \u00dasa so a\u00f0 Gu\u00f0 sl\u00f3 hann \u00fear ni\u00f0ur s\u00f6kum hans ofdirf\u00f0ar svo a\u00f0 hann f\u00e9ll dau\u00f0ur \u00fear ni\u00f0ur hj\u00e1 Gu\u00f0s \u00f6rk. \u00de\u00e1 var\u00f0 Dav\u00ed\u00f0 hryggur s\u00f6kum \u00feess skar\u00f0s sem hann gj\u00f6r\u00f0i \u00e1 \u00dasa. Og hann kalla\u00f0i \u00feann sama sta\u00f0 Peres \u00dasa allt til \u00feessa dags. Og \u00e1 \u00feeim sama degi \u00f3tta\u00f0ist Dav\u00ed\u00f0 fyrir Drottni og sag\u00f0i: &#8222;Hvernin m\u00e1 \u00f6rk Drottins koma til m\u00edn?&#8220; <span class=\"athugasemd\" title=\"Peres \u00dasa\">[<\/span> Og hann vildi ekki l\u00e1ta flytja hana til s\u00edn \u00ed Dav\u00ed\u00f0sborg heldur l\u00e9t hann f\u00e6ra hana \u00ed h\u00fas \u00d3be\u00f0 Ed\u00f3m af Get. <span class=\"athugasemd\" title=\"\u00d3be\u00f0 Ed\u00f3m\">[<\/span> En sem \u00f6rk Drottins haf\u00f0i veri\u00f0 \u00ed h\u00fasi \u00d3be\u00f0 Ed\u00f3m af Get \u00ed \u00ferj\u00e1 m\u00e1nu\u00f0i \u00fe\u00e1 blessa\u00f0i Drottinn hann og allt hans h\u00fas.<\/p>\n<p>\tDav\u00ed\u00f0 k\u00f3ngur spur\u00f0i \u00feetta a\u00f0 Drottinn haf\u00f0i blessa\u00f0 h\u00fas \u00d3be\u00f0 Ed\u00f3m og allt \u00fea\u00f0 hann haf\u00f0i s\u00f6kum Gu\u00f0s arkar. \u00de\u00e1 f\u00f3r hann og s\u00f3tti Gu\u00f0s \u00f6rk og flutti hana \u00far h\u00fasi \u00d3be\u00f0 Ed\u00f3m og til Dav\u00ed\u00f0sborgar me\u00f0 gle\u00f0i. Og sem \u00feeir h\u00f6f\u00f0u gengi\u00f0 fram me\u00f0 Gu\u00f0s \u00f6rk sex skref \u00fe\u00e1 offru\u00f0u \u00feeir einum uxa og einum feitum sau\u00f0. Og Dav\u00ed\u00f0 l\u00e9k fyrir af \u00f6llu megni fyrir Drottni og var umgyrtur me\u00f0 einum l\u00edfkyrtli. Og Dav\u00ed\u00f0 og allur \u00cdsrael flutti Gu\u00f0s \u00f6rk upp me\u00f0 fagna\u00f0i og hlj\u00f3\u00f0f\u00e6rum.<\/p>\n<p>\tEn sem Gu\u00f0s \u00f6rk kom inn \u00ed Dav\u00ed\u00f0sborg \u00fe\u00e1 leit M\u00edk\u00f3l d\u00f3ttir Saul \u00fat um glugg einn og s\u00e1 a\u00f0 Dav\u00ed\u00f0 k\u00f3ngur l\u00e9k og dansa\u00f0i fyrir Drottni. \u00de\u00e1 forsm\u00e1\u00f0i h\u00fan hann \u00ed s\u00ednu hjarta. En sem \u00feeir innfluttu \u00f6rk Drottins \u00fe\u00e1 settu \u00feeir hana \u00ed sinn sta\u00f0 mitt \u00ed tjaldb\u00fa\u00f0ina \u00fe\u00e1 sem Dav\u00ed\u00f0 haf\u00f0i uppreist til hennar. Og Dav\u00ed\u00f0 offra\u00f0i brennif\u00f3rnum og \u00feakkarf\u00f3rnum fyrir Drottni. En sem Dav\u00ed\u00f0 haf\u00f0i offra\u00f0 brennif\u00f3rnum og \u00feakkl\u00e6tisf\u00f3rnum blessa\u00f0i hann f\u00f3lki\u00f0 \u00ed Drottins Seba\u00f3ts nafni og hann gaf \u00f6llu f\u00f3lki og \u00f6llum \u00cdsraelssafna\u00f0i, b\u00e6\u00f0i m\u00f6nnum og kvinnum, hverjum fyrir sig, einn brau\u00f0leif og eitt kj\u00f6tstykki og steikt similubrau\u00f0 me\u00f0 vi\u00f0smj\u00f6ri. <span class=\"athugasemd\" title=\"1. Para. 17\">[<\/span> \u00de\u00e1 f\u00f3r allt f\u00f3lki\u00f0 \u00ed burt hver \u00ed sitt h\u00fas.<\/p>\n<p>\tEn sem Dav\u00ed\u00f0 kom n\u00fa aftur a\u00f0 blessa sitt h\u00fas \u00fe\u00e1 gekk M\u00edk\u00f3l d\u00f3ttir Saul \u00fat \u00ed m\u00f3t honum og sag\u00f0i: <span class=\"athugasemd\" title=\"M\u00edk\u00f3l forsm\u00e1ir Dav\u00ed\u00f0\">[<\/span> &#8222;Hversu vegsamlegur var k\u00f3ngurinn af \u00cdsrael hver e\u00f0 afkl\u00e6ddist fyrir amb\u00e1ttum \u00fe\u00e9nara sinna og l\u00e9k nakinn sem fantar.&#8220; En Dav\u00ed\u00f0 sag\u00f0i til M\u00edk\u00f3l: &#8222;Eg vil leika fyrir Drottni \u00feeim sem mig \u00fatvaldi heldur en \u00feinn f\u00f6\u00f0ur og heldur en allt hans h\u00fas og hefur bo\u00f0i\u00f0 m\u00e9r a\u00f0 vera h\u00f6f\u00f0ingja yfir Drottins f\u00f3lki, yfir \u00cdsrael. Og eg vil n\u00fa enn ver\u00f0a minni og eg vil l\u00edtill\u00e6kka mig \u00ed m\u00ednu augliti og vegsamast me\u00f0 \u00feeim amb\u00e1ttum sem \u00fe\u00fa tala\u00f0ir um.&#8220; En M\u00edk\u00f3l d\u00f3ttir Saul \u00e1tti ekki b\u00f6rn allt til dau\u00f0adags.<\/p>\n","protected":false},"excerpt":{"rendered":"<p>VI. Og Dav\u00ed\u00f0 samansafna\u00f0i aftur \u00e1 n\u00fd \u00f6llum ungum m\u00f6nnum \u00ed \u00cdsrael, a\u00f0 t\u00f6lu \u00ferj\u00e1t\u00edgir \u00fe\u00fasundir, og t\u00f3k sig upp og f\u00f3r me\u00f0 allt \u00fea\u00f0 f\u00f3lk sem var hj\u00e1 honum af J\u00fadaborgurum a\u00f0 flytja Gu\u00f0s \u00f6rk \u00feanga\u00f0 hv\u00f6r a\u00f0 kalla\u00f0ist Drottins Seba\u00f3ts nafn b\u00fdr \u00fear \u00e1 yfir ker\u00fab\u00edm. Og \u00feeir l\u00e9tu setja Gu\u00f0s \u00f6rk \u00e1 einn n\u00fdjan vagn og t\u00f3ku hana af Ab\u00ednadabs h\u00fasi sem bj\u00f3 \u00ed G\u00edbea. En uxa \u00dasa og Ahj\u00f3, synir Ab\u00ednadab, st\u00fdr\u00f0u \u00feeim n\u00fdja vagni. Og sem \u00feeir \u00f3ku \u00fat me\u00f0 Gu\u00f0s \u00f6rk af h\u00fasi Ab\u00ednadab og Ahj\u00f3 gekk fyrir \u00f6rkinni \u00fe\u00e1 l\u00e9k Dav\u00ed\u00f0 og allt <a href=\"https:\/\/biblian.is\/gudbrandsbiblia\/sidari-samuelsbok-6-kafli\/\"> [&#8230;]<\/a><\/p>\n","protected":false},"author":1,"featured_media":0,"parent":0,"menu_order":0,"comment_status":"open","ping_status":"open","template":"bibliukaflar.php","meta":{"footnotes":""},"class_list":["post-2965","page","type-page","status-publish","hentry"],"_links":{"self":[{"href":"https:\/\/biblian.is\/gudbrandsbiblia\/wp-json\/wp\/v2\/pages\/2965","targetHints":{"allow":["GET"]}}],"collection":[{"href":"https:\/\/biblian.is\/gudbrandsbiblia\/wp-json\/wp\/v2\/pages"}],"about":[{"href":"https:\/\/biblian.is\/gudbrandsbiblia\/wp-json\/wp\/v2\/types\/page"}],"author":[{"embeddable":true,"href":"https:\/\/biblian.is\/gudbrandsbiblia\/wp-json\/wp\/v2\/users\/1"}],"replies":[{"embeddable":true,"href":"https:\/\/biblian.is\/gudbrandsbiblia\/wp-json\/wp\/v2\/comments?post=2965"}],"version-history":[{"count":0,"href":"https:\/\/biblian.is\/gudbrandsbiblia\/wp-json\/wp\/v2\/pages\/2965\/revisions"}],"wp:attachment":[{"href":"https:\/\/biblian.is\/gudbrandsbiblia\/wp-json\/wp\/v2\/media?parent=2965"}],"curies":[{"name":"wp","href":"https:\/\/api.w.org\/{rel}","templated":true}]}}