{"id":2963,"date":"2017-12-18T18:32:14","date_gmt":"2017-12-18T18:32:14","guid":{"rendered":"http:\/\/biblian.is\/gudbrandsbiblia\/sidari-samuelsbok-4-kafli\/"},"modified":"2017-12-18T18:32:14","modified_gmt":"2017-12-18T18:32:14","slug":"sidari-samuelsbok-4-kafli","status":"publish","type":"page","link":"https:\/\/biblian.is\/gudbrandsbiblia\/sidari-samuelsbok-4-kafli\/","title":{"rendered":"S\u00ed\u00f0ari Sam\u00faelsb\u00f3k 4. kafli"},"content":{"rendered":"<p>IIII.<\/p>\n<p>N\u00fa sem \u00cdsb\u00f3set son Saul heyr\u00f0i a\u00f0 Abner var dau\u00f0ur \u00ed Hebron \u00fe\u00e1 f\u00e9llust honum allar hendur og allur \u00cdsrael f\u00e9kk skelfing.<\/p>\n<p>\tEn son Saul haf\u00f0i tvo h\u00f6fu\u00f0smenn fyrir s\u00ednu herf\u00f3lki. S\u00e1 eini h\u00e9t Baena en annar Rek\u00f3b. <span class=\"athugasemd\" title=\"Baena \/ Rek\u00f3b\">[<\/span> \u00deeir voru synir Rim\u00f3n Berothiter af sonum Benjam\u00edn. \u00dev\u00ed a\u00f0 Ber\u00f3t var og reikna\u00f0ur \u00e1 me\u00f0al Benjam\u00edn og \u00feeir Berothiter voru fl\u00fanir til Gita\u00edm og bjuggu \u00fear sem \u00fatlendir allt til \u00feessa dags.<\/p>\n<p>\tJ\u00f3natas son Saul \u00e1tti og einn son. Hann var f\u00f3tlama og var hann fimm \u00e1ra gamall \u00feau t\u00ed\u00f0indi ur\u00f0u um Saul og J\u00f3natan af \u00cdsrael og hans f\u00f3sturm\u00f3\u00f0ur t\u00f3k hann og fl\u00fd\u00f0i felmsfull og sem h\u00fan skunda\u00f0i \u00ed fl\u00f3ttanum \u00fe\u00e1 f\u00e9ll hann og var\u00f0 haltur. Og hann h\u00e9t Mef\u00edb\u00f3set.<\/p>\n<p>\t\u00c1 einum degi gengu \u00feeir synir Rim\u00f3n Berothiter, Rek\u00f3b og Baena, \u00ed burt og komu til h\u00fasa \u00cdsb\u00f3set \u00fe\u00e1 dagur var sem heitastur og hann l\u00e1 \u00e1 sinni s\u00e6ng um mi\u00f0jan dag. Og \u00feeir komu \u00ed h\u00fasi\u00f0 a\u00f0 s\u00e6kja hveiti og \u00feeir l\u00f6g\u00f0u hann \u00ed kvi\u00f0inn og fl\u00fd\u00f0u \u00ed burt. \u00dev\u00ed \u00e1 \u00feessum t\u00edma sem \u00feeir komu \u00ed h\u00fasi\u00f0 l\u00e1 hann \u00e1 sinni s\u00e6ng \u00ed s\u00ednu svefnh\u00fasi og \u00feeir stungu hann \u00ed hel og hjuggu af honum h\u00f6fu\u00f0i\u00f0. Og \u00feeir t\u00f3ku hans h\u00f6fu\u00f0 me\u00f0 s\u00e9r og gengu um ey\u00f0im\u00f6rk alla \u00fe\u00e1 n\u00f3tt og b\u00e1ru h\u00f6fu\u00f0 \u00cdsb\u00f3set til Dav\u00ed\u00f0s \u00ed Hebron. Og \u00feeir s\u00f6g\u00f0u til k\u00f3ngsins: &#8222;Sj\u00e1, h\u00e9r er h\u00f6fu\u00f0 \u00cdsb\u00f3set, sonar Saul, \u00fe\u00edns \u00f3vinar, hver e\u00f0 sat um \u00feitt l\u00edf. Drottinn hefur \u00e1 \u00feessum degi hefnt m\u00edns herra k\u00f3ngsins \u00e1 Saul og hans s\u00e6\u00f0i.&#8220;<\/p>\n<p>\t\u00de\u00e1 svara\u00f0i Dav\u00ed\u00f0 \u00feeim: &#8222;Svo sannlega sem Drottinn lifir s\u00e1 frelsa\u00f0 hefur m\u00edna s\u00e1l af allri minni angist: Eg greip \u00feann sem kunngj\u00f6r\u00f0i m\u00e9r og sag\u00f0i: Saul er dau\u00f0ur, og hann \u00e6tla\u00f0i a\u00f0 hann mundi hafa bori\u00f0 m\u00e9r g\u00f3\u00f0 t\u00ed\u00f0indi en eg sl\u00f3 hann \u00ed hel \u00ed Siklag \u00feeim eg skyldi hafa gefi\u00f0 laun fyrir s\u00ednar fr\u00e9ttir. En \u00feessir \u00f3gu\u00f0legir menn hafa myrt og slegi\u00f0 r\u00e9ttl\u00e1tan mann \u00ed hans eigin h\u00fasi \u00e1 sinni s\u00e6ng. J\u00e1, skylda eg ekki krefja \u00fev\u00edl\u00edks bl\u00f3\u00f0s af ykkrum h\u00f6ndum og burt taka ykkur af j\u00f6r\u00f0unni?&#8220; Og Dav\u00ed\u00f0 bau\u00f0 s\u00ednum \u00fe\u00e9nurum. \u00deeir afl\u00edfu\u00f0u \u00fe\u00e1 og hjuggu af \u00feeim b\u00e6\u00f0i hendur og f\u00e6tur og hengdu \u00fe\u00e1 upp hj\u00e1 fiskivatninu \u00ed Hebron. En h\u00f6fu\u00f0 \u00cdsb\u00f3set t\u00f3ku \u00feeir og j\u00f6r\u00f0u\u00f0u \u00fea\u00f0 \u00ed gr\u00f6f Abners \u00ed Hebron.<\/p>\n","protected":false},"excerpt":{"rendered":"<p>IIII. N\u00fa sem \u00cdsb\u00f3set son Saul heyr\u00f0i a\u00f0 Abner var dau\u00f0ur \u00ed Hebron \u00fe\u00e1 f\u00e9llust honum allar hendur og allur \u00cdsrael f\u00e9kk skelfing. En son Saul haf\u00f0i tvo h\u00f6fu\u00f0smenn fyrir s\u00ednu herf\u00f3lki. S\u00e1 eini h\u00e9t Baena en annar Rek\u00f3b. [ \u00deeir voru synir Rim\u00f3n Berothiter af sonum Benjam\u00edn. \u00dev\u00ed a\u00f0 Ber\u00f3t var og reikna\u00f0ur \u00e1 me\u00f0al Benjam\u00edn og \u00feeir Berothiter voru fl\u00fanir til Gita\u00edm og bjuggu \u00fear sem \u00fatlendir allt til \u00feessa dags. J\u00f3natas son Saul \u00e1tti og einn son. Hann var f\u00f3tlama og var hann fimm \u00e1ra gamall \u00feau t\u00ed\u00f0indi ur\u00f0u um Saul og J\u00f3natan af \u00cdsrael og hans <a href=\"https:\/\/biblian.is\/gudbrandsbiblia\/sidari-samuelsbok-4-kafli\/\"> [&#8230;]<\/a><\/p>\n","protected":false},"author":1,"featured_media":0,"parent":0,"menu_order":0,"comment_status":"open","ping_status":"open","template":"bibliukaflar.php","meta":{"footnotes":""},"class_list":["post-2963","page","type-page","status-publish","hentry"],"_links":{"self":[{"href":"https:\/\/biblian.is\/gudbrandsbiblia\/wp-json\/wp\/v2\/pages\/2963","targetHints":{"allow":["GET"]}}],"collection":[{"href":"https:\/\/biblian.is\/gudbrandsbiblia\/wp-json\/wp\/v2\/pages"}],"about":[{"href":"https:\/\/biblian.is\/gudbrandsbiblia\/wp-json\/wp\/v2\/types\/page"}],"author":[{"embeddable":true,"href":"https:\/\/biblian.is\/gudbrandsbiblia\/wp-json\/wp\/v2\/users\/1"}],"replies":[{"embeddable":true,"href":"https:\/\/biblian.is\/gudbrandsbiblia\/wp-json\/wp\/v2\/comments?post=2963"}],"version-history":[{"count":0,"href":"https:\/\/biblian.is\/gudbrandsbiblia\/wp-json\/wp\/v2\/pages\/2963\/revisions"}],"wp:attachment":[{"href":"https:\/\/biblian.is\/gudbrandsbiblia\/wp-json\/wp\/v2\/media?parent=2963"}],"curies":[{"name":"wp","href":"https:\/\/api.w.org\/{rel}","templated":true}]}}