{"id":2959,"date":"2017-12-18T18:32:14","date_gmt":"2017-12-18T18:32:14","guid":{"rendered":"http:\/\/biblian.is\/gudbrandsbiblia\/fyrri-samuelsbok-31-kafli\/"},"modified":"2017-12-18T18:32:14","modified_gmt":"2017-12-18T18:32:14","slug":"fyrri-samuelsbok-31-kafli","status":"publish","type":"page","link":"https:\/\/biblian.is\/gudbrandsbiblia\/fyrri-samuelsbok-31-kafli\/","title":{"rendered":"Fyrri Sam\u00faelsb\u00f3k 31. kafli"},"content":{"rendered":"<p>XXXI.<\/p>\n<p>Philistei h\u00e9ldu bardaga vi\u00f0 \u00cdsrael og \u00cdsraelsmenn fl\u00fd\u00f0u, f\u00e9llu og voru slegnir \u00e1 fjallinu Gilb\u00f3a. <span class=\"athugasemd\" title=\"1. Para. 11\">[<\/span> Og Philistei s\u00f3ttu sem \u00e1kafast a\u00f0 Saul og hans sonum og sl\u00f3gu J\u00f3natan og Ab\u00ednadab og Malk\u00eds\u00faa syni Saul. Sneri \u00fe\u00e1 bardaga \u00e1 sj\u00e1lfan Saul og bogmennirnir skutu fastlega \u00e1 hann me\u00f0 s\u00ednum bogum so a\u00f0 st\u00f3r s\u00e1r b\u00e1rust \u00e1 Saul af \u00feeirra skotum.<\/p>\n<p>\t\u00de\u00e1 sag\u00f0i Saul til s\u00edns skjaldsveins: &#8222;Breg\u00f0 \u00fe\u00ednu sver\u00f0i og legg mig \u00ed gegnum svo a\u00f0 \u00feeir \u00f3umskornu komi ekki a\u00f0 repa mig me\u00f0 h\u00e6\u00f0ilegum dau\u00f0a.&#8220; <span class=\"athugasemd\" title=\"Saul f\u00e9ll me\u00f0 s\u00ednum \u00feremur sonum\">[<\/span> En hans skjaldsveinn vildi ekki. \u00de\u00e1 t\u00f3k Saul sj\u00e1lfur sver\u00f0i\u00f0 og l\u00e9t fallast \u00fear \u00e1. En sem hans skjaldsveinn s\u00e1 a\u00f0 Saul var dau\u00f0ur f\u00e9ll hann og svo \u00e1 sitt sver\u00f0 og d\u00f3 me\u00f0 honum. Svo l\u00e9t Saul l\u00edf sitt og hans \u00fer\u00edr synir og svo hans skjaldsveinn og svo l\u00edka allir hans menn \u00e1 \u00feeim sama degi.<\/p>\n<p>\tEn sem \u00cdsraelsmenn sem voru hinumegin dalsins og hinumegin J\u00f3rdanar s\u00e1u fl\u00f3ttann \u00cdsraelsmann og a\u00f0 Saul og hans synir voru fallnir yfirg\u00e1fu \u00feeir borgirnar og fl\u00fa\u00f0u en Philistei komu og bjuggu \u00ed \u00feeim.<\/p>\n<p>\tA\u00f0 \u00f6\u00f0rum degi komu Philistei a\u00f0 kanna valinn og \u00feeir fundu Saul og hans \u00ferj\u00e1 syni liggjandi \u00e1 fjallinu Gilb\u00f3a. Og \u00feeir hjuggu h\u00f6fu\u00f0i\u00f0 af Saul og t\u00f3ku hans herkl\u00e6\u00f0i og sendu \u00feau um land Philistinorum og l\u00e9tu lyfta \u00feessu \u00ed \u00feeirra afgu\u00f0ahofum og so fyrir \u00f6llu f\u00f3lki. Hans harneski festu \u00feeir upp \u00ed hofi Astar\u00f3t en hans l\u00edkama festu \u00feeir \u00e1 m\u00farvegginn \u00ed Betsan.<\/p>\n<p>\t\u00de\u00e1 \u00feeir \u00ed Jabes \u00ed G\u00edlea\u00f0 heyr\u00f0u \u00fea\u00f0 hva\u00f0 Philister h\u00f6f\u00f0u gj\u00f6rt vi\u00f0 Saul t\u00f3ku sig upp \u00feeir hraustustu menn \u00e1 me\u00f0al \u00feeirra og gengu alla \u00fe\u00e1 n\u00f3tt og t\u00f3ku Saul og hans sona l\u00edkami af m\u00farnum \u00ed Betsan og f\u00e6r\u00f0u \u00fe\u00e1 til Jabes og brenndu \u00fe\u00e1 \u00fear. <span class=\"athugasemd\" title=\"1. Reg. 20\">[<\/span> Og \u00feeir t\u00f3ku \u00feeirra bein og j\u00f6r\u00f0u\u00f0u \u00feau \u00ed sk\u00f3ginum Jabes og f\u00f6stu\u00f0u sj\u00f6 daga. <span class=\"athugasemd\" title=\"2. Para. 16\">[<\/span><\/p>\n<p>Endir \u00feeirrar fyrstu b\u00f3kar Samuelis<\/p>\n","protected":false},"excerpt":{"rendered":"<p>XXXI. Philistei h\u00e9ldu bardaga vi\u00f0 \u00cdsrael og \u00cdsraelsmenn fl\u00fd\u00f0u, f\u00e9llu og voru slegnir \u00e1 fjallinu Gilb\u00f3a. [ Og Philistei s\u00f3ttu sem \u00e1kafast a\u00f0 Saul og hans sonum og sl\u00f3gu J\u00f3natan og Ab\u00ednadab og Malk\u00eds\u00faa syni Saul. Sneri \u00fe\u00e1 bardaga \u00e1 sj\u00e1lfan Saul og bogmennirnir skutu fastlega \u00e1 hann me\u00f0 s\u00ednum bogum so a\u00f0 st\u00f3r s\u00e1r b\u00e1rust \u00e1 Saul af \u00feeirra skotum. \u00de\u00e1 sag\u00f0i Saul til s\u00edns skjaldsveins: &#8222;Breg\u00f0 \u00fe\u00ednu sver\u00f0i og legg mig \u00ed gegnum svo a\u00f0 \u00feeir \u00f3umskornu komi ekki a\u00f0 repa mig me\u00f0 h\u00e6\u00f0ilegum dau\u00f0a.&#8220; [ En hans skjaldsveinn vildi ekki. \u00de\u00e1 t\u00f3k Saul sj\u00e1lfur sver\u00f0i\u00f0 og l\u00e9t <a href=\"https:\/\/biblian.is\/gudbrandsbiblia\/fyrri-samuelsbok-31-kafli\/\"> [&#8230;]<\/a><\/p>\n","protected":false},"author":1,"featured_media":0,"parent":0,"menu_order":0,"comment_status":"open","ping_status":"open","template":"bibliukaflar.php","meta":{"footnotes":""},"class_list":["post-2959","page","type-page","status-publish","hentry"],"_links":{"self":[{"href":"https:\/\/biblian.is\/gudbrandsbiblia\/wp-json\/wp\/v2\/pages\/2959","targetHints":{"allow":["GET"]}}],"collection":[{"href":"https:\/\/biblian.is\/gudbrandsbiblia\/wp-json\/wp\/v2\/pages"}],"about":[{"href":"https:\/\/biblian.is\/gudbrandsbiblia\/wp-json\/wp\/v2\/types\/page"}],"author":[{"embeddable":true,"href":"https:\/\/biblian.is\/gudbrandsbiblia\/wp-json\/wp\/v2\/users\/1"}],"replies":[{"embeddable":true,"href":"https:\/\/biblian.is\/gudbrandsbiblia\/wp-json\/wp\/v2\/comments?post=2959"}],"version-history":[{"count":0,"href":"https:\/\/biblian.is\/gudbrandsbiblia\/wp-json\/wp\/v2\/pages\/2959\/revisions"}],"wp:attachment":[{"href":"https:\/\/biblian.is\/gudbrandsbiblia\/wp-json\/wp\/v2\/media?parent=2959"}],"curies":[{"name":"wp","href":"https:\/\/api.w.org\/{rel}","templated":true}]}}