{"id":2955,"date":"2017-12-18T18:32:14","date_gmt":"2017-12-18T18:32:14","guid":{"rendered":"http:\/\/biblian.is\/gudbrandsbiblia\/fyrri-samuelsbok-27-kafli\/"},"modified":"2017-12-18T18:32:14","modified_gmt":"2017-12-18T18:32:14","slug":"fyrri-samuelsbok-27-kafli","status":"publish","type":"page","link":"https:\/\/biblian.is\/gudbrandsbiblia\/fyrri-samuelsbok-27-kafli\/","title":{"rendered":"Fyrri Sam\u00faelsb\u00f3k 27. kafli"},"content":{"rendered":"<p>XXVII.<\/p>\n<p>Og Dav\u00ed\u00f0 hugsa\u00f0i me\u00f0 s\u00e9r: <span class=\"athugasemd\" title=\"Dav\u00ed\u00f0 fl\u00fdr til Ak\u00eds\">[<\/span> &#8222;Ske m\u00e1 a\u00f0 eg falli enn \u00ed hendur Saul. M\u00e9r er ekkert betra en eg fl\u00fdi burt og fari \u00ed land Philisteis svo a\u00f0 Saul m\u00e6tti afl\u00e1ta a\u00f0 leita m\u00edn um allar \u00cdsraels lands\u00e1lfur og a\u00f0 eg for\u00f0ist so hans hendur.&#8220; Og Dav\u00ed\u00f0 t\u00f3k sig upp og f\u00f3r burt og me\u00f0 honum sex hundru\u00f0 manna sem voru hj\u00e1 honum til Ak\u00eds, sonar Ma\u00f3k, k\u00f3ngsins \u00ed Gat. So var Dav\u00ed\u00f0 \u00ed Gat hj\u00e1 Ak\u00eds og allir hans menn, hver me\u00f0 s\u00ednu hyski, Dav\u00ed\u00f0 og svo me\u00f0 tveimur s\u00ednum kvinnum, Ah\u00edn\u00f3am af Jesreel og Abigail kvinnu Nabal af Karmel. <span class=\"athugasemd\" title=\"Ak\u00eds\">[<\/span> Og er Saul fr\u00e9tti \u00fea\u00f0 a\u00f0 Dav\u00ed\u00f0 haf\u00f0i fl\u00fai\u00f0 \u00ed Gat \u00fe\u00e1 l\u00e9tti hann a\u00f0 leita eftir Dav\u00ed\u00f0.<\/p>\n<p>\tOg Dav\u00ed\u00f0 sag\u00f0i til Ak\u00eds: &#8222;Hafi eg fundi\u00f0 n\u00e1\u00f0 fyrir \u00fe\u00ednu augliti \u00fe\u00e1 gef m\u00e9r nokkurn sta\u00f0 til \u00edb\u00fa\u00f0ar \u00ed \u00fe\u00ednu landi. \u00dev\u00ed skal \u00fej\u00f3n \u00feinn b\u00faa hj\u00e1 \u00fe\u00e9r \u00ed \u00fe\u00ednum konunglega sta\u00f0?&#8220; \u00de\u00e1 gaf Ak\u00eds honum Siklag \u00e1 \u00feeim sama degi. Og \u00fear fyrir er Sikla J\u00fadak\u00f3nga sta\u00f0ur allt til \u00feessa dags. En s\u00e1 t\u00edmi sem Dav\u00ed\u00f0 bj\u00f3 \u00ed landi \u00feeirra Philistinorum var eitt \u00e1r og fj\u00f3rir m\u00e1nu\u00f0ir.<\/p>\n<p>\tDav\u00ed\u00f0 f\u00f3r me\u00f0 s\u00edna menn og f\u00e9ll inn \u00ed land \u00feeirra \u00fej\u00f3\u00f0a sem k\u00f6llu\u00f0ust Gessuriter og Gersiter og Amalachiter \u00fev\u00ed a\u00f0 \u00feessar \u00fej\u00f3\u00f0ir h\u00f6f\u00f0u b\u00fai\u00f0 \u00ed \u00feessum l\u00f6ndum \u00ed fyrndinni \u00fear menn fara til S\u00far allt a\u00f0 Egyptalandi. Og sem Dav\u00ed\u00f0 sl\u00f3 landi\u00f0 l\u00e9t hann hverki lifa karlmenn n\u00e9 kvinnur en t\u00f3k naut, sau\u00f0i, uxa, asna, kl\u00e6\u00f0i og \u00falfalda og sneri svo aftur og kom til Ak\u00eds. En \u00fe\u00e1 m\u00e6lti Ak\u00eds: &#8222;Hefur \u00fe\u00fa hvergi \u00e1hlaup gj\u00f6rt \u00ed dag?&#8220; Dav\u00ed\u00f0 svara\u00f0i: &#8222;Su\u00f0ur \u00e1 m\u00f3ts vi\u00f0 J\u00fada og su\u00f0ur \u00e1 m\u00f3ti Jerahmeeliter og su\u00f0ur \u00e1 m\u00f3t Keniter.&#8220;<\/p>\n<p>\tOg Dav\u00ed\u00f0 l\u00e9t hverki karl n\u00e9 kvinnu lifandi koma til Gat \u00fev\u00ed hann hugsa\u00f0i: &#8222;Ske m\u00e1 a\u00f0 \u00feeir \u00fev\u00e6tti um oss.&#8220; Svo gj\u00f6r\u00f0i Dav\u00ed\u00f0 og \u00fea\u00f0 var hans si\u00f0vani alla \u00fe\u00e1 stund sem hann bj\u00f3 \u00ed landi Philisteis. Og \u00fev\u00ed tr\u00fa\u00f0i Ak\u00eds Dav\u00ed\u00f0 og hugsa\u00f0i: &#8222;Hann hefur gj\u00f6rt sig andstyggilegan fyrir s\u00ednu f\u00f3lki. \u00dev\u00ed skal hann vera minn \u00fej\u00f3nustuma\u00f0ur \u00e6vinlega.&#8220;<\/p>\n","protected":false},"excerpt":{"rendered":"<p>XXVII. Og Dav\u00ed\u00f0 hugsa\u00f0i me\u00f0 s\u00e9r: [ &#8222;Ske m\u00e1 a\u00f0 eg falli enn \u00ed hendur Saul. M\u00e9r er ekkert betra en eg fl\u00fdi burt og fari \u00ed land Philisteis svo a\u00f0 Saul m\u00e6tti afl\u00e1ta a\u00f0 leita m\u00edn um allar \u00cdsraels lands\u00e1lfur og a\u00f0 eg for\u00f0ist so hans hendur.&#8220; Og Dav\u00ed\u00f0 t\u00f3k sig upp og f\u00f3r burt og me\u00f0 honum sex hundru\u00f0 manna sem voru hj\u00e1 honum til Ak\u00eds, sonar Ma\u00f3k, k\u00f3ngsins \u00ed Gat. So var Dav\u00ed\u00f0 \u00ed Gat hj\u00e1 Ak\u00eds og allir hans menn, hver me\u00f0 s\u00ednu hyski, Dav\u00ed\u00f0 og svo me\u00f0 tveimur s\u00ednum kvinnum, Ah\u00edn\u00f3am af Jesreel og Abigail <a href=\"https:\/\/biblian.is\/gudbrandsbiblia\/fyrri-samuelsbok-27-kafli\/\"> [&#8230;]<\/a><\/p>\n","protected":false},"author":1,"featured_media":0,"parent":0,"menu_order":0,"comment_status":"open","ping_status":"open","template":"bibliukaflar.php","meta":{"footnotes":""},"class_list":["post-2955","page","type-page","status-publish","hentry"],"_links":{"self":[{"href":"https:\/\/biblian.is\/gudbrandsbiblia\/wp-json\/wp\/v2\/pages\/2955","targetHints":{"allow":["GET"]}}],"collection":[{"href":"https:\/\/biblian.is\/gudbrandsbiblia\/wp-json\/wp\/v2\/pages"}],"about":[{"href":"https:\/\/biblian.is\/gudbrandsbiblia\/wp-json\/wp\/v2\/types\/page"}],"author":[{"embeddable":true,"href":"https:\/\/biblian.is\/gudbrandsbiblia\/wp-json\/wp\/v2\/users\/1"}],"replies":[{"embeddable":true,"href":"https:\/\/biblian.is\/gudbrandsbiblia\/wp-json\/wp\/v2\/comments?post=2955"}],"version-history":[{"count":0,"href":"https:\/\/biblian.is\/gudbrandsbiblia\/wp-json\/wp\/v2\/pages\/2955\/revisions"}],"wp:attachment":[{"href":"https:\/\/biblian.is\/gudbrandsbiblia\/wp-json\/wp\/v2\/media?parent=2955"}],"curies":[{"name":"wp","href":"https:\/\/api.w.org\/{rel}","templated":true}]}}