{"id":2954,"date":"2017-12-18T18:32:14","date_gmt":"2017-12-18T18:32:14","guid":{"rendered":"http:\/\/biblian.is\/gudbrandsbiblia\/fyrri-samuelsbok-26-kafli\/"},"modified":"2017-12-18T18:32:14","modified_gmt":"2017-12-18T18:32:14","slug":"fyrri-samuelsbok-26-kafli","status":"publish","type":"page","link":"https:\/\/biblian.is\/gudbrandsbiblia\/fyrri-samuelsbok-26-kafli\/","title":{"rendered":"Fyrri Sam\u00faelsb\u00f3k 26. kafli"},"content":{"rendered":"<p>XXVI.<\/p>\n<p>\u00deeir af S\u00edf komu til Saul \u00ed G\u00edbea og s\u00f6g\u00f0u: <span class=\"athugasemd\" title=\"\u00deeir af S\u00edf segja Saul hvar Dav\u00ed\u00f0 er\">[<\/span> &#8222;Mun Dav\u00ed\u00f0 ekki leynast \u00e1 Hak\u00edlah\u00e6\u00f0um gagnvart ey\u00f0im\u00f6rku?&#8220; Sem Saul heyr\u00f0i \u00feetta br\u00e1 hann strax vi\u00f0 og f\u00f3r \u00feanga\u00f0 og \u00ferj\u00e1r \u00fe\u00fasundir ungra manna af \u00cdsrael me\u00f0 honum a\u00f0 leita eftir Dav\u00ed\u00f0 \u00ed ey\u00f0im\u00f6rku S\u00edf og hann setti herb\u00fa\u00f0ir \u00e1 Hak\u00edlah\u00e6\u00f0um sem a\u00f0 liggur gegnt ey\u00f0im\u00f6rkinni hj\u00e1 veginum. En Dav\u00ed\u00f0 var \u00ed ey\u00f0im\u00f6rkinni. Og er hann s\u00e1 a\u00f0 Saul kom eftir honum \u00ed ey\u00f0im\u00f6rkina \u00fatsendi hann nj\u00f3snarmenn. Hann fr\u00e9tti \u00fe\u00e1 a\u00f0 Saul var vissulega kominn.<\/p>\n<p>\tOg Dav\u00ed\u00f0 t\u00f3k sig upp og kom a\u00f0 \u00feeim sta\u00f0 sem Saul haf\u00f0i sett s\u00ednar tjaldb\u00fa\u00f0ir og s\u00e1 hvar Saul l\u00e1 og hans hersh\u00f6f\u00f0ingi Abner son Ner \u00fev\u00ed Saul l\u00e1 \u00ed vagnborg undir berum himni og str\u00ed\u00f0sf\u00f3lki\u00f0 \u00ed kringum hann. \u00de\u00e1 svara\u00f0i Dav\u00ed\u00f0 og sag\u00f0i til Ah\u00edmelek Hetiter og til Ab\u00edsa\u00ed sonar Ser\u00faja, br\u00f3\u00f0ir J\u00f3ab: &#8222;Hver vill fara me\u00f0 m\u00e9r ofan a\u00f0 herb\u00fa\u00f0um Saul?&#8220; Ab\u00edsa\u00ed svara\u00f0i: &#8222;Eg vil fara me\u00f0 \u00fe\u00e9r ofan \u00feanga\u00f0.&#8220;<\/p>\n<p>\tSo kom Dav\u00ed\u00f0 og Ab\u00edsa\u00ed til f\u00f3lksins um n\u00f3ttina. Og sj\u00e1, Saul l\u00e1 og svaf \u00ed einni vagnborg og hans spj\u00f3t st\u00f3\u00f0 \u00ed j\u00f6r\u00f0u vi\u00f0 hans h\u00f6fu\u00f0 en Abner og herinn l\u00e1 \u00ed kringum hann.<\/p>\n<p>\t\u00de\u00e1 sag\u00f0i Ab\u00edsa\u00ed til Dav\u00ed\u00f0s: &#8222;N\u00fa hefur Gu\u00f0 \u00e1 \u00feessum degi gefi\u00f0 \u00feinn \u00f3vin \u00ed \u00fe\u00edna h\u00f6nd. \u00dev\u00ed vil eg n\u00fa leggja \u00ed gegnum hann spj\u00f3tinu einu sinni svo a\u00f0 hann skal ekki \u00feurfa meira.&#8220; Dav\u00ed\u00f0 sag\u00f0i til Ab\u00edsa\u00ed: &#8222;Drep \u00fe\u00fa hann ekki \u00fev\u00ed hver vill leggja hendur \u00e1 \u00feann smur\u00f0a Drottins og vera \u00f3hegndur?&#8220; <span class=\"athugasemd\" title=\"Dav\u00ed\u00f0 \u00feyrmir Saul \u00ed anna\u00f0 sinn\">[<\/span> Og enn m\u00e6lti Dav\u00ed\u00f0: &#8222;Svo sannarlega sem Drottin lifir: Ef sj\u00e1lfur Drottinn sl\u00e6r hann ekki elligar hans t\u00edmi kemur a\u00f0 hann skal deyja e\u00f0a hann dr\u00e6gi \u00ed str\u00ed\u00f0 og fellur \u00fear \u00fe\u00e1 for\u00f0i Drottinn m\u00e9r \u00fev\u00ed a\u00f0 eg leggi m\u00edna h\u00f6nd \u00e1 Krist Drottins. Svo tak n\u00fa spj\u00f3ti\u00f0 \u00fea\u00f0 sem stendur a\u00f0 h\u00f6f\u00f0i honum og vatnkeri\u00f0 og f\u00f6rum burt.&#8220; Svo t\u00f3k Dav\u00ed\u00f0 spj\u00f3ti\u00f0 og vatnkeri\u00f0 \u00fea\u00f0 sem st\u00f3\u00f0 a\u00f0 h\u00f6f\u00f0i Saul og gekk \u00ed burt og \u00fear var enginn sem \u00feetta s\u00e1 e\u00f0ur yr\u00f0i var vi\u00f0 n\u00e9 vakna\u00f0i heldur sv\u00e1fu \u00feeir allir. \u00dev\u00ed a\u00f0 fastur svefn af Drottni var yfir \u00fe\u00e1 alla fallinn.<\/p>\n<p>\tOg sem Dav\u00ed\u00f0 var n\u00fa kominn yfir um \u00e1 hina s\u00ed\u00f0u gekk hann langt burt \u00e1 h\u00e6\u00f0 nokkra so a\u00f0 \u00fear var langt \u00e1 millum \u00feeirra. \u00de\u00e1 kalla\u00f0i Dav\u00ed\u00f0 til f\u00f3lksins og til Abner sonar Ner og sag\u00f0i: &#8222;Heyrir \u00fe\u00fa ekki, Abner?&#8220; Abner svara\u00f0i og sag\u00f0i: &#8222;Hver ert \u00fe\u00fa a\u00f0 \u00fe\u00fa \u00f3n\u00e1\u00f0ar k\u00f3nginn?&#8220; Dav\u00ed\u00f0 svara\u00f0i Abner: &#8222;Ert \u00fe\u00fa ekki ma\u00f0ur? Og hver er \u00feinn jafningi \u00ed \u00cdsrael? \u00dev\u00ed hefur \u00fe\u00fa ekki betur geymt \u00fe\u00edns herra k\u00f3ngs? \u00dev\u00ed \u00fear gekk inn einn af f\u00f3lkinu a\u00f0 drepa \u00feinn herra og k\u00f3ng. N\u00fa hefur \u00fe\u00fa v\u00edst ei vel gj\u00f6rt. Svo sannlega sem Drottinn lifir: \u00de\u00e9r eru\u00f0 dau\u00f0ans synir a\u00f0 \u00fe\u00e9r hafi\u00f0 ekki var\u00f0veitt y\u00f0arn herra \u00feann smur\u00f0a Drottins. Sj\u00e1 \u00fe\u00fa n\u00fa, h\u00e9r er k\u00f3ngsins spj\u00f3t og \u00fea\u00f0 vatnker sem var hj\u00e1 hans h\u00f6f\u00f0i.&#8220;<\/p>\n<p>\t\u00de\u00e1 kenndi Saul Dav\u00ed\u00f0s r\u00f6dd og sag\u00f0i: &#8222;Dav\u00ed\u00f0, minn son, er \u00fea\u00f0 ekki \u00fe\u00edn r\u00f6dd?&#8220; Dav\u00ed\u00f0 sag\u00f0i: &#8222;\u00dea\u00f0 er m\u00edn r\u00f6dd, minn herra k\u00f3ngur.&#8220; Og hann tala\u00f0i enn framar: &#8222;Fyrir hverja skuld ofs\u00e6kir \u00fe\u00fa so \u00feinn \u00fe\u00e9nara? Hva\u00f0 hefi eg gj\u00f6rt og hva\u00f0 er vont \u00ed m\u00ednum h\u00f6ndum? So heyr n\u00fa, minn herra k\u00f3ngur, or\u00f0 \u00fe\u00edns \u00fe\u00e9nara. Ef Drottinn hvetur \u00feig \u00ed m\u00f3t m\u00e9r \u00fe\u00e1 l\u00e1t upptendra eitt matoffur. En ef \u00fea\u00f0 gj\u00f6ra mannasynir \u00fe\u00e1 s\u00e9 \u00feeir b\u00f6lva\u00f0ir af Drottni a\u00f0 \u00feeir vilja \u00fatreka mig \u00e1 \u00feessum degi a\u00f0 eg m\u00e1 ekki b\u00faa \u00ed erf\u00f0 Drottins og \u00feeir segja: <span class=\"athugasemd\" title=\"Supra 24\">[<\/span> Far burt og \u00fej\u00f3na \u00fe\u00fa \u00f6\u00f0rum gu\u00f0um. Svo falli n\u00fa ei mitt bl\u00f3\u00f0 \u00e1 j\u00f6r\u00f0 fyrir augliti Drottins \u00fev\u00ed a\u00f0 \u00cdsraels k\u00f3ngur er \u00fatdreginn a\u00f0 leita eftir einni fl\u00f3 e\u00f0a so sem \u00fe\u00e1 vei\u00f0imenn elta rj\u00fapu \u00e1 fj\u00f6llum.&#8220;<\/p>\n<p>\t\u00de\u00e1 svara\u00f0i Saul: <span class=\"athugasemd\" title=\"Saul me\u00f0kennir hann hafi \u00f3forsj\u00e1lega gj\u00f6rt\">[<\/span> &#8222;Eg hefi misgj\u00f6rt. Kom aftur til m\u00edn, minn son Dav\u00ed\u00f0, h\u00e9\u00f0an \u00ed fr\u00e1 vil eg ekki illt gj\u00f6ra \u00fe\u00e9r af \u00fev\u00ed a\u00f0 n\u00fa \u00ed dag var mitt l\u00edf d\u00fdrlegt \u00ed \u00fe\u00ednu augliti. Sj\u00e1, eg hefi gj\u00f6rt f\u00e1v\u00edslega og mj\u00f6g \u00f3forsj\u00e1lega.&#8220; Dav\u00ed\u00f0 svara\u00f0i og sag\u00f0i: &#8222;Sj\u00e1i\u00f0, h\u00e9r er k\u00f3ngsins spj\u00f3t, fari einn af sm\u00e1sveinum yfir hinga\u00f0 a\u00f0 s\u00e6kja \u00fea\u00f0. En Drottinn mun bitala s\u00e9rhverjum eftir sinni r\u00e9ttv\u00edsi og sinni tr\u00fa. \u00dev\u00ed Drottinn gaf \u00feig \u00ed dag \u00ed m\u00ednar hendur en eg vilda ekki leggja m\u00edna h\u00f6nd \u00e1 Krist Drottins. Og svo sem \u00feitt l\u00edf var mikla\u00f0 \u00ed dag fyrir m\u00ednum augum svo s\u00e9 og m\u00edn s\u00e1l miklu\u00f0 \u00ed augliti Drottins og frelsi hann mig af \u00f6llum m\u00f3tgangi.&#8220; Saul sag\u00f0i til Dav\u00ed\u00f0s: &#8222;Blessa\u00f0ur s\u00e9rtu, minn son Dav\u00ed\u00f0, \u00fe\u00fa munt \u00fea\u00f0 gj\u00f6ra og fullkomna \u00fea\u00f0.&#8220; Eftir \u00feetta gekk Dav\u00ed\u00f0 s\u00edna lei\u00f0 en Saul sneri aftur \u00ed sinn sta\u00f0.<\/p>\n","protected":false},"excerpt":{"rendered":"<p>XXVI. \u00deeir af S\u00edf komu til Saul \u00ed G\u00edbea og s\u00f6g\u00f0u: [ &#8222;Mun Dav\u00ed\u00f0 ekki leynast \u00e1 Hak\u00edlah\u00e6\u00f0um gagnvart ey\u00f0im\u00f6rku?&#8220; Sem Saul heyr\u00f0i \u00feetta br\u00e1 hann strax vi\u00f0 og f\u00f3r \u00feanga\u00f0 og \u00ferj\u00e1r \u00fe\u00fasundir ungra manna af \u00cdsrael me\u00f0 honum a\u00f0 leita eftir Dav\u00ed\u00f0 \u00ed ey\u00f0im\u00f6rku S\u00edf og hann setti herb\u00fa\u00f0ir \u00e1 Hak\u00edlah\u00e6\u00f0um sem a\u00f0 liggur gegnt ey\u00f0im\u00f6rkinni hj\u00e1 veginum. En Dav\u00ed\u00f0 var \u00ed ey\u00f0im\u00f6rkinni. Og er hann s\u00e1 a\u00f0 Saul kom eftir honum \u00ed ey\u00f0im\u00f6rkina \u00fatsendi hann nj\u00f3snarmenn. Hann fr\u00e9tti \u00fe\u00e1 a\u00f0 Saul var vissulega kominn. Og Dav\u00ed\u00f0 t\u00f3k sig upp og kom a\u00f0 \u00feeim sta\u00f0 sem Saul haf\u00f0i <a href=\"https:\/\/biblian.is\/gudbrandsbiblia\/fyrri-samuelsbok-26-kafli\/\"> [&#8230;]<\/a><\/p>\n","protected":false},"author":1,"featured_media":0,"parent":0,"menu_order":0,"comment_status":"open","ping_status":"open","template":"bibliukaflar.php","meta":{"footnotes":""},"class_list":["post-2954","page","type-page","status-publish","hentry"],"_links":{"self":[{"href":"https:\/\/biblian.is\/gudbrandsbiblia\/wp-json\/wp\/v2\/pages\/2954","targetHints":{"allow":["GET"]}}],"collection":[{"href":"https:\/\/biblian.is\/gudbrandsbiblia\/wp-json\/wp\/v2\/pages"}],"about":[{"href":"https:\/\/biblian.is\/gudbrandsbiblia\/wp-json\/wp\/v2\/types\/page"}],"author":[{"embeddable":true,"href":"https:\/\/biblian.is\/gudbrandsbiblia\/wp-json\/wp\/v2\/users\/1"}],"replies":[{"embeddable":true,"href":"https:\/\/biblian.is\/gudbrandsbiblia\/wp-json\/wp\/v2\/comments?post=2954"}],"version-history":[{"count":0,"href":"https:\/\/biblian.is\/gudbrandsbiblia\/wp-json\/wp\/v2\/pages\/2954\/revisions"}],"wp:attachment":[{"href":"https:\/\/biblian.is\/gudbrandsbiblia\/wp-json\/wp\/v2\/media?parent=2954"}],"curies":[{"name":"wp","href":"https:\/\/api.w.org\/{rel}","templated":true}]}}