{"id":2952,"date":"2017-12-18T18:32:11","date_gmt":"2017-12-18T18:32:11","guid":{"rendered":"http:\/\/biblian.is\/gudbrandsbiblia\/fyrri-samuelsbok-24-kafli\/"},"modified":"2017-12-18T18:32:11","modified_gmt":"2017-12-18T18:32:11","slug":"fyrri-samuelsbok-24-kafli","status":"publish","type":"page","link":"https:\/\/biblian.is\/gudbrandsbiblia\/fyrri-samuelsbok-24-kafli\/","title":{"rendered":"Fyrri Sam\u00faelsb\u00f3k 24. kafli"},"content":{"rendered":"<p>XXIIII.<\/p>\n<p>N\u00fa sem Saul kom aftur fr\u00e1 \u00feeim Philisteis var honum \u00feegar sagt: &#8222;Sj\u00e1, Dav\u00ed\u00f0 er n\u00fa \u00ed ey\u00f0im\u00f6rku Engedd\u00ed.&#8220; <span class=\"athugasemd\" title=\"Engedd\u00ed\">[<\/span> Jafnsnart \u00fatvaldi Saul \u00ferj\u00e1r \u00fe\u00fasundir ungra manna af \u00f6llum \u00cdsrael og f\u00f3r a\u00f0 leita Dav\u00ed\u00f0s og hans manna um \u00fe\u00e1 vegu brattra bjarga a\u00f0 <span class=\"athugasemd\" title=\"sword Ibicibus\">[<\/span> sk\u00f3gd\u00fdrum einum var f\u00e6rt fram a\u00f0 komast. En sem hann kom a\u00f0 nokkrum fj\u00e1rbyrgjum \u00e1 veginum \u00fe\u00e1 var\u00f0 fyrir honum einn hellir. Og Saul gekk \u00fear inn a\u00f0 <span class=\"athugasemd\" title=\"sword (\u00dea\u00f0 er) til sword nau\u00f0synja sinna\">[<\/span> hylja s\u00edna f\u00e6tur. En Dav\u00ed\u00f0 og hans menn leyndust \u00ed \u00feeim sama hellir innarlega.<\/p>\n<p>\t\u00de\u00e1 s\u00f6g\u00f0u menn Dav\u00ed\u00f0s til hans: &#8222;Sj\u00e1\u00f0u, n\u00fa er s\u00e1 dagur kominn af hverjum Drottinn hefur sagt \u00fe\u00e9r: Sj\u00e1, eg vil gefa \u00feinn \u00f3vin \u00ed \u00fe\u00ednar hendur so \u00fe\u00fa m\u00e1tt n\u00fa gj\u00f6ra honum hva\u00f0 \u00feig lystir.&#8220; <span class=\"athugasemd\" title=\"Dav\u00ed\u00f0 \u00feyrmir Saul\">[<\/span> Dav\u00ed\u00f0 st\u00f3\u00f0 upp og snei\u00f0 svo hlj\u00f3\u00f0lega eitt laf af skikkju Saul. En sem hann haf\u00f0i skori\u00f0 \u00feetta af Sauls skikkju \u00fe\u00e1 gramdist hann sj\u00e1lfum s\u00e9r og sag\u00f0i til sinna manna: &#8222;Drottinn l\u00e1ti \u00fea\u00f0 vera langt fr\u00e1 m\u00e9r a\u00f0 eg skuli \u00fea\u00f0 gj\u00f6ra a\u00f0 leggja m\u00edna h\u00f6nd \u00e1 minn herra, \u00feann smur\u00f0a Drottins, \u00fev\u00ed a\u00f0 hann er er Christur Drottins.&#8220; Og Dav\u00ed\u00f0 m\u00fdkti hugi sinna manna me\u00f0 \u00feessum or\u00f0um og l\u00e9t \u00fe\u00e1 ekki r\u00e1\u00f0a \u00e1 Saul.<\/p>\n<p>\tN\u00fa sem Saul gekk \u00fat af hellirnum og f\u00f3r \u00e1 sinn veg \u00fe\u00e1 st\u00f3\u00f0 Dav\u00ed\u00f0 upp og gekk \u00fat af hellirnum og kalla\u00f0i eftir Saul og sag\u00f0i: &#8222;Minn herra k\u00f3ngur!&#8220; Saul leit aftur. Og Dav\u00ed\u00f0 f\u00e9ll allur til jar\u00f0ar, tilba\u00f0 og sag\u00f0i til Saul: &#8222;\u00dev\u00ed hl\u00fd\u00f0ir \u00fe\u00fa \u00feeirra manna or\u00f0um sem so segja: Dav\u00ed\u00f0 situr um l\u00edf \u00feitt. Sj\u00e1, \u00fe\u00edn sj\u00e1lfs augu sj\u00e1 \u00fea\u00f0 \u00e1 \u00feessum degi a\u00f0 Drottinn haf\u00f0i gefi\u00f0 \u00feig \u00ed m\u00ednar hendur \u00ed hellirnum. Og \u00fea\u00f0 var sagt a\u00f0 eg skyldi sl\u00e1 \u00feig \u00ed hel. En n\u00fa s\u00e9r \u00fe\u00fa a\u00f0 eg hl\u00edf\u00f0a \u00fe\u00e9r \u00fev\u00ed eg sag\u00f0a: Eigi vil eg leggja m\u00edna h\u00f6nd \u00e1 minn herra \u00fev\u00ed hann er s\u00e1 smur\u00f0i Drottins.<\/p>\n<p>\tMinn fa\u00f0ir, sj\u00e1, h\u00e9r er eitt speld af \u00feinni skikkju \u00ed minni hendi til merkis a\u00f0 eg vildi ekki sl\u00e1 \u00feig \u00ed hel \u00fe\u00e1 eg skar \u00feetta speld af \u00feinni skikkju. G\u00e6ttu n\u00fa a\u00f0 og sj\u00e1\u00f0u a\u00f0 \u00fear er ekkert illt \u00ed minni hendi, ei heldur nokkur misgj\u00f6rningur. Eg hefi og ekki syndgast \u00ed m\u00f3ti \u00fe\u00e9r og \u00fe\u00fa situr um l\u00edf mitt. S\u00e9 Drottinn d\u00f3mari millum m\u00edn og \u00fe\u00edn og hefni m\u00edn \u00e1 \u00fe\u00e9r en m\u00ednar hendur skal eg ei leggja \u00e1 \u00feig. Menn plaga a\u00f0 segja \u00ed g\u00f6mlum or\u00f0skvi\u00f0: Af \u00f3mildum kemur illska, en m\u00edn h\u00f6nd skal ekki koma yfir \u00feig. Eftir hverjum leitar \u00fe\u00fa, k\u00f3ngur \u00cdsrael? Hv\u00f6rn eltir \u00fe\u00fa? Einn dau\u00f0an hund? Einasta eina fl\u00f3? Drottinn d\u00e6mi millum \u00fe\u00edn og m\u00edn og sj\u00e1i til og \u00fatr\u00e9tti m\u00edna s\u00f6k og frelsi mig af \u00feinni hendi.&#8220;<\/p>\n<p>\tEn sem Dav\u00ed\u00f0 haf\u00f0i \u00fattala\u00f0 \u00feessi or\u00f0 vi\u00f0 Saul \u00fe\u00e1 svara\u00f0i hann: &#8222;Dav\u00ed\u00f0, minn son, er \u00fea\u00f0 ekki \u00fe\u00edn r\u00f6dd?&#8220; Og Saul upph\u00f3f s\u00edna raust gr\u00e1tandi og sag\u00f0i til hans: <span class=\"athugasemd\" title=\"Saul me\u00f0kennir \u00fea\u00f0 a\u00f0 hann ofs\u00e6kir Dav\u00ed\u00f0 saklausan\">[<\/span> &#8222;\u00de\u00fa ert r\u00e9ttl\u00e1tari en eg. \u00dea\u00f0 g\u00f3\u00f0a hefur \u00fe\u00fa au\u00f0s\u00fdnt m\u00e9r en eg hef s\u00fdnt \u00fe\u00e9r hi\u00f0 vonda. Og n\u00fa hefur \u00fe\u00fa au\u00f0s\u00fdnt m\u00e9r \u00ed dag hversu vel a\u00f0 \u00fe\u00fa hefur gj\u00f6rt vi\u00f0 mig a\u00f0 Drottinn haf\u00f0i gefi\u00f0 mig \u00ed \u00fe\u00ednar hendur en \u00fe\u00fa drapst mig ekki. Hvernin mun nokkur finna sinn \u00f3vin og l\u00e1ta hann fara g\u00f3\u00f0an veg fr\u00e1 s\u00e9r? Drottinn umbauni \u00fe\u00e9r g\u00f3\u00f0u fyrir \u00feennan dag \u00fea\u00f0 \u00fe\u00fa hefur gj\u00f6rt m\u00e9r. Sj\u00e1 n\u00fa, eg veit a\u00f0 \u00fe\u00fa munt ver\u00f0a k\u00f3ngur og Israelis k\u00f3ngsr\u00edki stendur \u00ed \u00feinni hendi. Svo sver m\u00e9r n\u00fa vi\u00f0 Drottin a\u00f0 \u00fe\u00fa viljir eigi uppr\u00e6ta mitt s\u00e6\u00f0i eftir mig og ei afm\u00e1 mitt nafn af m\u00edns f\u00f6\u00f0urs h\u00fasi.&#8220; Og Dav\u00ed\u00f0 s\u00f3r Saul. S\u00ed\u00f0an f\u00f3r Saul heim en Dav\u00ed\u00f0 og hans menn f\u00f3ru aftur \u00ed sitt v\u00edgi.<\/p>\n","protected":false},"excerpt":{"rendered":"<p>XXIIII. N\u00fa sem Saul kom aftur fr\u00e1 \u00feeim Philisteis var honum \u00feegar sagt: &#8222;Sj\u00e1, Dav\u00ed\u00f0 er n\u00fa \u00ed ey\u00f0im\u00f6rku Engedd\u00ed.&#8220; [ Jafnsnart \u00fatvaldi Saul \u00ferj\u00e1r \u00fe\u00fasundir ungra manna af \u00f6llum \u00cdsrael og f\u00f3r a\u00f0 leita Dav\u00ed\u00f0s og hans manna um \u00fe\u00e1 vegu brattra bjarga a\u00f0 [ sk\u00f3gd\u00fdrum einum var f\u00e6rt fram a\u00f0 komast. En sem hann kom a\u00f0 nokkrum fj\u00e1rbyrgjum \u00e1 veginum \u00fe\u00e1 var\u00f0 fyrir honum einn hellir. Og Saul gekk \u00fear inn a\u00f0 [ hylja s\u00edna f\u00e6tur. En Dav\u00ed\u00f0 og hans menn leyndust \u00ed \u00feeim sama hellir innarlega. \u00de\u00e1 s\u00f6g\u00f0u menn Dav\u00ed\u00f0s til hans: &#8222;Sj\u00e1\u00f0u, n\u00fa er s\u00e1 dagur <a href=\"https:\/\/biblian.is\/gudbrandsbiblia\/fyrri-samuelsbok-24-kafli\/\"> [&#8230;]<\/a><\/p>\n","protected":false},"author":1,"featured_media":0,"parent":0,"menu_order":0,"comment_status":"open","ping_status":"open","template":"bibliukaflar.php","meta":{"footnotes":""},"class_list":["post-2952","page","type-page","status-publish","hentry"],"_links":{"self":[{"href":"https:\/\/biblian.is\/gudbrandsbiblia\/wp-json\/wp\/v2\/pages\/2952","targetHints":{"allow":["GET"]}}],"collection":[{"href":"https:\/\/biblian.is\/gudbrandsbiblia\/wp-json\/wp\/v2\/pages"}],"about":[{"href":"https:\/\/biblian.is\/gudbrandsbiblia\/wp-json\/wp\/v2\/types\/page"}],"author":[{"embeddable":true,"href":"https:\/\/biblian.is\/gudbrandsbiblia\/wp-json\/wp\/v2\/users\/1"}],"replies":[{"embeddable":true,"href":"https:\/\/biblian.is\/gudbrandsbiblia\/wp-json\/wp\/v2\/comments?post=2952"}],"version-history":[{"count":0,"href":"https:\/\/biblian.is\/gudbrandsbiblia\/wp-json\/wp\/v2\/pages\/2952\/revisions"}],"wp:attachment":[{"href":"https:\/\/biblian.is\/gudbrandsbiblia\/wp-json\/wp\/v2\/media?parent=2952"}],"curies":[{"name":"wp","href":"https:\/\/api.w.org\/{rel}","templated":true}]}}