{"id":2949,"date":"2017-12-18T18:32:11","date_gmt":"2017-12-18T18:32:11","guid":{"rendered":"http:\/\/biblian.is\/gudbrandsbiblia\/fyrri-samuelsbok-21-kafli\/"},"modified":"2017-12-18T18:32:11","modified_gmt":"2017-12-18T18:32:11","slug":"fyrri-samuelsbok-21-kafli","status":"publish","type":"page","link":"https:\/\/biblian.is\/gudbrandsbiblia\/fyrri-samuelsbok-21-kafli\/","title":{"rendered":"Fyrri Sam\u00faelsb\u00f3k 21. kafli"},"content":{"rendered":"<p>XXI.<\/p>\n<p>Dav\u00ed\u00f0 kom til N\u00f3be til Ah\u00edmelek kennimanns. <span class=\"athugasemd\" title=\"Dav\u00ed\u00f0 kemur til N\u00f3be til Ah\u00edmelek\">[<\/span> Og Ah\u00edmelek hnykkti vi\u00f0 \u00fe\u00e1 e\u00f0 hann m\u00e6tti Dav\u00ed\u00f0 og sag\u00f0i til hans: &#8222;\u00dev\u00ed kemur \u00fe\u00fa svo alleina svo a\u00f0 ekki er einn ma\u00f0ur me\u00f0 \u00fe\u00e9r?&#8220; En Dav\u00ed\u00f0 svara\u00f0i Ah\u00edmelek: &#8222;K\u00f3ngurinn b\u00edfala\u00f0i m\u00e9r eitt erindi og banna\u00f0i m\u00e9r a\u00f0 segja nokkrum, hvar fyrir hann sendi mig svo, e\u00f0a hva\u00f0 hann vildi eg gj\u00f6r\u00f0i. \u00dev\u00ed hefi eg svo sent m\u00edna menn hinga\u00f0 og \u00feanga\u00f0 fr\u00e1 m\u00e9r. En hafir \u00fe\u00fa nokku\u00f0 \u00fe\u00e9r \u00ed hendi, eitt brau\u00f0 e\u00f0a fimm, \u00fe\u00e1 gef m\u00e9r \u00feau \u00ed m\u00edna h\u00f6nd e\u00f0a hva\u00f0 \u00fe\u00fa getur fundi\u00f0.&#8220;<\/p>\n<p>\tAh\u00edmelek svara\u00f0i Dav\u00ed\u00f0 og sag\u00f0i: &#8222;Eg hefi ekkert almennilegt brau\u00f0 undir minni hendi nema \u00feau sem heil\u00f6g eru. Hafi a\u00f0eins sveinarnir haldi\u00f0 s\u00e9r fr\u00e1 kvenna samvistum.&#8220; Dav\u00ed\u00f0 svara\u00f0i kennimanninum og sag\u00f0i: &#8222;Kvinnurnar voru \u00ferj\u00e1 daga geymdar fr\u00e1 oss \u00fe\u00e1 eg f\u00f3r \u00fat og \u00f6ll sveinanna ker voru heil\u00f6g. En s\u00e9 \u00feessi vegur \u00f3heilagur \u00fe\u00e1 skal hann helgast \u00ed dag fyrir kerin.&#8220; \u00de\u00e1 gaf kennima\u00f0urinn honum af \u00fev\u00ed helga\u00f0a \u00fev\u00ed hann haf\u00f0i ekki anna\u00f0 brau\u00f0 utan \u00feau sko\u00f0unarbrau\u00f0 sem upp voru l\u00e1tin fyrir Drottin a\u00f0 menn skyldu leggja ein \u00f6nnur n\u00fd brau\u00f0 aftur \u00fe\u00e1 \u00feau v\u00e6ru \u00ed burt tekin \u00e1 sama degi.<\/p>\n<p>\tEn \u00fear var einn ma\u00f0ur inniluktur \u00feann dag fyrir Drottni af \u00fe\u00e9nurum Saul hver e\u00f0 h\u00e9t D\u00f3eg, einn Edomiter. <span class=\"athugasemd\" title=\"D\u00f3eg \/ Psal. 25\">[<\/span> Hann var m\u00e1ttkastur af hir\u00f0\u00f6rum Saul. Og Dav\u00ed\u00f0 sag\u00f0i til Ah\u00edmelek: &#8222;Hefur \u00fe\u00fa undir \u00feinni hendi spj\u00f3t e\u00f0ur sver\u00f0? Eg t\u00f3k ei mitt sver\u00f0 n\u00e9 nein vopn me\u00f0 m\u00e9r \u00fea\u00f0 so bar br\u00e1\u00f0an a\u00f0 um k\u00f3ngs erindi.&#8220; Kennima\u00f0urinn svara\u00f0i: &#8222;Gol\u00edats sver\u00f0 hvern \u00fe\u00fa sl\u00f3st \u00ed Eikardal er h\u00e9r og er sveipa\u00f0 \u00ed einu kl\u00e6\u00f0i til baka vi\u00f0 l\u00edfkyrtilinn. Viljir \u00fe\u00fa \u00fea\u00f0 hafa svo tak \u00fea\u00f0 \u00fev\u00ed a\u00f0 h\u00e9r er ekki sver\u00f0 anna\u00f0 en \u00feetta.&#8220; Dav\u00ed\u00f0 svara\u00f0i: &#8222;Ekkert anna\u00f0 er jafngott, f\u00e1 \u00fe\u00fa m\u00e9r \u00fea\u00f0.&#8220;<\/p>\n<p>\tOg Dav\u00ed\u00f0 t\u00f3k sig upp og for\u00f0a\u00f0ist Saul og kom til Ak\u00eds sem var k\u00f3ngur \u00ed Gat. <span class=\"athugasemd\" title=\"Ak\u00eds \/ Psal. 34; 56\">[<\/span> En Ak\u00eds \u00fe\u00e9narar s\u00f6g\u00f0u til hans: &#8222;H\u00e9r er kominn Dav\u00ed\u00f0, k\u00f3ngur landsins, af hverjum \u00fe\u00e6r sungu \u00ed dansinum og s\u00f6g\u00f0u: Saul vann sigur \u00e1 \u00fe\u00fasund en Dav\u00ed\u00f0 \u00e1 t\u00edu \u00fe\u00fasund.&#8220; Dav\u00ed\u00f0 hugfesti \u00feessi or\u00f0 og var hr\u00e6ddur mj\u00f6g vi\u00f0 Ak\u00eds k\u00f3ng af Gat. Hann torkennir sig fyrir \u00feeim og l\u00e6tur sem hann detti \u00ed \u00feeirra h\u00f6ndum og rekur sig \u00e1 dyrustafina \u00ed portinu og hr\u00e6kir \u00ed skegg s\u00e9r. \u00de\u00e1 sag\u00f0i Ak\u00eds til sinna manna: &#8222;Sj\u00e1i\u00f0, \u00fe\u00e9r sj\u00e1i\u00f0 a\u00f0 \u00feessi ma\u00f0ur er vitstoli. \u00dev\u00ed leiddu \u00fe\u00e9r hann fyrir mig? E\u00f0a hefi eg ekki n\u00f3ga vitlausa skiptinga a\u00f0 \u00fe\u00e9r leiddu\u00f0 hann \u00fe\u00f3 hinga\u00f0 a\u00f0 hann skyldi \u00e6rast h\u00e9r fyrir augum m\u00e9r? Skyldi hann koma \u00ed mitt h\u00fas?&#8220;<\/p>\n","protected":false},"excerpt":{"rendered":"<p>XXI. Dav\u00ed\u00f0 kom til N\u00f3be til Ah\u00edmelek kennimanns. [ Og Ah\u00edmelek hnykkti vi\u00f0 \u00fe\u00e1 e\u00f0 hann m\u00e6tti Dav\u00ed\u00f0 og sag\u00f0i til hans: &#8222;\u00dev\u00ed kemur \u00fe\u00fa svo alleina svo a\u00f0 ekki er einn ma\u00f0ur me\u00f0 \u00fe\u00e9r?&#8220; En Dav\u00ed\u00f0 svara\u00f0i Ah\u00edmelek: &#8222;K\u00f3ngurinn b\u00edfala\u00f0i m\u00e9r eitt erindi og banna\u00f0i m\u00e9r a\u00f0 segja nokkrum, hvar fyrir hann sendi mig svo, e\u00f0a hva\u00f0 hann vildi eg gj\u00f6r\u00f0i. \u00dev\u00ed hefi eg svo sent m\u00edna menn hinga\u00f0 og \u00feanga\u00f0 fr\u00e1 m\u00e9r. En hafir \u00fe\u00fa nokku\u00f0 \u00fe\u00e9r \u00ed hendi, eitt brau\u00f0 e\u00f0a fimm, \u00fe\u00e1 gef m\u00e9r \u00feau \u00ed m\u00edna h\u00f6nd e\u00f0a hva\u00f0 \u00fe\u00fa getur fundi\u00f0.&#8220; Ah\u00edmelek svara\u00f0i Dav\u00ed\u00f0 <a href=\"https:\/\/biblian.is\/gudbrandsbiblia\/fyrri-samuelsbok-21-kafli\/\"> [&#8230;]<\/a><\/p>\n","protected":false},"author":1,"featured_media":0,"parent":0,"menu_order":0,"comment_status":"open","ping_status":"open","template":"bibliukaflar.php","meta":{"footnotes":""},"class_list":["post-2949","page","type-page","status-publish","hentry"],"_links":{"self":[{"href":"https:\/\/biblian.is\/gudbrandsbiblia\/wp-json\/wp\/v2\/pages\/2949","targetHints":{"allow":["GET"]}}],"collection":[{"href":"https:\/\/biblian.is\/gudbrandsbiblia\/wp-json\/wp\/v2\/pages"}],"about":[{"href":"https:\/\/biblian.is\/gudbrandsbiblia\/wp-json\/wp\/v2\/types\/page"}],"author":[{"embeddable":true,"href":"https:\/\/biblian.is\/gudbrandsbiblia\/wp-json\/wp\/v2\/users\/1"}],"replies":[{"embeddable":true,"href":"https:\/\/biblian.is\/gudbrandsbiblia\/wp-json\/wp\/v2\/comments?post=2949"}],"version-history":[{"count":0,"href":"https:\/\/biblian.is\/gudbrandsbiblia\/wp-json\/wp\/v2\/pages\/2949\/revisions"}],"wp:attachment":[{"href":"https:\/\/biblian.is\/gudbrandsbiblia\/wp-json\/wp\/v2\/media?parent=2949"}],"curies":[{"name":"wp","href":"https:\/\/api.w.org\/{rel}","templated":true}]}}