{"id":2947,"date":"2017-12-18T18:32:11","date_gmt":"2017-12-18T18:32:11","guid":{"rendered":"http:\/\/biblian.is\/gudbrandsbiblia\/fyrri-samuelsbok-19-kafli\/"},"modified":"2017-12-18T18:32:11","modified_gmt":"2017-12-18T18:32:11","slug":"fyrri-samuelsbok-19-kafli","status":"publish","type":"page","link":"https:\/\/biblian.is\/gudbrandsbiblia\/fyrri-samuelsbok-19-kafli\/","title":{"rendered":"Fyrri Sam\u00faelsb\u00f3k 19. kafli"},"content":{"rendered":"<p>XIX.<\/p>\n<p>En Saul m\u00e6lti vi\u00f0 sinn son J\u00f3natan og so alla s\u00edna \u00fe\u00e9nara og bau\u00f0 \u00feeim a\u00f0 drepa Dav\u00ed\u00f0. <span class=\"athugasemd\" title=\"J\u00f3natan varar Dav\u00ed\u00f0 vi\u00f0\">[<\/span> En J\u00f3natas elska\u00f0i Dav\u00ed\u00f0 sem sitt eigi\u00f0 hjarta og kunngj\u00f6r\u00f0i honum \u00feetta og sag\u00f0i: &#8222;Minn fa\u00f0ir Saul stundar eftir a\u00f0 drepa \u00feig. \u00dear fyrir g\u00e6t \u00fe\u00edn til morguns og fel \u00feig. En eg skal fara \u00fat me\u00f0 f\u00f6\u00f0ur m\u00ednum \u00ed m\u00f6rkina \u00fear \u00fe\u00fa ert og skal eg tala vi\u00f0 minn f\u00f6\u00f0ur um \u00feig og hvers eg ver\u00f0 af v\u00eds skal eg kunngj\u00f6ra \u00fe\u00e9r.&#8220;<\/p>\n<p>\tOg J\u00f3natas tala\u00f0i vi\u00f0 sinn f\u00f6\u00f0ur og lag\u00f0i til hi\u00f0 besta me\u00f0 Dav\u00ed\u00f0 og sag\u00f0i til hans: <span class=\"athugasemd\" title=\"Supra 17\">[<\/span> &#8222;K\u00f3ngurinn gj\u00f6ri ekki \u00feann gl\u00e6p \u00e1 s\u00ednum \u00fe\u00e9nara Dav\u00ed\u00f0 \u00fev\u00ed a\u00f0 hann hefur ekkert misgj\u00f6rt vi\u00f0 \u00feig heldur eru hans verk \u00fe\u00e9r miskunnsamleg. Og hann lag\u00f0i sitt l\u00edf \u00ed h\u00e6ttu og sl\u00f3 \u00feann Philisteum og Drottinn gj\u00f6r\u00f0i mikla hj\u00e1lp Israelisf\u00f3lki. \u00deetta s\u00e1stu og varst gla\u00f0ur vi\u00f0. \u00dev\u00ed viltu \u00fe\u00e1 gl\u00e6past \u00e1 saklausu bl\u00f3\u00f0i a\u00f0 \u00fe\u00fa vilt drepa Dav\u00ed\u00f0 \u00e1n sakar?&#8220; S\u00e1l hl\u00fdddi fort\u00f6lum J\u00f3natas og s\u00f3r (segjandi): &#8222;Svo sannarlega sem Drottinn lifir skal hann ekki deyja.&#8220; \u00de\u00e1 kalla\u00f0i J\u00f3natas \u00e1 Dav\u00ed\u00f0 og sag\u00f0i honum \u00f6ll \u00feessi or\u00f0 og leiddi hann inn fyrir Saul. Og hann var fyrir honum sem fyrr.<\/p>\n<p>\t\u00dear h\u00f3fst enn \u00f3fri\u00f0ur og Dav\u00ed\u00f0 dr\u00f3 \u00fat a\u00f0 berjast \u00ed m\u00f3t Philisteis og veitti \u00feeim miki\u00f0 slag so a\u00f0 \u00feeir hrukku fyrir honum. <span class=\"athugasemd\" title=\"Saul leitar vi\u00f0 a\u00f0 fyrirfara Dav\u00ed\u00f0\">[<\/span> En illur andi af Drottni kom yfir Saul \u00fear hann sat \u00ed s\u00ednu h\u00fasi og h\u00e9lt \u00e1 einu spj\u00f3ti. En Dav\u00ed\u00f0 l\u00e9k \u00e1 h\u00f6rpu s\u00edna. Og Saul \u00e6tla\u00f0i a\u00f0 n\u00edsta Dav\u00ed\u00f0 \u00ed gegnum vi\u00f0 vegginn. En hann halla\u00f0ist undan og spj\u00f3ti\u00f0 st\u00f3\u00f0 fast \u00ed veggnum. En Dav\u00ed\u00f0 fl\u00fa\u00f0i og komst undan \u00fe\u00e1 s\u00f6mu n\u00f3tt.<\/p>\n<p>\t\u00de\u00e1 sendi Saul bo\u00f0 til Dav\u00ed\u00f0s h\u00fass og bau\u00f0 s\u00ednum m\u00f6nnum a\u00f0 g\u00e6ta hans \u00fear \u00fe\u00e1 n\u00f3tt en strax a\u00f0 morni skyldi drepa hann. <span class=\"athugasemd\" title=\"M\u00edk\u00f3l \/ Psal. 59\">[<\/span> \u00deetta kunngj\u00f6r\u00f0i M\u00edk\u00f3l Dav\u00ed\u00f0 og sag\u00f0i: &#8222;Ef \u00fe\u00fa for\u00f0ar ekki \u00feinni s\u00e1lu \u00e1 \u00feessari n\u00f3ttu \u00fe\u00e1 muntu deyja \u00e1 morgun.&#8220; \u00de\u00e1 l\u00e9t M\u00edk\u00f3l hann s\u00edga \u00fat um eitt vindauga so hann gekk burt, fl\u00fd\u00f0i og komst undan. Og M\u00edk\u00f3l t\u00f3k eitt manl\u00edkan og lag\u00f0i \u00ed s\u00e6ngina og l\u00e9t eina geitst\u00f6ku undir \u00feess h\u00f6fu\u00f0 og huldi \u00fea\u00f0 me\u00f0 kl\u00e6\u00f0um. \u00de\u00e1 sendi Saul bo\u00f0 og skipa\u00f0i a\u00f0 s\u00e6kja Dav\u00ed\u00f0. En h\u00fan sag\u00f0i: &#8222;Hann er sj\u00fakur.&#8220; Enn sendi Saul aftur og skipa\u00f0i \u00feeim a\u00f0 sko\u00f0a Dav\u00ed\u00f0 og sag\u00f0i: &#8222;Beri\u00f0 hann hinga\u00f0 til m\u00edn \u00ed s\u00e6nginni so hann s\u00e9 drepinn.&#8220; En sem sendimenn komu, sj\u00e1, \u00fe\u00e1 l\u00e1 mannl\u00edkan \u00ed s\u00e6nginni og geitarskinn undir h\u00f6f\u00f0inu. \u00de\u00e1 sag\u00f0i Saul til M\u00edk\u00f3l: &#8222;\u00dev\u00ed hefur \u00fe\u00fa sviki\u00f0 mig og l\u00e1ti\u00f0 minn \u00f3vin \u00ed burt komast?&#8220; M\u00edk\u00f3l svara\u00f0i: &#8222;Hann sag\u00f0i vi\u00f0 mig: L\u00e1t mig fara elligar skal eg drepa \u00feig.&#8220;<\/p>\n<p>\tDav\u00ed\u00f0 fl\u00fd\u00f0i n\u00fa og komst undan og f\u00f3r til fundar vi\u00f0 Sam\u00fael \u00ed Rama og sag\u00f0i honum allt fr\u00e1 hva\u00f0 Saul haf\u00f0i gj\u00f6rt honum. <span class=\"athugasemd\" title=\"Dav\u00ed\u00f0 for\u00f0ast Saul\">[<\/span> Og hann gekk me\u00f0 Sam\u00fael og \u00feeir dv\u00f6ldust \u00ed Naj\u00f3t. Og Saul f\u00e9kk \u00fea\u00f0 a\u00f0 spyrja: &#8222;Sj\u00e1, Dav\u00ed\u00f0 er \u00ed Naj\u00f3t \u00ed Rama.&#8220; \u00de\u00e1 sendi Saul menn a\u00f0 \u00feeir skyldu f\u00e6ra Dav\u00ed\u00f0 til hans. Og \u00feeir fundu sp\u00e1mannaflokka sem sp\u00e1\u00f0u og Sam\u00fael var \u00feeirra tilsj\u00f3nari. Jafnsnart kom Gu\u00f0s andi yfir sendimenn Saul svo a\u00f0 \u00feeir sp\u00e1\u00f0u me\u00f0 \u00f6\u00f0rum. \u00de\u00e1 Saul spur\u00f0i \u00fea\u00f0 sendi hann \u00feegar a\u00f0ra menn. \u00deeir sp\u00e1\u00f0u og svo. Hann sendi hina \u00feri\u00f0ju og f\u00f3r \u00e1 sama h\u00e1tt a\u00f0 \u00feeir sp\u00e1\u00f0u einnin.<\/p>\n<p>\t\u00de\u00e1 f\u00f3r hann sj\u00e1lfur til Rama. En sem hann kom a\u00f0 \u00feeim st\u00f3ra brunni sem stendur \u00ed Sek\u00fa spur\u00f0i hann a\u00f0 og sag\u00f0i: &#8222;Hvar eru \u00feeir Sam\u00fael og Dav\u00ed\u00f0?&#8220; En honum var sagt: &#8222;Sj\u00e1, \u00feeir eru til Naj\u00f3t \u00ed Rama.&#8220; Og hann gekk til Naj\u00f3t \u00ed Rama. Og Gu\u00f0s andi kom og so yfir Saul og hann gekk fram og sp\u00e1\u00f0i \u00fear til hann kom allt til Naj\u00f3t \u00ed Rama. Og hann kasta\u00f0i af s\u00e9r kl\u00e6\u00f0um og sp\u00e1\u00f0i fyrir Sam\u00fael og f\u00e9ll fram nakinn allan \u00feann dag og \u00fe\u00e1 n\u00f3tt me\u00f0. \u00dea\u00f0an h\u00f3fst s\u00e1 or\u00f0skvi\u00f0ur: &#8222;Hvort er Saul og \u00e1 me\u00f0al sp\u00e1manna?&#8220;<\/p>\n","protected":false},"excerpt":{"rendered":"<p>XIX. En Saul m\u00e6lti vi\u00f0 sinn son J\u00f3natan og so alla s\u00edna \u00fe\u00e9nara og bau\u00f0 \u00feeim a\u00f0 drepa Dav\u00ed\u00f0. [ En J\u00f3natas elska\u00f0i Dav\u00ed\u00f0 sem sitt eigi\u00f0 hjarta og kunngj\u00f6r\u00f0i honum \u00feetta og sag\u00f0i: &#8222;Minn fa\u00f0ir Saul stundar eftir a\u00f0 drepa \u00feig. \u00dear fyrir g\u00e6t \u00fe\u00edn til morguns og fel \u00feig. En eg skal fara \u00fat me\u00f0 f\u00f6\u00f0ur m\u00ednum \u00ed m\u00f6rkina \u00fear \u00fe\u00fa ert og skal eg tala vi\u00f0 minn f\u00f6\u00f0ur um \u00feig og hvers eg ver\u00f0 af v\u00eds skal eg kunngj\u00f6ra \u00fe\u00e9r.&#8220; Og J\u00f3natas tala\u00f0i vi\u00f0 sinn f\u00f6\u00f0ur og lag\u00f0i til hi\u00f0 besta me\u00f0 Dav\u00ed\u00f0 og sag\u00f0i til hans: <a href=\"https:\/\/biblian.is\/gudbrandsbiblia\/fyrri-samuelsbok-19-kafli\/\"> [&#8230;]<\/a><\/p>\n","protected":false},"author":1,"featured_media":0,"parent":0,"menu_order":0,"comment_status":"open","ping_status":"open","template":"bibliukaflar.php","meta":{"footnotes":""},"class_list":["post-2947","page","type-page","status-publish","hentry"],"_links":{"self":[{"href":"https:\/\/biblian.is\/gudbrandsbiblia\/wp-json\/wp\/v2\/pages\/2947","targetHints":{"allow":["GET"]}}],"collection":[{"href":"https:\/\/biblian.is\/gudbrandsbiblia\/wp-json\/wp\/v2\/pages"}],"about":[{"href":"https:\/\/biblian.is\/gudbrandsbiblia\/wp-json\/wp\/v2\/types\/page"}],"author":[{"embeddable":true,"href":"https:\/\/biblian.is\/gudbrandsbiblia\/wp-json\/wp\/v2\/users\/1"}],"replies":[{"embeddable":true,"href":"https:\/\/biblian.is\/gudbrandsbiblia\/wp-json\/wp\/v2\/comments?post=2947"}],"version-history":[{"count":0,"href":"https:\/\/biblian.is\/gudbrandsbiblia\/wp-json\/wp\/v2\/pages\/2947\/revisions"}],"wp:attachment":[{"href":"https:\/\/biblian.is\/gudbrandsbiblia\/wp-json\/wp\/v2\/media?parent=2947"}],"curies":[{"name":"wp","href":"https:\/\/api.w.org\/{rel}","templated":true}]}}