{"id":2940,"date":"2017-12-18T18:32:11","date_gmt":"2017-12-18T18:32:11","guid":{"rendered":"http:\/\/biblian.is\/gudbrandsbiblia\/fyrri-samuelsbok-12-kafli\/"},"modified":"2017-12-18T18:32:11","modified_gmt":"2017-12-18T18:32:11","slug":"fyrri-samuelsbok-12-kafli","status":"publish","type":"page","link":"https:\/\/biblian.is\/gudbrandsbiblia\/fyrri-samuelsbok-12-kafli\/","title":{"rendered":"Fyrri Sam\u00faelsb\u00f3k 12. kafli"},"content":{"rendered":"<p>XII.<\/p>\n<p>\u00de\u00e1 sag\u00f0i Sam\u00fael til alls Israelisl\u00fd\u00f0s: &#8222;Sj\u00e1, eg var hl\u00fd\u00f0inn y\u00f0ar r\u00f6ddu um allt \u00fea\u00f0 sem \u00fe\u00e9r s\u00f6g\u00f0u\u00f0 m\u00e9r svo eg hefi n\u00fa sett einn k\u00f3ng yfir y\u00f0ur. <span class=\"athugasemd\" title=\"Ecle. 46 \/ Act. 20\">[<\/span> Og sj\u00e1i\u00f0 n\u00fa, a\u00f0 y\u00f0ar k\u00f3ngur gengur frammi fyrir y\u00f0ur. En eg em n\u00fa or\u00f0inn gamall og gr\u00e1h\u00e6r\u00f0ur og m\u00ednir synir eru hj\u00e1 y\u00f0ur. <span class=\"athugasemd\" title=\"Eftird\u00e6mi eins g\u00f3\u00f0s stj\u00f3rnara\">[<\/span> Og eg hefi n\u00fa gengi\u00f0 fyrir y\u00f0ur fr\u00e1 m\u00ednum ungd\u00f3mi allt til \u00feessa dags. Sj\u00e1i\u00f0, eg em n\u00fa h\u00e9r, svari\u00f0 n\u00fa \u00ed m\u00f3ti m\u00e9r fyrir Drottni og hans smur\u00f0a: Ef eg hefi teki\u00f0 fr\u00e1 nokkrum manni hans uxa e\u00f0ur asna e\u00f0a hafi eg s\u00fdnt nokkrum manni ofr\u00edki e\u00f0a \u00f3r\u00e9tt e\u00f0a hafi eg \u00feegi\u00f0 gjafir af nokkurs manns hendi og l\u00e1ti\u00f0 blinda m\u00edn augu, \u00fe\u00e1 vil eg gjalda y\u00f0ur \u00fea\u00f0 aftur.&#8220;<\/p>\n<p>\t\u00deeir sv\u00f6ru\u00f0u: &#8222;Hverki hefur \u00fe\u00fa s\u00fdnt oss \u00f3r\u00e9tt n\u00e9 ofr\u00edki og ekkert fr\u00e1 nokkrum manni teki\u00f0.&#8220; Hann svara\u00f0i \u00feeim: &#8222;Drottinn s\u00e9 vitni \u00ed gegn y\u00f0ur og hans smur\u00f0ur \u00e1 \u00feessum degi a\u00f0 \u00fe\u00e9r hafi\u00f0 ekki neitt fundi\u00f0 \u00ed minni hendi.&#8220; \u00deeir s\u00f6g\u00f0u: &#8222;J\u00e1, s\u00e9 \u00feeir \u00feess vitni.&#8220; Og Sam\u00fael sag\u00f0i til f\u00f3lksins: &#8222;J\u00e1, s\u00e1 Gu\u00f0 sem skapa\u00f0i Mosen og Aron og f\u00e6r\u00f0i y\u00f0ar forfe\u00f0ur af Egyptalandi. Svo gangi\u00f0 n\u00fa fram a\u00f0 eg megi ganga \u00ed r\u00e9tt me\u00f0 y\u00f0ur fyrir Drottni um alla Gu\u00f0s velgj\u00f6rninga sem hann hefur veitt y\u00f0ur og y\u00f0rum forfe\u00f0rum.<\/p>\n<p>\t\u00de\u00e1 Jakob var kominn \u00ed Egyptaland k\u00f6llu\u00f0u y\u00f0rir forfe\u00f0ur til Drottins. Og hann sendi Mosen og Aron a\u00f0 lei\u00f0a y\u00f0ar forfe\u00f0ur af Egyptalandi og l\u00e9t \u00fe\u00e1 b\u00faa \u00ed \u00feessum sta\u00f0. <span class=\"athugasemd\" title=\"Gen. 46 \/ Exo. 25 \/ Judi. 4; 17 \/ Velgj\u00f6rningar Gu\u00f0s\">[<\/span> En \u00fe\u00e1 \u00feeir gleymdu Drottni s\u00ednum Gu\u00f0i seldi hann \u00fe\u00e1 undir vald S\u00edssera hver e\u00f0 var h\u00f6fu\u00f0sma\u00f0ur \u00ed Has\u00f3r og undir vald \u00feeirra Philistinorum og undir vald k\u00f3ngsins Moabitarum hverjir a\u00f0 herju\u00f0u \u00e1 \u00fe\u00e1. En \u00feeir k\u00f6llu\u00f0u til Drottins og s\u00f6g\u00f0u: V\u00e9r h\u00f6fum syndgast \u00ed \u00fev\u00ed a\u00f0 v\u00e9r yfirg\u00e1fum vorn Drottin en \u00fej\u00f3nu\u00f0um Baal og Astar\u00f3t. En frels oss n\u00fa af h\u00f6ndum vorra \u00f3vina, \u00fe\u00e1 viljum v\u00e9r \u00fej\u00f3na \u00fe\u00e9r. \u00de\u00e1 sendi Drottinn Jer\u00fabbaal, Bedan, Jefta og Sam\u00fael a\u00f0 frelsa y\u00f0ur af \u00f6llum y\u00f0ar \u00f3vina h\u00f6ndum allt um kring og l\u00e9t y\u00f0ur b\u00faa \u00f3hr\u00e6dda.<\/p>\n<p>\tEn \u00fe\u00e1 \u00fe\u00e9r s\u00e1u\u00f0 a\u00f0 Nahas Am\u00f3nsona k\u00f3ngur kom \u00ed m\u00f3ti y\u00f0ur s\u00f6g\u00f0u \u00fe\u00e9r til m\u00edn: Eigi \u00fe\u00fa, heldur skal einn k\u00f3ngur r\u00edkja yfir oss, \u00fear \u00fe\u00f3 a\u00f0 Drottinn y\u00f0ar Gu\u00f0 var y\u00f0ar k\u00f3ngur. \u00dear hafi \u00fe\u00e9r n\u00fa y\u00f0arn k\u00f3ng hvern \u00fe\u00e9r hafi\u00f0 \u00fatvali\u00f0 og be\u00f0i\u00f0 um. \u00dev\u00ed sj\u00e1, Drottinn hefur sett einn k\u00f3ng yfir y\u00f0ur. S\u00e9 \u00fea\u00f0 svo a\u00f0 \u00fe\u00e9r \u00f3ttist Drottin og \u00fej\u00f3ni\u00f0 honum og hl\u00fd\u00f0i\u00f0 hans raust og eru\u00f0 ekki munni Drottins \u00f3hl\u00fd\u00f0ugir \u00fe\u00e1 skulu b\u00e6\u00f0i \u00fe\u00e9r og y\u00f0ar k\u00f3ngur sem stj\u00f3rnar yfir y\u00f0ur fylgja Drottni y\u00f0rum Gu\u00f0i. <span class=\"athugasemd\" title=\"H\u00f3tan\">[<\/span> En ef \u00fe\u00e9r hl\u00fd\u00f0i\u00f0 ekki Gu\u00f0s raust heldur eru\u00f0 hans munni \u00f3hl\u00fd\u00f0ugir \u00fe\u00e1 mun h\u00f6nd Drottins vera \u00e1 m\u00f3ti y\u00f0ur og \u00e1 m\u00f3ti y\u00f0ar fe\u00f0rum.<\/p>\n<p>\tGangi\u00f0 h\u00e9r n\u00fa fram og sj\u00e1i\u00f0 \u00feann mikla hlut sem a\u00f0 Drottinn mun gj\u00f6ra fyrir y\u00f0rum augum. Er n\u00fa ekki hveitikornskur\u00f0art\u00edmi? En eg vil \u00e1kalla Drottin a\u00f0 hann skal l\u00e1ta koma regn og rei\u00f0ar\u00ferumur svo a\u00f0 \u00fe\u00e9r skulu\u00f0 sj\u00e1 og formerkja \u00fe\u00e1 miklu vonsku sem \u00fe\u00e9r hafi\u00f0 gj\u00f6rt \u00ed augliti Drottins a\u00f0 \u00fe\u00e9r hafi\u00f0 be\u00f0ist k\u00f3ngs yfir y\u00f0ur.&#8220; Og sem Sam\u00fael kalla\u00f0i til Drottins \u00fe\u00e1 l\u00e9t Drottinn koma regn og rei\u00f0ar\u00ferumur \u00e1 \u00feeim sama degi. <span class=\"athugasemd\" title=\"B\u00e6narinnar kraftur\">[<\/span> \u00de\u00e1 \u00f3tta\u00f0ist allt f\u00f3lki\u00f0 mj\u00f6g Gu\u00f0 og Sam\u00fael og s\u00f6g\u00f0u allir til hans: &#8222;Bi\u00f0 Drottin Gu\u00f0 \u00feinn fyrir \u00fe\u00ednum \u00fe\u00e9nurum so v\u00e9r deyjum ekki. \u00dev\u00ed a\u00f0 \u00fe\u00e1 vonsku l\u00f6g\u00f0um v\u00e9r ofan \u00e1 allra vorar syndir a\u00f0 v\u00e9r b\u00e1\u00f0unst k\u00f3ngs yfir oss.&#8220;<\/p>\n<p>\t\u00de\u00e1 sag\u00f0i Sam\u00fael til f\u00f3lksins: &#8222;\u00d3ttist \u00fe\u00e9r ekki. \u00de\u00e9r hafi\u00f0 sannlega gj\u00f6rt allt \u00fea\u00f0 vonda en v\u00edki\u00f0 \u00fe\u00f3 eigi til baka fr\u00e1 Drottni heldur \u00fej\u00f3ni\u00f0 Drottni af \u00f6llu y\u00f0ar hjarta og sn\u00fai\u00f0 y\u00f0ur ekki til \u00feess f\u00e1neyta \u00fev\u00ed a\u00f0 \u00fea\u00f0 sto\u00f0ar ekki par og kann ekki a\u00f0 hj\u00e1lpa \u00fev\u00ed a\u00f0 \u00fea\u00f0 er til einskis. <span class=\"athugasemd\" title=\"Exod. 34 \/ Deut. 9 \/ J\u00f3s\u00fa. 7\">[<\/span> En Drottinn yfirgefur ekki sitt f\u00f3lk fyrir s\u00f6kum s\u00edns st\u00f3ra nafns \u00fev\u00ed a\u00f0 Drottinn hefur uppbyrja\u00f0 a\u00f0 gj\u00f6ra y\u00f0ur s\u00e9r sj\u00e1lfum til eiginf\u00f3lks.<\/p>\n<p>\tEn \u00fea\u00f0 skal vera langt fr\u00e1 m\u00e9r a\u00f0 eg syndgist svo \u00ed m\u00f3ti Drottni a\u00f0 eg l\u00e1ti af a\u00f0 bi\u00f0ja fyrir y\u00f0ur og a\u00f0 l\u00e6ra y\u00f0ur \u00feann r\u00e9tta og g\u00f3\u00f0a veg. \u00d3ttist \u00fear fyrir a\u00f0eins Drottin og \u00fej\u00f3ni\u00f0 honum tr\u00falega af \u00f6llu hjarta. \u00dev\u00ed a\u00f0 \u00fe\u00e9r hafi\u00f0 s\u00e9\u00f0 \u00feau st\u00f3ru d\u00e1semdarverk sem hann hefur gj\u00f6rt vi\u00f0 y\u00f0ur. En ef \u00fe\u00e9r gj\u00f6ri\u00f0 \u00fea\u00f0 hi\u00f0 illa \u00fe\u00e1 skal b\u00e6\u00f0i k\u00f3ngur y\u00f0ar og \u00fe\u00e9r fyrirfarast.&#8220;<\/p>\n","protected":false},"excerpt":{"rendered":"<p>XII. \u00de\u00e1 sag\u00f0i Sam\u00fael til alls Israelisl\u00fd\u00f0s: &#8222;Sj\u00e1, eg var hl\u00fd\u00f0inn y\u00f0ar r\u00f6ddu um allt \u00fea\u00f0 sem \u00fe\u00e9r s\u00f6g\u00f0u\u00f0 m\u00e9r svo eg hefi n\u00fa sett einn k\u00f3ng yfir y\u00f0ur. [ Og sj\u00e1i\u00f0 n\u00fa, a\u00f0 y\u00f0ar k\u00f3ngur gengur frammi fyrir y\u00f0ur. En eg em n\u00fa or\u00f0inn gamall og gr\u00e1h\u00e6r\u00f0ur og m\u00ednir synir eru hj\u00e1 y\u00f0ur. [ Og eg hefi n\u00fa gengi\u00f0 fyrir y\u00f0ur fr\u00e1 m\u00ednum ungd\u00f3mi allt til \u00feessa dags. Sj\u00e1i\u00f0, eg em n\u00fa h\u00e9r, svari\u00f0 n\u00fa \u00ed m\u00f3ti m\u00e9r fyrir Drottni og hans smur\u00f0a: Ef eg hefi teki\u00f0 fr\u00e1 nokkrum manni hans uxa e\u00f0ur asna e\u00f0a hafi eg s\u00fdnt nokkrum <a href=\"https:\/\/biblian.is\/gudbrandsbiblia\/fyrri-samuelsbok-12-kafli\/\"> [&#8230;]<\/a><\/p>\n","protected":false},"author":1,"featured_media":0,"parent":0,"menu_order":0,"comment_status":"open","ping_status":"open","template":"bibliukaflar.php","meta":{"footnotes":""},"class_list":["post-2940","page","type-page","status-publish","hentry"],"_links":{"self":[{"href":"https:\/\/biblian.is\/gudbrandsbiblia\/wp-json\/wp\/v2\/pages\/2940","targetHints":{"allow":["GET"]}}],"collection":[{"href":"https:\/\/biblian.is\/gudbrandsbiblia\/wp-json\/wp\/v2\/pages"}],"about":[{"href":"https:\/\/biblian.is\/gudbrandsbiblia\/wp-json\/wp\/v2\/types\/page"}],"author":[{"embeddable":true,"href":"https:\/\/biblian.is\/gudbrandsbiblia\/wp-json\/wp\/v2\/users\/1"}],"replies":[{"embeddable":true,"href":"https:\/\/biblian.is\/gudbrandsbiblia\/wp-json\/wp\/v2\/comments?post=2940"}],"version-history":[{"count":0,"href":"https:\/\/biblian.is\/gudbrandsbiblia\/wp-json\/wp\/v2\/pages\/2940\/revisions"}],"wp:attachment":[{"href":"https:\/\/biblian.is\/gudbrandsbiblia\/wp-json\/wp\/v2\/media?parent=2940"}],"curies":[{"name":"wp","href":"https:\/\/api.w.org\/{rel}","templated":true}]}}