{"id":2939,"date":"2017-12-18T18:32:11","date_gmt":"2017-12-18T18:32:11","guid":{"rendered":"http:\/\/biblian.is\/gudbrandsbiblia\/fyrri-samuelsbok-11-kafli\/"},"modified":"2017-12-18T18:32:11","modified_gmt":"2017-12-18T18:32:11","slug":"fyrri-samuelsbok-11-kafli","status":"publish","type":"page","link":"https:\/\/biblian.is\/gudbrandsbiblia\/fyrri-samuelsbok-11-kafli\/","title":{"rendered":"Fyrri Sam\u00faelsb\u00f3k 11. kafli"},"content":{"rendered":"<p>XI.<\/p>\n<p>\u00c1 \u00feessum t\u00edma f\u00f3r s\u00e1 h\u00f6f\u00f0ingi \u00feeirra Moabitarum sem h\u00e9t Nahas upp me\u00f0 miki\u00f0 li\u00f0 og settist um Jabes \u00ed G\u00edlea\u00f0. <span class=\"athugasemd\" title=\"Nahas sest um Jabes \u00ed G\u00edlea\u00f0 \/ Judic. 10\">[<\/span> En sem \u00feeir \u00ed Jabes heyr\u00f0u \u00fea\u00f0 sendu \u00feeir allir bo\u00f0 til Nahas og l\u00e9tu svo segja: &#8222;Gj\u00f6r s\u00e1ttm\u00e1l vi\u00f0 oss, svo viljum v\u00e9r \u00fej\u00f3na \u00fe\u00e9r.&#8220; En Nahas Amoriter svara\u00f0i \u00feeim: &#8222;Me\u00f0 \u00feessu m\u00f3ti vil eg s\u00e1ttm\u00e1l gj\u00f6ra me\u00f0 y\u00f0ur a\u00f0 eg vil stinga i\u00f0 h\u00e6gra auga \u00fat \u00e1 \u00f6llum y\u00f0ur og gj\u00f6ra y\u00f0ur til h\u00e1\u00f0ungar \u00e1 me\u00f0al \u00cdsrael.&#8220; \u00de\u00e1 sv\u00f6ru\u00f0u auldungarnir af Jabessonum og s\u00f6g\u00f0u: &#8222;Gef oss sj\u00f6 daga frest svo a\u00f0 v\u00e9r megum senda bo\u00f0 til allra landamerkja \u00ed \u00cdsrael. Og ef \u00fear finnst enginn s\u00e1 sem oss frelsar \u00fe\u00e1 viljum v\u00e9r koma \u00fat til \u00fe\u00edn.&#8220;<\/p>\n<p>\tSvo kom \u00feessi bo\u00f0skapur fyrir Saul \u00ed G\u00edbea og \u00feeir kunngj\u00f6r\u00f0u svoddan fyrir f\u00f3lksins eyrum. En sem alm\u00faginn heyr\u00f0i sl\u00edkt \u00fe\u00e1 upph\u00f3fu allir s\u00edna raust og gr\u00e9tu. Og sj\u00e1, \u00ed \u00feessu bili kom Saul af akri og gekk eftir ar\u00f0uruxum og sag\u00f0i: &#8222;Hva\u00f0 er f\u00f3lkinu a\u00f0 \u00fea\u00f0 gr\u00e6tur?&#8220; Og \u00feeir kunngj\u00f6r\u00f0u honum erindi \u00feeirra manna sem komnir voru af Jabes. \u00de\u00e1 styrktist Gu\u00f0s andi yfir Saul \u00fe\u00e1 hann heyr\u00f0i \u00feessi or\u00f0 og hann var\u00f0 mj\u00f6g rei\u00f0ur. Og hann t\u00f3k eitt par uxa og hj\u00f3 \u00fea\u00f0 \u00ed sundur \u00ed stykki og sendi \u00feau til allra Israelis landamerkja me\u00f0 \u00feessum bo\u00f0skap og l\u00e9t svo segja: &#8222;Hver sem ekki \u00fat fer og fylgir Saul og Sam\u00fael \u00fe\u00e1 skal so gj\u00f6ra hans uxum.&#8220;<\/p>\n<p>\t\u00de\u00e1 kom Drottins \u00f3tti yfir f\u00f3lki\u00f0 og \u00fea\u00f0 f\u00f3r \u00fat so sem einn ma\u00f0ur v\u00e6ri. Og hann skora\u00f0i manntal \u00ed \u00feeim sta\u00f0 sem kalla\u00f0ist Basek. Og Israelissynir voru a\u00f0 t\u00f6lu \u00ferisvar sinnum hundra\u00f0 \u00fe\u00fasund manns en J\u00fada synir \u00ferj\u00e1t\u00edgi \u00fe\u00fasund. <span class=\"athugasemd\" title=\"Am\u00f3nsynir slegnir af Saul\">[<\/span> Og \u00feeir s\u00f6g\u00f0u til sendibo\u00f0anna sem komnir voru: &#8222;Segi\u00f0 \u00feeim m\u00f6nnum \u00ed Jabes \u00ed G\u00edlea\u00f0 svo: \u00de\u00e9r skulu\u00f0 f\u00e1 hj\u00e1lp \u00e1 morgin \u00feegar sem s\u00f3lin sk\u00edn heitt.&#8220; En sem sendibo\u00f0arnir komu aftur og kunngj\u00f6r\u00f0u \u00feetta borgarm\u00f6nnum \u00ed Jabes ur\u00f0u \u00feeir gla\u00f0ir. Og \u00feeir s\u00f6g\u00f0u (til sinna \u00f3vina): &#8222;\u00c1 morgun skulu v\u00e9r koma \u00fat til y\u00f0ar, gj\u00f6ri\u00f0 \u00fe\u00e1 vi\u00f0 oss allt hva\u00f0 \u00fe\u00e9r vilji\u00f0.&#8220;<\/p>\n<p>\tOg n\u00fa sem annar dagur kom \u00fe\u00e1 skipti Saul f\u00f3lkinu \u00ed \u00ferj\u00e1r fylkingar og \u00feeir komu a\u00f0 \u00feeirra herb\u00fa\u00f0um \u00e1rla \u00ed d\u00f6gun og sl\u00f3gu \u00fe\u00e1 Amoniter allt til mi\u00f0dags. En \u00feeir sem l\u00edfinu h\u00e9ldu dreif\u00f0ust v\u00ed\u00f0s vegar \u00ed sundur so a\u00f0 af \u00feeim \u00f6llum her voru ekki tveir og tveir til samans.<\/p>\n<p>\t\u00de\u00e1 sag\u00f0i f\u00f3lki\u00f0 til Sam\u00fael: &#8222;Hvar eru \u00feeir menn sem \u00fea\u00f0 s\u00f6g\u00f0u: Skal Saul r\u00edkja yfir oss? L\u00e1ti\u00f0 \u00fe\u00e1 koma hinga\u00f0 svo a\u00f0 v\u00e9r drepum \u00fe\u00e1.&#8220; Saul sag\u00f0i: &#8222;Nei, \u00fear skal enginn deyja \u00e1 \u00feessum degi \u00fev\u00ed Drottinn hefur \u00ed dag gefi\u00f0 hj\u00e1lpr\u00e6\u00f0i \u00cdsrael.&#8220;<\/p>\n<p>\tSam\u00fael sag\u00f0i til f\u00f3lksins: &#8222;Komi\u00f0 og skulum v\u00e9r fara \u00ed Gilgal og endurn\u00fdja \u00fear k\u00f3ngsr\u00edki\u00f0.&#8220; S\u00ed\u00f0an fer\u00f0a\u00f0ist alm\u00faginn til Gilgal og settu \u00fear Saul til k\u00f3ngs fyrir Drottni \u00ed Gilgal og offru\u00f0u \u00feakkaroffri fyrir Drottni. <span class=\"athugasemd\" title=\"Endurn\u00fdjan k\u00f3ngd\u00f3ms Saul\">[<\/span> Og Saul og allir \u00cdsraelsmenn ur\u00f0u \u00fear mj\u00f6g gla\u00f0ir.<\/p>\n","protected":false},"excerpt":{"rendered":"<p>XI. \u00c1 \u00feessum t\u00edma f\u00f3r s\u00e1 h\u00f6f\u00f0ingi \u00feeirra Moabitarum sem h\u00e9t Nahas upp me\u00f0 miki\u00f0 li\u00f0 og settist um Jabes \u00ed G\u00edlea\u00f0. [ En sem \u00feeir \u00ed Jabes heyr\u00f0u \u00fea\u00f0 sendu \u00feeir allir bo\u00f0 til Nahas og l\u00e9tu svo segja: &#8222;Gj\u00f6r s\u00e1ttm\u00e1l vi\u00f0 oss, svo viljum v\u00e9r \u00fej\u00f3na \u00fe\u00e9r.&#8220; En Nahas Amoriter svara\u00f0i \u00feeim: &#8222;Me\u00f0 \u00feessu m\u00f3ti vil eg s\u00e1ttm\u00e1l gj\u00f6ra me\u00f0 y\u00f0ur a\u00f0 eg vil stinga i\u00f0 h\u00e6gra auga \u00fat \u00e1 \u00f6llum y\u00f0ur og gj\u00f6ra y\u00f0ur til h\u00e1\u00f0ungar \u00e1 me\u00f0al \u00cdsrael.&#8220; \u00de\u00e1 sv\u00f6ru\u00f0u auldungarnir af Jabessonum og s\u00f6g\u00f0u: &#8222;Gef oss sj\u00f6 daga frest svo a\u00f0 v\u00e9r megum senda bo\u00f0 <a href=\"https:\/\/biblian.is\/gudbrandsbiblia\/fyrri-samuelsbok-11-kafli\/\"> [&#8230;]<\/a><\/p>\n","protected":false},"author":1,"featured_media":0,"parent":0,"menu_order":0,"comment_status":"open","ping_status":"open","template":"bibliukaflar.php","meta":{"footnotes":""},"class_list":["post-2939","page","type-page","status-publish","hentry"],"_links":{"self":[{"href":"https:\/\/biblian.is\/gudbrandsbiblia\/wp-json\/wp\/v2\/pages\/2939","targetHints":{"allow":["GET"]}}],"collection":[{"href":"https:\/\/biblian.is\/gudbrandsbiblia\/wp-json\/wp\/v2\/pages"}],"about":[{"href":"https:\/\/biblian.is\/gudbrandsbiblia\/wp-json\/wp\/v2\/types\/page"}],"author":[{"embeddable":true,"href":"https:\/\/biblian.is\/gudbrandsbiblia\/wp-json\/wp\/v2\/users\/1"}],"replies":[{"embeddable":true,"href":"https:\/\/biblian.is\/gudbrandsbiblia\/wp-json\/wp\/v2\/comments?post=2939"}],"version-history":[{"count":0,"href":"https:\/\/biblian.is\/gudbrandsbiblia\/wp-json\/wp\/v2\/pages\/2939\/revisions"}],"wp:attachment":[{"href":"https:\/\/biblian.is\/gudbrandsbiblia\/wp-json\/wp\/v2\/media?parent=2939"}],"curies":[{"name":"wp","href":"https:\/\/api.w.org\/{rel}","templated":true}]}}