{"id":2936,"date":"2017-12-18T18:32:11","date_gmt":"2017-12-18T18:32:11","guid":{"rendered":"http:\/\/biblian.is\/gudbrandsbiblia\/fyrri-samuelsbok-8-kafli\/"},"modified":"2017-12-18T18:32:11","modified_gmt":"2017-12-18T18:32:11","slug":"fyrri-samuelsbok-8-kafli","status":"publish","type":"page","link":"https:\/\/biblian.is\/gudbrandsbiblia\/fyrri-samuelsbok-8-kafli\/","title":{"rendered":"Fyrri Sam\u00faelsb\u00f3k 8. kafli"},"content":{"rendered":"<p>VIII.<\/p>\n<p>Sem Sam\u00fael t\u00f3k a\u00f0 eldast setti hann sonu s\u00edna d\u00f3mendur yfir \u00cdsrael. <span class=\"athugasemd\" title=\"Sam\u00faelssynir \/ J\u00f3el \/ Ab\u00eda \/ 1. Para. 7\">[<\/span> Hans frumgetinn son h\u00e9t J\u00f3el en s\u00e1 annar Ab\u00eda og \u00feeir voru d\u00f3mendur \u00ed Bersaba. En hans synir gengu ekki eftir hans vegum heldur hneig\u00f0ust \u00feeir til \u00e1girndar og me\u00f0t\u00f3ku g\u00e1fur af m\u00f6nnum og h\u00f6llu\u00f0u r\u00e9ttinum.<\/p>\n<p>\t\u00de\u00e1 samans\u00f6fnu\u00f0ust allir inu elstu menn af \u00cdsrael og komu til Ramat til Sam\u00fael og s\u00f6g\u00f0u til hans: &#8222;Sj\u00e1, \u00fe\u00fa ert n\u00fa or\u00f0inn gamall og \u00fe\u00ednir synir ganga ekki \u00ed \u00fe\u00edn f\u00f3tspor. \u00dear fyrir set \u00fe\u00fa einn k\u00f3ng yfir oss \u00feann yfir oss kann a\u00f0 d\u00e6ma so sem allar \u00fej\u00f3\u00f0ir hafa.&#8220; <span class=\"athugasemd\" title=\"\u00cdsrael bei\u00f0ist k\u00f3ngs\">[<\/span> <\/p>\n<p>\tEn \u00feetta misl\u00edka\u00f0i Sam\u00fael a\u00f0 \u00feeir s\u00f6g\u00f0u: &#8222;Set yfir oss k\u00f3ng sem kann a\u00f0 d\u00e6ma yfir oss.&#8220; <span class=\"athugasemd\" title=\"1. Reg. 12 \/ H\u00f3se. 13 \/ Act. 13\">[<\/span> Og Sam\u00fael ba\u00f0 til Drottins. Og Drottinn sag\u00f0i til Sam\u00fael: &#8222;Hl\u00fd\u00f0 \u00fe\u00fa or\u00f0um f\u00f3lksins \u00ed \u00f6llu \u00fev\u00ed sem \u00fea\u00f0 talar vi\u00f0 \u00feig. \u00dev\u00ed \u00feeir hafa ekki \u00fatsk\u00fafa\u00f0 \u00fe\u00e9r heldur m\u00e9r a\u00f0 eg skuli ekki vera k\u00f3ngur yfir \u00feeim. \u00deeir gj\u00f6ra vi\u00f0 \u00feig svo sem \u00feeir hafa \u00e6t\u00ed\u00f0 gj\u00f6rt fr\u00e1 \u00feeim degi sem eg f\u00e6r\u00f0i \u00fe\u00e1 \u00fat af Egyptalandi allt til \u00feessa dags og hafa yfirgefi\u00f0 mig og \u00fej\u00f3na\u00f0 \u00f6\u00f0rum gu\u00f0um. \u00dear fyrir hl\u00fd\u00f0 \u00fe\u00fa n\u00fa \u00feeirra raust en \u00fe\u00f3 skalt \u00fe\u00fa vitna fyrir \u00feeim og undirv\u00edsa \u00feeim k\u00f3ngsins r\u00e9tt sem stj\u00f3rna skal yfir \u00feeim.&#8220;<\/p>\n<p>\tOg Sam\u00fael sag\u00f0i f\u00f3lkinu \u00f6ll \u00feessi or\u00f0 Drottins, \u00feeim sem beiddust k\u00f3ngsins af honum: <span class=\"athugasemd\" title=\"Act. 13\">[<\/span> &#8222;\u00deetta skal vera k\u00f3ngsins r\u00e9ttur sem stj\u00f3rna skal yfir y\u00f0ur: Hann skal taka y\u00f0ar sonu til sinna vagna og gj\u00f6ra \u00fe\u00e1 riddara og fyrirrennara sem hlaupa skulu fyrir hans v\u00f6gnum. Og suma mun hann setja til h\u00f6f\u00f0ingja yfir \u00fe\u00fasund og yfir fimmt\u00edgi og suma skal hann gj\u00f6ra a\u00f0 akurverksm\u00f6nnum sem vinna skulu hans akra og suma a\u00f0 kornskur\u00f0arm\u00f6nnum og suma a\u00f0 tilrei\u00f0a hans herkl\u00e6\u00f0i og \u00fea\u00f0 sem heyrir til hans v\u00f6gnum. <span class=\"athugasemd\" title=\"K\u00f3ngsins r\u00e9ttur\">[<\/span> Y\u00f0ar d\u00e6tur mun hann gj\u00f6ra s\u00e9r a\u00f0 \u00fej\u00f3nustukonum til smyrslagj\u00f6r\u00f0ar og matargj\u00f6r\u00f0ar og brau\u00f0baksturs.<\/p>\n<p>\tHann skal og taka y\u00f0ar bestu akra og v\u00edngar\u00f0a og oleugar\u00f0a og gefa \u00fea\u00f0 s\u00ednum \u00fe\u00e9nurum. H\u00e9r me\u00f0 skal hann og taka t\u00edund af y\u00f0ar s\u00e6\u00f0um og v\u00edng\u00f6r\u00f0um og gefa s\u00ednum geldingum og \u00fe\u00e9nurum. Hann skal og taka y\u00f0ar \u00fe\u00e9nara og \u00fej\u00f3nustup\u00edkur og y\u00f0ar fegurstu ungmenni og y\u00f0ar asna til sinnar vinnu. Hann skal og taka t\u00edundir af y\u00f0ar hj\u00f6r\u00f0 og \u00fe\u00e9r skulu\u00f0 vera hans undirgefnir \u00fer\u00e6lar. Og \u00fe\u00e1 \u00fe\u00e9r kveini\u00f0 \u00e1 \u00feeim t\u00edma undan y\u00f0ar k\u00f3ngi sem \u00fe\u00e9r hafi\u00f0 \u00fatvali\u00f0 y\u00f0ur \u00fe\u00e1 skal Drottinn ekki b\u00e6nheyra y\u00f0ur \u00e1 \u00feeim sama t\u00edma.&#8220;<\/p>\n<p>\tOg f\u00f3lki\u00f0 vildi ekki hl\u00fd\u00f0a Samuelis fort\u00f6lum og s\u00f6g\u00f0u: &#8222;\u00cd \u00f6ngvan m\u00e1ta, heldur skal k\u00f3ngur vera yfir oss so v\u00e9r megum vera so sem allar a\u00f0rar \u00fej\u00f3\u00f0ir so a\u00f0 vor k\u00f3ngur megi d\u00e6ma yfir oss og fara \u00fat fyrir oss \u00ed bardaga vora.&#8220; En Sam\u00fael hl\u00fdddi \u00f6llu \u00fev\u00ed sem f\u00f3lki\u00f0 m\u00e6lti og tj\u00e1\u00f0i \u00feetta fyrir Drottni. Og Drottinn sag\u00f0i til Sam\u00fael: &#8222;Hl\u00fd\u00f0 \u00feeirra raust og set \u00feeim einn k\u00f3ng.&#8220; S\u00ed\u00f0an sag\u00f0i Sam\u00fael til Israelismanna: &#8222;Fari\u00f0 heim hver \u00ed sinn sta\u00f0.&#8220;<\/p>\n","protected":false},"excerpt":{"rendered":"<p>VIII. Sem Sam\u00fael t\u00f3k a\u00f0 eldast setti hann sonu s\u00edna d\u00f3mendur yfir \u00cdsrael. [ Hans frumgetinn son h\u00e9t J\u00f3el en s\u00e1 annar Ab\u00eda og \u00feeir voru d\u00f3mendur \u00ed Bersaba. En hans synir gengu ekki eftir hans vegum heldur hneig\u00f0ust \u00feeir til \u00e1girndar og me\u00f0t\u00f3ku g\u00e1fur af m\u00f6nnum og h\u00f6llu\u00f0u r\u00e9ttinum. \u00de\u00e1 samans\u00f6fnu\u00f0ust allir inu elstu menn af \u00cdsrael og komu til Ramat til Sam\u00fael og s\u00f6g\u00f0u til hans: &#8222;Sj\u00e1, \u00fe\u00fa ert n\u00fa or\u00f0inn gamall og \u00fe\u00ednir synir ganga ekki \u00ed \u00fe\u00edn f\u00f3tspor. \u00dear fyrir set \u00fe\u00fa einn k\u00f3ng yfir oss \u00feann yfir oss kann a\u00f0 d\u00e6ma so sem allar \u00fej\u00f3\u00f0ir <a href=\"https:\/\/biblian.is\/gudbrandsbiblia\/fyrri-samuelsbok-8-kafli\/\"> [&#8230;]<\/a><\/p>\n","protected":false},"author":1,"featured_media":0,"parent":0,"menu_order":0,"comment_status":"open","ping_status":"open","template":"bibliukaflar.php","meta":{"footnotes":""},"class_list":["post-2936","page","type-page","status-publish","hentry"],"_links":{"self":[{"href":"https:\/\/biblian.is\/gudbrandsbiblia\/wp-json\/wp\/v2\/pages\/2936","targetHints":{"allow":["GET"]}}],"collection":[{"href":"https:\/\/biblian.is\/gudbrandsbiblia\/wp-json\/wp\/v2\/pages"}],"about":[{"href":"https:\/\/biblian.is\/gudbrandsbiblia\/wp-json\/wp\/v2\/types\/page"}],"author":[{"embeddable":true,"href":"https:\/\/biblian.is\/gudbrandsbiblia\/wp-json\/wp\/v2\/users\/1"}],"replies":[{"embeddable":true,"href":"https:\/\/biblian.is\/gudbrandsbiblia\/wp-json\/wp\/v2\/comments?post=2936"}],"version-history":[{"count":0,"href":"https:\/\/biblian.is\/gudbrandsbiblia\/wp-json\/wp\/v2\/pages\/2936\/revisions"}],"wp:attachment":[{"href":"https:\/\/biblian.is\/gudbrandsbiblia\/wp-json\/wp\/v2\/media?parent=2936"}],"curies":[{"name":"wp","href":"https:\/\/api.w.org\/{rel}","templated":true}]}}