{"id":2935,"date":"2017-12-18T18:32:11","date_gmt":"2017-12-18T18:32:11","guid":{"rendered":"http:\/\/biblian.is\/gudbrandsbiblia\/fyrri-samuelsbok-7-kafli\/"},"modified":"2017-12-18T18:32:11","modified_gmt":"2017-12-18T18:32:11","slug":"fyrri-samuelsbok-7-kafli","status":"publish","type":"page","link":"https:\/\/biblian.is\/gudbrandsbiblia\/fyrri-samuelsbok-7-kafli\/","title":{"rendered":"Fyrri Sam\u00faelsb\u00f3k 7. kafli"},"content":{"rendered":"<p>VII.<\/p>\n<p>So komu \u00feeir af Kirjat Jear\u00edm og fluttu aurk Drottins og f\u00e6r\u00f0u hana inn \u00ed Ab\u00ednadab h\u00fas \u00ed G\u00edbea. <span class=\"athugasemd\" title=\"Gu\u00f0s \u00f6rk \u00ed Kirjat Jear\u00edm\">[<\/span> Og hans son Eleasar helgu\u00f0u \u00feeir a\u00f0 hann skyldi var\u00f0veita aurk Drottins. Og fr\u00e1 \u00feeim degi a\u00f0 aurk Drottins var \u00ed Kirjat Jear\u00edm \u00fe\u00e1 li\u00f0u langar stundir fram \u00fear til \u00fea\u00f0 ur\u00f0u tuttugu \u00e1r og allt \u00cdsraelsf\u00f3lk <span class=\"athugasemd\" title=\"a \/ (Gr\u00e9t) \/ H\u00f6rmu\u00f0u og kl\u00f6gu\u00f0u fyrir Drottni \u00e1nau\u00f0arok Philistenorum\">[<\/span> gr\u00e9t fyrir Drottni. <\/p>\n<p>\t\u00de\u00e1 tala\u00f0i Sam\u00fael til alls Israelisf\u00f3lks: &#8222;Ef a\u00f0 \u00fe\u00e9r sn\u00fai\u00f0 y\u00f0ur til Drottins af \u00f6llu y\u00f0ar hjarta og \u00fej\u00f3ni\u00f0 honum alleina \u00fe\u00e1 mun hann frelsa y\u00f0ur af hendi Philistinorum.&#8220; \u00de\u00e1 sn\u00f6ru\u00f0u Israelissynir burt fr\u00e1 s\u00e9r Baal\u00edm og Astar\u00f3t og \u00fej\u00f3nu\u00f0u Drottni einum. Og Sam\u00fael sag\u00f0i: &#8222;Samansafni\u00f0 \u00f6llum Israelissonum til Mispa so a\u00f0 eg megi bi\u00f0ja til Drottins fyrir y\u00f0ur.&#8220; Og f\u00f3lki\u00f0 kom til samans \u00ed Mispa og jusu vatni og helltu \u00fev\u00ed \u00fat fyrir Drottin og f\u00f6stu\u00f0u \u00feann sama dag og s\u00f6g\u00f0u \u00ed \u00feeim sama sta\u00f0: &#8222;V\u00e9r h\u00f6fum syndgast \u00ed m\u00f3ti Drottni.&#8220; Og Sam\u00fael var d\u00f3mandi yfir \u00cdsraelssonum \u00ed Mispa. <\/p>\n<p>\tEn sem Philistei heyr\u00f0u \u00fea\u00f0 a\u00f0 Israelissynir voru komnir saman \u00ed Mispa \u00e1 dr\u00f3gu h\u00f6f\u00f0ingjar Philistinorum upp \u00ed m\u00f3ti \u00cdsrael. <span class=\"athugasemd\" title=\"Ecl. 48\">[<\/span> Og sem \u00cdsraelssynir heyr\u00f0u \u00fea\u00f0 \u00f3ttu\u00f0ust \u00feeir fyrir Philisteis og s\u00f6g\u00f0u til Sam\u00faels: &#8222;L\u00e1t \u00fe\u00fa ekki af a\u00f0 bi\u00f0ja fyrir oss til Drottins vors Gu\u00f0s a\u00f0 hann frelsi oss fr\u00e1 hendi Philistinorum.&#8220; So t\u00f3k Sam\u00fael eitt mj\u00f3lkurlamb og f\u00e6rir Drottni heilt brennioffur og ba\u00f0 til Drottins fyrir \u00cdsrael. Og Drottinn b\u00e6nheyr\u00f0i hann.<\/p>\n<p>\tOg \u00feegar Sam\u00fael offra\u00f0i brennioffrinu \u00fe\u00e1 komu Philistei og hlupu \u00e1 \u00cdsrael me\u00f0 bardaga. En Drottinn l\u00e9t falla miklar rei\u00f0ar\u00ferumur yfir Philisteos \u00e1 \u00feeim sama degi og hr\u00e6ddi \u00fe\u00e1 so a\u00f0 \u00feeir f\u00e9llu fyrir \u00cdsrael. <span class=\"athugasemd\" title=\"Philistei slegnir\">[<\/span> Eftir \u00fea\u00f0 dr\u00f3gu \u00cdsraelsmenn \u00fat af Mispa, r\u00e1ku fl\u00f3ttann \u00feeirra Philistinorum og sl\u00f3gu \u00fe\u00e1 allt til Betkar.<\/p>\n<p>\tS\u00ed\u00f0an t\u00f3k Sam\u00fael einn stein og setti hann \u00ed millum Mispa og Sen og kalla\u00f0i hann Ebeneser og sag\u00f0i: &#8222;Allt hinga\u00f0 til hefur Drottinn hj\u00e1lpa\u00f0 oss.&#8220; <span class=\"athugasemd\" title=\"Supra 4\">[<\/span> So ur\u00f0u Philistei undir\u00ferykktir og komu ekki upp \u00fea\u00f0an \u00ed \u00cdsraels landamerki. Og Drottins h\u00f6nd var m\u00f3t Philisteis so lengi sem Sam\u00fael lif\u00f0i.<\/p>\n<p>\tS\u00ed\u00f0an fengu Israelissynir s\u00ednar borgir aftur \u00fe\u00e6r sem Philistei h\u00f6f\u00f0u teki\u00f0 fr\u00e1 \u00feeim fr\u00e1 Ekron og inn til Gat me\u00f0 \u00feeirra ummerkjum, \u00feeim n\u00e1\u00f0i \u00cdsrael aftur af hendi Philistinorum. \u00dev\u00ed a\u00f0 \u00cdsrael haf\u00f0i fri\u00f0 me\u00f0 \u00fe\u00e1 Amoriter.<\/p>\n<p>\tOg Sam\u00fael d\u00e6mdi \u00cdsrael s\u00edna l\u00edfst\u00ed\u00f0. <span class=\"athugasemd\" title=\"Sam\u00fael d\u00e6mir \u00cdsrael \u00ed xx \u00e1r\">[<\/span> Og hann f\u00f3r hvert \u00e1r um kring til Betel og Gilgal og Mispa. Og sem hann haf\u00f0i d\u00e6mt \u00cdsrael \u00ed \u00f6llum \u00feessum st\u00f6\u00f0um \u00fe\u00e1 kom hann til Ramat aftur \u00fev\u00ed \u00fear var hans h\u00fas og \u00fear d\u00e6mdi hann \u00cdsrael. Og \u00fear bygg\u00f0i hann Drottni eitt altari.<\/p>\n","protected":false},"excerpt":{"rendered":"<p>VII. So komu \u00feeir af Kirjat Jear\u00edm og fluttu aurk Drottins og f\u00e6r\u00f0u hana inn \u00ed Ab\u00ednadab h\u00fas \u00ed G\u00edbea. [ Og hans son Eleasar helgu\u00f0u \u00feeir a\u00f0 hann skyldi var\u00f0veita aurk Drottins. Og fr\u00e1 \u00feeim degi a\u00f0 aurk Drottins var \u00ed Kirjat Jear\u00edm \u00fe\u00e1 li\u00f0u langar stundir fram \u00fear til \u00fea\u00f0 ur\u00f0u tuttugu \u00e1r og allt \u00cdsraelsf\u00f3lk [ gr\u00e9t fyrir Drottni. \u00de\u00e1 tala\u00f0i Sam\u00fael til alls Israelisf\u00f3lks: &#8222;Ef a\u00f0 \u00fe\u00e9r sn\u00fai\u00f0 y\u00f0ur til Drottins af \u00f6llu y\u00f0ar hjarta og \u00fej\u00f3ni\u00f0 honum alleina \u00fe\u00e1 mun hann frelsa y\u00f0ur af hendi Philistinorum.&#8220; \u00de\u00e1 sn\u00f6ru\u00f0u Israelissynir burt fr\u00e1 s\u00e9r Baal\u00edm og Astar\u00f3t <a href=\"https:\/\/biblian.is\/gudbrandsbiblia\/fyrri-samuelsbok-7-kafli\/\"> [&#8230;]<\/a><\/p>\n","protected":false},"author":1,"featured_media":0,"parent":0,"menu_order":0,"comment_status":"open","ping_status":"open","template":"bibliukaflar.php","meta":{"footnotes":""},"class_list":["post-2935","page","type-page","status-publish","hentry"],"_links":{"self":[{"href":"https:\/\/biblian.is\/gudbrandsbiblia\/wp-json\/wp\/v2\/pages\/2935","targetHints":{"allow":["GET"]}}],"collection":[{"href":"https:\/\/biblian.is\/gudbrandsbiblia\/wp-json\/wp\/v2\/pages"}],"about":[{"href":"https:\/\/biblian.is\/gudbrandsbiblia\/wp-json\/wp\/v2\/types\/page"}],"author":[{"embeddable":true,"href":"https:\/\/biblian.is\/gudbrandsbiblia\/wp-json\/wp\/v2\/users\/1"}],"replies":[{"embeddable":true,"href":"https:\/\/biblian.is\/gudbrandsbiblia\/wp-json\/wp\/v2\/comments?post=2935"}],"version-history":[{"count":0,"href":"https:\/\/biblian.is\/gudbrandsbiblia\/wp-json\/wp\/v2\/pages\/2935\/revisions"}],"wp:attachment":[{"href":"https:\/\/biblian.is\/gudbrandsbiblia\/wp-json\/wp\/v2\/media?parent=2935"}],"curies":[{"name":"wp","href":"https:\/\/api.w.org\/{rel}","templated":true}]}}