{"id":2934,"date":"2017-12-18T18:32:11","date_gmt":"2017-12-18T18:32:11","guid":{"rendered":"http:\/\/biblian.is\/gudbrandsbiblia\/fyrri-samuelsbok-6-kafli\/"},"modified":"2017-12-18T18:32:11","modified_gmt":"2017-12-18T18:32:11","slug":"fyrri-samuelsbok-6-kafli","status":"publish","type":"page","link":"https:\/\/biblian.is\/gudbrandsbiblia\/fyrri-samuelsbok-6-kafli\/","title":{"rendered":"Fyrri Sam\u00faelsb\u00f3k 6. kafli"},"content":{"rendered":"<p>VI.<\/p>\n<p>Og sem \u00f6rk Drottins haf\u00f0i veri\u00f0 sj\u00f6 m\u00e1nu\u00f0i \u00ed landi Philisteis \u00fe\u00e1 k\u00f6llu\u00f0u Philistei saman presta s\u00edna og sp\u00e1sagnarmenn og s\u00f6g\u00f0u: &#8222;Hva\u00f0 skulum v\u00e9r gj\u00f6ra af \u00f6rk Drottins? <span class=\"athugasemd\" title=\"Gu\u00f0s \u00f6rk \u00ed Philisteislandi\">[<\/span> Segi\u00f0 oss hvar me\u00f0 v\u00e9r skulum senda hana \u00ed sinn sta\u00f0?&#8220; \u00deeir sv\u00f6ru\u00f0u: &#8222;Ef \u00fe\u00e9r vilji\u00f0 senda Israelis Gu\u00f0s \u00f6rk \u00ed burt \u00fe\u00e1 sendi\u00f0 hana ekki t\u00f3ma heim heldur skulu \u00fe\u00e9r bitala henni skuld y\u00f0varra synda. Svo ver\u00f0i \u00fe\u00e9r heilir og munu \u00fe\u00e9r f\u00e1 a\u00f0 vita hvar fyrir hans h\u00f6nd l\u00ed\u00f0ur ekki fr\u00e1 y\u00f0ur.&#8220;<\/p>\n<p>\tEn \u00feeir sv\u00f6ru\u00f0u: &#8222;Hva\u00f0 skuldoffur er \u00fea\u00f0 sem v\u00e9r skulum gefa henni?&#8220; \u00deeir s\u00f6g\u00f0u: &#8222;\u00dea\u00f0 eru fimm bakhlutir af gulli gj\u00f6r\u00f0ir og fimm m\u00fds af gulli eftir t\u00f6llu fimm Philisteis h\u00f6f\u00f0ingjal \u00dev\u00ed \u00fea\u00f0 hefur veri\u00f0 eins pl\u00e1ga yfir y\u00f0ur \u00f6llum og svo y\u00f0ar h\u00f6f\u00f0ingjum. Og \u00feessi ker skulu svo a\u00f0 mynd gj\u00f6r\u00f0 vera sem y\u00f0ar gumpar og so sem y\u00f0ar m\u00fds sem fordjarfa\u00f0 hafa y\u00f0art land, so \u00fe\u00e9r gefi\u00f0 Israelis Gu\u00f0i d\u00fdr\u00f0ina. Ske m\u00e1 a\u00f0 hans h\u00f6nd l\u00e9tti af y\u00f0ur og y\u00f0ar gu\u00f0i og svo af y\u00f0ru landi. \u00dev\u00ed forher\u00f0i \u00fe\u00e9r y\u00f0ar hj\u00f6rtu sem \u00feeir \u00ed Egyptalandi og fara\u00f3 forhertu s\u00edn hj\u00f6rtu? Ske\u00f0i \u00fea\u00f0 ekki \u00fe\u00e1 hann pl\u00e1ga\u00f0i \u00fe\u00e1 \u00fe\u00e1 g\u00e1fu \u00feeir f\u00f3lkinu burtfararleyfi? Og \u00fea\u00f0 f\u00f3r \u00ed burt. <span class=\"athugasemd\" title=\"Exod. 12\">[<\/span> <\/p>\n<p>\tSvo fari\u00f0 n\u00fa til og gj\u00f6ri\u00f0 einn n\u00fdjan vagn og taki\u00f0 tv\u00e6r n\u00fdb\u00e6rar k\u00fdr \u00fe\u00e6r sem aldregi hafa undir ok komi\u00f0 og beiti\u00f0 \u00fe\u00e6r fyrir vagninum en l\u00e1ti\u00f0 \u00feeirra k\u00e1lfa vera heima. Taki\u00f0 s\u00ed\u00f0an Drottins \u00f6rk og setji\u00f0 hana \u00e1 vagninn og \u00feau ker af gulli sem \u00fe\u00e9r gefi\u00f0 henni til skuldoffurs \u00fea leggi\u00f0 \u00ed einn kistil \u00fear hj\u00e1 og sendi\u00f0 hana af sta\u00f0 og l\u00e1ti\u00f0 hana fara. Og hyggi\u00f0 a\u00f0: Ef h\u00fan fer \u00e1 \u00feann veg sinna landamerkja til Bet Semes \u00fe\u00e1 hefur hann gj\u00f6rt oss allt \u00feetta hi\u00f0 vonda. En ef ekki sker svo \u00fe\u00e1 skulu v\u00e9r vita a\u00f0 hans h\u00f6nd hefur ekki snorti\u00f0 oss heldur hefur oss \u00fev\u00edl\u00edkt ske\u00f0 me\u00f0 \u00f6\u00f0rum atbur\u00f0.&#8220;<\/p>\n<p>\tOg f\u00f3lki\u00f0 gj\u00f6r\u00f0i svo og \u00feeir t\u00f3ku tv\u00e6r ungar n\u00fdb\u00e6rar k\u00fdr og beittu \u00feeim fyrir vagninn en h\u00e9ldu \u00feeirra k\u00e1lfum eftir heima. Og \u00feeir settu \u00f6rk Drottins \u00ed vagninn og so kistilinn \u00ed hverjum a\u00f0 voru gullm\u00fdsnar og so myndirnar \u00feeirra bakhluta. Og k\u00fdrnar gengu r\u00e9ttan veg til Bet Semes raklei\u00f0is og \u00fe\u00e6r gengu baulandi og \u00fe\u00e6r viku ekki af hverki til h\u00e6gri n\u00e9 til vinstri s\u00ed\u00f0u. Og h\u00f6f\u00f0ingjar \u00feeirra Philisteis gengu eftir \u00feeim allt til Bet Semes landamerkja.<\/p>\n<p>\t\u00deeir Bethsamite voru a\u00f0 hveitikornskur\u00f0i \u00ed einum dal \u00e1 \u00feeim t\u00edma og \u00feeir upplyftu s\u00ednum augum og s\u00e1u \u00f6rkina og \u00feeir gl\u00f6ddust er \u00feeir s\u00e1u hana. <span class=\"athugasemd\" title=\"Bet Semes\">[<\/span> Og vagninn kom a\u00f0 J\u00f3s\u00faa Betsemites akri og nam \u00fear sta\u00f0ar. Og \u00fear var einn st\u00f3r steinn og \u00feeir klufu \u00ed sundur tr\u00e9n af vagninum og offru\u00f0u Drottni k\u00fanum til brennioffurs. Og Lev\u00edtarnir t\u00f3ku Gu\u00f0s \u00f6rk af vagninum og so kistilinn sem \u00fear var hj\u00e1 \u00ed hverjum a\u00f0 \u00feau gullker voru og settu \u00f6rkina \u00e1 \u00feann st\u00f3ra stein. En f\u00f3lki\u00f0 af Bet Semes f\u00e6r\u00f0i Drottnim \u00e1 \u00feeim sama degi brennif\u00f3rnir og svo a\u00f0rar f\u00f3rnir.<\/p>\n<p>\tOg sem \u00feeir fimm Philistei h\u00f6f\u00f0ingjar s\u00e1u \u00feetta sneru \u00feeir aftur \u00e1 \u00feeim sama degi til Ekron. <span class=\"athugasemd\" title=\"Fimm h\u00f6f\u00f0ingjar Philistinorum og \u00feeirra borgir\">[<\/span> \u00deessir eru \u00feeir gullbakhlutir sem Philistei g\u00e1fu Drottni til skuldoffurs: Asd\u00f3d einn, Gasa einn, Askl\u00f3n einn, Gat einn og Ekron einn og \u00fe\u00e6r gullm\u00fds eftir t\u00f6lu borganna Philistinorum sem voru undir valdi \u00feeirra fimm h\u00f6f\u00f0ingja, b\u00e6\u00f0i af m\u00faru\u00f0um borgum og \u00feorpum og til \u00feess st\u00f3ra Abel sem \u00feeir settu Gu\u00f0s \u00f6rk upp \u00e1, allt til \u00feessa dags, \u00e1 J\u00f3s\u00faa Bethsemiters akri.<\/p>\n<p>\tOg \u00fea\u00f0 ske\u00f0i a\u00f0 nokkrir af \u00feeim Bethsemiter voru slegnir s\u00f6kum \u00feess a\u00f0 \u00feeir s\u00e1u Gu\u00f0s \u00f6rk. <span class=\"athugasemd\" title=\"50700 menn slegnir \u00ed Bet Semes\">[<\/span> Og hann sl\u00f3 af f\u00f3lkinu fimmt\u00edgi \u00fe\u00fasund manns og sj\u00f6t\u00edgi. \u00de\u00e1 gr\u00e9t f\u00f3lki\u00f0 a\u00f0 Drottinn haf\u00f0i gj\u00f6rt so miki\u00f0 mannfall \u00ed l\u00fd\u00f0num. Og f\u00f3lki\u00f0 af Bet Semes sag\u00f0i: &#8222;Hver kann a\u00f0 standast fyrir Drottni, svo heil\u00f6gum Gu\u00f0i, og hvert skal hann fara fr\u00e1 oss?&#8220; og \u00feeir sendu bo\u00f0 til borgaranna \u00ed Kirjat Jear\u00edm og l\u00e9tu segja \u00feeim: &#8222;\u00deeir Philistei hafa flutt aurk Drottins aftur. Komi\u00f0 ofan hinga\u00f0 og flytji\u00f0 hana upp til y\u00f0ar.&#8220;<\/p>\n","protected":false},"excerpt":{"rendered":"<p>VI. Og sem \u00f6rk Drottins haf\u00f0i veri\u00f0 sj\u00f6 m\u00e1nu\u00f0i \u00ed landi Philisteis \u00fe\u00e1 k\u00f6llu\u00f0u Philistei saman presta s\u00edna og sp\u00e1sagnarmenn og s\u00f6g\u00f0u: &#8222;Hva\u00f0 skulum v\u00e9r gj\u00f6ra af \u00f6rk Drottins? [ Segi\u00f0 oss hvar me\u00f0 v\u00e9r skulum senda hana \u00ed sinn sta\u00f0?&#8220; \u00deeir sv\u00f6ru\u00f0u: &#8222;Ef \u00fe\u00e9r vilji\u00f0 senda Israelis Gu\u00f0s \u00f6rk \u00ed burt \u00fe\u00e1 sendi\u00f0 hana ekki t\u00f3ma heim heldur skulu \u00fe\u00e9r bitala henni skuld y\u00f0varra synda. Svo ver\u00f0i \u00fe\u00e9r heilir og munu \u00fe\u00e9r f\u00e1 a\u00f0 vita hvar fyrir hans h\u00f6nd l\u00ed\u00f0ur ekki fr\u00e1 y\u00f0ur.&#8220; En \u00feeir sv\u00f6ru\u00f0u: &#8222;Hva\u00f0 skuldoffur er \u00fea\u00f0 sem v\u00e9r skulum gefa henni?&#8220; \u00deeir s\u00f6g\u00f0u: &#8222;\u00dea\u00f0 eru <a href=\"https:\/\/biblian.is\/gudbrandsbiblia\/fyrri-samuelsbok-6-kafli\/\"> [&#8230;]<\/a><\/p>\n","protected":false},"author":1,"featured_media":0,"parent":0,"menu_order":0,"comment_status":"open","ping_status":"open","template":"bibliukaflar.php","meta":{"footnotes":""},"class_list":["post-2934","page","type-page","status-publish","hentry"],"_links":{"self":[{"href":"https:\/\/biblian.is\/gudbrandsbiblia\/wp-json\/wp\/v2\/pages\/2934","targetHints":{"allow":["GET"]}}],"collection":[{"href":"https:\/\/biblian.is\/gudbrandsbiblia\/wp-json\/wp\/v2\/pages"}],"about":[{"href":"https:\/\/biblian.is\/gudbrandsbiblia\/wp-json\/wp\/v2\/types\/page"}],"author":[{"embeddable":true,"href":"https:\/\/biblian.is\/gudbrandsbiblia\/wp-json\/wp\/v2\/users\/1"}],"replies":[{"embeddable":true,"href":"https:\/\/biblian.is\/gudbrandsbiblia\/wp-json\/wp\/v2\/comments?post=2934"}],"version-history":[{"count":0,"href":"https:\/\/biblian.is\/gudbrandsbiblia\/wp-json\/wp\/v2\/pages\/2934\/revisions"}],"wp:attachment":[{"href":"https:\/\/biblian.is\/gudbrandsbiblia\/wp-json\/wp\/v2\/media?parent=2934"}],"curies":[{"name":"wp","href":"https:\/\/api.w.org\/{rel}","templated":true}]}}