{"id":2933,"date":"2017-12-18T18:32:11","date_gmt":"2017-12-18T18:32:11","guid":{"rendered":"http:\/\/biblian.is\/gudbrandsbiblia\/fyrri-samuelsbok-5-kafli\/"},"modified":"2017-12-18T18:32:11","modified_gmt":"2017-12-18T18:32:11","slug":"fyrri-samuelsbok-5-kafli","status":"publish","type":"page","link":"https:\/\/biblian.is\/gudbrandsbiblia\/fyrri-samuelsbok-5-kafli\/","title":{"rendered":"Fyrri Sam\u00faelsb\u00f3k 5. kafli"},"content":{"rendered":"<p>V.<\/p>\n<p>Og \u00feeir Philistei t\u00f3ku n\u00fa Gu\u00f0s \u00f6rk og fluttu hana fr\u00e1 Ebeneser til Asd\u00f3d og l\u00e9tu hana \u00ed musteri Dag\u00f3n og settu hana hj\u00e1 Dag\u00f3n. <span class=\"athugasemd\" title=\"Gu\u00f0s \u00f6rk \u00ed Asd\u00f3d\">[<\/span> En sem \u00feeir af Asd\u00f3d st\u00f3\u00f0u \u00e1rla upp \u00feess annars dags \u00fe\u00e1 fundu \u00feeir Dag\u00f3n dottinn \u00e1 j\u00f6r\u00f0u ni\u00f0ur og l\u00e1 \u00fear \u00e1 gr\u00fafu fyrir Drottni. <span class=\"athugasemd\" title=\"Dag\u00f3n sk\u00fargo\u00f0 Philistinorum\">[<\/span> En \u00feeir t\u00f3ku Dag\u00f3n og settu hann upp aftur \u00ed sinn sta\u00f0. Annars dags sem \u00feeir st\u00f3\u00f0u snemma upp \u00fe\u00e1 fundu \u00feeir Dag\u00f3n enn aftur dottinn \u00e1 j\u00f6r\u00f0 ni\u00f0ur liggjanda \u00e1 gr\u00fafu yfir Gu\u00f0s \u00f6rk en hans h\u00f6fu\u00f0 og b\u00e1\u00f0ar hans hendur voru afbrotnar um \u00fer\u00f6sk\u00f6ldinn en bolurinn l\u00e1 alleina fyrir sig. \u00dev\u00ed st\u00edga ekki Dag\u00f3ns prestar og allir \u00feeir sem ganga \u00ed Dag\u00f3ns h\u00fas \u00e1 \u00fer\u00f6skuld n\u00e6r \u00feeir ganga fyrir Dag\u00f3n \u00fear \u00ed \u00feeim sta\u00f0 Asd\u00f3d inn til \u00feessa dags.<\/p>\n<p>\tOg Gu\u00f0s h\u00f6nd var\u00f0 \u00feung yfir \u00feeim \u00ed Asd\u00f3d og fordjarfa\u00f0i \u00fe\u00e1 og sl\u00f3 \u00fe\u00e1 menn \u00ed \u00feeirra leynilegan \u00fearfagang \u00ed Asd\u00f3d og \u00f6llum hennar landamerkjum. En \u00fe\u00e1 f\u00f3lki\u00f0 \u00ed Asd\u00f3d s\u00e1 a\u00f0 \u00fea\u00f0 gekk svo til sag\u00f0i \u00fea\u00f0: &#8222;L\u00e1ti\u00f0 \u00cdsraels Gu\u00f0s \u00f6rk fara fr\u00e1 oss og h\u00f6ldum henni h\u00e9r ekki lengi \u00fev\u00ed hans h\u00f6nd er ofh\u00f6r\u00f0 yfir oss og yfir vorum gu\u00f0i Dag\u00f3n.&#8220; Og \u00feeir sendu bo\u00f0 \u00fat og s\u00f6fnu\u00f0u \u00f6llum Philisteis h\u00f6f\u00f0ingjum til s\u00edn og s\u00f6g\u00f0u: &#8222;Hva\u00f0 skulum v\u00e9r gj\u00f6ra me\u00f0 Israelis Gu\u00f0s \u00f6rk?&#8220; \u00de\u00e1 sv\u00f6ru\u00f0u \u00feeir: &#8222;L\u00e1ti\u00f0 \u00fe\u00e1 af Ga\u00f0 bera Israelis Gu\u00f0s \u00f6rk um kring.&#8220; Og \u00feeir b\u00e1ru Israelis Gu\u00f0s \u00f6rk um kring. Og \u00fe\u00e1 \u00feeir b\u00e1ru hana um kring \u00fe\u00e1 var\u00f0 eitt miki\u00f0 upphlaup \u00ed st\u00f6\u00f0unum fyrir Gu\u00f0s h\u00f6nd og hann sl\u00f3 f\u00f3lki\u00f0 \u00ed st\u00f6\u00f0\u00f6num, b\u00e6\u00f0i st\u00f3ra og sm\u00e1a, so a\u00f0 f\u00fanu\u00f0u leynilegir vegar \u00fearfagangsins \u00e1 \u00feeim. <span class=\"athugasemd\" title=\"Philistei pl\u00e1ga\u00f0ir \u00e1 leyndarlimum\">[<\/span><\/p>\n<p>\t\u00de\u00e1 sendu \u00feeir \u00f6rk Drottins til Ekron. En sem Gu\u00f0s aurk kom til Ekron \u00fe\u00e1 \u00e6ptu \u00feeir \u00ed Ekron: &#8222;\u00deeir bera Gu\u00f0s aurk um kring til m\u00edn a\u00f0 sl\u00e1 mig \u00ed hel og mitt f\u00f3lk.&#8220; So sendu \u00feeir bo\u00f0 og samank\u00f6llu\u00f0u alla h\u00f6f\u00f0ingja Philisteis og s\u00f6g\u00f0u: &#8222;Sendi\u00f0 \u00cdsraels Gu\u00f0s \u00f6rk \u00ed burt aftur \u00ed sinn sta\u00f0 svo h\u00fan drepi ekki mig n\u00e9 mitt f\u00f3lk.&#8220; \u00dev\u00ed a\u00f0 Gu\u00f0s h\u00f6nd gj\u00f6r\u00f0i einn mikinn \u00f3kyrrleik \u00ed aullum borgum me\u00f0 miklu mannfalli.<\/p>\n<p>\tEn \u00feeir menn sem ekki d\u00f3u \u00feeir voru slegnir \u00ed leyndum limum s\u00edns l\u00edkama svo a\u00f0 \u00fdlfran borgarinnar gekk upp \u00ed himininn.<\/p>\n","protected":false},"excerpt":{"rendered":"<p>V. Og \u00feeir Philistei t\u00f3ku n\u00fa Gu\u00f0s \u00f6rk og fluttu hana fr\u00e1 Ebeneser til Asd\u00f3d og l\u00e9tu hana \u00ed musteri Dag\u00f3n og settu hana hj\u00e1 Dag\u00f3n. [ En sem \u00feeir af Asd\u00f3d st\u00f3\u00f0u \u00e1rla upp \u00feess annars dags \u00fe\u00e1 fundu \u00feeir Dag\u00f3n dottinn \u00e1 j\u00f6r\u00f0u ni\u00f0ur og l\u00e1 \u00fear \u00e1 gr\u00fafu fyrir Drottni. [ En \u00feeir t\u00f3ku Dag\u00f3n og settu hann upp aftur \u00ed sinn sta\u00f0. Annars dags sem \u00feeir st\u00f3\u00f0u snemma upp \u00fe\u00e1 fundu \u00feeir Dag\u00f3n enn aftur dottinn \u00e1 j\u00f6r\u00f0 ni\u00f0ur liggjanda \u00e1 gr\u00fafu yfir Gu\u00f0s \u00f6rk en hans h\u00f6fu\u00f0 og b\u00e1\u00f0ar hans hendur voru afbrotnar um \u00fer\u00f6sk\u00f6ldinn <a href=\"https:\/\/biblian.is\/gudbrandsbiblia\/fyrri-samuelsbok-5-kafli\/\"> [&#8230;]<\/a><\/p>\n","protected":false},"author":1,"featured_media":0,"parent":0,"menu_order":0,"comment_status":"open","ping_status":"open","template":"bibliukaflar.php","meta":{"footnotes":""},"class_list":["post-2933","page","type-page","status-publish","hentry"],"_links":{"self":[{"href":"https:\/\/biblian.is\/gudbrandsbiblia\/wp-json\/wp\/v2\/pages\/2933","targetHints":{"allow":["GET"]}}],"collection":[{"href":"https:\/\/biblian.is\/gudbrandsbiblia\/wp-json\/wp\/v2\/pages"}],"about":[{"href":"https:\/\/biblian.is\/gudbrandsbiblia\/wp-json\/wp\/v2\/types\/page"}],"author":[{"embeddable":true,"href":"https:\/\/biblian.is\/gudbrandsbiblia\/wp-json\/wp\/v2\/users\/1"}],"replies":[{"embeddable":true,"href":"https:\/\/biblian.is\/gudbrandsbiblia\/wp-json\/wp\/v2\/comments?post=2933"}],"version-history":[{"count":0,"href":"https:\/\/biblian.is\/gudbrandsbiblia\/wp-json\/wp\/v2\/pages\/2933\/revisions"}],"wp:attachment":[{"href":"https:\/\/biblian.is\/gudbrandsbiblia\/wp-json\/wp\/v2\/media?parent=2933"}],"curies":[{"name":"wp","href":"https:\/\/api.w.org\/{rel}","templated":true}]}}