{"id":2930,"date":"2017-12-18T18:32:07","date_gmt":"2017-12-18T18:32:07","guid":{"rendered":"http:\/\/biblian.is\/gudbrandsbiblia\/fyrri-samuelsbok-2-kafli\/"},"modified":"2017-12-18T18:32:07","modified_gmt":"2017-12-18T18:32:07","slug":"fyrri-samuelsbok-2-kafli","status":"publish","type":"page","link":"https:\/\/biblian.is\/gudbrandsbiblia\/fyrri-samuelsbok-2-kafli\/","title":{"rendered":"Fyrri Sam\u00faelsb\u00f3k 2. kafli"},"content":{"rendered":"<p>II.<\/p>\n<p>Og Anna ba\u00f0st fyrir og sag\u00f0i: &#8222;Mitt hjarta gle\u00f0ur sig \u00ed Drottni og mitt horn er upphafi\u00f0 \u00ed Drottni. Minn munnur opna\u00f0ist mj\u00f6g yfir m\u00ednum \u00f3vinum \u00fev\u00ed eg gle\u00f0 mig \u00ed \u00fe\u00ednu hj\u00e1lpr\u00e6\u00f0i.<\/p>\n<p>\t\u00dear er enginn svo heilagur sem Drottinn og fyrir utan \u00feig er enginn annar. Og \u00fear er enginn svoddan frelsari sem vor Gu\u00f0 er.<\/p>\n<p>\tAfleggi\u00f0 y\u00f0vart dramb og hrokan, l\u00e1ti\u00f0 \u00fea\u00f0 gamla \u00ed burt af y\u00f0rum munni, \u00fev\u00ed Drottinn er einn Gu\u00f0 sem gaumg\u00e6fir \u00fea\u00f0 og l\u00e6tur ekki svoddan fyrir\u00e6tlan lukkast.<\/p>\n<p>\tBoginn \u00feeirra \u00f6flugu er brotinn en \u00feeir veiku eru umgyrtir me\u00f0 styrkleika.<\/p>\n<p>\t\u00deeir inu s\u00f6ddu eru seldir fyrir brau\u00f0 en \u00feeir sem l\u00ed\u00f0a hungur hungra ekki meir, \u00fear til a\u00f0 s\u00fa in \u00f3byrja f\u00e6ddi sj\u00f6 og s\u00fa sem m\u00f6rg b\u00f6rn haf\u00f0i var\u00f0 veik.<\/p>\n<p>\tDrottinn dey\u00f0ir og l\u00edfgar, f\u00e6rir ni\u00f0ur til helv\u00edtis og \u00ed burt aftur \u00fea\u00f0an. <span class=\"athugasemd\" title=\"Deut. 22\">[<\/span><\/p>\n<p>\tDrottinn gj\u00f6rir f\u00e1t\u00e6kan og so r\u00edkan, hann l\u00edtill\u00e6kkar og hann upphefur. <span class=\"athugasemd\" title=\"Psal. 113\">[<\/span><\/p>\n<p>\tHann upplyftir \u00feeim \u00feurftuga \u00far duftinu og upphefur \u00feann f\u00e1t\u00e6ka \u00far saurnum svo hann setji hann \u00e1 me\u00f0al h\u00f6f\u00f0ingjanna og l\u00e6tur hann erfa st\u00f3l d\u00fdr\u00f0arinnar. \u00dev\u00ed endir veraldarinnar heyrir Drottni til og \u00fear upp \u00e1 setti hann jar\u00f0arkringluna.<\/p>\n<p>\tHann mun var\u00f0veita f\u00e6tur sinna heilagra en \u00feeir \u00f3gu\u00f0legu skulu ver\u00f0a a\u00f0 \u00f6ngu \u00ed myrkrinu \u00fev\u00ed a\u00f0 st\u00f3r magt hj\u00e1lpar \u00f6ngvum.<\/p>\n<p>\t\u00deeir sem keppa vi\u00f0 Drottin skulu falla \u00ed grunn, hann l\u00e6tur skruggur af himni koma yfir \u00fe\u00e1.<\/p>\n<p>\tDrottinn mun d\u00e6ma veraldarinnar enda og mun gefa s\u00ednum k\u00f3ngi magt og upphefja horn s\u00edns Hins smur\u00f0a.&#8220;<\/p>\n<p>\tOg Elkana gekk heim til Ram\u00f3t \u00ed sitt h\u00fas. Og sveinninn var \u00fe\u00e9nari Gu\u00f0s hj\u00e1 El\u00ed kennimanni.<\/p>\n<p>\tEn synir El\u00ed voru sk\u00e1lkar, \u00feeir hirtu ekki um Drottin, eigi heldur um emb\u00e6tti kennimannskaparins fyrir f\u00f6lkinu. <span class=\"athugasemd\" title=\"El\u00edsynir vondir sk\u00e1lkar\">[<\/span> \u00de\u00e1 nokkur vildi f\u00e6ra f\u00f3rn \u00fe\u00e1 kom prestsins \u00fe\u00e9nari \u00e1 me\u00f0an kj\u00f6ti\u00f0 sau\u00f0 og haf\u00f0i \u00ed hendi so\u00f0kr\u00f3k me\u00f0 \u00ferimur greinum og hj\u00f3 honum \u00ed ketilinn, p\u00f6nnuna e\u00f0a pottinn og hva\u00f0 helst sem hann f\u00e6r\u00f0i upp me\u00f0 so\u00f0kr\u00f3knum \u00fea\u00f0 t\u00f3k presturinn til s\u00edn. Svo gj\u00f6r\u00f0u \u00feeir vi\u00f0 allt Israelisf\u00f3lk sem kom til S\u00edl\u00f3.<\/p>\n<p>\tS\u00f6mulei\u00f0is \u00e1\u00f0ur en \u00fea\u00f0 feita var upptendra\u00f0 \u00fe\u00e1 kom prestsins \u00fe\u00e9nari til \u00feeirra sem f\u00f3rnina f\u00e6r\u00f0u og sag\u00f0i: &#8222;Gef m\u00e9r kj\u00f6t a\u00f0 steikja fyrir prestinn \u00fev\u00ed hann vill ekki taka so\u00f0i\u00f0 kj\u00f6t af \u00fe\u00e9r heldur hr\u00e1tt.&#8220; Ef nokkur sag\u00f0i \u00fe\u00e1 til hans: &#8222;L\u00e1t \u00fea\u00f0 feita ver\u00f0a upptendra\u00f0 fyrst svo sem si\u00f0ur er til \u00ed dag og tak s\u00ed\u00f0an hva\u00f0 \u00feitt hjarta lystir&#8220; \u00fe\u00e1 svara\u00f0i hann: &#8222;\u00de\u00fa skalt n\u00fa \u00ed sta\u00f0 gefa m\u00e9r \u00fea\u00f0 en viljir \u00fe\u00fa ekki \u00fe\u00e1 skal eg taka \u00fea\u00f0 me\u00f0 afli.&#8220; \u00dev\u00ed var \u00feessara sveina synd mj\u00f6g st\u00f3r fyri Drottni \u00fev\u00ed f\u00f3lki\u00f0 lasta\u00f0i Drottins matarf\u00f3rnir.  <\/p>\n<p>\tSam\u00fael \u00fej\u00f3na\u00f0i fyrir Drottni kl\u00e6ddur <span class=\"athugasemd\" title=\"a \/ (L\u00edfkyrtli) \/ \u00dea\u00f0 voru kennimannleg kl\u00e6\u00f0i um \u00feau e\u00f0 talar Exo. xxviy\">[<\/span> l\u00edfkyrtli af l\u00edni. \u00dear til gj\u00f6r\u00f0i hans m\u00f3\u00f0ir honum einn l\u00edtinn kyrtil og f\u00e6r\u00f0i hann honum upp \u00e1 \u00e1kve\u00f0num t\u00edma \u00fe\u00e1 h\u00fan gekk upp me\u00f0 s\u00ednum b\u00f3nda f\u00f3rnir a\u00f0 f\u00e6ra \u00ed heyrilegan t\u00edma. Og El\u00ed blessa\u00f0i Elkana og hans kvinnu og sag\u00f0i: &#8222;Drottinn gefi \u00fe\u00e9r s\u00e6\u00f0i af \u00feinni kvinnu s\u00f6kum \u00feeirrar b\u00e6nar sem h\u00fan ba\u00f0 Drottin.&#8220; Og \u00feau gengu til s\u00edns heimilis. En Drottinn vitja\u00f0i Aunnu svo a\u00f0 h\u00fan var\u00f0 \u00f3l\u00e9tt og f\u00e6ddi \u00ferj\u00e1 sonu og tv\u00e6r d\u00e6tur. En sveinninn Sam\u00fael \u00f3x upp fyrir Drottni.<\/p>\n<p>\tEl\u00ed var or\u00f0inn mj\u00f6g gamall og heyr\u00f0i allt \u00fea\u00f0 sem hans synir gj\u00f6r\u00f0u \u00f6llu Israelisf\u00f3lki og a\u00f0 \u00feeir l\u00e1gu me\u00f0 \u00feeim kvinnum sem \u00fej\u00f3nu\u00f0u fyrir vitnisbur\u00f0arins tjaldb\u00fa\u00f0ardyrum. Og hann sag\u00f0i til \u00feeirra: <span class=\"athugasemd\" title=\"Linleg \u00e1minning El\u00ed\">[<\/span> &#8222;\u00dev\u00ed gj\u00f6ri \u00fei\u00f0 sl\u00edkt? Eg heyri ykkart vont ath\u00e6fi af \u00f6llu \u00feessu f\u00f3lki. Ekki svo, m\u00ednir synir, \u00fea\u00f0 er ekki gott rykti sem eg heyri, \u00fei\u00f0 komi\u00f0 Gu\u00f0s f\u00f3lki til yfirtro\u00f0slu. \u00de\u00f3 a\u00f0 ma\u00f0ur misgj\u00f6ri vi\u00f0 mann \u00fe\u00e1 kann d\u00f3marinn a\u00f0 sl\u00e9tta \u00fear yfir. En ef nokkur syndgast \u00ed m\u00f3ti Drottni, hver kann \u00fe\u00e1 a\u00f0 bi\u00f0ja fyrir hann?&#8220; En \u00feeir hl\u00fdddu ekki \u00feeirra f\u00f6\u00f0urs or\u00f0um \u00fev\u00ed a\u00f0 Drottinn vildi sl\u00e1 \u00fe\u00e1 \u00ed hel. En sveinninn Sam\u00fael \u00f3x me\u00f0 aldri og var \u00feekkur b\u00e6\u00f0i Gu\u00f0i og m\u00f6nnum.<\/p>\n<p>\tEn \u00fear kom einn Gu\u00f0s ma\u00f0ur til El\u00ed og sag\u00f0i til hans: &#8222;Svo segir Drottinn: Eg opinbera\u00f0i mig fyrir \u00fe\u00edns f\u00f6\u00f0urs h\u00fasi \u00fe\u00e1 \u00feeir enn voru \u00ed Egyptalandi \u00ed h\u00fasi Pharaonis. Og eg \u00fatvaldi m\u00e9r hann af \u00f6llum \u00cdsraels kynkv\u00edslum til kennimannsskapar a\u00f0 hann skyldi f\u00e6ra f\u00f3rnir yfir mitt altari og upptendra reykelsi og bera \u00feann l\u00edfkyrtil fyrir \u00e1s\u00fdnd minni og eg gaf \u00fe\u00ednu f\u00f6\u00f0urs h\u00fasi allan \u00cdsraelssona eld. Hvar fyrir bakspyrnir \u00fe\u00fa vi\u00f0 m\u00ednum f\u00f3rnum og matoffri sem eg bau\u00f0 (a\u00f0 offra) \u00ed tjaldb\u00fa\u00f0inni? Og \u00fe\u00fa vegsamar \u00fe\u00edna sonu meir en mig a\u00f0 \u00fe\u00e9r ali\u00f0 y\u00f0ur me\u00f0 \u00fev\u00ed besta af \u00f6llu matoffri Israelisf\u00f3lks.<\/p>\n<p>\tOg \u00fev\u00ed segir Drottinn \u00cdsraels Gu\u00f0: <span class=\"athugasemd\" title=\"1. Reg. 2\">[<\/span> Eg hefi tala\u00f0 a\u00f0 \u00feitt h\u00fas og \u00fe\u00edns f\u00f6\u00f0urs h\u00fas skyldi ganga fyrir m\u00e9r \u00e6vinlega. En n\u00fa segir Drottinn: \u00dea\u00f0 s\u00e9 langt fr\u00e1 m\u00e9r, heldur hver mig hei\u00f0rar \u00feann vil eg og hei\u00f0ra og s\u00e1 mig foraktar hann skal fyrirlitinn ver\u00f0a. Sj\u00e1, s\u00e1 t\u00edmi skal koma a\u00f0 eg vil \u00ed sundurbrj\u00f3ta \u00feinn armlegg og \u00fe\u00edns f\u00f6\u00f0urs h\u00fass armlegg og \u00fear skal enginn gamall ver\u00f0a \u00ed \u00fe\u00ednu h\u00fasi. <span class=\"athugasemd\" title=\"Gu\u00f0s alvarleg h\u00f3tan m\u00f3t El\u00ed\">[<\/span> Og \u00fe\u00fa skalt sj\u00e1 \u00feinn m\u00f3tstandara \u00ed tjaldb\u00fa\u00f0inni \u00ed \u00f6llum \u00feeim fars\u00e6llegum hlutum sem \u00cdsrael skal til falla og \u00fear skal enginn gamall ver\u00f0a \u00ed \u00fe\u00edns f\u00f6\u00f0urs h\u00fasi \u00e6vinlega \u0096 \u00fe\u00f3 vil eg \u00f6ngvan uppr\u00e6ta af \u00fe\u00e9r fr\u00e1 m\u00ednu altari \u0096 svo a\u00f0 \u00fe\u00edn augu ofskyggnist og \u00fe\u00edn s\u00e1l syrgi og mestur fj\u00f6ldi af \u00fe\u00ednu h\u00fasi skal deyja n\u00e6r \u00feeir eru komnir til manna.<\/p>\n<p>\tOg \u00fea\u00f0 skal vera \u00fe\u00e9r eitt merki sem koma skal yfir \u00fe\u00edna tvo syni, Ofn\u00ed og P\u00edneas, a\u00f0 \u00e1 einum degi skulu \u00feeir b\u00e1\u00f0ir deyja. Og eg vil uppvekja m\u00e9r einn tr\u00falyndan kennimann. Hann skal gj\u00f6ra \u00fea\u00f0 sem a\u00f0 l\u00edkar m\u00ednu hjarta og minni s\u00e1lu og eg vil byggja honum eitt sta\u00f0fast h\u00fas a\u00f0 hann gangi alla daga fyrir m\u00ednum Smur\u00f0a. Og hver sem eftirbl\u00edfur \u00ed \u00fe\u00ednu h\u00fasi hann skal koma og falla ni\u00f0ur fyrir honum fyrir einn silfurpening og fyrir einn bita brau\u00f0s og skal segja: K\u00e6ri, l\u00e1t mig n\u00e1 einum kennimannshlut so eg megi eta einn bita brau\u00f0s.&#8220;<\/p>\n","protected":false},"excerpt":{"rendered":"<p>II. Og Anna ba\u00f0st fyrir og sag\u00f0i: &#8222;Mitt hjarta gle\u00f0ur sig \u00ed Drottni og mitt horn er upphafi\u00f0 \u00ed Drottni. Minn munnur opna\u00f0ist mj\u00f6g yfir m\u00ednum \u00f3vinum \u00fev\u00ed eg gle\u00f0 mig \u00ed \u00fe\u00ednu hj\u00e1lpr\u00e6\u00f0i. \u00dear er enginn svo heilagur sem Drottinn og fyrir utan \u00feig er enginn annar. Og \u00fear er enginn svoddan frelsari sem vor Gu\u00f0 er. Afleggi\u00f0 y\u00f0vart dramb og hrokan, l\u00e1ti\u00f0 \u00fea\u00f0 gamla \u00ed burt af y\u00f0rum munni, \u00fev\u00ed Drottinn er einn Gu\u00f0 sem gaumg\u00e6fir \u00fea\u00f0 og l\u00e6tur ekki svoddan fyrir\u00e6tlan lukkast. Boginn \u00feeirra \u00f6flugu er brotinn en \u00feeir veiku eru umgyrtir me\u00f0 styrkleika. \u00deeir inu s\u00f6ddu <a href=\"https:\/\/biblian.is\/gudbrandsbiblia\/fyrri-samuelsbok-2-kafli\/\"> [&#8230;]<\/a><\/p>\n","protected":false},"author":1,"featured_media":0,"parent":0,"menu_order":0,"comment_status":"open","ping_status":"open","template":"bibliukaflar.php","meta":{"footnotes":""},"class_list":["post-2930","page","type-page","status-publish","hentry"],"_links":{"self":[{"href":"https:\/\/biblian.is\/gudbrandsbiblia\/wp-json\/wp\/v2\/pages\/2930","targetHints":{"allow":["GET"]}}],"collection":[{"href":"https:\/\/biblian.is\/gudbrandsbiblia\/wp-json\/wp\/v2\/pages"}],"about":[{"href":"https:\/\/biblian.is\/gudbrandsbiblia\/wp-json\/wp\/v2\/types\/page"}],"author":[{"embeddable":true,"href":"https:\/\/biblian.is\/gudbrandsbiblia\/wp-json\/wp\/v2\/users\/1"}],"replies":[{"embeddable":true,"href":"https:\/\/biblian.is\/gudbrandsbiblia\/wp-json\/wp\/v2\/comments?post=2930"}],"version-history":[{"count":0,"href":"https:\/\/biblian.is\/gudbrandsbiblia\/wp-json\/wp\/v2\/pages\/2930\/revisions"}],"wp:attachment":[{"href":"https:\/\/biblian.is\/gudbrandsbiblia\/wp-json\/wp\/v2\/media?parent=2930"}],"curies":[{"name":"wp","href":"https:\/\/api.w.org\/{rel}","templated":true}]}}