{"id":2924,"date":"2017-12-18T18:32:07","date_gmt":"2017-12-18T18:32:07","guid":{"rendered":"http:\/\/biblian.is\/gudbrandsbiblia\/domarabokin-21-kafli\/"},"modified":"2017-12-18T18:32:07","modified_gmt":"2017-12-18T18:32:07","slug":"domarabokin-21-kafli","status":"publish","type":"page","link":"https:\/\/biblian.is\/gudbrandsbiblia\/domarabokin-21-kafli\/","title":{"rendered":"D\u00f3marab\u00f3kin 21. kafli"},"content":{"rendered":"<p>XXI.<\/p>\n<p>Israelismenn h\u00f6f\u00f0u svari\u00f0 einn ei\u00f0 \u00ed Mispa og sagt svo: &#8222;\u00dear skal enginn gefa \u00feeim Benjamitis s\u00edna d\u00f3ttir til eignarkvinnu.&#8220; Og f\u00f3lki\u00f0 kom til Gu\u00f0s h\u00fass og var \u00fear fyrir Gu\u00f0i allt til kvelds. Og \u00feeir upph\u00f3fu s\u00ednar raddir og gr\u00e9tu beisklega og s\u00f6g\u00f0u: &#8222;Drottinn, Gu\u00f0 af \u00cdsrael! \u00dev\u00ed mun \u00fev\u00edl\u00edkt hafa ske\u00f0 \u00ed \u00cdsrael a\u00f0 \u00e1 \u00feessum degi er fallin ein kynkv\u00edsl af \u00cdsrael?&#8220; Annars dags t\u00f3k f\u00f3lki\u00f0 sig \u00e1rla upp og bygg\u00f0i \u00fear eitt altari og offr\u00f6\u00f0u brennif\u00f3rnum og \u00feakkl\u00e6tisoffri.<\/p>\n<p>\tOg \u00cdsraelssynir s\u00f6g\u00f0u: &#8222;Hvar er s\u00e1 nokkur sta\u00f0ar af Israelis kynkv\u00edslum sem ekki er kominn hinga\u00f0 upp me\u00f0 alm\u00faganum til Drottins?&#8220; \u00dev\u00ed \u00fear var gj\u00f6r\u00f0ur einn st\u00f3r ei\u00f0ur a\u00f0 hver sem ekki k\u00e6mi upp til Drottins \u00ed Mispa s\u00e1 skyldi sannlega deyja. En \u00cdsraelssynir i\u00f0ru\u00f0ust vegna Benjam\u00edns s\u00edns br\u00f3\u00f0urs og s\u00f6g\u00f0u: &#8222;\u00cd dag er ein kynkv\u00edsl \u00far fallin \u00ed \u00cdsrael. Hvernin skulu v\u00e9r bera oss a\u00f0 me\u00f0 \u00fe\u00e1 sem eftir eru a\u00f0 \u00feeir megi giftast? \u00dev\u00ed v\u00e9r h\u00f6fum svari\u00f0 Drottni a\u00f0 v\u00e9r skulum ekki gefa \u00feeim kvinnur af vorum d\u00e6trum.&#8220;<\/p>\n<p>\tOg \u00feeir s\u00f6g\u00f0u: &#8222;Hvar eru nokkurs sta\u00f0ar af Israelis\u00e6tt \u00feeir sem ekki hafa uppkomi\u00f0 til Drottins \u00ed Mispa?&#8220; Og, sj\u00e1, a\u00f0 \u00fear var enginn \u00e1 me\u00f0al alm\u00fagans af Jabes \u00ed G\u00edlea\u00f0. \u00dev\u00ed a\u00f0 \u00feeir t\u00f6ldu f\u00f3lki\u00f0 og sj\u00e1, \u00fe\u00e1 var \u00fear enginn borgari af Jabes \u00ed G\u00edlea\u00f0. \u00de\u00e1 sendi alm\u00faginn t\u00f3lf \u00fe\u00fasund manns \u00feanga\u00f0 af str\u00ed\u00f0sm\u00f6nnum, bu\u00f0u \u00feeim og s\u00f6g\u00f0u: &#8222;Fari\u00f0 og sl\u00e1i\u00f0 me\u00f0 sver\u00f0seggjum Jabes borgara \u00ed G\u00edlea\u00f0, jafnt konur og b\u00f6rn. \u00de\u00f3 skulu\u00f0 \u00fe\u00e9r svo gj\u00f6ra: Allt \u00fea\u00f0 sem er kallkyns og allar \u00fe\u00e6r kvinnur sem menn hafa kennt skulu \u00fe\u00e9r forey\u00f0a.&#8220; Og \u00feeir fundu hj\u00e1 \u00feeim borgurum \u00ed Jabes \u00ed G\u00edlea\u00f0 fj\u00f6gur hundru\u00f0 p\u00edkur sem voru hreinar meyjar og ekki h\u00f6f\u00f0u legi\u00f0 hj\u00e1 m\u00f6nnum. \u00de\u00e6r h\u00f6f\u00f0u \u00feeir til herb\u00fa\u00f0a \u00ed S\u00edl\u00f3 sem liggur \u00ed landi Kanaan. <span class=\"athugasemd\" title=\"Jabes afm\u00e1\u00f0\">[<\/span> <\/p>\n<p>\tS\u00ed\u00f0an sendi allur alm\u00faginn og l\u00e9t tala vi\u00f0 Benjam\u00edn sem voru \u00e1 \u00fev\u00ed bjargi Rimm\u00f3n og k\u00f6llu\u00f0u \u00fe\u00e1 me\u00f0 fri\u00f0i. Svo komu synir Benjam\u00edn aftur \u00e1 \u00feeim t\u00edma. Og \u00feeir g\u00e1fu \u00feeim kvinnur af Jabes kvinnum \u00ed G\u00edlea\u00f0 sem \u00fear voru eftir og ekki fundu \u00feeir fleiri. \u00de\u00e1 i\u00f0ra\u00f0ist f\u00f3lki\u00f0 yfir Benjam\u00edn a\u00f0 Drottinn haf\u00f0i gj\u00f6rt eitt skar\u00f0 \u00ed \u00cdsraels kynkv\u00edslir.<\/p>\n<p>\tEn \u00feeir \u00f6ldungar fyrir alm\u00faganum s\u00f6g\u00f0u: &#8222;Hva\u00f0 viljum v\u00e9r til gj\u00f6ra svo a\u00f0 \u00feeir sem eftir eru megi og f\u00e1 s\u00e9r eiginkonur? \u00dev\u00ed a\u00f0 allar kvinnur \u00ed Benjam\u00edn eru afm\u00e1\u00f0ar.&#8220; Og \u00feeir s\u00f6g\u00f0u: &#8222;\u00deeir sem eftir eru af Benjam\u00edn mega \u00fe\u00f3 halda s\u00ednum arfi a\u00f0 ein kynkv\u00edsl ver\u00f0i ekki me\u00f0 \u00f6llu afm\u00e1\u00f0 \u00ed \u00cdsrael. En v\u00e9r megum ekki gefa \u00feeim vorar d\u00e6tur til eiginkvenna \u00fev\u00ed \u00cdsraelssynir hafa svari\u00f0 og sagt: B\u00f6lva\u00f0ur s\u00e9 s\u00e1 sem gefur \u00feeim Benjamitis eiginkonur.&#8220;<\/p>\n<p>\tOg \u00feeir s\u00f6g\u00f0u: &#8222;Sj\u00e1, \u00fear er Drottins \u00e1rleg h\u00e1t\u00ed\u00f0 \u00ed S\u00edl\u00f3 sem liggur nor\u00f0ur fr\u00e1 Betel m\u00f3t austri \u00e1 \u00feeim vegi sem liggur upp fr\u00e1 Betel til S\u00edkem \u00ed su\u00f0ur\u00e1tt m\u00f3t Lib\u00f3na.&#8220; Og \u00feeir bu\u00f0u Benjam\u00ednsonum og s\u00f6g\u00f0u: &#8222;Fari\u00f0 og liggi\u00f0 \u00ed leyndum \u00ed v\u00edng\u00f6r\u00f0unum. Og \u00fe\u00e1 \u00fe\u00e9r sj\u00e1i\u00f0 a\u00f0 \u00fe\u00e6r d\u00e6tur af S\u00edl\u00f3 ganga \u00fat hver eftir annarri \u00ed dans \u00fe\u00e1 hlaupi\u00f0 sem snarast \u00far v\u00ednvi\u00f0arg\u00f6r\u00f0unum og taki hver s\u00e9r eiginkvinnu af S\u00edl\u00f3d\u00e6trum og fari\u00f0 svo aftur \u00ed Benjam\u00ednland. En \u00fe\u00e1 \u00feeirra fe\u00f0ur e\u00f0a br\u00e6\u00f0ur koma og og klaga \u00feetta fyrir oss \u00fe\u00e1 viljum v\u00e9r segja til \u00feeirra: Veri\u00f0 \u00feeim n\u00e1\u00f0ug \u00fev\u00ed a\u00f0 ekki hafa \u00feeir teki\u00f0 \u00fe\u00e6r me\u00f0 str\u00ed\u00f0i. <span class=\"athugasemd\" title=\"Benjam\u00ednssynir r\u00e6na d\u00e6trum S\u00edl\u00f3\">[<\/span> En \u00fe\u00e9r vildu\u00f0 ekki gefa \u00feeim \u00fe\u00e6r \u00fe\u00e1 \u00feeir b\u00e1\u00f0u. \u00dev\u00ed er \u00fea\u00f0 n\u00fa y\u00f0ar skuld.&#8220; Synir Benjam\u00edn gj\u00f6r\u00f0u eins l\u00edka svo og t\u00f3ku s\u00e9r kvinnurnar eftir manntali af dansinum og gripu \u00fe\u00e6r og fer\u00f0u\u00f0ust \u00fea\u00f0an og bjuggu \u00ed s\u00ednum arfi, bygg\u00f0u borgir og bjuggu \u00ed \u00feeim. So t\u00f3ku \u00cdsraelssynir sig upp, f\u00f3ru \u00fea\u00f0an \u00e1 \u00feeim t\u00edma hver til sinnar kynkv\u00edslar og \u00e6ttar. Og \u00feeir fer\u00f0u\u00f0ust \u00fear fr\u00e1 hver til sinnar arfleif\u00f0ar. \u00c1 \u00feeim t\u00edma var enginn k\u00f3ngur \u00ed \u00cdsrael og gj\u00f6r\u00f0i hver \u00fea\u00f0 sem honum \u00fe\u00f3tti r\u00e9tt vera.<\/p>\n<p>Endir \u00e1 D\u00f3marab\u00f3kinni<\/p>\n","protected":false},"excerpt":{"rendered":"<p>XXI. Israelismenn h\u00f6f\u00f0u svari\u00f0 einn ei\u00f0 \u00ed Mispa og sagt svo: &#8222;\u00dear skal enginn gefa \u00feeim Benjamitis s\u00edna d\u00f3ttir til eignarkvinnu.&#8220; Og f\u00f3lki\u00f0 kom til Gu\u00f0s h\u00fass og var \u00fear fyrir Gu\u00f0i allt til kvelds. Og \u00feeir upph\u00f3fu s\u00ednar raddir og gr\u00e9tu beisklega og s\u00f6g\u00f0u: &#8222;Drottinn, Gu\u00f0 af \u00cdsrael! \u00dev\u00ed mun \u00fev\u00edl\u00edkt hafa ske\u00f0 \u00ed \u00cdsrael a\u00f0 \u00e1 \u00feessum degi er fallin ein kynkv\u00edsl af \u00cdsrael?&#8220; Annars dags t\u00f3k f\u00f3lki\u00f0 sig \u00e1rla upp og bygg\u00f0i \u00fear eitt altari og offr\u00f6\u00f0u brennif\u00f3rnum og \u00feakkl\u00e6tisoffri. Og \u00cdsraelssynir s\u00f6g\u00f0u: &#8222;Hvar er s\u00e1 nokkur sta\u00f0ar af Israelis kynkv\u00edslum sem ekki er kominn hinga\u00f0 upp <a href=\"https:\/\/biblian.is\/gudbrandsbiblia\/domarabokin-21-kafli\/\"> [&#8230;]<\/a><\/p>\n","protected":false},"author":1,"featured_media":0,"parent":0,"menu_order":0,"comment_status":"open","ping_status":"open","template":"bibliukaflar.php","meta":{"footnotes":""},"class_list":["post-2924","page","type-page","status-publish","hentry"],"_links":{"self":[{"href":"https:\/\/biblian.is\/gudbrandsbiblia\/wp-json\/wp\/v2\/pages\/2924","targetHints":{"allow":["GET"]}}],"collection":[{"href":"https:\/\/biblian.is\/gudbrandsbiblia\/wp-json\/wp\/v2\/pages"}],"about":[{"href":"https:\/\/biblian.is\/gudbrandsbiblia\/wp-json\/wp\/v2\/types\/page"}],"author":[{"embeddable":true,"href":"https:\/\/biblian.is\/gudbrandsbiblia\/wp-json\/wp\/v2\/users\/1"}],"replies":[{"embeddable":true,"href":"https:\/\/biblian.is\/gudbrandsbiblia\/wp-json\/wp\/v2\/comments?post=2924"}],"version-history":[{"count":0,"href":"https:\/\/biblian.is\/gudbrandsbiblia\/wp-json\/wp\/v2\/pages\/2924\/revisions"}],"wp:attachment":[{"href":"https:\/\/biblian.is\/gudbrandsbiblia\/wp-json\/wp\/v2\/media?parent=2924"}],"curies":[{"name":"wp","href":"https:\/\/api.w.org\/{rel}","templated":true}]}}