{"id":2920,"date":"2017-12-18T18:32:07","date_gmt":"2017-12-18T18:32:07","guid":{"rendered":"http:\/\/biblian.is\/gudbrandsbiblia\/domarabokin-17-kafli\/"},"modified":"2017-12-18T18:32:07","modified_gmt":"2017-12-18T18:32:07","slug":"domarabokin-17-kafli","status":"publish","type":"page","link":"https:\/\/biblian.is\/gudbrandsbiblia\/domarabokin-17-kafli\/","title":{"rendered":"D\u00f3marab\u00f3kin 17. kafli"},"content":{"rendered":"<p>XVII.<\/p>\n<p>\u00dear var einn ma\u00f0ur \u00e1 fjallbygg\u00f0um Efra\u00edm sem h\u00e9t M\u00edka. Hann sag\u00f0i til sinnar m\u00f3\u00f0ur: &#8222;\u00de\u00e1 \u00fe\u00fasund og hundra\u00f0 silfurpeninga sem \u00fe\u00fa hefur teki\u00f0 til \u00fe\u00edn og svari\u00f0 og sagt fyrir m\u00ednum eyrum: Sj\u00e1, \u00feeir inu s\u00f6mu peningar eru hj\u00e1 m\u00e9r, eg hefi teki\u00f0 \u00fe\u00e1 til m\u00edn.&#8220; \u00de\u00e1 svara\u00f0i hans m\u00f3\u00f0ir: &#8222;Blessa\u00f0ur s\u00e9 minn son Drottni.&#8220; S\u00ed\u00f0an gaf hann sinni m\u00f3\u00f0ur \u00fe\u00e1 \u00fe\u00fasund og hundra\u00f0 silfurpeninga aftur. <span class=\"athugasemd\" title=\"Sk\u00fargo\u00f0 M\u00edka\">[<\/span> Og hans m\u00f3\u00f0ir sag\u00f0i: &#8222;Eg hefi helga\u00f0 Drottni \u00fe\u00e1 peninga \u00far minni hendi fyrir minn son so a\u00f0 \u00fear s\u00e9 gj\u00f6rt af eitt l\u00edkneski og afgu\u00f0. \u00dear fyrir gef eg \u00fe\u00e9r \u00fe\u00e1 n\u00fa aftur.&#8220; En hann gaf sinni m\u00f3\u00f0ur \u00feessa peninga aftur.<\/p>\n<p>\t\u00de\u00e1 t\u00f3k hans m\u00f3\u00f0ir tv\u00f6 hundru\u00f0 silfurpeninga og f\u00e9kk \u00fe\u00e1 einum gullsmi\u00f0. Hann gj\u00f6r\u00f0i henni eina l\u00edkneskju og sk\u00fargo\u00f0 \u00fear af og \u00fear eftir var \u00fea\u00f0 \u00ed M\u00edka h\u00fasi. Og \u00feessi M\u00edka haf\u00f0i eitt gu\u00f0sh\u00fas. Og hann gj\u00f6r\u00f0i ein l\u00edfkyrtil og helgid\u00f3m og <span class=\"athugasemd\" title=\"a \/ (Fyllti) \/ \u00dea\u00f0 er, hann v\u00edg\u00f0i hann so sem \u00fea\u00f0 stendur Exo. xxxix.\">[<\/span> fylldi hendur \u00e1 einum s\u00ednum syni so hann var hans prestur. \u00c1 \u00feeim t\u00edma var enginn k\u00f3ngur \u00ed \u00cdsrael. Og hver gj\u00f6r\u00f0i \u00fea\u00f0 sem honum \u00fe\u00f3tti r\u00e9tt vera.<\/p>\n<p>\tEn \u00fear var eitt ungmenni af Betlehem J\u00fada \u00e1 me\u00f0al J\u00fada kyn\u00fe\u00e1ttar og hann var einn Lev\u00edti og var \u00fear framandi. <span class=\"athugasemd\" title=\"Lev\u00edti \u00ed h\u00fasi M\u00edka\">[<\/span> Hann reisti fr\u00e1 \u00feeim sta\u00f0 Betlehem J\u00fada og gekk h\u00e9r og hvar sem hann kunni. En sem hann kom upp \u00e1 fjalli\u00f0 Efra\u00edm til h\u00fasa M\u00edka a\u00f0 hann f\u00e6ri sinn veg \u00fe\u00e1 spur\u00f0i M\u00edka hann a\u00f0: &#8222;Hva\u00f0an komst \u00fe\u00fa?&#8220; Hann svara\u00f0i: &#8222;Eg er einn Lev\u00edti af Betlehem J\u00fada og geng \u00feanga\u00f0 sem eg kann.&#8220; M\u00edka sag\u00f0i til hans: &#8222;Vert \u00fe\u00fa hj\u00e1 m\u00e9r, \u00fe\u00fa skalt vera minn fa\u00f0ir og minn prestur. Eg vil gefa \u00fe\u00e9r hvert \u00e1r t\u00edu silfurpeninga og tilskilinn kl\u00e6\u00f0na\u00f0 og \u00fe\u00edna f\u00e6\u00f0u.&#8220; Og Lev\u00edtinn f\u00f3r \u00feanga\u00f0.<\/p>\n<p>\tOg Lev\u00edtinn f\u00f3r til og var hj\u00e1 manninum og hann h\u00e9lt \u00feennan unga mann l\u00edka sem einn son. Og M\u00edka fyllti Lev\u00edtans h\u00f6nd so hann var\u00f0 hans prestur og var so \u00fat \u00ed M\u00edka h\u00fasi. Og M\u00edka sag\u00f0i: &#8222;N\u00fa veit eg a\u00f0 Drottinn mun gj\u00f6ra m\u00e9r til g\u00f3\u00f0a fyrst a\u00f0 eg hefi einn Lev\u00edta fyrir kennimann.&#8220;<\/p>\n","protected":false},"excerpt":{"rendered":"<p>XVII. \u00dear var einn ma\u00f0ur \u00e1 fjallbygg\u00f0um Efra\u00edm sem h\u00e9t M\u00edka. Hann sag\u00f0i til sinnar m\u00f3\u00f0ur: &#8222;\u00de\u00e1 \u00fe\u00fasund og hundra\u00f0 silfurpeninga sem \u00fe\u00fa hefur teki\u00f0 til \u00fe\u00edn og svari\u00f0 og sagt fyrir m\u00ednum eyrum: Sj\u00e1, \u00feeir inu s\u00f6mu peningar eru hj\u00e1 m\u00e9r, eg hefi teki\u00f0 \u00fe\u00e1 til m\u00edn.&#8220; \u00de\u00e1 svara\u00f0i hans m\u00f3\u00f0ir: &#8222;Blessa\u00f0ur s\u00e9 minn son Drottni.&#8220; S\u00ed\u00f0an gaf hann sinni m\u00f3\u00f0ur \u00fe\u00e1 \u00fe\u00fasund og hundra\u00f0 silfurpeninga aftur. [ Og hans m\u00f3\u00f0ir sag\u00f0i: &#8222;Eg hefi helga\u00f0 Drottni \u00fe\u00e1 peninga \u00far minni hendi fyrir minn son so a\u00f0 \u00fear s\u00e9 gj\u00f6rt af eitt l\u00edkneski og afgu\u00f0. \u00dear fyrir gef eg \u00fe\u00e9r <a href=\"https:\/\/biblian.is\/gudbrandsbiblia\/domarabokin-17-kafli\/\"> [&#8230;]<\/a><\/p>\n","protected":false},"author":1,"featured_media":0,"parent":0,"menu_order":0,"comment_status":"open","ping_status":"open","template":"bibliukaflar.php","meta":{"footnotes":""},"class_list":["post-2920","page","type-page","status-publish","hentry"],"_links":{"self":[{"href":"https:\/\/biblian.is\/gudbrandsbiblia\/wp-json\/wp\/v2\/pages\/2920","targetHints":{"allow":["GET"]}}],"collection":[{"href":"https:\/\/biblian.is\/gudbrandsbiblia\/wp-json\/wp\/v2\/pages"}],"about":[{"href":"https:\/\/biblian.is\/gudbrandsbiblia\/wp-json\/wp\/v2\/types\/page"}],"author":[{"embeddable":true,"href":"https:\/\/biblian.is\/gudbrandsbiblia\/wp-json\/wp\/v2\/users\/1"}],"replies":[{"embeddable":true,"href":"https:\/\/biblian.is\/gudbrandsbiblia\/wp-json\/wp\/v2\/comments?post=2920"}],"version-history":[{"count":0,"href":"https:\/\/biblian.is\/gudbrandsbiblia\/wp-json\/wp\/v2\/pages\/2920\/revisions"}],"wp:attachment":[{"href":"https:\/\/biblian.is\/gudbrandsbiblia\/wp-json\/wp\/v2\/media?parent=2920"}],"curies":[{"name":"wp","href":"https:\/\/api.w.org\/{rel}","templated":true}]}}