{"id":2918,"date":"2017-12-18T18:32:07","date_gmt":"2017-12-18T18:32:07","guid":{"rendered":"http:\/\/biblian.is\/gudbrandsbiblia\/domarabokin-15-kafli\/"},"modified":"2017-12-18T18:32:07","modified_gmt":"2017-12-18T18:32:07","slug":"domarabokin-15-kafli","status":"publish","type":"page","link":"https:\/\/biblian.is\/gudbrandsbiblia\/domarabokin-15-kafli\/","title":{"rendered":"D\u00f3marab\u00f3kin 15. kafli"},"content":{"rendered":"<p>XV.<\/p>\n<p>Og \u00fea\u00f0 ske\u00f0i svo eftir nokkra daga \u00e1 hveitkornskur\u00f0art\u00edma a\u00f0 Samson f\u00f3r a\u00f0 vitja sinnar konu og haf\u00f0i me\u00f0 s\u00e9r eitt hafurki\u00f0. Og sem hann \u00e6tla\u00f0i s\u00e9r a\u00f0 ganga \u00ed herbergi\u00f0 til konu sinnar \u00fe\u00e1 l\u00e9t hennar fa\u00f0ir \u00f6ngvan kost \u00e1 \u00fev\u00ed og sag\u00f0i: &#8222;Eg atla\u00f0i a\u00f0 \u00fe\u00fa mundir henni or\u00f0inn rei\u00f0ur og \u00fev\u00ed gifta eg hana \u00fe\u00ednum lagsmanni. En h\u00fan hefur a\u00f0ra yngri \u00fe\u00e1 systur sem fr\u00ed\u00f0ari er en h\u00fan, l\u00e1t hana ver\u00f0a \u00fe\u00edna fyrir hina.&#8220; En Samson svara\u00f0i og sag\u00f0i til \u00feeirra: &#8222;Eg hefi n\u00fa einu sinni fengi\u00f0 r\u00e9tta s\u00f6k \u00e1 m\u00f3ti \u00feeim Philisteis. Eg skal gj\u00f6ra y\u00f0ur ska\u00f0a.&#8220;<\/p>\n<p>\tOg Samson gekk \u00fea\u00f0an og veiddi \u00ferj\u00fa hundru\u00f0 refa og hann t\u00f3k s\u00e9r eldsk\u00ed\u00f0, batt \u00fe\u00e1 saman \u00e1 h\u00f6lunum og batt eitt eldssk\u00ed\u00f0 \u00e1 millum hverra tveggja og kveikti eld \u00ed \u00feeim og sleppti \u00feeim lausum \u00ed akra \u00feeirra Philistim og uppbrenndi \u00feeirra bindini og svo \u00fea\u00f0 standanda korn og \u00feeirra v\u00edngar\u00f0a og vi\u00f0smj\u00f6rstr\u00e9. \u00de\u00e1 s\u00f6g\u00f0u Philistei: &#8222;Hver hefur gj\u00f6rt \u00feetta?&#8220; \u00de\u00e1 var \u00feeim sagt: &#8222;Samson, m\u00e1gur hans \u00ed Timnat, fyrir \u00fea\u00f0 a\u00f0 hans m\u00e1gur t\u00f3k hans h\u00fastr\u00fa og gaf hana hans vin.&#8220; \u00de\u00e1 f\u00f3ru Philistei upp \u00feanga\u00f0 og brenndu inni konuna og hennar f\u00f6\u00f0ur me\u00f0 eldi.<\/p>\n<p>\tEn Samson sag\u00f0i til \u00feeirra: &#8222;En \u00fe\u00f3 a\u00f0 \u00fe\u00e9r hafi\u00f0 \u00feetta gj\u00f6rt \u00fe\u00e1 vil eg sem \u00e1\u00f0ur hefna m\u00edn sj\u00e1lfur \u00e1 y\u00f0ur og l\u00e1ta af s\u00ed\u00f0an.&#8220; Og hann sl\u00f3 \u00fe\u00e1 har\u00f0lega b\u00e6\u00f0i \u00e1 <span class=\"athugasemd\" title=\"a \/ (Her\u00f0ar og lendar) \/ \u00dea\u00f0 er hann sl\u00f3 alla \u00fe\u00e1 sem hann hitti, h\u00e6rri st\u00e9ttar og l\u00e6gri\">[<\/span> her\u00f0ar og lendar. Og hann f\u00f3r ofan og bj\u00f3 \u00ed einni bjargskoru \u00ed Etam.<\/p>\n<p>\t\u00de\u00e1 f\u00f3ru Philistei upp \u00ed landi\u00f0 J\u00fada og settu herb\u00fa\u00f0ir s\u00ednar \u00ed Leh\u00ed. En \u00feeir af J\u00fada s\u00f6g\u00f0u: &#8222;\u00dev\u00ed eru \u00fe\u00e9r h\u00e9r uppkomnir \u00ed m\u00f3ti oss?&#8220; \u00deeir sv\u00f6ru\u00f0u: &#8222;\u00deess erindis erum v\u00e9r hinga\u00f0 komnir a\u00f0 binda Samson og gjalda honum umb\u00f6n fyrir \u00fea\u00f0 sem hann hefur gj\u00f6rt oss.&#8220; Eftir \u00fea\u00f0 f\u00f3ru \u00ferj\u00e1r \u00fe\u00fasundir manna af J\u00fada ofan til bjargskorunnar \u00ed Etam og s\u00f6g\u00f0u Samsoni: &#8222;Veistu ekki a\u00f0 Philistei drottna yfir oss? \u00dev\u00ed hefur \u00fe\u00fa svo breytt vi\u00f0 oss?&#8220; Hann svara\u00f0i: &#8222;So sem \u00feeir gj\u00f6r\u00f0u vi\u00f0 mig, so hefi eg og gj\u00f6rt vi\u00f0 \u00fe\u00e1.&#8220;<\/p>\n<p>\tOg \u00feeir s\u00f6g\u00f0u: &#8222;V\u00e9r erum komnir h\u00e9r ofan a\u00f0 binda \u00feig og selja \u00feig \u00ed hendur \u00feeim Philisteis.&#8220; <span class=\"athugasemd\" title=\"Samson bundinn\">[<\/span> Samson sag\u00f0i til \u00feeirra: &#8222;\u00de\u00e1 sverji\u00f0 m\u00e9r ei\u00f0 a\u00f0 \u00fe\u00e9r vilji\u00f0 ekki l\u00edfl\u00e1ta mig.&#8220; \u00deeir sv\u00f6r\u00f6\u00f0u honum: &#8222;Eigi viljum v\u00e9r hindra \u00feig a\u00f0 neinu heldur viljum v\u00e9r a\u00f0eins binda \u00feig og gefa \u00feig svo \u00ed \u00feeirra hendur en ei viljum v\u00e9r sl\u00e1 \u00feig \u00ed hel.&#8220; S\u00ed\u00f0an bundu \u00feeir hann me\u00f0 tveimur reipum n\u00fdjum og fluttu hann burt af bjarginu (Etam).<\/p>\n<p>\tEn sem hann kom til Leh\u00ed hlaupa Philistei \u00feegar \u00ed m\u00f3ti honum me\u00f0 miklum fagna\u00f0i. En andi Drottins kom yfir Samson og reipin af hans armleggjum ur\u00f0u sem \u00fer\u00e1\u00f0ur brunninn \u00ed eldi, svo slitnu\u00f0u \u00feau b\u00f6nd sem voru \u00e1 hans h\u00f6ndum. Og hann fann einn f\u00fainn asnakj\u00e1lka og \u00fatr\u00e9tti s\u00edna h\u00f6nd og greip hann upp og sl\u00f3 me\u00f0 honum \u00fe\u00fasund manna. <span class=\"athugasemd\" title=\"Asnakj\u00e1lki\">[<\/span> Og Samson sag\u00f0i: &#8222;\u00dear liggja \u00feeir \u00ed hr\u00fagu. Me\u00f0 einum asnakj\u00e1lka hefi eg slegi\u00f0 \u00fe\u00fasund menn.&#8220; Og sem hann haf\u00f0i \u00fea\u00f0 sagt kasta\u00f0i hann kj\u00e1lkanum fr\u00e1 s\u00e9r og kalla\u00f0i \u00feann sta\u00f0 <span class=\"athugasemd\" title=\"a \/ (Ramat Leh\u00ed) \/ kallast ni\u00f0urkast asnakj\u00e1lkans\">[<\/span> Ramat Leh\u00ed.<\/p>\n<p>\tOg hann var\u00f0 mj\u00f6g \u00feystur, kalla\u00f0i hann til Drottins og sag\u00f0i: &#8222;\u00de\u00fa, Drottinn, hefur gefi\u00f0 \u00feessa miklu heilsu fyrir h\u00f6nd \u00fe\u00edns \u00fe\u00e9nara. En n\u00fa hl\u00fdt eg a\u00f0 deyja af \u00feosta og falla \u00ed hendur \u00f3umskorinna manna.&#8220; \u00de\u00e1 l\u00e9t Gu\u00f0 einn jaxla losna \u00far asnakj\u00e1lkanum so \u00fear spratt upp \u00far vatn. Og sem hann drakk \u00fe\u00e1 endurlifna\u00f0i andi hans og hann hresstist aftur. \u00dear fyrir kallast s\u00e1 sta\u00f0ur enn \u00e1 \u00feessum degi \u00c1kallarans brunnur sem var\u00f0 \u00ed kj\u00e1lkanum. Og hann d\u00e6mdi \u00cdsrael \u00e1 d\u00f6gum Philisteis \u00ed tuttugu \u00e1r.<\/p>\n","protected":false},"excerpt":{"rendered":"<p>XV. Og \u00fea\u00f0 ske\u00f0i svo eftir nokkra daga \u00e1 hveitkornskur\u00f0art\u00edma a\u00f0 Samson f\u00f3r a\u00f0 vitja sinnar konu og haf\u00f0i me\u00f0 s\u00e9r eitt hafurki\u00f0. Og sem hann \u00e6tla\u00f0i s\u00e9r a\u00f0 ganga \u00ed herbergi\u00f0 til konu sinnar \u00fe\u00e1 l\u00e9t hennar fa\u00f0ir \u00f6ngvan kost \u00e1 \u00fev\u00ed og sag\u00f0i: &#8222;Eg atla\u00f0i a\u00f0 \u00fe\u00fa mundir henni or\u00f0inn rei\u00f0ur og \u00fev\u00ed gifta eg hana \u00fe\u00ednum lagsmanni. En h\u00fan hefur a\u00f0ra yngri \u00fe\u00e1 systur sem fr\u00ed\u00f0ari er en h\u00fan, l\u00e1t hana ver\u00f0a \u00fe\u00edna fyrir hina.&#8220; En Samson svara\u00f0i og sag\u00f0i til \u00feeirra: &#8222;Eg hefi n\u00fa einu sinni fengi\u00f0 r\u00e9tta s\u00f6k \u00e1 m\u00f3ti \u00feeim Philisteis. Eg skal gj\u00f6ra <a href=\"https:\/\/biblian.is\/gudbrandsbiblia\/domarabokin-15-kafli\/\"> [&#8230;]<\/a><\/p>\n","protected":false},"author":1,"featured_media":0,"parent":0,"menu_order":0,"comment_status":"open","ping_status":"open","template":"bibliukaflar.php","meta":{"footnotes":""},"class_list":["post-2918","page","type-page","status-publish","hentry"],"_links":{"self":[{"href":"https:\/\/biblian.is\/gudbrandsbiblia\/wp-json\/wp\/v2\/pages\/2918","targetHints":{"allow":["GET"]}}],"collection":[{"href":"https:\/\/biblian.is\/gudbrandsbiblia\/wp-json\/wp\/v2\/pages"}],"about":[{"href":"https:\/\/biblian.is\/gudbrandsbiblia\/wp-json\/wp\/v2\/types\/page"}],"author":[{"embeddable":true,"href":"https:\/\/biblian.is\/gudbrandsbiblia\/wp-json\/wp\/v2\/users\/1"}],"replies":[{"embeddable":true,"href":"https:\/\/biblian.is\/gudbrandsbiblia\/wp-json\/wp\/v2\/comments?post=2918"}],"version-history":[{"count":0,"href":"https:\/\/biblian.is\/gudbrandsbiblia\/wp-json\/wp\/v2\/pages\/2918\/revisions"}],"wp:attachment":[{"href":"https:\/\/biblian.is\/gudbrandsbiblia\/wp-json\/wp\/v2\/media?parent=2918"}],"curies":[{"name":"wp","href":"https:\/\/api.w.org\/{rel}","templated":true}]}}