{"id":2917,"date":"2017-12-18T18:32:07","date_gmt":"2017-12-18T18:32:07","guid":{"rendered":"http:\/\/biblian.is\/gudbrandsbiblia\/domarabokin-14-kafli\/"},"modified":"2017-12-18T18:32:07","modified_gmt":"2017-12-18T18:32:07","slug":"domarabokin-14-kafli","status":"publish","type":"page","link":"https:\/\/biblian.is\/gudbrandsbiblia\/domarabokin-14-kafli\/","title":{"rendered":"D\u00f3marab\u00f3kin 14. kafli"},"content":{"rendered":"<p>XIIII.<\/p>\n<p>Samson gekk ofan til Timnat og s\u00e1 \u00fear eina kvinnu \u00ed Timnat \u00e1 me\u00f0al \u00feeirra Philisteis d\u00e6tra. Og sem hann kom upp til sinna foreldra \u00fe\u00e1 kunngj\u00f6r\u00f0i hann \u00feetta s\u00ednum f\u00f6\u00f0ur og sinni m\u00f3\u00f0ir og sag\u00f0i: &#8222;Eg hefi s\u00e9\u00f0 eina kvinnu \u00ed Timnat me\u00f0al d\u00e6tra \u00feeirra Philisteis. Gefi\u00f0 m\u00e9r n\u00fa \u00fe\u00e1 ina s\u00f6mu til eiginkonu.&#8220; Hans fa\u00f0ir og m\u00f3\u00f0ir sv\u00f6ru\u00f0u honum: &#8222;Er \u00fear n\u00fa engin kvinna \u00e1 me\u00f0al \u00feinna br\u00e6\u00f0rad\u00e6tra og hj\u00e1 \u00f6llu \u00fe\u00ednu f\u00f3lki a\u00f0 \u00fe\u00fa vilt fara \u00feanga\u00f0 og f\u00e1 \u00fe\u00e9r eiginkvinnu hj\u00e1 \u00feeim \u00f3umskornu Philisteis?&#8220; Samson svara\u00f0i s\u00ednum f\u00f6\u00f0ur: &#8222;L\u00e1t mig f\u00e1 \u00feessa \u00fev\u00ed h\u00fan \u00fe\u00f3knast m\u00ednum augum.&#8220; En hans fa\u00f0ir og m\u00f3\u00f0ir vissu ekki a\u00f0 \u00feetta var svo til sett af Drottni \u00fev\u00ed hann leita\u00f0i yrkisefnis hj\u00e1 Philisteis. \u00dev\u00ed a\u00f0 \u00feeir Philistei drottnu\u00f0u \u00ed \u00feann t\u00edma yfir \u00cdsrael.<\/p>\n<p>\t\u00de\u00e1 gekk Samson me\u00f0 s\u00ednum f\u00f6\u00f0ur og sinni m\u00f3\u00f0ur ofan til Timnat. <span class=\"athugasemd\" title=\"Samson sl\u00edtur le\u00f3nshvolpinn \u00ed sundur\">[<\/span> Og sem \u00feau komu a\u00f0 v\u00edngar\u00f0i sta\u00f0arins, sj\u00e1, \u00fe\u00e1 kom le\u00f3nshv\u00f6lpur \u00f6skrandi \u00e1 m\u00f3t honum. Og Gu\u00f0s andi kom yfir hann svo a\u00f0 hann sleit le\u00f3ni\u00f0 so sem \u00fe\u00e1 ma\u00f0ur \u00ed sundursl\u00edtur eitt hafurki\u00f0 og haf\u00f0i \u00fe\u00f3 alls ekkert \u00ed sinni hendi. Og eigi sag\u00f0i hann s\u00ednum f\u00f6\u00f0ur n\u00e9 m\u00f3\u00f0ur fr\u00e1 \u00feessu hva\u00f0 hann haf\u00f0i gj\u00f6rt.<\/p>\n<p>\tEn sem hann kom n\u00fa ofan tala\u00f0i hann vi\u00f0 kvinnuna og h\u00fan \u00fe\u00f3kna\u00f0ist augum Samsonar. Og nokkrum d\u00f6gum \u00fear eftir kom hann aftur a\u00f0 fastna hana. Og hann gekk af veginum a\u00f0 sj\u00e1 le\u00f3nshr\u00e6i\u00f0 og, sj\u00e1, a\u00f0 b\u00fdflygi haf\u00f0i bori\u00f0 hunang \u00ed le\u00f3nshr\u00e6i\u00f0. Og hann t\u00f3k \u00fea\u00f0 \u00ed s\u00edna h\u00f6nd og \u00e1t \u00fear af \u00e1 veginum og gekk til s\u00edns f\u00f6\u00f0urs og sinnar m\u00f3\u00f0ur og gaf \u00feeim \u00fear af og \u00feau \u00e1tu. En hann l\u00e9t \u00feau ekki vita a\u00f0 hann haf\u00f0i teki\u00f0 hunangi\u00f0 af le\u00f3nshr\u00e6inu. <span class=\"athugasemd\" title=\"Hunang \u00ed le\u00f3nshr\u00e6i\">[<\/span><\/p>\n<p>\tOg n\u00fa sem hans fa\u00f0ir kom ofan til konunnar \u00fe\u00e1 gj\u00f6r\u00f0i Samson sitt br\u00fa\u00f0kaup \u00fear so sem h\u00e1ttur var til ungra manna. Og sem \u00feeir s\u00e1u Samson g\u00e1fu \u00feeir honum \u00ferj\u00e1t\u00edgi lagsmenn sem hj\u00e1 honum skyldu vera. <span class=\"athugasemd\" title=\"Samsons brullaup\">[<\/span> En Samson sag\u00f0i til \u00feeirra: &#8222;Eg mun bera upp fyrir y\u00f0ur eina g\u00e1tu. S\u00e9 \u00fea\u00f0 svo a\u00f0 \u00fe\u00e9r geti\u00f0 leyst hana innan \u00feessara sj\u00f6 brullaupsdaga \u00fe\u00e1 skal eg gefa y\u00f0ur \u00ferj\u00e1t\u00edgi skyrtur og \u00ferj\u00e1t\u00edgi h\u00e1t\u00ed\u00f0arkyrtla. En ef \u00fe\u00e9r geti\u00f0 ekki leyst m\u00edna g\u00e1tu \u00fe\u00e1 skulu \u00fe\u00e9r gefa m\u00e9r \u00ferj\u00e1t\u00edgi skyrtur og \u00ferj\u00e1t\u00edgi h\u00e1t\u00ed\u00f0arkyrtla.&#8220; <span class=\"athugasemd\" title=\"Samsons r\u00e1\u00f0g\u00e1ta\">[<\/span> \u00deeir sv\u00f6ru\u00f0u honum: &#8222;Ber \u00fe\u00fa upp \u00fe\u00edna g\u00e1tu og l\u00e1t oss heyra hana.&#8220; Hann sag\u00f0i \u00feeim: &#8222;Matur f\u00f3r \u00fat af etanda og s\u00e6tleiki af \u00feeim sterka.&#8220; Og \u00feeir g\u00e1tu ekki r\u00e1\u00f0i\u00f0 \u00feessa g\u00e1tu \u00ed \u00ferj\u00e1 daga. <\/p>\n<p>\t\u00c1 \u00feeim sj\u00f6unda degi s\u00f6g\u00f0u \u00feeir til Samsons kvinnu: &#8222;Gj\u00f6r \u00feig bl\u00ed\u00f0a vi\u00f0 b\u00f3nda \u00feinn og f\u00e1 \u00fe\u00fa af honum a\u00f0 hann segi oss \u00feessa g\u00e1tu elligar \u00fe\u00e1 skulum v\u00e9r brenna \u00feig og \u00fe\u00edns f\u00f6\u00f0urs h\u00fas me\u00f0 eldi. Hafi \u00fe\u00e9r til \u00feess innbo\u00f0i\u00f0 oss a\u00f0 \u00fe\u00e9r vilji\u00f0 \u00fatarma oss e\u00f0a eigi?&#8220; <span class=\"athugasemd\" title=\"\u00datlegging Ritningar er hj\u00e1 kristilegri kirkju\">[<\/span> Kvinnan ba\u00f0 me\u00f0 t\u00e1rum Samson og sag\u00f0i: &#8222;Hatar \u00fe\u00fa mig en elskar ekki. \u00de\u00fa hefur bori\u00f0 upp eina g\u00e1tu fyrir sonum m\u00edns f\u00f3lks og ekki sk\u00fdrt m\u00e9r hana.&#8220; Hann svara\u00f0i henni: &#8222;Sj\u00e1, eg hefi ekki sagt m\u00ednum f\u00f6\u00f0ur og eigi minni m\u00f3\u00f0ur \u00fea\u00f0 og \u00e6tlar \u00fe\u00fa a\u00f0 eg muni segja \u00fe\u00e9r \u00fea\u00f0?&#8220;<\/p>\n<p>\tOg h\u00fan gr\u00e9t fyrir honum \u00fe\u00e1 sj\u00f6 daga \u00e1 me\u00f0an br\u00fa\u00f0kaupi\u00f0 st\u00f3\u00f0 yfir. En \u00e1 \u00feeim sj\u00f6unda degi sag\u00f0i hann henni allan sannleik h\u00e9r \u00e1 \u00fev\u00ed h\u00fan gj\u00f6r\u00f0i honum \u00f3n\u00e6\u00f0i. Og h\u00fan sag\u00f0i sonum s\u00edns f\u00f3lks g\u00e1tuna. \u00de\u00e1 m\u00e6ltu borgarmenn til hans \u00e1 \u00feeim sj\u00f6unda degi \u00e1\u00f0ur s\u00f3lin gekk ni\u00f0ur: &#8222;Hva\u00f0 er s\u00e6tara en hunang? E\u00f0a hva\u00f0 er sterkara en le\u00f3n?&#8220; \u00de\u00e1 sag\u00f0i Samson til \u00feeirra: &#8222;Hef\u00f0u\u00f0 \u00fe\u00e9r ekki ari\u00f0 til me\u00f0 minni kv\u00edgu \u00fe\u00e1 hef\u00f0u \u00fe\u00e9r ekki geta\u00f0 leyst g\u00e1tu m\u00edna.&#8220;<\/p>\n<p>\tOg andi Drottins kom yfir hann og hann gekk ofan til Askalon og drap \u00fear \u00ferj\u00e1t\u00edgi manna og t\u00f3k \u00feeirra kl\u00e6\u00f0na\u00f0 og gaf \u00feeim h\u00e1t\u00ed\u00f0akl\u00e6\u00f0i sem r\u00e9\u00f0u hans g\u00e1tu. Og hann var\u00f0 \u00e1kaflega rei\u00f0ur og f\u00f3r upp til s\u00edns f\u00f6\u00f0urs h\u00fass. En Samsons kvinna var gift \u00f6\u00f0rum, einum af hans stallbr\u00e6\u00f0rum sem honum tilheyr\u00f0i.<\/p>\n","protected":false},"excerpt":{"rendered":"<p>XIIII. Samson gekk ofan til Timnat og s\u00e1 \u00fear eina kvinnu \u00ed Timnat \u00e1 me\u00f0al \u00feeirra Philisteis d\u00e6tra. Og sem hann kom upp til sinna foreldra \u00fe\u00e1 kunngj\u00f6r\u00f0i hann \u00feetta s\u00ednum f\u00f6\u00f0ur og sinni m\u00f3\u00f0ir og sag\u00f0i: &#8222;Eg hefi s\u00e9\u00f0 eina kvinnu \u00ed Timnat me\u00f0al d\u00e6tra \u00feeirra Philisteis. Gefi\u00f0 m\u00e9r n\u00fa \u00fe\u00e1 ina s\u00f6mu til eiginkonu.&#8220; Hans fa\u00f0ir og m\u00f3\u00f0ir sv\u00f6ru\u00f0u honum: &#8222;Er \u00fear n\u00fa engin kvinna \u00e1 me\u00f0al \u00feinna br\u00e6\u00f0rad\u00e6tra og hj\u00e1 \u00f6llu \u00fe\u00ednu f\u00f3lki a\u00f0 \u00fe\u00fa vilt fara \u00feanga\u00f0 og f\u00e1 \u00fe\u00e9r eiginkvinnu hj\u00e1 \u00feeim \u00f3umskornu Philisteis?&#8220; Samson svara\u00f0i s\u00ednum f\u00f6\u00f0ur: &#8222;L\u00e1t mig f\u00e1 \u00feessa \u00fev\u00ed h\u00fan \u00fe\u00f3knast <a href=\"https:\/\/biblian.is\/gudbrandsbiblia\/domarabokin-14-kafli\/\"> [&#8230;]<\/a><\/p>\n","protected":false},"author":1,"featured_media":0,"parent":0,"menu_order":0,"comment_status":"open","ping_status":"open","template":"bibliukaflar.php","meta":{"footnotes":""},"class_list":["post-2917","page","type-page","status-publish","hentry"],"_links":{"self":[{"href":"https:\/\/biblian.is\/gudbrandsbiblia\/wp-json\/wp\/v2\/pages\/2917","targetHints":{"allow":["GET"]}}],"collection":[{"href":"https:\/\/biblian.is\/gudbrandsbiblia\/wp-json\/wp\/v2\/pages"}],"about":[{"href":"https:\/\/biblian.is\/gudbrandsbiblia\/wp-json\/wp\/v2\/types\/page"}],"author":[{"embeddable":true,"href":"https:\/\/biblian.is\/gudbrandsbiblia\/wp-json\/wp\/v2\/users\/1"}],"replies":[{"embeddable":true,"href":"https:\/\/biblian.is\/gudbrandsbiblia\/wp-json\/wp\/v2\/comments?post=2917"}],"version-history":[{"count":0,"href":"https:\/\/biblian.is\/gudbrandsbiblia\/wp-json\/wp\/v2\/pages\/2917\/revisions"}],"wp:attachment":[{"href":"https:\/\/biblian.is\/gudbrandsbiblia\/wp-json\/wp\/v2\/media?parent=2917"}],"curies":[{"name":"wp","href":"https:\/\/api.w.org\/{rel}","templated":true}]}}