{"id":2915,"date":"2017-12-18T18:32:07","date_gmt":"2017-12-18T18:32:07","guid":{"rendered":"http:\/\/biblian.is\/gudbrandsbiblia\/domarabokin-12-kafli\/"},"modified":"2017-12-18T18:32:07","modified_gmt":"2017-12-18T18:32:07","slug":"domarabokin-12-kafli","status":"publish","type":"page","link":"https:\/\/biblian.is\/gudbrandsbiblia\/domarabokin-12-kafli\/","title":{"rendered":"D\u00f3marab\u00f3kin 12. kafli"},"content":{"rendered":"<p>XII.<\/p>\n<p>Og \u00feeir af Efra\u00edm t\u00f3ku sig saman og gengu \u00ed m\u00f3t nor\u00f0ri og s\u00f6g\u00f0u til Jefta: &#8222;\u00dev\u00ed f\u00f3rst \u00fe\u00fa \u00ed str\u00ed\u00f0 \u00ed m\u00f3t Am\u00f3nsonum og kalla\u00f0ir oss ekki so a\u00f0 v\u00e9r f\u00e6rum me\u00f0 \u00fe\u00e9r? V\u00e9r viljum uppbrenna \u00feig og \u00feitt h\u00fas me\u00f0 eldi.&#8220; Jefta svara\u00f0i \u00feeim og sag\u00f0i: &#8222;Eg og mitt f\u00f3lk h\u00f6f\u00f0um eina st\u00f3ra \u00fer\u00e1ttan vi\u00f0 Am\u00f3nsonu og eg kalla\u00f0i y\u00f0ur en \u00fe\u00e9r veittu\u00f0 m\u00e9r ekki fullting af \u00feeirra h\u00f6ndum. Og sem eg s\u00e1 \u00fea\u00f0 a\u00f0 \u00fe\u00e9r vildu\u00f0 ekki fullting veita m\u00e9r \u00fe\u00e1 lag\u00f0a eg mitt l\u00edf \u00ed h\u00e1ska og f\u00f3r eg so \u00e1 m\u00f3t Am\u00f3nsonum og Drottinn gaf \u00fe\u00e1 \u00ed m\u00edna h\u00f6nd. \u00dev\u00ed komi \u00fe\u00e9r n\u00fa h\u00e9r upp til m\u00edn a\u00f0 str\u00ed\u00f0a \u00ed m\u00f3ti m\u00e9r?&#8220;<\/p>\n<p>\tOg Jefta safna\u00f0i saman \u00f6llum m\u00f6nnum \u00ed G\u00edlea\u00f0 og bar\u00f0ist vi\u00f0 Efra\u00edm. Og \u00feeir menn \u00ed G\u00edlea\u00f0 sl\u00f3gu Efra\u00edm \u00fev\u00ed \u00feeir h\u00f6f\u00f0u sagt: &#8222;\u00de\u00e9r G\u00edlea\u00f0smenn me\u00f0al Efra\u00edm og Manasse, \u00fe\u00e9r eru\u00f0 fl\u00f3ttamenn \u00ed Efra\u00edm.&#8220; Og \u00feeir G\u00edlea\u00f0smenn t\u00f3ku \u00f6ll v\u00f6\u00f0 \u00e1 J\u00f3rdan fyrir Efra\u00edm. \u00de\u00e1 \u00feeir fl\u00f3ttamenn af Efra\u00edm n\u00fa s\u00f6g\u00f0u: &#8222;L\u00e1t mig fara h\u00e9r yfir um \u00fe\u00e1 s\u00f6g\u00f0u G\u00edlea\u00f0smenn til hans: &#8222;Ert \u00fe\u00fa einn af Efra\u00edm?&#8220; En ef hann svara\u00f0i: &#8222;Nei&#8220; \u00fe\u00e1 b\u00e1\u00f0u \u00feeir hann a\u00f0 segja &#8222;Sjibb\u00f3let&#8220; en hann sag\u00f0i &#8222;Sibb\u00f3let&#8220; og gat ekki nefnt \u00fea\u00f0 r\u00e9tt. So gripu \u00feeir hann og sl\u00f3gu \u00ed hel \u00fear hj\u00e1 J\u00f3rdans va\u00f0i. So \u00fear f\u00e9llu \u00ed \u00feann t\u00edma af Efra\u00edm tv\u00e6r og fj\u00f6rut\u00edgi \u00fe\u00fasundir. <span class=\"athugasemd\" title=\"42 \u00fe\u00fasundir slegnir af \u00cdsrael\">[<\/span> En Jefta d\u00e6mdi \u00cdsrael \u00ed sex \u00e1r. Og Jefta af G\u00edlea\u00f0 anda\u00f0ist og var grafinn \u00ed s\u00ednum sta\u00f0 \u00ed G\u00edlea\u00f0.<\/p>\n<p>\tEftir hann var\u00f0 d\u00f3mandi yfir \u00cdsrael Ebsan af Betlehem. Hann \u00e1tti \u00ferj\u00e1t\u00edgi sonu og \u00ferj\u00e1t\u00edgi d\u00e6tur gaf hann \u00fat og hann t\u00f3k \u00fear fyrir utan \u00ferj\u00e1t\u00edgi d\u00e6tur til sinna sona. Og hann var d\u00f3mari yfir \u00cdsrael sj\u00f6 \u00e1r og dey\u00f0i og var grafinn \u00ed Betlehem. <span class=\"athugasemd\" title=\"Ebsan 7 \u00e1r\">[<\/span> <\/p>\n<p>\tEftir hann var d\u00f3mari \u00ed \u00cdsrael El\u00f3n, einn af \u00e6tt Seb\u00falon, og hann var d\u00f3mandi yfir \u00cdsrael \u00ed t\u00edu \u00e1r og anda\u00f0ist og var grafinn \u00ed Ajolon \u00ed landi Seb\u00falon. <span class=\"athugasemd\" title=\"El\u00f3n 10 \u00e1r\">[<\/span> <\/p>\n<p>\tEftir hann d\u00e6mdi Abd\u00f3n son H\u00edllel yfir \u00cdsrael af P\u00edreta\u00f3n. Hann \u00e1tti fj\u00f6rut\u00edgi syni og \u00ferj\u00e1t\u00edgi sonarsyni hverjir a\u00f0 ri\u00f0u \u00e1 sj\u00f6t\u00edgi asnafolum og hann d\u00e6mdi \u00cdsrael \u00e1tta \u00e1r. <span class=\"athugasemd\" title=\"Abd\u00f3n 8 \u00e1r\">[<\/span> Og hann anda\u00f0ist og var jar\u00f0a\u00f0ur \u00ed P\u00edreta\u00f3n \u00ed landi Efra\u00edm \u00e1 fjalli Amalek.<\/p>\n","protected":false},"excerpt":{"rendered":"<p>XII. Og \u00feeir af Efra\u00edm t\u00f3ku sig saman og gengu \u00ed m\u00f3t nor\u00f0ri og s\u00f6g\u00f0u til Jefta: &#8222;\u00dev\u00ed f\u00f3rst \u00fe\u00fa \u00ed str\u00ed\u00f0 \u00ed m\u00f3t Am\u00f3nsonum og kalla\u00f0ir oss ekki so a\u00f0 v\u00e9r f\u00e6rum me\u00f0 \u00fe\u00e9r? V\u00e9r viljum uppbrenna \u00feig og \u00feitt h\u00fas me\u00f0 eldi.&#8220; Jefta svara\u00f0i \u00feeim og sag\u00f0i: &#8222;Eg og mitt f\u00f3lk h\u00f6f\u00f0um eina st\u00f3ra \u00fer\u00e1ttan vi\u00f0 Am\u00f3nsonu og eg kalla\u00f0i y\u00f0ur en \u00fe\u00e9r veittu\u00f0 m\u00e9r ekki fullting af \u00feeirra h\u00f6ndum. Og sem eg s\u00e1 \u00fea\u00f0 a\u00f0 \u00fe\u00e9r vildu\u00f0 ekki fullting veita m\u00e9r \u00fe\u00e1 lag\u00f0a eg mitt l\u00edf \u00ed h\u00e1ska og f\u00f3r eg so \u00e1 m\u00f3t Am\u00f3nsonum og Drottinn <a href=\"https:\/\/biblian.is\/gudbrandsbiblia\/domarabokin-12-kafli\/\"> [&#8230;]<\/a><\/p>\n","protected":false},"author":1,"featured_media":0,"parent":0,"menu_order":0,"comment_status":"open","ping_status":"open","template":"bibliukaflar.php","meta":{"footnotes":""},"class_list":["post-2915","page","type-page","status-publish","hentry"],"_links":{"self":[{"href":"https:\/\/biblian.is\/gudbrandsbiblia\/wp-json\/wp\/v2\/pages\/2915","targetHints":{"allow":["GET"]}}],"collection":[{"href":"https:\/\/biblian.is\/gudbrandsbiblia\/wp-json\/wp\/v2\/pages"}],"about":[{"href":"https:\/\/biblian.is\/gudbrandsbiblia\/wp-json\/wp\/v2\/types\/page"}],"author":[{"embeddable":true,"href":"https:\/\/biblian.is\/gudbrandsbiblia\/wp-json\/wp\/v2\/users\/1"}],"replies":[{"embeddable":true,"href":"https:\/\/biblian.is\/gudbrandsbiblia\/wp-json\/wp\/v2\/comments?post=2915"}],"version-history":[{"count":0,"href":"https:\/\/biblian.is\/gudbrandsbiblia\/wp-json\/wp\/v2\/pages\/2915\/revisions"}],"wp:attachment":[{"href":"https:\/\/biblian.is\/gudbrandsbiblia\/wp-json\/wp\/v2\/media?parent=2915"}],"curies":[{"name":"wp","href":"https:\/\/api.w.org\/{rel}","templated":true}]}}