{"id":2913,"date":"2017-12-18T18:32:07","date_gmt":"2017-12-18T18:32:07","guid":{"rendered":"http:\/\/biblian.is\/gudbrandsbiblia\/domarabokin-10-kafli\/"},"modified":"2017-12-18T18:32:07","modified_gmt":"2017-12-18T18:32:07","slug":"domarabokin-10-kafli","status":"publish","type":"page","link":"https:\/\/biblian.is\/gudbrandsbiblia\/domarabokin-10-kafli\/","title":{"rendered":"D\u00f3marab\u00f3kin 10. kafli"},"content":{"rendered":"<p>X.<\/p>\n<p>Eftir Ab\u00edmelek t\u00f3k T\u00f3la sig upp a\u00f0 hj\u00e1lpa \u00cdsrael. <span class=\"athugasemd\" title=\"T\u00f3la d\u00f3mari \u00ed \u00cdsrael xxiy \u00e1r\">[<\/span> Hann var af \u00e6tt \u00cdsaskar, sonar P\u00faa, sonar D\u00f3d\u00f3. Og hann bj\u00f3 \u00ed Sam\u00edr \u00e1 fjallbygg\u00f0um Efra\u00edm og hann d\u00e6mdi \u00cdsrael \u00ed \u00ferj\u00fa og tuttugu \u00e1r. Hann anda\u00f0ist og var grafinn \u00ed Sam\u00edr.<\/p>\n<p>\tEftir hann uppreis s\u00e1 ma\u00f0ur sem h\u00e9t Ja\u00edr, einn af G\u00edlea\u00f0, og d\u00e6mdi \u00cdsrael tv\u00f6 og tuttugu \u00e1r. <span class=\"athugasemd\" title=\"Ja\u00edr d\u00e6mir \u00cdsrael xxy \u00e1r\">[<\/span> Hann \u00e1tti \u00ferj\u00e1t\u00edgi sonu hverjir a\u00f0 ri\u00f0u \u00e1 \u00ferj\u00e1t\u00edu asnafolum. Hann haf\u00f0i og undir s\u00e9r \u00ferj\u00e1t\u00edgi sta\u00f0i hverjir a\u00f0 k\u00f6llu\u00f0ust Ja\u00edrs\u00feorp allt til \u00feessa dags. Og Ja\u00edr d\u00f3 og var grafinn \u00ed Kam\u00f3n.<\/p>\n<p>\tIsraelissynir juku enn illskur s\u00ednar \u00ed augliti Drottins og \u00fej\u00f3n\u00f6\u00f0u Baal\u00edm og Astar\u00f3t og \u00feeim afgu\u00f0um \u00ed Syria og \u00feeim sk\u00fargo\u00f0um \u00ed S\u00eddon og M\u00f3abs gu\u00f0um og Am\u00f3nsona gu\u00f0um og Filistearanna gu\u00f0um og fyrirl\u00e9tu Drottin og \u00fej\u00f3nu\u00f0u honum ekki. <span class=\"athugasemd\" title=\"Am\u00f3nsynir\">[<\/span> Af \u00feessu uppkveiktist rei\u00f0i Drottins yfir \u00cdsrael svo a\u00f0 hann gaf \u00fe\u00e1 undir h\u00f6nd \u00feeirra Philisteis og Am\u00f3nsona. Og \u00feeir \u00fej\u00e1\u00f0u og \u00fevingu\u00f0u Israelissonu \u00ed \u00e1tj\u00e1n \u00e1r samfelld, einkum alla \u00fe\u00e1 Israelissonu sem voru hinumegin J\u00f3rdanar \u00ed landi \u00feeirra Amoreum sem a\u00f0 liggur \u00ed G\u00edlea\u00f0. \u00dear me\u00f0 dr\u00f3gu Am\u00f3nsynir yfir um J\u00f3rdan og herju\u00f0u \u00e1 J\u00fada og Benjam\u00edn og \u00e1 Efra\u00edms h\u00fas svo a\u00f0 Israelis \u00e6ttkv\u00edslir \u00ferengdust mj\u00f6g \u00feunglega.<\/p>\n<p>\t\u00de\u00e1 k\u00f6llu\u00f0u Israelissynir til Drottins og s\u00f6g\u00f0u: &#8222;V\u00e9r h\u00f6fum misgj\u00f6rt \u00ed m\u00f3ti \u00fe\u00e9r \u00fev\u00ed a\u00f0 v\u00e9r h\u00f6fum yfirgefi\u00f0 vorn Gu\u00f0 en \u00fej\u00f3na\u00f0 Baal\u00edm.&#8220; \u00de\u00e1 sag\u00f0i Drottinn til Israelissona: &#8222;Hafa ekki Egyptar, \u00feeir Amoriter, Am\u00f3nsynir, \u00feeir Filistear, \u00feeir Zidoniter, \u00feeir Amalek\u00edtar og Maoniter \u00fevinga\u00f0 y\u00f0ur og eg hj\u00e1lpa\u00f0i y\u00f0ur af \u00feeirra h\u00f6ndum \u00fe\u00e1 \u00fe\u00e9r k\u00f6llu\u00f0u\u00f0 til m\u00edn. \u00de\u00f3 hafi \u00fe\u00e9r samt sem \u00e1\u00f0ur yfirgefi\u00f0 mig og \u00fej\u00f3na\u00f0 annarlegum gu\u00f0um. \u00dev\u00ed vil eg ekki framarmeir hj\u00e1lpa y\u00f0ur heldur fari\u00f0 og \u00e1kalli\u00f0 \u00fe\u00e1 gu\u00f0i sem \u00fe\u00e9r hafi\u00f0 \u00fatvali\u00f0 y\u00f0ur. L\u00e1ti\u00f0 \u00fe\u00e1 hina s\u00f6mu hj\u00e1lpa y\u00f0ur \u00ed \u00feessari y\u00f0ar hrygg\u00f0art\u00ed\u00f0.&#8220; <span class=\"athugasemd\" title=\"Deut. 32\">[<\/span><\/p>\n<p>\t\u00de\u00e1 s\u00f6g\u00f0u Israelissynir til Drottins: &#8222;V\u00e9r h\u00f6fum syndgast. Gj\u00f6r \u00fea\u00f0 vi\u00f0 oss sem \u00fe\u00e9r er \u00fe\u00e6gilegt en frelsa \u00fe\u00fa oss n\u00fa a\u00f0eins \u00e1 \u00feessari t\u00ed\u00f0.&#8220; Og \u00feeir k\u00f6stu\u00f0u fr\u00e1 s\u00e9r annarlegum gu\u00f0um en h\u00f3fu upp a\u00f0 \u00fej\u00f3na Drottni. Og hann t\u00f3k til hjarta Israelis \u00e1nau\u00f0ir.<\/p>\n<p>\tOg Am\u00f3nsynir hr\u00f3pu\u00f0u og settu herb\u00fa\u00f0ir s\u00ednar \u00ed G\u00edlea\u00f0. En Israelissynir s\u00f6fnu\u00f0ust saman og settu landtj\u00f6ld \u00ed Mispa. Og \u00feeir \u00e6\u00f0stu me\u00f0al f\u00f3lksins \u00ed G\u00edlea\u00f0 s\u00f6g\u00f0u hver til annars: &#8222;Hver sem fyrst vekur v\u00edg \u00e1 Am\u00f3nsonum s\u00e1 skal vera h\u00f6f\u00f0ingi yfir \u00f6llum \u00feeim sem b\u00faa \u00ed G\u00edlea\u00f0.&#8220;<\/p>\n","protected":false},"excerpt":{"rendered":"<p>X. Eftir Ab\u00edmelek t\u00f3k T\u00f3la sig upp a\u00f0 hj\u00e1lpa \u00cdsrael. [ Hann var af \u00e6tt \u00cdsaskar, sonar P\u00faa, sonar D\u00f3d\u00f3. Og hann bj\u00f3 \u00ed Sam\u00edr \u00e1 fjallbygg\u00f0um Efra\u00edm og hann d\u00e6mdi \u00cdsrael \u00ed \u00ferj\u00fa og tuttugu \u00e1r. Hann anda\u00f0ist og var grafinn \u00ed Sam\u00edr. Eftir hann uppreis s\u00e1 ma\u00f0ur sem h\u00e9t Ja\u00edr, einn af G\u00edlea\u00f0, og d\u00e6mdi \u00cdsrael tv\u00f6 og tuttugu \u00e1r. [ Hann \u00e1tti \u00ferj\u00e1t\u00edgi sonu hverjir a\u00f0 ri\u00f0u \u00e1 \u00ferj\u00e1t\u00edu asnafolum. Hann haf\u00f0i og undir s\u00e9r \u00ferj\u00e1t\u00edgi sta\u00f0i hverjir a\u00f0 k\u00f6llu\u00f0ust Ja\u00edrs\u00feorp allt til \u00feessa dags. Og Ja\u00edr d\u00f3 og var grafinn \u00ed Kam\u00f3n. Israelissynir juku enn illskur <a href=\"https:\/\/biblian.is\/gudbrandsbiblia\/domarabokin-10-kafli\/\"> [&#8230;]<\/a><\/p>\n","protected":false},"author":1,"featured_media":0,"parent":0,"menu_order":0,"comment_status":"open","ping_status":"open","template":"bibliukaflar.php","meta":{"footnotes":""},"class_list":["post-2913","page","type-page","status-publish","hentry"],"_links":{"self":[{"href":"https:\/\/biblian.is\/gudbrandsbiblia\/wp-json\/wp\/v2\/pages\/2913","targetHints":{"allow":["GET"]}}],"collection":[{"href":"https:\/\/biblian.is\/gudbrandsbiblia\/wp-json\/wp\/v2\/pages"}],"about":[{"href":"https:\/\/biblian.is\/gudbrandsbiblia\/wp-json\/wp\/v2\/types\/page"}],"author":[{"embeddable":true,"href":"https:\/\/biblian.is\/gudbrandsbiblia\/wp-json\/wp\/v2\/users\/1"}],"replies":[{"embeddable":true,"href":"https:\/\/biblian.is\/gudbrandsbiblia\/wp-json\/wp\/v2\/comments?post=2913"}],"version-history":[{"count":0,"href":"https:\/\/biblian.is\/gudbrandsbiblia\/wp-json\/wp\/v2\/pages\/2913\/revisions"}],"wp:attachment":[{"href":"https:\/\/biblian.is\/gudbrandsbiblia\/wp-json\/wp\/v2\/media?parent=2913"}],"curies":[{"name":"wp","href":"https:\/\/api.w.org\/{rel}","templated":true}]}}