{"id":2910,"date":"2017-12-18T18:32:04","date_gmt":"2017-12-18T18:32:04","guid":{"rendered":"http:\/\/biblian.is\/gudbrandsbiblia\/domarabokin-7-kafli\/"},"modified":"2017-12-18T18:32:04","modified_gmt":"2017-12-18T18:32:04","slug":"domarabokin-7-kafli","status":"publish","type":"page","link":"https:\/\/biblian.is\/gudbrandsbiblia\/domarabokin-7-kafli\/","title":{"rendered":"D\u00f3marab\u00f3kin 7. kafli"},"content":{"rendered":"<p>VII.<\/p>\n<p>Eftir \u00feetta t\u00f3k sig upp Jer\u00fabbaal, \u00fea\u00f0 er Gideon, og st\u00f3\u00f0 upp snemma morguns og allt \u00fea\u00f0 f\u00f3lk sem me\u00f0 honum var og setti s\u00ednar herb\u00fa\u00f0ir hj\u00e1 \u00feeim brunni Harad so hann haf\u00f0i her \u00feeirra Madianiter nor\u00f0ur fr\u00e1 s\u00e9r \u00e1 bak vi\u00f0 \u00fe\u00e1 h\u00e6\u00f0 sem \u00feeir h\u00e9ldu sitt var\u00f0hald \u00ed dalnum. Og Drottinn sag\u00f0i til Gideon: &#8222;\u00de\u00fa hefur ofmargt f\u00f3lk me\u00f0 \u00fe\u00e9r a\u00f0 eg skuli gefa Madian \u00ed \u00feeirra hendur. \u00cdsrael m\u00e6tti upphefja sig \u00e1 m\u00f3ti m\u00e9r og segja: M\u00edns sj\u00e1lfs h\u00f6nd hefur frelsa\u00f0 mig. \u00dear fyrir l\u00e1ttu \u00fathr\u00f3pa fyrir f\u00f3lksins eyrum og segja: Hver sem hann hr\u00e6ddur er og \u00f3djarfur, hann sn\u00fai aftur og skundi strax fr\u00e1 G\u00edlea\u00f0fjalli.&#8220; \u00de\u00e1 sneru aftur af fjallinu tv\u00e6r \u00fe\u00fasundir og tuttugu manna svo eigi var\u00f0 eftir meir en t\u00edu \u00fe\u00fasundir manna.<\/p>\n<p>\tOg Drottinn sag\u00f0i til Gideon: &#8222;Enn er f\u00f3lki\u00f0 ofmargt. L\u00e1t \u00fea\u00f0 fara til \u00feess vats sem liggur fyrir \u00fe\u00e9r, \u00fear vil eg reyna \u00fe\u00e1. Og um hvern eg segi \u00fe\u00e9r a\u00f0 hann skuli fara me\u00f0 \u00fe\u00e9r \u00fe\u00e1 tak hann me\u00f0 \u00fe\u00e9r \u00ed bardagann en til hvers a\u00f0 eg segi \u00fe\u00e9r hann skuli ekki me\u00f0 fara, hann skal og ekki fara me\u00f0 \u00fe\u00e9r.&#8220; Og hann f\u00e6r\u00f0i f\u00f3lki\u00f0 til vatsins. Og Drottinn sag\u00f0i til Gideon: &#8222;Hver s\u00e1 sem lepur vatni\u00f0 me\u00f0 sinni tungu sem einn hundur lepur, \u00feeim skalt \u00fe\u00fa skipa s\u00e9r \u00ed lagi og so hver s\u00e1 sem fellur \u00e1 s\u00edn kn\u00e9 og drekkur svo.&#8220; Og \u00feeirra tala sem vatni\u00f0 h\u00f6f\u00f0u lapi\u00f0 af s\u00ednum h\u00f6ndum me\u00f0 munninum var \u00ferj\u00fa hundru\u00f0 manns en allt anna\u00f0 f\u00f3lki\u00f0 f\u00e9ll \u00e1 s\u00edn kn\u00e9 og drakk. Og Drottinn sag\u00f0i til Gideon: &#8222;Me\u00f0 \u00feessum \u00feremur hundru\u00f0um manna sem vatni\u00f0 hafa lapi\u00f0 vil eg frelsa y\u00f0ur og gefa Madianitis \u00ed \u00fe\u00ednar hendur. En l\u00e1t \u00fea\u00f0 allt anna\u00f0 f\u00f3lk fara til sinna heimkynna.&#8220;<\/p>\n<p>\tOg \u00feeir t\u00f3ku vistir me\u00f0 s\u00e9r handa f\u00f3lkinu og so s\u00ednar basuner. En \u00fe\u00e1 alla a\u00f0ra \u00cdsrael\u00edta l\u00e9t hann fara fr\u00e1 s\u00e9r, hvern til s\u00edns heimilis. Og hann rei\u00f0ubj\u00f3 sig strax me\u00f0 \u00feau \u00ferj\u00fa hundru\u00f0 manns. Og her \u00feeirra Madianiter l\u00e1 \u00fear ofan fr\u00e1 \u00ed nokkru dallendi. Og Drottinn sag\u00f0i til hans \u00e1 \u00feeirri samri n\u00f3tt: &#8222;Statt upp og gakk ofan \u00ed herb\u00fa\u00f0irnar \u00fev\u00ed eg hefi gefi\u00f0 \u00fe\u00e1 \u00ed \u00fe\u00ednar hendur. En ef \u00fe\u00fa \u00f3ttast a\u00f0 fara ofan \u00fe\u00e1 l\u00e1t \u00feinn svein P\u00fara fara me\u00f0 \u00fe\u00e9r \u00ed herb\u00fa\u00f0irnar so \u00fe\u00fa megir heyra hva\u00f0 \u00feeir segja. <span class=\"athugasemd\" title=\"P\u00fara\">[<\/span> Og eftir \u00fea\u00f0 skalt \u00fe\u00fa me\u00f0 magt draga ni\u00f0ur til \u00feeirra herb\u00fa\u00f0a.&#8220; S\u00ed\u00f0an gekk Gideon me\u00f0 s\u00ednum \u00fe\u00e9nara P\u00fara ni\u00f0ur til \u00feess sta\u00f0ar sem \u00feeir h\u00e9ldu skjaldv\u00f6r\u00f0 sem \u00ed herb\u00fa\u00f0unum voru. En Madianiter og Amalechiter og allir af austurlandinu h\u00f6f\u00f0u lagt sig ni\u00f0ur \u00ed l\u00e1glendi\u00f0 svo margir sem \u00f3teljanlegar engisprettur og \u00feeirra \u00falfaldar voru so margir a\u00f0 ekki m\u00e1tti t\u00f6lu \u00e1 koma, eins og sandur \u00e1 sj\u00e1varstr\u00f6ndu.<\/p>\n<p>\tEn sem Gideon kom n\u00fa \u00feanga\u00f0, sj\u00e1, \u00fe\u00e1 sag\u00f0i einn \u00f6\u00f0rum sinn draum og sag\u00f0i: &#8222;Sj\u00e1, mig dreymdi. M\u00e9r \u00fe\u00f3tti a\u00f0 eitt \u00f6skubaka\u00f0 byggbrau\u00f0 velti s\u00e9r a\u00f0 her \u00feeirra Madianiter. Og sem \u00fea\u00f0 kom a\u00f0 landtjaldinu \u00fe\u00e1 sl\u00f3 \u00fea\u00f0 \u00fea\u00f0 ni\u00f0ur og kollvelti \u00fev\u00ed svo \u00fea\u00f0 ne\u00f0sta var\u00f0 upp \u00e1 og landtjaldi\u00f0 l\u00e1 flatt.&#8220; \u00de\u00e1 svara\u00f0i hinn annar: &#8222;\u00dea\u00f0 er ekki neitt anna\u00f0 en sver\u00f0 Gedeonis sonar J\u00f3as \u00feess \u00cdsrael\u00edta. Gu\u00f0 hefur \u00fe\u00e1 Madianiter \u00ed hans hendur gefi\u00f0 og \u00feennan allan her.&#8220;<\/p>\n<p>\tEn sem hann heyr\u00f0i svoddan einn draum framsag\u00f0an og hans \u00fatlagning \u00fe\u00e1 ba\u00f0st hann fyrir og kom aftur til s\u00edns hers \u00cdsraels og sag\u00f0i: &#8222;Taki\u00f0 y\u00f0ur upp \u00fev\u00ed Drottinn hefur gefi\u00f0 her \u00feeirra Madianiter \u00ed y\u00f0ar hendur.&#8220; Og hann skipti \u00feessum \u00ferim hundru\u00f0um manns \u00ed \u00ferj\u00e1 flokka og f\u00e9kk s\u00e9rhverjum einn l\u00fa\u00f0ur \u00ed s\u00edna h\u00f6nd og t\u00f3ma kr\u00fas og blys \u00fear \u00fat \u00ed og sag\u00f0i til \u00feeirra: &#8222;Horfi\u00f0 \u00e1 mig og gj\u00f6ri\u00f0 l\u00edka svo. Og sj\u00e1i\u00f0, \u00feegar eg kem \u00feanga\u00f0 a\u00f0 sem herinn er \u00fe\u00e1 gj\u00f6ri\u00f0 eins og eg gj\u00f6ri a\u00f0 \u00fe\u00e1 eg \u00feeyti l\u00fa\u00f0urinn og allir \u00feeir sem me\u00f0 m\u00e9r eru \u00fe\u00e1 skulu \u00fe\u00e9r og \u00feeyta y\u00f0ar l\u00fa\u00f0ra \u00ed kringum allan herinn og segi\u00f0: &#8222;Drottinn og Gideon!&#8220;<\/p>\n<p>\tSvo kom Gideon og \u00feeir hundra\u00f0 menn me\u00f0 honum a\u00f0 \u00feeim sta\u00f0 sem herinn var a\u00f0 \u00fev\u00ed fyrsta var\u00f0haldi sem \u00fear var skikka\u00f0 og uppv\u00f6ktu \u00fe\u00e1 og bl\u00e9su \u00ed s\u00ednar basuner og sl\u00f3gu kr\u00fasirnar \u00ed sundur \u00ed s\u00ednum h\u00f6ndum. Og allir \u00feessir \u00fer\u00edr flokkar bl\u00e9su \u00ed s\u00ednar basuner \u00ed einu og brutu \u00ed sundur kr\u00fasirnar en h\u00e9ldu \u00e1 blysunum \u00ed s\u00ednum vinstri h\u00f6ndum en l\u00fa\u00f0runum \u00ed s\u00ednum h\u00e6gri h\u00f6ndum sem \u00feeir bl\u00e9su \u00ed og gj\u00f6ru\u00f0u eitt her\u00f3p og s\u00f6g\u00f0u: &#8222;H\u00e9r sver\u00f0 Drottins og Gideons!&#8220; Og hver um sig st\u00f3\u00f0 \u00ed s\u00ednum sama sta\u00f0 \u00ed kringum herinn. En allur herinn t\u00f3k til hlaups, kalla\u00f0i og fl\u00fd\u00f0i. <span class=\"athugasemd\" title=\"Sigur Gideon \u00e1 Madianitis\">[<\/span> Og sem \u00feessir \u00ferj\u00fa hundru\u00f0 manns \u00feeyttu s\u00ednar basuner \u00fe\u00e1 skikka\u00f0i Gu\u00f0 \u00fev\u00ed svo a\u00f0 s\u00e9rhvers sver\u00f0 snerist \u00ed gegn \u00f6\u00f0rum um allan herinn. Og herinn fl\u00fd\u00f0i til Bet Sitta Seredata allt a\u00f0 \u00fev\u00ed v\u00ed\u00f0lendi Mek\u00f3la landamerkja hj\u00e1 Tabat. Og \u00cdsraelsf\u00f3lk af Neftal\u00ed, af Asser og af \u00f6llum Manasse hr\u00f3pa\u00f0i og rak fl\u00f3ttann og s\u00f3tti eftir Madianitis.<\/p>\n<p>\tOg Gideon sendi bo\u00f0 um allar fjallbygg\u00f0ir Efra\u00edms og l\u00e9t segja \u00feeim: &#8222;Fari\u00f0 ofan \u00ed m\u00f3ti \u00feeim Madianitum og inntaki\u00f0 fyrir \u00feeim v\u00f6\u00f0in allt til Bet Bara og J\u00f3rdan.&#8220; \u00de\u00e1 k\u00f6llu\u00f0u allir \u00feeir sem voru af Efra\u00edm og b\u00f6nnu\u00f0u \u00feeim vatni\u00f0 inn til Bet Bara og J\u00f3rdan. Og \u00feeir gripu tvo af \u00feeim Madianitis h\u00f6f\u00f0ingjum, \u00d3reb og Seb, og dr\u00e1pu \u00d3reb \u00e1 \u00feeim steini sem \u00feeir k\u00f6llu\u00f0u \u00d3reb og Seb \u00ed \u00feeirri \u00fer\u00fagu Seb og r\u00e1ku fl\u00f3ttann \u00feeirra Madianitis en f\u00e6r\u00f0u h\u00f6fu\u00f0in af \u00d3reb og Seb til Gideon yfir um J\u00f3rdan. <span class=\"athugasemd\" title=\"\u00d3reb \/ Seb \/ Psal. 3\">[<\/span><\/p>\n","protected":false},"excerpt":{"rendered":"<p>VII. Eftir \u00feetta t\u00f3k sig upp Jer\u00fabbaal, \u00fea\u00f0 er Gideon, og st\u00f3\u00f0 upp snemma morguns og allt \u00fea\u00f0 f\u00f3lk sem me\u00f0 honum var og setti s\u00ednar herb\u00fa\u00f0ir hj\u00e1 \u00feeim brunni Harad so hann haf\u00f0i her \u00feeirra Madianiter nor\u00f0ur fr\u00e1 s\u00e9r \u00e1 bak vi\u00f0 \u00fe\u00e1 h\u00e6\u00f0 sem \u00feeir h\u00e9ldu sitt var\u00f0hald \u00ed dalnum. Og Drottinn sag\u00f0i til Gideon: &#8222;\u00de\u00fa hefur ofmargt f\u00f3lk me\u00f0 \u00fe\u00e9r a\u00f0 eg skuli gefa Madian \u00ed \u00feeirra hendur. \u00cdsrael m\u00e6tti upphefja sig \u00e1 m\u00f3ti m\u00e9r og segja: M\u00edns sj\u00e1lfs h\u00f6nd hefur frelsa\u00f0 mig. \u00dear fyrir l\u00e1ttu \u00fathr\u00f3pa fyrir f\u00f3lksins eyrum og segja: Hver sem hann hr\u00e6ddur er <a href=\"https:\/\/biblian.is\/gudbrandsbiblia\/domarabokin-7-kafli\/\"> [&#8230;]<\/a><\/p>\n","protected":false},"author":1,"featured_media":0,"parent":0,"menu_order":0,"comment_status":"open","ping_status":"open","template":"bibliukaflar.php","meta":{"footnotes":""},"class_list":["post-2910","page","type-page","status-publish","hentry"],"_links":{"self":[{"href":"https:\/\/biblian.is\/gudbrandsbiblia\/wp-json\/wp\/v2\/pages\/2910","targetHints":{"allow":["GET"]}}],"collection":[{"href":"https:\/\/biblian.is\/gudbrandsbiblia\/wp-json\/wp\/v2\/pages"}],"about":[{"href":"https:\/\/biblian.is\/gudbrandsbiblia\/wp-json\/wp\/v2\/types\/page"}],"author":[{"embeddable":true,"href":"https:\/\/biblian.is\/gudbrandsbiblia\/wp-json\/wp\/v2\/users\/1"}],"replies":[{"embeddable":true,"href":"https:\/\/biblian.is\/gudbrandsbiblia\/wp-json\/wp\/v2\/comments?post=2910"}],"version-history":[{"count":0,"href":"https:\/\/biblian.is\/gudbrandsbiblia\/wp-json\/wp\/v2\/pages\/2910\/revisions"}],"wp:attachment":[{"href":"https:\/\/biblian.is\/gudbrandsbiblia\/wp-json\/wp\/v2\/media?parent=2910"}],"curies":[{"name":"wp","href":"https:\/\/api.w.org\/{rel}","templated":true}]}}