{"id":2905,"date":"2017-12-18T18:32:04","date_gmt":"2017-12-18T18:32:04","guid":{"rendered":"http:\/\/biblian.is\/gudbrandsbiblia\/domarabokin-2-kafli\/"},"modified":"2017-12-18T18:32:04","modified_gmt":"2017-12-18T18:32:04","slug":"domarabokin-2-kafli","status":"publish","type":"page","link":"https:\/\/biblian.is\/gudbrandsbiblia\/domarabokin-2-kafli\/","title":{"rendered":"D\u00f3marab\u00f3kin 2. kafli"},"content":{"rendered":"<p>II.<\/p>\n<p>\u00de\u00e1 kom <span class=\"athugasemd\" title=\"a \/ (Engill) \/ kennima\u00f0urinn P\u00edneas\">[<\/span> engill Drottins upp fr\u00e1 Gilgal til B\u00f3k\u00edm og sag\u00f0i: &#8222;Eg hefi leitt y\u00f0ur \u00far Egyptalandi og f\u00e6rt y\u00f0ur \u00ed \u00fea\u00f0 land sem eg s\u00f3r y\u00f0ar fe\u00f0rum og sag\u00f0a a\u00f0 eg vilda aldrei rj\u00fafa minn s\u00e1ttm\u00e1la me\u00f0 y\u00f0ur og a\u00f0 \u00fe\u00e9r skyldu\u00f0 \u00f6ngvan s\u00e1ttm\u00e1la gj\u00f6ra vi\u00f0 \u00feessa lands innbyggjara og \u00fe\u00e9r skyldu\u00f0 ni\u00f0urbrj\u00f3ta \u00feeirra altari. En \u00fe\u00e9r hl\u00fdddu\u00f0 ekki minni raust. \u00dev\u00ed hafi \u00fe\u00e9r \u00fea\u00f0 gj\u00f6rt? \u00de\u00e1 sag\u00f0a eg so: Eigi vil eg \u00fatr\u00fdma \u00fe\u00e1 fyrir y\u00f0ur svo \u00feeir ver\u00f0i y\u00f0ur a\u00f0 einni sn\u00f6ru og \u00feeirra sk\u00fargo\u00f0 y\u00f0ur a\u00f0 neti.&#8220; <span class=\"athugasemd\" title=\"Deut. 7 \/ Num. 33\">[<\/span> Og sem engill Drottins haf\u00f0i tala\u00f0 \u00f6ll \u00feessi or\u00f0 til alls \u00cdsraelsf\u00f3lks \u00fe\u00e1 upph\u00f3f alm\u00faginn s\u00edna raust og gr\u00e9t. Og \u00feeir k\u00f6llu\u00f0u \u00feann sta\u00f0 <span class=\"athugasemd\" title=\"b \/ (B\u00f3k\u00edm) \/ \u00fe\u00fd\u00f0ist gr\u00e1tandi\">[<\/span> B\u00f3k\u00edm og f\u00e6r\u00f0u Drottni f\u00f3rnir \u00ed \u00feeim sama sta\u00f0.<\/p>\n<p>\t\u00dev\u00ed a\u00f0 eftir \u00fea\u00f0 a\u00f0 J\u00f3s\u00faa haf\u00f0i skili\u00f0 f\u00f3lki\u00f0 fr\u00e1 s\u00e9r og \u00cdsraelssynir voru af sta\u00f0 farnir, hver til sinnar arfleif\u00f0ar a\u00f0 eignast landi\u00f0, \u00fe\u00e1 \u00fej\u00f3na\u00f0i f\u00f3lki\u00f0 Drottni so lengi sem J\u00f3s\u00faa lif\u00f0i og \u00feeir elstu menn sem lengi lif\u00f0u eftir J\u00f3s\u00faa og s\u00e9\u00f0 h\u00f6f\u00f0u alla st\u00f3ra Gu\u00f0s gj\u00f6rninga sem Drottinn haf\u00f0i gj\u00f6rt \u00cdsrael. Og sem J\u00f3s\u00faa son N\u00fan Gu\u00f0s \u00fe\u00e9nari var anda\u00f0ur \u00fe\u00e1 hann var hundra\u00f0 og t\u00edu \u00e1ra gamall j\u00f6r\u00f0u\u00f0u \u00feeir hann \u00ed Timnat \u00ed s\u00ednum landamerkjum \u00e1 fjallinu Efra\u00edm \u00ed nor\u00f0ur fr\u00e1 \u00fev\u00ed fjalli Gaas. <span class=\"athugasemd\" title=\"J\u00f3s\u00fa. 24\">[<\/span> <\/p>\n<p>\t\u00de\u00e1 \u00feeir allir sem lifa\u00f0 h\u00f6f\u00f0u \u00e1 \u00feeim t\u00edma voru komnir til sinna (framli\u00f0inna) forfe\u00f0ra so a\u00f0 \u00fear eftir kom ein \u00f6nnur \u00e6tt upp hver a\u00f0 ekki \u00feekkti Drottinn, vissi og ekki af \u00feeim verkum sem hann haf\u00f0i gj\u00f6rt vi\u00f0 \u00cdsrael,<\/p>\n<p>\t\u00fe\u00e1 gj\u00f6r\u00f0u \u00cdsraelssynir illt \u00ed augliti Drottins og \u00fej\u00f3nu\u00f0u Baal\u00edm en yfirg\u00e1fu Drottin Gu\u00f0 sinna fe\u00f0ra hver \u00fe\u00e1 haf\u00f0i leitt af Egyptalandi og fylgdu annarlegum gu\u00f0um, \u00feess f\u00f3lks gu\u00f0um sem bjuggu \u00ed kringum \u00fe\u00e1, og tilb\u00e1\u00f0u \u00feeirra gu\u00f0i og stygg\u00f0u svo Drottin. <span class=\"athugasemd\" title=\"\u00cdsrael \u00fej\u00f3na sk\u00fargo\u00f0um (JHS: tilheyrir efnisgrein sem byrjar: \u00fe\u00e1 gj\u00f6r\u00f0u)\">[<\/span> \u00dev\u00ed \u00feeir yfirg\u00e1fu Drottin \u00e6 og allt\u00ed\u00f0 en \u00fej\u00f3nu\u00f0u Baal og Astar\u00f3t. <span class=\"athugasemd\" title=\"Baal \/ Astar\u00f3t\">[<\/span> <\/p>\n<p>\tOg af \u00feessu uppkveiktist Gu\u00f0s rei\u00f0i yfir \u00cdsrael og hann gaf \u00fe\u00e1 \u00ed \u00feeirra hendur sem \u00fe\u00e1 r\u00e6ntu a\u00f0 \u00feeir skyldu r\u00e6na fr\u00e1 \u00feeim og hann seldi \u00fe\u00e1 \u00ed sinna \u00f3vina hendur \u00fear \u00ed kring svo \u00feeir g\u00e1tu ekki meir sta\u00f0i\u00f0 \u00ed m\u00f3t s\u00ednum \u00f3vinum heldur \u00ed hva\u00f0 m\u00e1ta \u00feeir vildu bera sig a\u00f0 \u00fe\u00e1 var Gu\u00f0s h\u00f6nd \u00ed m\u00f3t \u00feeim til \u00f3lukku svo sem Drottinn haf\u00f0i sagt og svari\u00f0 \u00feeim. <span class=\"athugasemd\" title=\"Gu\u00f0s hefnd fyrir sk\u00fargo\u00f0ad\u00fdrkan\">[<\/span> Og \u00feeir \u00ferengdust mj\u00f6g \u00e1 allar s\u00ed\u00f0ur.<\/p>\n<p>\tOg \u00fe\u00e1 Drottinn uppvakti \u00feeim d\u00f3mendur sem frelstu \u00fe\u00e1 af r\u00e6ningjanna h\u00f6ndum \u00fe\u00e1 voru \u00feeir ekki heldur \u00feeim d\u00f3mendum hl\u00fd\u00f0ugir heldur fr\u00f6mdu \u00feeir h\u00f3r me\u00f0 annarlegum gu\u00f0um og tilb\u00e1\u00f0u \u00fe\u00e1 og viku flj\u00f3tt af \u00feeim vegi sem \u00feeirra fe\u00f0ur h\u00f6f\u00f0u gengi\u00f0, \u00feeir sem hl\u00fdddu bo\u00f0or\u00f0um Drottins og gj\u00f6r\u00f0u ekki sem \u00feessir. <span class=\"athugasemd\" title=\"Levit. 25 \/ Deut. 28\">[<\/span><\/p>\n<p>\tOg \u00fe\u00e1 Drottinn uppvakti \u00feeim d\u00f3mara \u00fe\u00e1 var Drottinn me\u00f0 d\u00f3maranum og hj\u00e1lpa\u00f0i \u00feeim af \u00feeirra \u00f3vina h\u00f6ndum so lengi sem s\u00e1 d\u00f3marinn lif\u00f0i. \u00dev\u00ed Drottinn s\u00e1 aumur \u00e1 \u00feeirra kveinan yfir \u00feeim sem \u00fevingu\u00f0u og ni\u00f0ur\u00ferykktu \u00fe\u00e1. En \u00feegar s\u00e1 d\u00f3marinn dey\u00f0i \u00fe\u00e1 sneru \u00feeir s\u00e9r og fordj\u00f6rfu\u00f0u \u00fea\u00f0 meir en \u00feeirra fe\u00f0ur svo a\u00f0 \u00feeir fylgdu \u00f6\u00f0rum gu\u00f0um, \u00fej\u00f3nu\u00f0u \u00feeim og tilb\u00e1\u00f0u \u00fe\u00e1. \u00deeir viku ekki af s\u00ednu upps\u00e1tri, eigi heldur af s\u00ednu h\u00f6r\u00f0u\u00f0ugu ath\u00e6fi. <\/p>\n<p>\tOg \u00fev\u00ed uppkveiktist rei\u00f0i Drottins yfir \u00cdsrael a\u00f0 hann sag\u00f0i: &#8222;S\u00f6kum \u00feess a\u00f0 \u00feetta f\u00f3lk hefur yfirtro\u00f0i\u00f0 minn s\u00e1ttm\u00e1la sem eg hefi bo\u00f0i\u00f0 \u00feeirra fe\u00f0rum og hl\u00fd\u00f0ir ekki minni raust \u00fe\u00e1 vil eg og h\u00e9r eftir ekki fordjarfa hei\u00f0ingjana sem J\u00f3s\u00faa l\u00e9t eftir \u00fe\u00e1 hann dey\u00f0i svo eg vil reyna \u00cdsrael me\u00f0 \u00feeim ef \u00feeir vilja bl\u00edfa \u00e1 herrans vegi og ganga \u00fear \u00fati sem \u00feeirra fe\u00f0ur voru e\u00f0a eigi.&#8220; Svo l\u00e9t Drottinn \u00feessa hei\u00f0ingja bl\u00edfa a\u00f0 hann \u00fatr\u00fdmdi \u00fe\u00e1 ekki so sn\u00f6ggt, \u00fe\u00e1 sem hann haf\u00f0i ekki yfirgefi\u00f0 \u00ed J\u00f3s\u00faa h\u00f6nd.<\/p>\n","protected":false},"excerpt":{"rendered":"<p>II. \u00de\u00e1 kom [ engill Drottins upp fr\u00e1 Gilgal til B\u00f3k\u00edm og sag\u00f0i: &#8222;Eg hefi leitt y\u00f0ur \u00far Egyptalandi og f\u00e6rt y\u00f0ur \u00ed \u00fea\u00f0 land sem eg s\u00f3r y\u00f0ar fe\u00f0rum og sag\u00f0a a\u00f0 eg vilda aldrei rj\u00fafa minn s\u00e1ttm\u00e1la me\u00f0 y\u00f0ur og a\u00f0 \u00fe\u00e9r skyldu\u00f0 \u00f6ngvan s\u00e1ttm\u00e1la gj\u00f6ra vi\u00f0 \u00feessa lands innbyggjara og \u00fe\u00e9r skyldu\u00f0 ni\u00f0urbrj\u00f3ta \u00feeirra altari. En \u00fe\u00e9r hl\u00fdddu\u00f0 ekki minni raust. \u00dev\u00ed hafi \u00fe\u00e9r \u00fea\u00f0 gj\u00f6rt? \u00de\u00e1 sag\u00f0a eg so: Eigi vil eg \u00fatr\u00fdma \u00fe\u00e1 fyrir y\u00f0ur svo \u00feeir ver\u00f0i y\u00f0ur a\u00f0 einni sn\u00f6ru og \u00feeirra sk\u00fargo\u00f0 y\u00f0ur a\u00f0 neti.&#8220; [ Og sem engill Drottins haf\u00f0i tala\u00f0 <a href=\"https:\/\/biblian.is\/gudbrandsbiblia\/domarabokin-2-kafli\/\"> [&#8230;]<\/a><\/p>\n","protected":false},"author":1,"featured_media":0,"parent":0,"menu_order":0,"comment_status":"open","ping_status":"open","template":"bibliukaflar.php","meta":{"footnotes":""},"class_list":["post-2905","page","type-page","status-publish","hentry"],"_links":{"self":[{"href":"https:\/\/biblian.is\/gudbrandsbiblia\/wp-json\/wp\/v2\/pages\/2905","targetHints":{"allow":["GET"]}}],"collection":[{"href":"https:\/\/biblian.is\/gudbrandsbiblia\/wp-json\/wp\/v2\/pages"}],"about":[{"href":"https:\/\/biblian.is\/gudbrandsbiblia\/wp-json\/wp\/v2\/types\/page"}],"author":[{"embeddable":true,"href":"https:\/\/biblian.is\/gudbrandsbiblia\/wp-json\/wp\/v2\/users\/1"}],"replies":[{"embeddable":true,"href":"https:\/\/biblian.is\/gudbrandsbiblia\/wp-json\/wp\/v2\/comments?post=2905"}],"version-history":[{"count":0,"href":"https:\/\/biblian.is\/gudbrandsbiblia\/wp-json\/wp\/v2\/pages\/2905\/revisions"}],"wp:attachment":[{"href":"https:\/\/biblian.is\/gudbrandsbiblia\/wp-json\/wp\/v2\/media?parent=2905"}],"curies":[{"name":"wp","href":"https:\/\/api.w.org\/{rel}","templated":true}]}}