{"id":2900,"date":"2017-12-18T18:32:04","date_gmt":"2017-12-18T18:32:04","guid":{"rendered":"http:\/\/biblian.is\/gudbrandsbiblia\/josuabok-21-kafli\/"},"modified":"2017-12-18T18:32:04","modified_gmt":"2017-12-18T18:32:04","slug":"josuabok-21-kafli","status":"publish","type":"page","link":"https:\/\/biblian.is\/gudbrandsbiblia\/josuabok-21-kafli\/","title":{"rendered":"J\u00f3s\u00faab\u00f3k 21. kafli"},"content":{"rendered":"<p>XXI.<\/p>\n<p>Eftir \u00feetta gengu \u00feeir \u00e6\u00f0stu fe\u00f0ur \u00e1 me\u00f0al Lev\u00edtanna fram til Eleasar kennimanns og til J\u00f3s\u00faa sonar N\u00fan og til \u00feeirra yppustu fe\u00f0ranna me\u00f0al \u00e6ttkv\u00edsla \u00cdsraelssona og t\u00f6lu\u00f0u vi\u00f0 \u00fe\u00e1 \u00ed S\u00edl\u00f3 \u00ed landinu Kanaan og s\u00f6g\u00f0u: &#8222;Drottinn bau\u00f0 fyrir Mosen a\u00f0 oss skyldu gefast borgir a\u00f0 b\u00faa \u00fati og \u00feeirra forsta\u00f0ir fyrir vort kvikf\u00e9.&#8220; <span class=\"athugasemd\" title=\"Num. 35 \/ Deut. 19\">[<\/span> \u00de\u00e1 g\u00e1fu \u00cdsraelssynir Lev\u00edtunum af s\u00ednu arfskipti so sem Drottinn haf\u00f0i bo\u00f0i\u00f0, \u00feessar borgir og \u00feeirra forsta\u00f0i.<\/p>\n<p>\tSo f\u00e9ll hluturinn Kahatiters \u00e6tt og synir Aron kennimanns af Lev\u00edt\u00f6num fengu \u00ferett\u00e1n borgir me\u00f0 hlutfalli af J\u00fada \u00e6tt, af S\u00edmeon \u00e6tt og af Benjam\u00edn \u00e6tt. <span class=\"athugasemd\" title=\"Kahat\">[<\/span> En \u00feeir a\u00f0rir synir Kahat af sama slekti fengu tuttugu sta\u00f0i eftir hlutfalli af Efra\u00edm \u00e6tt, af \u00e6tt Dan og af h\u00e1lfri Manasse \u00e6tt.<\/p>\n<p>\tEn synir Gerson af s\u00f6mu kynkv\u00edsl fengu eftir hlutfalli \u00ferett\u00e1n borgir af kyni \u00cdsaskar, af kyni Asser og af kyni Neftal\u00ed og af h\u00e1lfu kyni Manasse \u00ed Basan. <span class=\"athugasemd\" title=\"Gerson\">[<\/span><\/p>\n<p>\tOg Merar\u00edsona \u00e6tt f\u00e9kk t\u00f3lf borgir af \u00e6tt R\u00faben, af \u00e6tt Ga\u00f0 og af \u00e6tt Seb\u00falon. <span class=\"athugasemd\" title=\"Merar\u00ed\">[<\/span><\/p>\n<p>\tSo g\u00e1fu n\u00fa \u00cdsraelssynir Lev\u00edt\u00f6num eftir hlutfalli \u00feessar borgir og \u00feeirra forsta\u00f0i sem Drottinn haf\u00f0i bo\u00f0i\u00f0 fyrir Mosen. Af \u00e6tt sona J\u00fada og af \u00e6tt sona S\u00edmeon g\u00e1fu \u00feeir sonum Aron \u00feessar borgir me\u00f0 nafni sem voru Kahat\u00edta \u00e6ttar af sonum Lev\u00ed \u00fev\u00ed a\u00f0 s\u00e1 fyrsti hlutur var \u00feeirra. So g\u00e1fu \u00feeir \u00feeim Kirjat Arba sem heyr\u00f0i f\u00f6\u00f0ur Enak til, \u00fea\u00f0 er Hebron, \u00e1 fjalli J\u00fada og hennar forsta\u00f0i \u00ed kringum hana. Og \u00feeir g\u00e1fu Kaleb syni Jef\u00fanne akrana og \u00feau \u00feorp \u00ed kringum borgina honum til eignar. <span class=\"athugasemd\" title=\"Kaleb\">[<\/span><\/p>\n<p>\tSo g\u00e1fu \u00feeir sonum Arons prests \u00fe\u00e6r athvarfsborgir fyrir mannslagarana: Hebron og hennar forsta\u00f0i, L\u00edbna og hennar forsta\u00f0i, Jat\u00edr og hennar forsta\u00f0i, Estm\u00f3a og hennar forsta\u00f0i, H\u00f3lon og hennar forsta\u00f0i, Deb\u00edr og hennar forsta\u00f0i, A\u00edn og hennar forsta\u00f0i, J\u00fara og hennar forsta\u00f0i, Betsemes og hennar forsta\u00f0i, n\u00edu sta\u00f0i af \u00feessum tveimur \u00e6ttum. En \u00feeir g\u00e1fu \u00feeim fj\u00f3rar borgir af Benjam\u00edn\u00e6tt: G\u00edbeon og hennar forsta\u00f0i, Geba og hennar forsta\u00f0i, Anat\u00f3t og hennar forsta\u00f0i, Geba og hennar forsta\u00f0i, Am\u00f3n og hennar forsta\u00f0i. So a\u00f0 allar borgir sona Aron voru \u00ferett\u00e1n me\u00f0 s\u00ednum forst\u00f6\u00f0um.<\/p>\n<p>\tEn \u00feeir a\u00f0rir Kahatsona kyn\u00fe\u00e6ttir af Lev\u00edtunum fengu \u00ed sinn hlut fj\u00f3rar borgir af Efra\u00edms\u00e6tt og \u00feeir g\u00e1fu \u00feeim frelsisborgirnar mannslagarans: Sak\u00edm og hennar forsta\u00f0i \u00e1 Efra\u00edmfjalli, Geser og hennar forsta\u00f0i, Kibsa\u00edm og hennar forsta\u00f0i, Bet H\u00f3ron og hennar forsta\u00f0i. Af \u00e6tt Dan fj\u00f3rar borgir: Eltek\u00ed og hennar forsta\u00f0i, G\u00edbeon og hennar forsta\u00f0i, Ajalon og hennar forsta\u00f0i og Gat Rimon og hennar forsta\u00f0i. Af h\u00e1lfum parti Manasses slektis tv\u00e6r borgir: Taenak og hennar forsta\u00f0i, Gat Rimon og hennar forsta\u00f0i. So a\u00f0 allar \u00fe\u00e6r a\u00f0rar Kahatssona \u00e6ttar borgir voru t\u00edu me\u00f0 \u00feeirra undirborgum.<\/p>\n<p>\tOg \u00feeir g\u00e1fu sonum Gerson af \u00e6tt Lev\u00ed tv\u00e6r borgir af h\u00e1lfum parti Manasse \u00e6ttar \u00fea athvarfsborg fyrir mannslagarana: G\u00f3lan \u00ed Basan og hennar forsta\u00f0i, Beestra og hennar forsta\u00f0i. <span class=\"athugasemd\" title=\"Gerson\">[<\/span> Af \u00cdsaskar\u00e6tt fj\u00f3ra sta\u00f0i: Kis\u00edon og hennar forsta\u00f0i, Dabrat og hennar forsta\u00f0i, Jarm\u00fat og hennar forsta\u00f0i, enn Gan\u00edm og hennar forsta\u00f0i. Af \u00e6tt Asser fj\u00f3ra sta\u00f0i: Miskal og hennar forsta\u00f0i, Afd\u00f3m og hennar forsta\u00f0i, Helkat og hennar forsta\u00f0i, Reh\u00f3b og hennar forsta\u00f0i. Af \u00e6tt Neftal\u00ed \u00ferj\u00e1r borgir: \u00de\u00e1 frelsisborg Kedes fyrir manndr\u00e1parana \u00ed Gal\u00edlea og hennar forsta\u00f0i, Hatm\u00f3t D\u00f3r og hennar forsta\u00f0i, Karrtan og hennar forsta\u00f0i. So a\u00f0 allar \u00fe\u00e6r Gerson\u00edta\u00e6ttar borgir voru \u00ferett\u00e1n me\u00f0 s\u00ednum undirborgum.<\/p>\n<p>\tEn \u00feeir a\u00f0rir Lev\u00edtar sem voru af kyni Merar\u00edsona \u00feeim voru gefnar fj\u00f3rar borgir af \u00e6tt Seb\u00falon: Jakneam me\u00f0 hennar undirborgum, Karta me\u00f0 hennar undirborgum, D\u00edmna me\u00f0 hennar undirborgum, Nahalal me\u00f0 hennar undirborgum. <span class=\"athugasemd\" title=\"Merar\u00ed\">[<\/span> Af \u00e6tt R\u00faben fj\u00f3rar borgir: Beser og hennar forsta\u00f0ir, Jahsa og hennar forsta\u00f0ir, Kedem\u00f3t og hennar forsta\u00f0ir, Mefaat og hennar forsta\u00f0ir. Af kyni Ga\u00f0 fj\u00f3rar borgir: mannslagarans athvarfsborg Ram\u00f3t \u00ed G\u00edlea\u00f0 og hennar forsta\u00f0ir, Mahana\u00edm og hennar forsta\u00f0ir, Hesbon og hennar forsta\u00f0ir, Jaeser og hennar forsta\u00f0ir. So a\u00f0 allar Merar\u00edsona borgir \u00e1 millum \u00feeirrar \u00e6ttar af \u00feeim \u00f6\u00f0rum Lev\u00edtum voru t\u00f3lf sem \u00feeir fengu eftir \u00feeirra hlutfalli. Allar Lev\u00edtanna borgir \u00e1 me\u00f0al \u00cdsraelssona arfs voru \u00e1tta og fj\u00f6rut\u00edgi me\u00f0 s\u00ednum undirborgum. <span class=\"athugasemd\" title=\"48 Lev\u00edtaborgir\">[<\/span> Og hver af \u00feessum borgum haf\u00f0i sinn forsta\u00f0 umhverfis sig, so einn sem annar.<\/p>\n<p>\tSo gaf Drottinn \u00cdsrael allt \u00fea\u00f0 land sem hann haf\u00f0i svari\u00f0 a\u00f0 gefa \u00feeirra fe\u00f0rum og \u00feeir eignu\u00f0ust \u00fea\u00f0 og bygg\u00f0u \u00fea\u00f0. <span class=\"athugasemd\" title=\"Gen. 13; 15; 17; 28\">[<\/span> Og Drottinn gaf \u00feeim hv\u00edlt allt um kring fyrir \u00f6llum so sem hann s\u00f3r \u00feeirra forfe\u00f0rum og enginn af \u00feeirra \u00f3vinum gat sta\u00f0i\u00f0 \u00feeim \u00ed m\u00f3t heldur gaf hann alla \u00feeirra \u00f3vini \u00ed \u00feeirra hendur. Og \u00fear brast ekki neitt af \u00f6llu \u00fev\u00ed g\u00f3\u00f0a sem Drottinn haf\u00f0i lofa\u00f0 \u00cdsraels h\u00fasi, \u00fea\u00f0 kom fram allt saman. <span class=\"athugasemd\" title=\"Gu\u00f0 heldur \u00f6ll s\u00edn or\u00f0\">[<\/span><\/p>\n","protected":false},"excerpt":{"rendered":"<p>XXI. Eftir \u00feetta gengu \u00feeir \u00e6\u00f0stu fe\u00f0ur \u00e1 me\u00f0al Lev\u00edtanna fram til Eleasar kennimanns og til J\u00f3s\u00faa sonar N\u00fan og til \u00feeirra yppustu fe\u00f0ranna me\u00f0al \u00e6ttkv\u00edsla \u00cdsraelssona og t\u00f6lu\u00f0u vi\u00f0 \u00fe\u00e1 \u00ed S\u00edl\u00f3 \u00ed landinu Kanaan og s\u00f6g\u00f0u: &#8222;Drottinn bau\u00f0 fyrir Mosen a\u00f0 oss skyldu gefast borgir a\u00f0 b\u00faa \u00fati og \u00feeirra forsta\u00f0ir fyrir vort kvikf\u00e9.&#8220; [ \u00de\u00e1 g\u00e1fu \u00cdsraelssynir Lev\u00edtunum af s\u00ednu arfskipti so sem Drottinn haf\u00f0i bo\u00f0i\u00f0, \u00feessar borgir og \u00feeirra forsta\u00f0i. So f\u00e9ll hluturinn Kahatiters \u00e6tt og synir Aron kennimanns af Lev\u00edt\u00f6num fengu \u00ferett\u00e1n borgir me\u00f0 hlutfalli af J\u00fada \u00e6tt, af S\u00edmeon \u00e6tt og af Benjam\u00edn \u00e6tt. <a href=\"https:\/\/biblian.is\/gudbrandsbiblia\/josuabok-21-kafli\/\"> [&#8230;]<\/a><\/p>\n","protected":false},"author":1,"featured_media":0,"parent":0,"menu_order":0,"comment_status":"open","ping_status":"open","template":"bibliukaflar.php","meta":{"footnotes":""},"class_list":["post-2900","page","type-page","status-publish","hentry"],"_links":{"self":[{"href":"https:\/\/biblian.is\/gudbrandsbiblia\/wp-json\/wp\/v2\/pages\/2900","targetHints":{"allow":["GET"]}}],"collection":[{"href":"https:\/\/biblian.is\/gudbrandsbiblia\/wp-json\/wp\/v2\/pages"}],"about":[{"href":"https:\/\/biblian.is\/gudbrandsbiblia\/wp-json\/wp\/v2\/types\/page"}],"author":[{"embeddable":true,"href":"https:\/\/biblian.is\/gudbrandsbiblia\/wp-json\/wp\/v2\/users\/1"}],"replies":[{"embeddable":true,"href":"https:\/\/biblian.is\/gudbrandsbiblia\/wp-json\/wp\/v2\/comments?post=2900"}],"version-history":[{"count":0,"href":"https:\/\/biblian.is\/gudbrandsbiblia\/wp-json\/wp\/v2\/pages\/2900\/revisions"}],"wp:attachment":[{"href":"https:\/\/biblian.is\/gudbrandsbiblia\/wp-json\/wp\/v2\/media?parent=2900"}],"curies":[{"name":"wp","href":"https:\/\/api.w.org\/{rel}","templated":true}]}}