{"id":2899,"date":"2017-12-18T18:32:04","date_gmt":"2017-12-18T18:32:04","guid":{"rendered":"http:\/\/biblian.is\/gudbrandsbiblia\/josuabok-20-kafli\/"},"modified":"2017-12-18T18:32:04","modified_gmt":"2017-12-18T18:32:04","slug":"josuabok-20-kafli","status":"publish","type":"page","link":"https:\/\/biblian.is\/gudbrandsbiblia\/josuabok-20-kafli\/","title":{"rendered":"J\u00f3s\u00faab\u00f3k 20. kafli"},"content":{"rendered":"<p>XX.<\/p>\n<p>Drottinn tala\u00f0i vi\u00f0 J\u00f3s\u00faa og sag\u00f0i: &#8222;Seg \u00fe\u00fa til Israelissona: Skikki\u00f0 \u00fe\u00e1 frelsissta\u00f0i \u00ed millum y\u00f0ar um hverja eg tala\u00f0i til y\u00f0ar fyrir Mosen \u00feanga\u00f0 sem einn mannslagari m\u00e1 fl\u00fdja s\u00e1 sem nokkurn sl\u00e6r \u00ed hel \u00f3viljandi og \u00f3vitandi so \u00feeir megi vera fr\u00ed \u00e1 millum y\u00f0ar fyrir eftirm\u00e1lsmanninum. <span class=\"athugasemd\" title=\"Frelsissta\u00f0ir \/ Num. 25 \/ Deut. 19 \/ Exod. 25\">[<\/span> Og s\u00e1 sem fl\u00fdr til einhvers \u00feeirra sta\u00f0a, hann skal standa fyrir utan sta\u00f0arporti\u00f0 og opinbera \u00fear s\u00edna s\u00f6k fyrir \u00f6ldungunum sta\u00f0arins. S\u00ed\u00f0an skulu \u00feeir taka hann inn \u00ed sta\u00f0inn til s\u00edn og gefa honum r\u00fam svo hann megi b\u00faa hj\u00e1 \u00feeim.<\/p>\n<p>\tOg \u00fe\u00e1 bl\u00f3\u00f0hefnarinn fer eftir honum \u00fe\u00e1 skulu \u00feeir ekki framselja \u00feennan veganda \u00ed hans hendur fyrst hann sl\u00f3 sinn n\u00e1unga \u00ed hel \u00f3forsvara\u00f0 og var ekki hans \u00f3vin. Svo hann skal b\u00faa \u00ed \u00feeim sama sta\u00f0 \u00fear til a\u00f0 hann hefur sta\u00f0i\u00f0 sinn r\u00e9tt fyrir alm\u00faganum, \u00fear til s\u00e1 \u00e6\u00f0sti kennima\u00f0ur andast sem \u00fe\u00e1 er \u00feann sama t\u00edma. Eftir \u00fea\u00f0 skal vegandinn koma \u00ed s\u00edna borg aftur og til s\u00edns h\u00fass, til \u00feess sta\u00f0ar sem hann \u00e1\u00f0ur fr\u00e1 fl\u00fa\u00f0i.&#8220;<\/p>\n<p>\tSo helgu\u00f0u \u00feeir Kedes \u00ed Gal\u00edlea \u00e1 fjallbygg\u00f0um Neftal\u00ed og Sekem \u00e1 fjalli Efra\u00edm og Kirjat Arba, sem er Hebron, \u00e1 fjallinu J\u00fada. <span class=\"athugasemd\" title=\"Hebron\">[<\/span> Og hinumegin J\u00f3rdanar austur fr\u00e1 Jer\u00edk\u00f3 g\u00e1fu \u00feeir Besen \u00ed ey\u00f0im\u00f6rku \u00e1 sl\u00e9ttlendi af kyni R\u00faben og Ram\u00f3t \u00ed G\u00edlea\u00f0 af \u00e6tt Ga\u00f0 og G\u00f3lam \u00ed Basan af \u00e6tt Manasse. <span class=\"athugasemd\" title=\"Jer\u00edk\u00f3\">[<\/span> <\/p>\n<p>\t\u00deessir voru \u00feeir sta\u00f0ir sem skikka\u00f0ir voru fyrir alla \u00cdsraelssonu og so fyrir \u00fe\u00e1 framandi sem bjuggu \u00e1 millum \u00feeirra so a\u00f0 s\u00e1 skyldi fl\u00fdja til einhvers af \u00feeim sem nokkurn haf\u00f0i slegi\u00f0 \u00ed hel \u00f3fyrirsynju so hann skyldi ekki deyja fyrir bl\u00f3\u00f0hefnaranum fyrr en hann hef\u00f0i sta\u00f0i\u00f0 fyrir alm\u00faganum.<\/p>\n","protected":false},"excerpt":{"rendered":"<p>XX. Drottinn tala\u00f0i vi\u00f0 J\u00f3s\u00faa og sag\u00f0i: &#8222;Seg \u00fe\u00fa til Israelissona: Skikki\u00f0 \u00fe\u00e1 frelsissta\u00f0i \u00ed millum y\u00f0ar um hverja eg tala\u00f0i til y\u00f0ar fyrir Mosen \u00feanga\u00f0 sem einn mannslagari m\u00e1 fl\u00fdja s\u00e1 sem nokkurn sl\u00e6r \u00ed hel \u00f3viljandi og \u00f3vitandi so \u00feeir megi vera fr\u00ed \u00e1 millum y\u00f0ar fyrir eftirm\u00e1lsmanninum. [ Og s\u00e1 sem fl\u00fdr til einhvers \u00feeirra sta\u00f0a, hann skal standa fyrir utan sta\u00f0arporti\u00f0 og opinbera \u00fear s\u00edna s\u00f6k fyrir \u00f6ldungunum sta\u00f0arins. S\u00ed\u00f0an skulu \u00feeir taka hann inn \u00ed sta\u00f0inn til s\u00edn og gefa honum r\u00fam svo hann megi b\u00faa hj\u00e1 \u00feeim. Og \u00fe\u00e1 bl\u00f3\u00f0hefnarinn fer eftir honum \u00fe\u00e1 <a href=\"https:\/\/biblian.is\/gudbrandsbiblia\/josuabok-20-kafli\/\"> [&#8230;]<\/a><\/p>\n","protected":false},"author":1,"featured_media":0,"parent":0,"menu_order":0,"comment_status":"open","ping_status":"open","template":"bibliukaflar.php","meta":{"footnotes":""},"class_list":["post-2899","page","type-page","status-publish","hentry"],"_links":{"self":[{"href":"https:\/\/biblian.is\/gudbrandsbiblia\/wp-json\/wp\/v2\/pages\/2899","targetHints":{"allow":["GET"]}}],"collection":[{"href":"https:\/\/biblian.is\/gudbrandsbiblia\/wp-json\/wp\/v2\/pages"}],"about":[{"href":"https:\/\/biblian.is\/gudbrandsbiblia\/wp-json\/wp\/v2\/types\/page"}],"author":[{"embeddable":true,"href":"https:\/\/biblian.is\/gudbrandsbiblia\/wp-json\/wp\/v2\/users\/1"}],"replies":[{"embeddable":true,"href":"https:\/\/biblian.is\/gudbrandsbiblia\/wp-json\/wp\/v2\/comments?post=2899"}],"version-history":[{"count":0,"href":"https:\/\/biblian.is\/gudbrandsbiblia\/wp-json\/wp\/v2\/pages\/2899\/revisions"}],"wp:attachment":[{"href":"https:\/\/biblian.is\/gudbrandsbiblia\/wp-json\/wp\/v2\/media?parent=2899"}],"curies":[{"name":"wp","href":"https:\/\/api.w.org\/{rel}","templated":true}]}}