{"id":2898,"date":"2017-12-18T18:32:04","date_gmt":"2017-12-18T18:32:04","guid":{"rendered":"http:\/\/biblian.is\/gudbrandsbiblia\/josuabok-19-kafli\/"},"modified":"2017-12-18T18:32:04","modified_gmt":"2017-12-18T18:32:04","slug":"josuabok-19-kafli","status":"publish","type":"page","link":"https:\/\/biblian.is\/gudbrandsbiblia\/josuabok-19-kafli\/","title":{"rendered":"J\u00f3s\u00faab\u00f3k 19. kafli"},"content":{"rendered":"<p>XIX.<\/p>\n<p>Eftir \u00feetta f\u00e9ll s\u00e1 annar hlutur \u00e6ttkv\u00edsl sona S\u00edmeon eftir \u00feeirra kynkv\u00edslum og \u00feeirra erf\u00f0 var me\u00f0 erf\u00f0 \u00feeirra sona J\u00fada. <span class=\"athugasemd\" title=\"Arfur sona S\u00edmeon\">[<\/span> Og \u00feeir fengu til erf\u00f0ar: Beerseba, Seba M\u00f3lada, Hasar S\u00faal, Bala, Asem, Elt\u00f3la\u00f0, Bet\u00fal, Harma, Siklag, Bet Markab\u00f3t, Haser S\u00fassa, Betleba\u00f3t, Asan, \u00fea\u00f0 eru \u00ferett\u00e1n borgir og \u00feeirra \u00feorp. A\u00edn, Rimon, Eter, Asan, \u00fea\u00f0 eru fj\u00f3rar borgir og \u00feeirra \u00feorp. \u00dear til me\u00f0 allir \u00feeir b\u00e6ir sem liggja um kring \u00feessar borgir inn til Baalat Beer Ramat m\u00f3t su\u00f0ri. \u00deetta er arfleif\u00f0 sona S\u00edmeon \u00ed \u00feeirra kynkv\u00edslum \u00fev\u00ed a\u00f0 S\u00edmeonssona arfleif\u00f0 er \u00e1 millum J\u00fadasona arfleif\u00f0ar. Fyrir \u00fev\u00ed a\u00f0 J\u00fadasona erf\u00f0 var \u00feeim of st\u00f3r, \u00fear fyrir erf\u00f0u synir S\u00edmeon \u00e1 me\u00f0al \u00feeirra arfleif\u00f0a.<\/p>\n<p>\tS\u00e1 hinn \u00feri\u00f0ji hlutur f\u00e9ll sonum Seb\u00falon eftir \u00feeirra kynkv\u00edslum. <span class=\"athugasemd\" title=\"Arfur sona Seb\u00falon\">[<\/span> Og landamerki \u00feeirra erf\u00f0ar var til Sared og gengur \u00ed vestur til Mareala og tekur inn til Dabaset og til \u00feess l\u00e6kjar sem hleypur til Jakneam og beygir sig fr\u00e1 Sared m\u00f3t austri inn til Kisl\u00f3t Tab\u00f3r landamerkja og hleypur \u00fat til Dabrat og upp til Jaf\u00eda og \u00fear fr\u00e1 \u00ed austur \u00ed gegnum G\u00edta, Hefer, \u00cdta, Kas\u00edn og kemur \u00fat m\u00f3t Rimon Mitar og Nea og gengur nor\u00f0an \u00ed kring til Nat\u00f3n og endist \u00ed Jeftaheldalnum, Nehalal, Simron, Jedeala og Betlehem, \u00fea\u00f0 eru t\u00f3lf sta\u00f0ir me\u00f0 \u00feeirra \u00feorpum. <span class=\"athugasemd\" title=\"Betlehem \u00ed Seb\u00falon\">[<\/span> \u00deetta er Seb\u00falonsona arfleif\u00f0 me\u00f0 \u00feeirra kynsl\u00f3\u00f0 og \u00feeirra borgum og \u00feorpum.<\/p>\n<p>\tS\u00e1 hinn fj\u00f3r\u00f0i hlutur f\u00e9ll sonum \u00cdsaskar eftir \u00feeirra \u00e6ttkv\u00edslum. <span class=\"athugasemd\" title=\"Arfur sona \u00cdsaskar\">[<\/span> Og \u00feeirra landamerki var: Jesrehel, Kes\u00fall\u00f3t, S\u00fanem, Hafara\u00edm, S\u00edon, Anaharat, Rab\u00edt, K\u00edseon, Abes, Remet, En Gannem, En Hada, Bet Pases og tekur allt til Tabor, Saham\u00edna, Betsemes og hennar endir hj\u00e1 J\u00f3rdan, sext\u00e1n sta\u00f0ir og \u00feeirra \u00feorp. Og \u00feetta er \u00cdsaskarsona erf\u00f0 \u00ed \u00feeirra kyn\u00fe\u00e1ttum, sta\u00f0ir \u00feeirra og b\u00e6ir.<\/p>\n<p>\tEn fimmti hlutur f\u00e9ll sonum \u00e6ttar Asser eftir \u00feeirra kynkv\u00edslum. <span class=\"athugasemd\" title=\"Arfur sona Ass\u00far\">[<\/span> Og \u00feeirra landamerki var Helkat, Hal\u00ed, Beten, Aksaf, Alamelek, Amead, M\u00edseal og tekur \u00fat til Karmel hj\u00e1 hafinu og til S\u00edfar L\u00edbnat og sn\u00fdr s\u00e9r \u00ed austur m\u00f3t Bet Dag\u00f3n og tekur a\u00f0 Seb\u00falon og til Jeftaheldals m\u00f3t nor\u00f0ri, Betemek, Neg\u00edel og gengur a\u00f0 Kal\u00fab, \u00e1 \u00fe\u00e1 vinstri s\u00ed\u00f0u, Hebron, Reh\u00f3b, Ham\u00f3n, Kana til \u00feess st\u00f3ra sta\u00f0ar S\u00eddon og sn\u00fdr s\u00e9r upp m\u00f3t Rama til \u00feess fasta sta\u00f0ar S\u00f3r og vendar s\u00e9r til Hossa og endast vi\u00f0 hafi\u00f0 eftir \u00feeim m\u00e6lir til Aks\u00edb, Uma, Afek, Reh\u00f3b, tv\u00e6r og tuttugu borgir og \u00feeirra \u00feorp. <span class=\"athugasemd\" title=\"Kana \/ S\u00eddon \/ S\u00f3r\">[<\/span> Og \u00feetta er Assersona arfskipti me\u00f0 \u00feeirra kynkv\u00edslum, borgum og \u00feorpum.<\/p>\n<p>\tEn sj\u00f6tti hlutur f\u00e9ll sonum Neftal\u00edm og \u00feeirra \u00e6ttkv\u00edslum. <span class=\"athugasemd\" title=\"Arfur sona Neftal\u00ed\">[<\/span> Og \u00feeirra landamerki voru fr\u00e1 Helf, Elon, \u00ed gegnum Saenann\u00edm, Adam\u00ed Nekeb, Jabneel, inn til Lak\u00edm og endast hj\u00e1 J\u00f3rdan og sn\u00fdr s\u00e9r m\u00f3t vestri til Asn\u00f3t, Tab\u00f3r og gengur \u00fear fr\u00e1 til H\u00fak\u00f3t og tekur su\u00f0ur til Seb\u00falon og til Asser m\u00f3t vestri allt til J\u00fada hj\u00e1 J\u00f3rdan m\u00f3t austri og hefur \u00feessa fasta sta\u00f0i: Sid\u00edm, Ser, Hamat, Rabat, Kinnara, Adama, Rama, Hassor, Kedes, Edrei, Enhas\u00f3r, Jereon, M\u00edgdalel, Harem, Bethanat, Betsamet, n\u00edtj\u00e1n borgir og \u00feeirra \u00feorp. Og \u00feetta er Neftal\u00edsona erf\u00f0 og \u00feeirra \u00e6ttar \u00ed \u00feeirra kynkv\u00edslum, sta\u00f0ir og \u00feorp. <\/p>\n<p>\tS\u00e1 sj\u00f6undi hlutur f\u00e9ll sonum Dan eftir \u00feeirra kynkv\u00edslum. <span class=\"athugasemd\" title=\"Arfur sona Dan\">[<\/span> Og \u00feeirra arfleif\u00f0ar landamerki var: Sarea, Esta\u00f3l, \u00cdrsamets, Saelab\u00edm, Ajalon, Jetla, El\u00f3n, Timnata, Ekron, Elteke, Gibet\u00f3n, Baalat, Jeh\u00fa\u00f0 Bnebarak, Gatrimmond, Meiark\u00f3n, Rakon me\u00f0 \u00feeim landamerkjum m\u00f3t Jaf\u00f3. Og \u00fear endast landamerki sona Dan. Og synir Dan dr\u00f3gu upp a\u00f0 str\u00ed\u00f0a \u00ed m\u00f3t Lesem, unnu hana og sl\u00f3gu me\u00f0 sver\u00f0seggjum og eignu\u00f0ust borgina og bjuggu \u00ed henni og k\u00f6llu\u00f0u hana Dan eftir \u00feeirra f\u00f6\u00f0urs nafni. Og \u00feetta er arfleif\u00f0 sona Dan eftir \u00feeirra kynkv\u00edslum, borgir og kaupt\u00fan.<\/p>\n<p>\tEn sem \u00feeir h\u00f6f\u00f0u \u00fatskipt landinu me\u00f0 s\u00ednum ummerkjum \u00fe\u00e1 g\u00e1fu Israelissynir J\u00f3s\u00faa syni N\u00fan eina erf\u00f0 \u00e1 me\u00f0al \u00feeirra. <span class=\"athugasemd\" title=\"Hlutskipti J\u00f3s\u00faa\">[<\/span> Og \u00feeir g\u00e1fu honum \u00feann sta\u00f0 eftir Gu\u00f0s b\u00edfalningu sem hann sj\u00e1lfur girntist sem var Timnat Sera \u00e1 Efra\u00edmsfjalli. \u00dear bygg\u00f0i hann borg og bj\u00f3 \u00fear. <\/p>\n<p>\t\u00deessi eru \u00feau arfskipti sem Eleasar prestur og J\u00f3s\u00faa son N\u00fan og \u00feeir \u00e6\u00f0stu fe\u00f0ur \u00e1 me\u00f0al \u00e6ttkv\u00edslanna skiptu me\u00f0 hlutfalli \u00e1 me\u00f0al \u00cdsraelssona \u00ed S\u00edl\u00f3 fyrir Drottni fyri tjaldb\u00fa\u00f0arinnar vitnisbur\u00f0ardyrum og so endu\u00f0ust \u00feessi landsins skipti.<\/p>\n","protected":false},"excerpt":{"rendered":"<p>XIX. Eftir \u00feetta f\u00e9ll s\u00e1 annar hlutur \u00e6ttkv\u00edsl sona S\u00edmeon eftir \u00feeirra kynkv\u00edslum og \u00feeirra erf\u00f0 var me\u00f0 erf\u00f0 \u00feeirra sona J\u00fada. [ Og \u00feeir fengu til erf\u00f0ar: Beerseba, Seba M\u00f3lada, Hasar S\u00faal, Bala, Asem, Elt\u00f3la\u00f0, Bet\u00fal, Harma, Siklag, Bet Markab\u00f3t, Haser S\u00fassa, Betleba\u00f3t, Asan, \u00fea\u00f0 eru \u00ferett\u00e1n borgir og \u00feeirra \u00feorp. A\u00edn, Rimon, Eter, Asan, \u00fea\u00f0 eru fj\u00f3rar borgir og \u00feeirra \u00feorp. \u00dear til me\u00f0 allir \u00feeir b\u00e6ir sem liggja um kring \u00feessar borgir inn til Baalat Beer Ramat m\u00f3t su\u00f0ri. \u00deetta er arfleif\u00f0 sona S\u00edmeon \u00ed \u00feeirra kynkv\u00edslum \u00fev\u00ed a\u00f0 S\u00edmeonssona arfleif\u00f0 er \u00e1 millum J\u00fadasona arfleif\u00f0ar. Fyrir <a href=\"https:\/\/biblian.is\/gudbrandsbiblia\/josuabok-19-kafli\/\"> [&#8230;]<\/a><\/p>\n","protected":false},"author":1,"featured_media":0,"parent":0,"menu_order":0,"comment_status":"open","ping_status":"open","template":"bibliukaflar.php","meta":{"footnotes":""},"class_list":["post-2898","page","type-page","status-publish","hentry"],"_links":{"self":[{"href":"https:\/\/biblian.is\/gudbrandsbiblia\/wp-json\/wp\/v2\/pages\/2898","targetHints":{"allow":["GET"]}}],"collection":[{"href":"https:\/\/biblian.is\/gudbrandsbiblia\/wp-json\/wp\/v2\/pages"}],"about":[{"href":"https:\/\/biblian.is\/gudbrandsbiblia\/wp-json\/wp\/v2\/types\/page"}],"author":[{"embeddable":true,"href":"https:\/\/biblian.is\/gudbrandsbiblia\/wp-json\/wp\/v2\/users\/1"}],"replies":[{"embeddable":true,"href":"https:\/\/biblian.is\/gudbrandsbiblia\/wp-json\/wp\/v2\/comments?post=2898"}],"version-history":[{"count":0,"href":"https:\/\/biblian.is\/gudbrandsbiblia\/wp-json\/wp\/v2\/pages\/2898\/revisions"}],"wp:attachment":[{"href":"https:\/\/biblian.is\/gudbrandsbiblia\/wp-json\/wp\/v2\/media?parent=2898"}],"curies":[{"name":"wp","href":"https:\/\/api.w.org\/{rel}","templated":true}]}}