{"id":2896,"date":"2017-12-18T18:32:04","date_gmt":"2017-12-18T18:32:04","guid":{"rendered":"http:\/\/biblian.is\/gudbrandsbiblia\/josuabok-17-kafli\/"},"modified":"2017-12-18T18:32:04","modified_gmt":"2017-12-18T18:32:04","slug":"josuabok-17-kafli","status":"publish","type":"page","link":"https:\/\/biblian.is\/gudbrandsbiblia\/josuabok-17-kafli\/","title":{"rendered":"J\u00f3s\u00faab\u00f3k 17. kafli"},"content":{"rendered":"<p>XVII.<\/p>\n<p>Og hlutfalli\u00f0 f\u00e9ll Manasse \u00e6tttkv\u00edsl \u00fev\u00ed hann var J\u00f3sef fyrsti son og hlotna\u00f0ist Mak\u00edr fyrsta syni Manasses f\u00f6\u00f0ur G\u00edlea\u00f0. \u00dev\u00ed hann var mikill bardagama\u00f0ur, \u00fear fyrir f\u00e9kk hann G\u00edlea\u00f0 og Basan. <span class=\"athugasemd\" title=\"Manasse \/ Num. 20\">[<\/span> \u00deetta hlotna\u00f0ist og \u00feeim \u00f6\u00f0rum Manassesonum \u00e1 me\u00f0al \u00feeirra kynkv\u00edsla sem voru synir Ab\u00edeser, synir Helek, synir Asr\u00edel, synir Sekem, synir Hefer og synir Sem\u00edda. \u00deessir eru synir Manasse sonar J\u00f3sef, kallkyns \u00ed \u00feeirra \u00e6ttkv\u00edslum. En Selafeha\u00f0 son Hefer sonar G\u00edlea\u00f0 sonar Mak\u00edr, sonar Manasses haf\u00f0i \u00f6ngva syni heldur d\u00e6tur. <span class=\"athugasemd\" title=\"Selafeha\u00f0\">[<\/span> Og \u00feessi eru \u00feeirra n\u00f6fn: Mahala, N\u00f3a, Hagla, Milka, Tirsa. Og \u00fe\u00e6r gengu til Eleasar kennimanns og til J\u00f3s\u00faa sonar N\u00fan og til h\u00f6f\u00f0ingjanna og s\u00f6g\u00f0u: &#8222;Drottinn bau\u00f0 M\u00f3se a\u00f0 hann skyldi gefa oss arfleif\u00f0 \u00e1 me\u00f0al vorra br\u00e6\u00f0ra.&#8220; Og \u00feeim var gefin arftekja \u00e1 me\u00f0al sinna f\u00f6\u00f0urbr\u00e6\u00f0ra eftir Drottins b\u00edfalningu.<\/p>\n<p>\tOg \u00fear hlotnu\u00f0ust t\u00edu m\u00e6liva\u00f0ir Manasse fyri utan G\u00edlea\u00f0land og Basan sem liggur \u00e1 hina s\u00ed\u00f0u J\u00f3rdanar. \u00dev\u00ed a\u00f0 Manassed\u00e6tgur fengu erf\u00f0 \u00e1 millum hans sona og \u00feeir a\u00f0rir Manassesynir fengu \u00fea\u00f0 land G\u00edlea\u00f0.<\/p>\n<p>\tEn Manasse landeign var fr\u00e1 Asser til Mikmetat sem liggur fyrir Setem og gengur \u00fat upp \u00e1 h\u00e6gri s\u00ed\u00f0u til \u00feeirra sem b\u00faa \u00ed Entap\u00faa. \u00dev\u00ed a\u00f0 Manasse f\u00e9kk Tap\u00faaland og er landamerki \u00e1 milli Manasses og Efra\u00edm. S\u00ed\u00f0an ganga \u00feau \u00ed su\u00f0ur til Nahal Kana a\u00f0 vatsst\u00f6\u00f0unum sem heyra Efra\u00edm til \u00e1 millum Manasses sta\u00f0a. En \u00ed nor\u00f0ur eru Manasses landamerki til l\u00e6kjarins og endast vi\u00f0 sj\u00f3inn. Svo a\u00f0 Efra\u00edm er \u00ed su\u00f0ur en Manasse \u00ed nor\u00f0ur og sj\u00f3rinn er \u00feeirra landamerki og liggur a\u00f0 \u00feeirri nyr\u00f0ri s\u00ed\u00f0u inn til Asser en \u00e1 \u00fe\u00e1 eystri s\u00ed\u00f0u til \u00cdsaskar.<\/p>\n<p>\tSo haf\u00f0i n\u00fa Manasse \u00e1 me\u00f0al \u00cdsaskar og Asser Betseam borg me\u00f0 hennar d\u00e6trum, Jeblaam me\u00f0 hennar d\u00e6trum og \u00feeir sem bjuggu \u00ed D\u00f3r me\u00f0 hennar \u00feorpum og End\u00f3r me\u00f0 hennar \u00feorpum og \u00feeir \u00ed Tahana me\u00f0 hennar \u00feorpum og \u00feeir \u00ed Meg\u00eddd\u00f3 me\u00f0 hennar \u00feorpum og \u00feri\u00f0ji partur af Nafet. Og Manassesynir g\u00e1tu ekki innteki\u00f0 \u00feessar borgir en \u00feeir Cananiter t\u00f3ku til a\u00f0 b\u00faa \u00ed \u00fev\u00ed landi. <span class=\"athugasemd\" title=\"Cananiter\">[<\/span> En \u00fe\u00e1 \u00cdsraelssynir ur\u00f0u megtugri \u00fe\u00e1 gj\u00f6r\u00f0u \u00feeir \u00fe\u00e1 Cananiter skattgilda undir sig og \u00fatr\u00fdmdu \u00fe\u00e1 ekki.<\/p>\n<p>\t\u00de\u00e1 t\u00f6lu\u00f0u synir J\u00f3sef til J\u00f3s\u00faa og s\u00f6g\u00f0u: &#8222;Hvar fyrir hefur \u00fe\u00fa ekki gefi\u00f0 m\u00e9r utan einn hlut og einn erf\u00f0ar\u00fe\u00e1tt? En eg er so mj\u00f6g fj\u00f6lmennur so sem Drottinn hefur blessa\u00f0 mig.&#8220; \u00de\u00e1 sag\u00f0i J\u00f3s\u00faa til \u00feeirra: &#8222;Fyrst \u00fe\u00fa ert fj\u00f6lmennur \u00fe\u00e1 far \u00fat \u00ed sk\u00f3gana a\u00f0 ry\u00f0ja \u00fe\u00e1 \u00ed landi \u00feeirra Pheresiter og risanna fyrst a\u00f0 Efra\u00edmfjall er \u00fe\u00e9r of \u00fer\u00f6ngt.&#8220;<\/p>\n<p>\t\u00de\u00e1 s\u00f6g\u00f0u synir J\u00f3sef: &#8222;V\u00e9r f\u00e1um ekki \u00fea\u00f0 fjall \u00fev\u00ed a\u00f0 allir Cananiter sem b\u00faa \u00ed l\u00e1glendi landsins hafa j\u00e1rnb\u00fana vagna \u00ed hverjum Betsean og hennar d\u00e6tur liggja og Jesrehel \u00ed d\u00f6lunum.&#8220; <span class=\"athugasemd\" title=\"Jud. 1\">[<\/span> J\u00f3s\u00faa sag\u00f0i til J\u00f3sefs h\u00fass, til Efra\u00edm og Manasse: &#8222;\u00de\u00fa ert eitt miki\u00f0 og megtugt f\u00f3lk og fyrst \u00fe\u00fa ert so st\u00f3r \u00fe\u00e1 skalt \u00fe\u00fa ekki hafa einn hlut heldur skal fjalli\u00f0 heyra \u00fe\u00e9r til \u00fear sk\u00f3gurinn er. H\u00f6gg \u00fe\u00fa hann upp og \u00fea\u00f0 skal vera endir \u00e1 \u00fe\u00ednu landi \u00fe\u00e1 \u00fe\u00fa hefur \u00fatr\u00fdmt \u00fe\u00e1 Cananiter, \u00feeir sem j\u00e1rnb\u00fana vagna hafa og eru megtugir.&#8220;<\/p>\n","protected":false},"excerpt":{"rendered":"<p>XVII. Og hlutfalli\u00f0 f\u00e9ll Manasse \u00e6tttkv\u00edsl \u00fev\u00ed hann var J\u00f3sef fyrsti son og hlotna\u00f0ist Mak\u00edr fyrsta syni Manasses f\u00f6\u00f0ur G\u00edlea\u00f0. \u00dev\u00ed hann var mikill bardagama\u00f0ur, \u00fear fyrir f\u00e9kk hann G\u00edlea\u00f0 og Basan. [ \u00deetta hlotna\u00f0ist og \u00feeim \u00f6\u00f0rum Manassesonum \u00e1 me\u00f0al \u00feeirra kynkv\u00edsla sem voru synir Ab\u00edeser, synir Helek, synir Asr\u00edel, synir Sekem, synir Hefer og synir Sem\u00edda. \u00deessir eru synir Manasse sonar J\u00f3sef, kallkyns \u00ed \u00feeirra \u00e6ttkv\u00edslum. En Selafeha\u00f0 son Hefer sonar G\u00edlea\u00f0 sonar Mak\u00edr, sonar Manasses haf\u00f0i \u00f6ngva syni heldur d\u00e6tur. [ Og \u00feessi eru \u00feeirra n\u00f6fn: Mahala, N\u00f3a, Hagla, Milka, Tirsa. Og \u00fe\u00e6r gengu til Eleasar kennimanns <a href=\"https:\/\/biblian.is\/gudbrandsbiblia\/josuabok-17-kafli\/\"> [&#8230;]<\/a><\/p>\n","protected":false},"author":1,"featured_media":0,"parent":0,"menu_order":0,"comment_status":"open","ping_status":"open","template":"bibliukaflar.php","meta":{"footnotes":""},"class_list":["post-2896","page","type-page","status-publish","hentry"],"_links":{"self":[{"href":"https:\/\/biblian.is\/gudbrandsbiblia\/wp-json\/wp\/v2\/pages\/2896","targetHints":{"allow":["GET"]}}],"collection":[{"href":"https:\/\/biblian.is\/gudbrandsbiblia\/wp-json\/wp\/v2\/pages"}],"about":[{"href":"https:\/\/biblian.is\/gudbrandsbiblia\/wp-json\/wp\/v2\/types\/page"}],"author":[{"embeddable":true,"href":"https:\/\/biblian.is\/gudbrandsbiblia\/wp-json\/wp\/v2\/users\/1"}],"replies":[{"embeddable":true,"href":"https:\/\/biblian.is\/gudbrandsbiblia\/wp-json\/wp\/v2\/comments?post=2896"}],"version-history":[{"count":0,"href":"https:\/\/biblian.is\/gudbrandsbiblia\/wp-json\/wp\/v2\/pages\/2896\/revisions"}],"wp:attachment":[{"href":"https:\/\/biblian.is\/gudbrandsbiblia\/wp-json\/wp\/v2\/media?parent=2896"}],"curies":[{"name":"wp","href":"https:\/\/api.w.org\/{rel}","templated":true}]}}