{"id":2895,"date":"2017-12-18T18:32:04","date_gmt":"2017-12-18T18:32:04","guid":{"rendered":"http:\/\/biblian.is\/gudbrandsbiblia\/josuabok-16-kafli\/"},"modified":"2017-12-18T18:32:04","modified_gmt":"2017-12-18T18:32:04","slug":"josuabok-16-kafli","status":"publish","type":"page","link":"https:\/\/biblian.is\/gudbrandsbiblia\/josuabok-16-kafli\/","title":{"rendered":"J\u00f3s\u00faab\u00f3k 16. kafli"},"content":{"rendered":"<p>XVI.<\/p>\n<p>Hlutfall sona J\u00f3sef var fr\u00e1 J\u00f3rdan \u00ed m\u00f3t Jer\u00edk\u00f3 allt til \u00feess vats sem liggur \u00ed austur fr\u00e1 Jer\u00edk\u00f3 og s\u00fa hei\u00f0i sem gengur upp fr\u00e1 Jer\u00edk\u00f3, \u00ed gegnum fjallsbygg\u00f0ir Betel, og liggur fr\u00e1 Betel til L\u00fas og gengur \u00ed gegnum landamerki Ark\u00edatar\u00f3t og gengur so ofan \u00ed vestur til Japhleti landamerkja allt til hins ne\u00f0sta Betr\u00f3n landamerkja og inn til Gaser og endast vi\u00f0 hafi\u00f0. <span class=\"athugasemd\" title=\"Arfur J\u00f3sefssona\">[<\/span> \u00deetta t\u00f3ku synir J\u00f3sef, Manasse og Efra\u00edm, \u00ed arfskipti.<\/p>\n<p>\tEfra\u00edmsona landamerki eftir \u00feeirra kyn\u00fe\u00e1ttum, \u00feeirrar arfleif\u00f0ar, \u00ed m\u00f3t austri var Atar\u00f3t Adar allt til hinnar efri Bet H\u00f3ron og gengur \u00ed vestur fr\u00e1 Mikmetat sem liggur \u00ed nor\u00f0ur og \u00fea\u00f0an sn\u00fdr s\u00e9r \u00fea\u00f0 aftur \u00ed austur til \u00feess sta\u00f0ar Taenak S\u00edl\u00f3 og gengur \u00fear \u00ed gegnum austur til Jan\u00f3ha og liggur fr\u00e1 Jan\u00f3ha til Atar\u00f3t og Naarata og liggur upp og tekur til J\u00f3rdanar og gengur fr\u00e1 Tap\u00faa og vestur til Nahalkana og endast vi\u00f0 sj\u00f3. <span class=\"athugasemd\" title=\"Arfur Efra\u00edmssona\">[<\/span> <\/p>\n<p>\t\u00deetta er arfleif\u00f0 Efra\u00edmsona kynkv\u00edslar eftir \u00feeirra kyn\u00fe\u00e1ttum. Og allar Efra\u00edmsona landamerkjaborgir me\u00f0 \u00feeirra \u00feorpum l\u00e1gu til samans me\u00f0al arfs Manassessona \u00e6ttar. Og \u00feeir r\u00fdmdu ekki \u00fat \u00fe\u00e1 Cananeos sem bjuggu \u00ed Gaser. So voru Cananiter \u00e1 me\u00f0al Efra\u00edm allt til \u00feessa dags og voru undir \u00fe\u00e1 skattgildir.<\/p>\n","protected":false},"excerpt":{"rendered":"<p>XVI. Hlutfall sona J\u00f3sef var fr\u00e1 J\u00f3rdan \u00ed m\u00f3t Jer\u00edk\u00f3 allt til \u00feess vats sem liggur \u00ed austur fr\u00e1 Jer\u00edk\u00f3 og s\u00fa hei\u00f0i sem gengur upp fr\u00e1 Jer\u00edk\u00f3, \u00ed gegnum fjallsbygg\u00f0ir Betel, og liggur fr\u00e1 Betel til L\u00fas og gengur \u00ed gegnum landamerki Ark\u00edatar\u00f3t og gengur so ofan \u00ed vestur til Japhleti landamerkja allt til hins ne\u00f0sta Betr\u00f3n landamerkja og inn til Gaser og endast vi\u00f0 hafi\u00f0. [ \u00deetta t\u00f3ku synir J\u00f3sef, Manasse og Efra\u00edm, \u00ed arfskipti. Efra\u00edmsona landamerki eftir \u00feeirra kyn\u00fe\u00e1ttum, \u00feeirrar arfleif\u00f0ar, \u00ed m\u00f3t austri var Atar\u00f3t Adar allt til hinnar efri Bet H\u00f3ron og gengur \u00ed vestur <a href=\"https:\/\/biblian.is\/gudbrandsbiblia\/josuabok-16-kafli\/\"> [&#8230;]<\/a><\/p>\n","protected":false},"author":1,"featured_media":0,"parent":0,"menu_order":0,"comment_status":"open","ping_status":"open","template":"bibliukaflar.php","meta":{"footnotes":""},"class_list":["post-2895","page","type-page","status-publish","hentry"],"_links":{"self":[{"href":"https:\/\/biblian.is\/gudbrandsbiblia\/wp-json\/wp\/v2\/pages\/2895","targetHints":{"allow":["GET"]}}],"collection":[{"href":"https:\/\/biblian.is\/gudbrandsbiblia\/wp-json\/wp\/v2\/pages"}],"about":[{"href":"https:\/\/biblian.is\/gudbrandsbiblia\/wp-json\/wp\/v2\/types\/page"}],"author":[{"embeddable":true,"href":"https:\/\/biblian.is\/gudbrandsbiblia\/wp-json\/wp\/v2\/users\/1"}],"replies":[{"embeddable":true,"href":"https:\/\/biblian.is\/gudbrandsbiblia\/wp-json\/wp\/v2\/comments?post=2895"}],"version-history":[{"count":0,"href":"https:\/\/biblian.is\/gudbrandsbiblia\/wp-json\/wp\/v2\/pages\/2895\/revisions"}],"wp:attachment":[{"href":"https:\/\/biblian.is\/gudbrandsbiblia\/wp-json\/wp\/v2\/media?parent=2895"}],"curies":[{"name":"wp","href":"https:\/\/api.w.org\/{rel}","templated":true}]}}