{"id":2894,"date":"2017-12-18T18:32:04","date_gmt":"2017-12-18T18:32:04","guid":{"rendered":"http:\/\/biblian.is\/gudbrandsbiblia\/josuabok-15-kafli\/"},"modified":"2017-12-18T18:32:04","modified_gmt":"2017-12-18T18:32:04","slug":"josuabok-15-kafli","status":"publish","type":"page","link":"https:\/\/biblian.is\/gudbrandsbiblia\/josuabok-15-kafli\/","title":{"rendered":"J\u00f3s\u00faab\u00f3k 15. kafli"},"content":{"rendered":"<p>XV.<\/p>\n<p>En hlutur \u00feeirra J\u00fadasona og \u00feeirra \u00e6ttkv\u00edsla voru Ed\u00f3m lands\u00e1lfur til \u00feeirrar ey\u00f0imerkur S\u00edn \u00ed su\u00f0ur og til endans \u00e1 \u00fev\u00ed sy\u00f0ra landi svo a\u00f0 \u00feeirra landamerki \u00ed su\u00f0ur voru fr\u00e1 enda \u00feess salta hafs, \u00fea\u00f0 er fr\u00e1 \u00feeirri tungu sem gengur \u00ed su\u00f0ur\u00e1tt og gengur \u00fat \u00fear fr\u00e1 upp \u00ed m\u00f3ti Akrabb\u00edm og gengur \u00ed gegnum S\u00edn og rennur sunnan a\u00f0 upp aftur m\u00f3t Kades Barnea og fellur \u00ed gegnum Hesron og gengur upp a\u00f0 Adar og beygir sig \u00ed kring Karka og so \u00ed gegnum Asm\u00f3n og kemur so \u00ed \u00feann l\u00e6k \u00ed Egyptalandi og so a\u00f0 sj\u00f3num. <span class=\"athugasemd\" title=\"Hlutfall J\u00fada\">[<\/span> \u00dea\u00f0 eru y\u00f0ar landarmerki \u00ed su\u00f0ur.<\/p>\n<p>\tEn y\u00f0ar landamerki \u00ed austur er fr\u00e1 \u00fev\u00ed salta hafi og til J\u00f3rdanar enda.<\/p>\n<p>\tEn landamerki \u00ed nor\u00f0ur er fr\u00e1 hafsins tungu sem liggur vi\u00f0 J\u00f3rdan og gengur upp til Bet Hogla og v\u00edkur s\u00e9r fr\u00e1 nor\u00f0ri til Bet Araba og kemur s\u00ed\u00f0an \u00fat til R\u00fabensona steinboga og gengur upp fr\u00e1 Ak\u00f3rdal til Deb\u00edr og fr\u00e1 \u00feeirri nyr\u00f0ri s\u00ed\u00f0u m\u00f3t Gilgal sem liggur \u00fear \u00fevert yfir til Ad\u00famm\u00edm nor\u00f0anvert vi\u00f0 vatni\u00f0. S\u00ed\u00f0an gengur \u00fea\u00f0 til vats sem heitir En-Semes og kemur \u00fat a\u00f0 \u00feeim brunni R\u00f3gel. Svo gengur \u00fea\u00f0 upp til Hinnomsonadal hj\u00e1 \u00feeim Jebusiter sem b\u00faa \u00ed su\u00f0ur, \u00fea\u00f0 er Jer\u00fasalem, og tekur \u00fea\u00f0an upp \u00e1 tindana fjallsins sem liggur \u00fevert fr\u00e1 Hinnomdal og tekur inn til Raphamisdal \u00ed m\u00f3t nor\u00f0ri. Og so gengur \u00fea\u00f0 fr\u00e1 s\u00f6mum fjallstindum til Neft\u00f3avatskeldu og kemur \u00fat til \u00feess sta\u00f0ar fjallsins Efron og beygir sig til Baala, \u00fea\u00f0 er Kirjat Jear\u00edm, og gengur um kring fr\u00e1 Baala m\u00f3t vestri allt til fjallsins Se\u00edr og gengur \u00fat me\u00f0 Jear\u00edmfjallss\u00ed\u00f0u nor\u00f0an til, \u00fea\u00f0 er Kesalon, og kemur \u00fear fr\u00e1 ofan til Bet Semes og gengur \u00ed gegnum Timna og hleypur framhj\u00e1 Hebrons\u00ed\u00f0u m\u00f3t nor\u00f0ri og strekkir sig til S\u00edkr\u00f3n og gengur yfir Baalafjall og kemur \u00fat til Jabneel so a\u00f0 sj\u00f3rinn er hennar endi.<\/p>\n<p>\tEn \u00fea\u00f0 st\u00f3ra haf er landamerki vestur fr\u00e1. \u00deessi eru J\u00fadasonar landamerki r\u00e9tt um kring \u00ed \u00feeirra kynkv\u00edslum.<\/p>\n<p>\tKaleb sonar Jef\u00fanne partur var honum gefinn \u00e1 me\u00f0al J\u00fadasona sem Drottinn bau\u00f0 J\u00f3s\u00faa, sem var Kirjat Arba f\u00f6\u00f0urs Enak, \u00fea\u00f0 er Hebron. <span class=\"athugasemd\" title=\"Hebron\">[<\/span> Og Kaleb \u00fatdreif \u00fe\u00e1 \u00ferj\u00e1 syni Anak \u00fea\u00f0an sem var Sesa\u00ed, Ah\u00edmam og Talma\u00ed, f\u00e6ddir af Anak, og dr\u00f3 \u00fear fr\u00e1 upp til \u00feeirra sem bjuggu \u00ed Deb\u00edr. <span class=\"athugasemd\" title=\"Deb\u00edr\">[<\/span> En Deb\u00edr h\u00e9t \u00ed for\u00f0um t\u00ed\u00f0 Kirjat Sefer. Og Kaleb sag\u00f0i: &#8222;Hver sem kann a\u00f0 sl\u00e1 og vinna Kirjat Sefer, \u00feeim vil eg gifta m\u00edna d\u00f3ttir Aksa.&#8220; <span class=\"athugasemd\" title=\"Aksa\">[<\/span> Svo vann Otn\u00edel son Kenas, sem var br\u00f3\u00f0urson Kaleb, \u00feann sta\u00f0. <span class=\"athugasemd\" title=\"Otn\u00edel\">[<\/span> Og s\u00ed\u00f0an gaf hann honum s\u00edna d\u00f3ttir Aksa til eiginkvinnu.<\/p>\n<p>\tEn sem h\u00fan dr\u00f3 \u00fear inn var henni r\u00e1\u00f0lagt a\u00f0 h\u00fan skyldi bei\u00f0ast eins akurlendis af s\u00ednum f\u00f6\u00f0ur og h\u00fan f\u00e9ll af asnanum. \u00de\u00e1 sag\u00f0i Kaleb til hennar: &#8222;Hva\u00f0 ska\u00f0ar \u00feig?&#8220; H\u00fan sag\u00f0i: &#8222;Gef m\u00e9r eina blessan \u00fev\u00ed \u00fe\u00fa gafst m\u00e9r eitt land \u00ed su\u00f0ur\u00e1tt. Gef m\u00e9r og nokkra uppsprettubrunna.&#8220; \u00de\u00e1 gaf hann henni uppsprettur b\u00e6\u00f0i hi\u00f0 efra og ne\u00f0ra. \u00deetta er arfleif\u00f0 J\u00fadasona \u00e6ttar \u00e1 millum \u00feeirra kynkv\u00edsla.<\/p>\n<p>\tOg \u00feessar voru borgir sona J\u00fada \u00e6ttar, fr\u00e1 \u00feeim einum enda og til annars m\u00f3ts vi\u00f0 Edomiters landamerki \u00ed su\u00f0ur\u00e1tt: Kapseel, Eder, Jag\u00far, K\u00edna, D\u00edm\u00f3na, Adada, Kedes, Has\u00f3r, \u00cdtnan, S\u00edf, Telem, Beal\u00f3t, Hasar Hadata, Kir\u00edj\u00f3t Hesrom, \u00fea\u00f0 er Has\u00f3r, Amam, Sema, M\u00f3lada, Hasar Gadda, Hesmon, Bet Palet, Hasar S\u00faal, Beer Seba, B\u00ed S\u00ed\u00f3t Ja, Baela, J\u00edm, Asem, Eld\u00f3la\u00f0, Kes\u00edl, Harma, Siklag, Madmanna, San Sanna, Leba\u00f3t, Silh\u00edm, Ain, Rimon. \u00deetta eru n\u00edu og tuttugu borgir me\u00f0 \u00feeirra \u00feorpum.<\/p>\n<p>\tEn \u00ed dallendinu var Esta\u00f3l, Sarea, Asna, San\u00f3a, En Gan\u00edm, Tap\u00faa, Enam, Jarm\u00fat, Ad\u00fallam, S\u00f3k\u00f3, Aseka, Saera\u00edm, Ad\u00edta\u00edm, Gedera, G\u00edder\u00f3ta\u00edm. \u00deessir eru \u00feeir fj\u00f3rt\u00e1n sta\u00f0ir og \u00feeirra \u00feorp.<\/p>\n<p>\tSenam, Hadasa, M\u00edgdal Ga\u00f0, D\u00edlean, Mispe, Jakt\u00edel, Lak\u00eds, Basekat, Eglon, Kab\u00f3n, Lakman, Kitl\u00eds, Geder\u00f3t, Bet Dag\u00f3n, Naema, Makeda. \u00deetta eru sext\u00e1n borgir og \u00feeirra \u00feorp.<\/p>\n<p>\tL\u00edbna, Eter, Asan, Jefta, Asna, Nes\u00edb, Keg\u00edla, Aks\u00edb, Maresa. \u00deetta eru n\u00edu borgir og \u00feeirra \u00feorp. Ekron me\u00f0 hennar d\u00e6trum og \u00feorpum. Fr\u00e1 Ekron og til hafsins allt til Asd\u00f3d me\u00f0 hennar d\u00e6trum og \u00feorpum. Asd\u00f3d me\u00f0 hennar d\u00e6trum og \u00feorpum. Gasa me\u00f0 hennar d\u00e6trum og \u00feorpum, allt til l\u00e6kjarins \u00ed Egyptalandi. Og \u00fea\u00f0 mikla haf er hans landamerki.<\/p>\n<p>\tEn \u00e1 fjallbygg\u00f0um var Sam\u00edr, Jat\u00edr, S\u00f3k\u00f3, Danna, Kirjat Sanna, \u00fea\u00f0 er Deb\u00edr, Anab, Estem\u00f3, An\u00edm, G\u00f3sen, H\u00f3lon, S\u00edl\u00f3. \u00deetta eru ellefu borgir me\u00f0 \u00feeirra \u00feorpum.<\/p>\n<p>\tArab, D\u00fama, Esean, Jan\u00fam, Betap\u00faa, Afeka, H\u00famta, Kirjat Arba, \u00fea\u00f0 er Hebron, S\u00edor. \u00deetta eru n\u00edu borgir og \u00feeirra \u00feorp. Maon, Karmel, S\u00edf, J\u00fata, Jesreel, Jakdeam, San\u00f3a, Ka\u00edn, G\u00edbea, Timna. \u00deetta eru t\u00edu borgir og \u00feeirra \u00feorp. Halh\u00fal, Bet S\u00far, Ged\u00far, Maarat, Bet Am\u00f3t, Eltek\u00f3n. \u00deetta eru sex borgir og \u00feeirra \u00feorp. Kirjat Baal, \u00fea\u00f0 er Kirjat Jear\u00edm, Harabba, tv\u00e6r borgir og \u00feeirra \u00feorp.<\/p>\n<p>\tEn \u00ed ey\u00f0im\u00f6rku voru Bet Araba, Midd\u00edn, Skekaka, Nibsan og s\u00e1 saltsta\u00f0urinn, Engedd\u00ed. \u00deetta eru sex borgir og \u00feeirra \u00feorp.<\/p>\n<p>\tEn \u00feeir Jebusiter bjuggu \u00ed Jer\u00fasalem og J\u00fadasynir g\u00e1tu ekki \u00fatdrifi\u00f0 \u00fe\u00e1. Svo bjuggu \u00feeir Jebusiter \u00ed Jer\u00fasalem me\u00f0 J\u00fadasonum allt til \u00feessa dags. <span class=\"athugasemd\" title=\"(Jebusiter) \/ Dav\u00ed\u00f0 \u00fatdreif \u00fe\u00e1 s\u00ed\u00f0an \/ 2. Sam\u00fa. 5\">[<\/span><\/p>\n","protected":false},"excerpt":{"rendered":"<p>XV. En hlutur \u00feeirra J\u00fadasona og \u00feeirra \u00e6ttkv\u00edsla voru Ed\u00f3m lands\u00e1lfur til \u00feeirrar ey\u00f0imerkur S\u00edn \u00ed su\u00f0ur og til endans \u00e1 \u00fev\u00ed sy\u00f0ra landi svo a\u00f0 \u00feeirra landamerki \u00ed su\u00f0ur voru fr\u00e1 enda \u00feess salta hafs, \u00fea\u00f0 er fr\u00e1 \u00feeirri tungu sem gengur \u00ed su\u00f0ur\u00e1tt og gengur \u00fat \u00fear fr\u00e1 upp \u00ed m\u00f3ti Akrabb\u00edm og gengur \u00ed gegnum S\u00edn og rennur sunnan a\u00f0 upp aftur m\u00f3t Kades Barnea og fellur \u00ed gegnum Hesron og gengur upp a\u00f0 Adar og beygir sig \u00ed kring Karka og so \u00ed gegnum Asm\u00f3n og kemur so \u00ed \u00feann l\u00e6k \u00ed Egyptalandi og so a\u00f0 <a href=\"https:\/\/biblian.is\/gudbrandsbiblia\/josuabok-15-kafli\/\"> [&#8230;]<\/a><\/p>\n","protected":false},"author":1,"featured_media":0,"parent":0,"menu_order":0,"comment_status":"open","ping_status":"open","template":"bibliukaflar.php","meta":{"footnotes":""},"class_list":["post-2894","page","type-page","status-publish","hentry"],"_links":{"self":[{"href":"https:\/\/biblian.is\/gudbrandsbiblia\/wp-json\/wp\/v2\/pages\/2894","targetHints":{"allow":["GET"]}}],"collection":[{"href":"https:\/\/biblian.is\/gudbrandsbiblia\/wp-json\/wp\/v2\/pages"}],"about":[{"href":"https:\/\/biblian.is\/gudbrandsbiblia\/wp-json\/wp\/v2\/types\/page"}],"author":[{"embeddable":true,"href":"https:\/\/biblian.is\/gudbrandsbiblia\/wp-json\/wp\/v2\/users\/1"}],"replies":[{"embeddable":true,"href":"https:\/\/biblian.is\/gudbrandsbiblia\/wp-json\/wp\/v2\/comments?post=2894"}],"version-history":[{"count":0,"href":"https:\/\/biblian.is\/gudbrandsbiblia\/wp-json\/wp\/v2\/pages\/2894\/revisions"}],"wp:attachment":[{"href":"https:\/\/biblian.is\/gudbrandsbiblia\/wp-json\/wp\/v2\/media?parent=2894"}],"curies":[{"name":"wp","href":"https:\/\/api.w.org\/{rel}","templated":true}]}}