{"id":2893,"date":"2017-12-18T18:32:04","date_gmt":"2017-12-18T18:32:04","guid":{"rendered":"http:\/\/biblian.is\/gudbrandsbiblia\/josuabok-14-kafli\/"},"modified":"2017-12-18T18:32:04","modified_gmt":"2017-12-18T18:32:04","slug":"josuabok-14-kafli","status":"publish","type":"page","link":"https:\/\/biblian.is\/gudbrandsbiblia\/josuabok-14-kafli\/","title":{"rendered":"J\u00f3s\u00faab\u00f3k 14. kafli"},"content":{"rendered":"<p>XIIII.<\/p>\n<p>En \u00feetta er \u00fea\u00f0 sem \u00cdsraelssynir hafa eignast \u00ed Kanaanslandi \u00fea\u00f0 sem Eleasar kennima\u00f0ur og J\u00f3s\u00faa son N\u00fan og \u00feeir \u00e6\u00f0stu fe\u00f0ur \u00e1 me\u00f0al Israelissona \u00e6ttkv\u00edsla \u00fatskiptu \u00e1 millum \u00feeirra. <span class=\"athugasemd\" title=\"Skipti landsins me\u00f0 \u00cdsraelssonum\">[<\/span> Og \u00feeir skiptu \u00fev\u00ed me\u00f0 hlutfalli \u00e1 millum \u00feeirra so sem Drottinn bau\u00f0 \u00feeim fyrir Mosen a\u00f0 gefa \u00feeirri h\u00e1lfri t\u00edundu \u00e6ttkv\u00edsl. \u00dev\u00ed M\u00f3ses haf\u00f0i gefi\u00f0 h\u00e1lf \u00feri\u00f0ju kynkv\u00edsl s\u00edna arfleif\u00f0 hinumegin J\u00f3rdanar. En hann gaf Lev\u00edtunum \u00f6ngvan arf me\u00f0 \u00feeim \u00fev\u00ed a\u00f0 \u00fea\u00f0 voru tv\u00e6r \u00e6ttkv\u00edslir af J\u00f3sefs sonum, sem var Manasse og Efra\u00edm. \u00dev\u00ed g\u00e1fu \u00feeir Lev\u00edtiunum \u00f6ngvan part \u00ed landinu utan borgir a\u00f0 b\u00faa \u00ed og forsta\u00f0i handa \u00feeirra g\u00f3ssi og f\u00e9na\u00f0i. Sem Drottinn bau\u00f0 M\u00f3se svo gj\u00f6r\u00f0u \u00cdsraelssynir og skiptu landinu. <\/p>\n<p>\tSo gengu synir J\u00fada fram til J\u00f3s\u00faa \u00ed Gilgal og Kaleb son Jef\u00fanne Kenisiter sag\u00f0i til hans: &#8222;\u00de\u00fa veist hva\u00f0 Drottinn sag\u00f0i til Mosen gu\u00f0smanns vegna \u00fe\u00edn og m\u00edn \u00ed Kades Barnea. <span class=\"athugasemd\" title=\"Kaleb \/ Num. 13; 14 \/ Num. 14\">[<\/span> Eg var fj\u00f6rut\u00edi \u00e1ra gamall \u00fe\u00e1 M\u00f3ses Drottins \u00fe\u00e9nari \u00fatsendi mig af Kades Barnea a\u00f0 sko\u00f0a landi\u00f0 og eg f\u00e6r\u00f0a honum svar eftir minni samvisku. En m\u00ednir br\u00e6\u00f0ur sem gengu upp me\u00f0 m\u00e9r t\u00f6ldu \u00e6\u00f0ru \u00ed hj\u00f6rtu f\u00f3lksins. En eg fylgda Drottni m\u00ednum Gu\u00f0i tr\u00falega.<\/p>\n<p>\t\u00de\u00e1 s\u00f3r M\u00f3ses \u00feann sama dag og sag\u00f0i: \u00dea\u00f0 land sem \u00fe\u00fa gekkst \u00e1 me\u00f0 \u00fe\u00ednum f\u00f3tum, \u00fea\u00f0 skal vera \u00fe\u00edn og \u00feinna barna erf\u00f0 \u00e6vinlega. \u00dev\u00ed \u00fe\u00fa eftirfylgdir Gu\u00f0i m\u00ednum Drottni tr\u00falega. Og sj\u00e1 n\u00fa, Drottinn hefur l\u00e1ti\u00f0 mig lifa sem hann sag\u00f0i. En \u00fea\u00f0 er n\u00fa fimm og fj\u00f6rut\u00edgi \u00e1r s\u00ed\u00f0an a\u00f0 Drottinn sag\u00f0i \u00feetta til Mosen \u00fe\u00e1 \u00cdsrael gekk \u00ed ey\u00f0im\u00f6rkinni. Og sj\u00e1 n\u00fa, eg er \u00ed dag fimm og \u00e1ttat\u00edgi \u00e1ra gamall og em eg \u00e1 \u00feessum degi so sterkur og hraustur sem eg var \u00e1 \u00feeim degi \u00fe\u00e1 M\u00f3ses \u00fatsendi mig. Eins l\u00edka og sem minn mannskapur var \u00fe\u00e1 so er hann enn n\u00fa samur til bardaga \u00fatg\u00f6ngu og inng\u00f6ngu. \u00dear fyrir gef m\u00e9r n\u00fa \u00feessa fjallbygg\u00f0 sem Drottinn tala\u00f0i um \u00e1 \u00feeim degi \u00fev\u00ed \u00fe\u00fa heyr\u00f0ir \u00fea\u00f0 \u00e1 \u00feeim degi. \u00dev\u00ed \u00feeir Enak\u00edm b\u00faa \u00fear og \u00fear eru st\u00f3rir og sterkir sta\u00f0ir, ef a\u00f0 Drottinn vill vera me\u00f0 m\u00e9r so eg megi \u00fatdr\u00edfa \u00fe\u00e1 so sem Drottinn hefur sagt.&#8220;<\/p>\n<p>\t\u00de\u00e1 blessa\u00f0i J\u00f3s\u00faa hann og gaf Kaleb syni Jef\u00fanne Hebron til arfs. <span class=\"athugasemd\" title=\"Hlutskipti Kaleb\">[<\/span> Og svo var\u00f0 Hebron eign Kaleb sonar Jef\u00fanne Kenesiter allt til \u00feessa dags \u00fev\u00ed hann eftirfylgdi Drottni \u00cdsraels Gu\u00f0i me\u00f0 allri trygg\u00f0. En Hebron kalla\u00f0ist fyrr meir Kirjat Arba sem var einn mikill ma\u00f0ur \u00e1 millum Enak\u00edm. Og landi\u00f0 l\u00e9t af bard\u00f6gum.<\/p>\n","protected":false},"excerpt":{"rendered":"<p>XIIII. En \u00feetta er \u00fea\u00f0 sem \u00cdsraelssynir hafa eignast \u00ed Kanaanslandi \u00fea\u00f0 sem Eleasar kennima\u00f0ur og J\u00f3s\u00faa son N\u00fan og \u00feeir \u00e6\u00f0stu fe\u00f0ur \u00e1 me\u00f0al Israelissona \u00e6ttkv\u00edsla \u00fatskiptu \u00e1 millum \u00feeirra. [ Og \u00feeir skiptu \u00fev\u00ed me\u00f0 hlutfalli \u00e1 millum \u00feeirra so sem Drottinn bau\u00f0 \u00feeim fyrir Mosen a\u00f0 gefa \u00feeirri h\u00e1lfri t\u00edundu \u00e6ttkv\u00edsl. \u00dev\u00ed M\u00f3ses haf\u00f0i gefi\u00f0 h\u00e1lf \u00feri\u00f0ju kynkv\u00edsl s\u00edna arfleif\u00f0 hinumegin J\u00f3rdanar. En hann gaf Lev\u00edtunum \u00f6ngvan arf me\u00f0 \u00feeim \u00fev\u00ed a\u00f0 \u00fea\u00f0 voru tv\u00e6r \u00e6ttkv\u00edslir af J\u00f3sefs sonum, sem var Manasse og Efra\u00edm. \u00dev\u00ed g\u00e1fu \u00feeir Lev\u00edtiunum \u00f6ngvan part \u00ed landinu utan borgir a\u00f0 b\u00faa \u00ed <a href=\"https:\/\/biblian.is\/gudbrandsbiblia\/josuabok-14-kafli\/\"> [&#8230;]<\/a><\/p>\n","protected":false},"author":1,"featured_media":0,"parent":0,"menu_order":0,"comment_status":"open","ping_status":"open","template":"bibliukaflar.php","meta":{"footnotes":""},"class_list":["post-2893","page","type-page","status-publish","hentry"],"_links":{"self":[{"href":"https:\/\/biblian.is\/gudbrandsbiblia\/wp-json\/wp\/v2\/pages\/2893","targetHints":{"allow":["GET"]}}],"collection":[{"href":"https:\/\/biblian.is\/gudbrandsbiblia\/wp-json\/wp\/v2\/pages"}],"about":[{"href":"https:\/\/biblian.is\/gudbrandsbiblia\/wp-json\/wp\/v2\/types\/page"}],"author":[{"embeddable":true,"href":"https:\/\/biblian.is\/gudbrandsbiblia\/wp-json\/wp\/v2\/users\/1"}],"replies":[{"embeddable":true,"href":"https:\/\/biblian.is\/gudbrandsbiblia\/wp-json\/wp\/v2\/comments?post=2893"}],"version-history":[{"count":0,"href":"https:\/\/biblian.is\/gudbrandsbiblia\/wp-json\/wp\/v2\/pages\/2893\/revisions"}],"wp:attachment":[{"href":"https:\/\/biblian.is\/gudbrandsbiblia\/wp-json\/wp\/v2\/media?parent=2893"}],"curies":[{"name":"wp","href":"https:\/\/api.w.org\/{rel}","templated":true}]}}