{"id":2892,"date":"2017-12-18T18:32:00","date_gmt":"2017-12-18T18:32:00","guid":{"rendered":"http:\/\/biblian.is\/gudbrandsbiblia\/josuabok-13-kafli\/"},"modified":"2017-12-18T18:32:00","modified_gmt":"2017-12-18T18:32:00","slug":"josuabok-13-kafli","status":"publish","type":"page","link":"https:\/\/biblian.is\/gudbrandsbiblia\/josuabok-13-kafli\/","title":{"rendered":"J\u00f3s\u00faab\u00f3k 13. kafli"},"content":{"rendered":"<p>XIII.<\/p>\n<p>Sem J\u00f3s\u00faa var gamall og mj\u00f6g \u00e1 efra aldur kominn \u00fe\u00e1 sag\u00f0i Drottinn til hans: &#8222;\u00de\u00fa ert n\u00fa gamall og hniginn a\u00f0 aldri en mj\u00f6g miki\u00f0 er eftir af landinu \u00f3unni\u00f0, sem er allt Philisteisland, Gal\u00edlea og allt Ges\u00far\u00ed, fr\u00e1 S\u00edh\u00f3r sem fellur framhj\u00e1 Egyptalandi til Hebron landamerkja m\u00f3t nor\u00f0ri sem tilreiknast \u00feeim Cananeis, \u00feeir fimm h\u00f6f\u00f0ingjar Philistinorum, sem er af Gasa, Asd\u00f3t, Askal\u00f3n, Gat, Ekron og \u00feeir Aviter. <span class=\"athugasemd\" title=\"Philister\">[<\/span> En sunnan til er allt land Cananeorum og Meara sem heyrir til \u00feeim Zidoniter inn til Afek til \u00feeirra Amoriters landamerkja. Og \u00fear til land \u00feeirra Gibliter og allt L\u00edbanon m\u00f3t austri fr\u00e1 Baal Ga\u00f0 ne\u00f0an upp a\u00f0 fjallinu Hermon allt til Hamat. Allir \u00feeir sem b\u00faa \u00e1 fj\u00f6llunum fr\u00e1 L\u00edbanon og allt a\u00f0 \u00fev\u00ed varma vatni og allir Zidoniter. \u00deessa vil eg \u00fatdr\u00edfa fyri Israelissonum. En \u00fe\u00fa legg \u00e1 hluti og skipt \u00fev\u00ed \u00e1 millum Israelissona so sem eg bau\u00f0 \u00fe\u00e9r.<\/p>\n<p>\tSvo skipt \u00fe\u00fa n\u00fa \u00feessu landi til erf\u00f0ar \u00e1 millum \u00feeirra n\u00edu kynkv\u00edsla og \u00e1 millum h\u00e1lfrar Manasse \u00e6ttar.&#8220; <span class=\"athugasemd\" title=\"Skipti landsins \/ Num 3. \/ Deut. 3 \/ J\u00f3s\u00fa. 22\">[<\/span> \u00dev\u00ed \u00feeir af R\u00faben og Ga\u00f0 hafa me\u00f0teki\u00f0 \u00feeirra part me\u00f0 \u00feeim \u00f6\u00f0rum h\u00e1lfum kyn\u00fe\u00e6tti Manasse sem M\u00f3ses gaf \u00feeim hinumegin J\u00f3rdanar \u00ed m\u00f3t austri, l\u00edka sem M\u00f3ses herrans \u00fe\u00e9nari gaf \u00feeim, fr\u00e1 Ar\u00f3er sem liggur hj\u00e1 Arnon vatsb\u00f6kkum og fr\u00e1 \u00feeim sta\u00f0 mitt \u00ed vatninu og \u00f6ll endim\u00f6rk Mebeda, allt til D\u00edbon, og allar borgir S\u00edhon Amoritis k\u00f3ngs sem sat \u00ed Hesbon inn til landamerkja Amm\u00f3nsona. \u00dear til me\u00f0 G\u00edlea\u00f0 og Ges\u00far og Maakat landamerki og allt fjalli\u00f0 Hermon og so allt Basan inn til Salka. Allt r\u00edki \u00d3g \u00ed Basan sem stj\u00f3rna\u00f0i \u00ed Astar\u00f3t og \u00ed Edrei sem n\u00fa var eftir af risunum. Og M\u00f3ses sl\u00f3 \u00fe\u00e1 og \u00ed burt dreif \u00fe\u00e1.<\/p>\n<p>\tEn \u00cdsraelissynir \u00fatr\u00fdmdu ekki \u00fe\u00e1 Ges\u00far og Maakata heldur \u00fe\u00e1 bjuggu \u00feeir b\u00e1\u00f0ir Ges\u00far og Maakat \u00e1 me\u00f0al \u00cdsraelssona allt til \u00feessa dags. En Lev\u00edtunum gaf hann \u00f6ngvan arf \u00fev\u00ed a\u00f0 Drottins \u00cdsraels Gu\u00f0s f\u00f3rnir var \u00feeirra arfleif\u00f0 so sem hann sag\u00f0i til \u00feeirra. <span class=\"athugasemd\" title=\"Arfskipti \u00feeirra sona Lev\u00ed \/ Num. 8 \/ J\u00f3s. 12; 14\">[<\/span><\/p>\n<p>\tSvo gaf M\u00f3ses R\u00faben sona slekti eftir \u00feeirra \u00e6ttkv\u00edslum so a\u00f0 \u00feeirra landamerki skyldu vera fr\u00e1 Ar\u00f3er sem liggur \u00e1 Amm\u00f3ns vatsb\u00f6kkum og \u00feann sta\u00f0 mitt \u00ed vatninu me\u00f0 allri \u00feeirri sl\u00e9ttu m\u00f6rk inn til Mebeda, Hesbon og allar borgir sem liggja \u00e1 \u00fev\u00ed sl\u00e9ttlendi, D\u00edbon, Bam\u00f3t Baal og Bet Baalme\u00f3n, Jaksa, Kedem\u00f3t, Mefaat, Kirjata\u00edm, S\u00edbma, Seret, Sahar, \u00e1 fj\u00f6llunum \u00ed Bet Pe\u00f3rdal og \u00fe\u00e1 l\u00e6ki hj\u00e1 Pisga og Bet Jes\u00edm\u00f3t og alla sta\u00f0i \u00e1 \u00feeirri sl\u00e9ttu, og allt r\u00edki S\u00edhon \u00feess Amor\u00edta k\u00f3ngs sem sat \u00ed Hesbon sem M\u00f3ses sl\u00f3 me\u00f0 \u00feeim h\u00f6f\u00f0ingjum af Mad\u00edan, Ev\u00ed, Rekem, S\u00far, H\u00far og Reb\u00e6, k\u00f3ng S\u00edhon yppustu menn sem bjuggu \u00ed landinu, og Balaam sp\u00e1mann Be\u00f3rson sem \u00cdsraelssynir sl\u00f3gu \u00ed hel me\u00f0 sver\u00f0i me\u00f0 \u00feeim \u00f6\u00f0rum sem slegnir voru. <span class=\"athugasemd\" title=\"Arfskipti sona R\u00faben \/ Balaam sleginn \u00ed hel\">[<\/span> Og J\u00f3rdan var R\u00fabensona landamerki. Og \u00feetta er R\u00fabensona arfur \u00e1 millum \u00feeirra kyn\u00fe\u00e1tta, borgir og kaupt\u00fan. <\/p>\n<p>\tM\u00f3ses gaf Ga\u00f0sona \u00e6tt \u00e1 me\u00f0al \u00feeirra kynkv\u00edsla Jaser og allar borgir \u00ed G\u00edlea\u00f0 og h\u00e1lfan part af Amm\u00f3nsona landi allt til Ar\u00f3er sem liggur \u00ed m\u00f3t Rabat. <span class=\"athugasemd\" title=\"Ga\u00f0\">[<\/span> Og fr\u00e1 Hesbon allt til Ramat Mispe og Bet\u00f3n\u00edm og fr\u00e1 Mahana\u00edm allt til Deb\u00edr landamerkja. En \u00ed dalnum Bet Haram, Bet Nimra, S\u00fakk\u00f3t og Saf\u00f3n sem eftir var af k\u00f3ng S\u00edhons r\u00edki af Hesbon. Og J\u00f3rdan var \u00feeirra landamerki inn til Kinneretsj\u00f3arenda \u00e1 \u00feessa s\u00ed\u00f0u J\u00f3rdanar m\u00f3t su\u00f0ri. \u00deetta er Ga\u00f0sona arfleif\u00f0 og \u00feeirra kynkv\u00edsla, borgir \u00feeirra og kaupt\u00fan.<\/p>\n<p>\tM\u00f3ses gaf h\u00e1lfri Manasses \u00e6ttkv\u00edsl eftir \u00feeirra kyn\u00fe\u00e1ttum so a\u00f0 \u00feeirra landamerki var fr\u00e1 Mahana\u00edm allt til Basan og allt k\u00f3ngs \u00d3gs r\u00edki af Basan og allir Ja\u00edrs sta\u00f0ir sem liggja \u00ed Basan sem eru sext\u00edgi borgir og h\u00e1lfpart af G\u00edlea\u00f0, Astar\u00f3t, Edrei, \u00d3gs k\u00f3ngar\u00edkissta\u00f0ir af Basan. <span class=\"athugasemd\" title=\"Manasses sona hlutskipti \/ J\u00f3s\u00fa. 17 \/ Paral. 6\">[<\/span> \u00deett gaf hann sonum Mak\u00edr sonar Manasse, \u00fea\u00f0 er helmingurinn af Mak\u00edrsonum eftir \u00feeirra kynkv\u00edslum. <\/p>\n<p>\tOg \u00feetta er \u00fea\u00f0 sem M\u00f3ses \u00fatskipti \u00e1 M\u00f3absv\u00f6llum hinumegin J\u00f3rdanar austur fr\u00e1 Jer\u00edk\u00f3. <span class=\"athugasemd\" title=\"Num. 18\">[<\/span> En M\u00f3ses gaf Lev\u00ed kynkv\u00edsl \u00f6ngvan arf \u00fev\u00ed Drottinn Israelis Gu\u00f0 er \u00feeirra arfur sem hann sag\u00f0i til \u00feeirra.<\/p>\n","protected":false},"excerpt":{"rendered":"<p>XIII. Sem J\u00f3s\u00faa var gamall og mj\u00f6g \u00e1 efra aldur kominn \u00fe\u00e1 sag\u00f0i Drottinn til hans: &#8222;\u00de\u00fa ert n\u00fa gamall og hniginn a\u00f0 aldri en mj\u00f6g miki\u00f0 er eftir af landinu \u00f3unni\u00f0, sem er allt Philisteisland, Gal\u00edlea og allt Ges\u00far\u00ed, fr\u00e1 S\u00edh\u00f3r sem fellur framhj\u00e1 Egyptalandi til Hebron landamerkja m\u00f3t nor\u00f0ri sem tilreiknast \u00feeim Cananeis, \u00feeir fimm h\u00f6f\u00f0ingjar Philistinorum, sem er af Gasa, Asd\u00f3t, Askal\u00f3n, Gat, Ekron og \u00feeir Aviter. [ En sunnan til er allt land Cananeorum og Meara sem heyrir til \u00feeim Zidoniter inn til Afek til \u00feeirra Amoriters landamerkja. Og \u00fear til land \u00feeirra Gibliter og allt <a href=\"https:\/\/biblian.is\/gudbrandsbiblia\/josuabok-13-kafli\/\"> [&#8230;]<\/a><\/p>\n","protected":false},"author":1,"featured_media":0,"parent":0,"menu_order":0,"comment_status":"open","ping_status":"open","template":"bibliukaflar.php","meta":{"footnotes":""},"class_list":["post-2892","page","type-page","status-publish","hentry"],"_links":{"self":[{"href":"https:\/\/biblian.is\/gudbrandsbiblia\/wp-json\/wp\/v2\/pages\/2892","targetHints":{"allow":["GET"]}}],"collection":[{"href":"https:\/\/biblian.is\/gudbrandsbiblia\/wp-json\/wp\/v2\/pages"}],"about":[{"href":"https:\/\/biblian.is\/gudbrandsbiblia\/wp-json\/wp\/v2\/types\/page"}],"author":[{"embeddable":true,"href":"https:\/\/biblian.is\/gudbrandsbiblia\/wp-json\/wp\/v2\/users\/1"}],"replies":[{"embeddable":true,"href":"https:\/\/biblian.is\/gudbrandsbiblia\/wp-json\/wp\/v2\/comments?post=2892"}],"version-history":[{"count":0,"href":"https:\/\/biblian.is\/gudbrandsbiblia\/wp-json\/wp\/v2\/pages\/2892\/revisions"}],"wp:attachment":[{"href":"https:\/\/biblian.is\/gudbrandsbiblia\/wp-json\/wp\/v2\/media?parent=2892"}],"curies":[{"name":"wp","href":"https:\/\/api.w.org\/{rel}","templated":true}]}}