{"id":2891,"date":"2017-12-18T18:32:00","date_gmt":"2017-12-18T18:32:00","guid":{"rendered":"http:\/\/biblian.is\/gudbrandsbiblia\/josuabok-12-kafli\/"},"modified":"2017-12-18T18:32:00","modified_gmt":"2017-12-18T18:32:00","slug":"josuabok-12-kafli","status":"publish","type":"page","link":"https:\/\/biblian.is\/gudbrandsbiblia\/josuabok-12-kafli\/","title":{"rendered":"J\u00f3s\u00faab\u00f3k 12. kafli"},"content":{"rendered":"<p>XII.<\/p>\n<p>\u00deessir eru \u00feeir konungar landsins sem \u00cdsraelssynir sl\u00f3gu og eignu\u00f0ust \u00feeirra l\u00f6nd hinumegin J\u00f3rdanar \u00ed m\u00f3t austri fr\u00e1 \u00fev\u00ed vatni Arnon og til fjallsins Hermon og allt \u00fea\u00f0 v\u00ed\u00f0lendi\u00f0 \u00ed m\u00f3t austri: S\u00edhon k\u00f3ngur \u00feeirra Amoritarum sem bygg\u00f0i \u00ed Hesbon hvers r\u00edki e\u00f0 var fr\u00e1 Ar\u00f3er sem liggur hj\u00e1 Arnon vatsbakka og mitt \u00ed vatni\u00f0 og yfir h\u00e1lft G\u00edlea\u00f0 allt til vatsins Jabbok sem er landamerki Amm\u00f3nsona og yfir \u00fea\u00f0 sl\u00e9tta landi\u00f0 inn til sj\u00f3ar Kinneret, \u00fear austur og yfir \u00fea\u00f0 sl\u00e9tta land til \u00feess salta hafs \u00ed austur, \u00e1 \u00feann veg til Bet Jes\u00edm\u00f3t og fr\u00e1 su\u00f0ri til l\u00e6kjanna fjallsins Pisga. <span class=\"athugasemd\" title=\"Num. 21 \/ Deut. 3 \/ S\u00edhon \/ Jabbok\">[<\/span> <\/p>\n<p>\tSo og k\u00f3ngsins \u00d3g landamerki \u00ed Basan sem eftir var af \u00feeim st\u00f3ru risum og bj\u00f3 \u00ed Astar\u00f3t og Edrei og r\u00edkti yfir fjalli\u00f0 Hermon, yfir Salka og yfir alla Basan inn til \u00feeirra landsmerkja Gesuri og Maachati og helftarinnar G\u00edlea\u00f0 sem var S\u00edhon k\u00f3ngsins af Hesbon landamerki. <span class=\"athugasemd\" title=\"\u00d3g \/ Num. 21 \/ Deut. 3 \/ J\u00f3s\u00fa. 13\">[<\/span> M\u00f3ses \u00fe\u00e9nari Drottins og \u00cdsraelssynir sl\u00f3gu \u00fe\u00e1 og M\u00f3ses Gu\u00f0s \u00fe\u00e9nari gaf \u00feeirra land til eignar \u00feeim sonum R\u00faben og sonum Ga\u00f0 og h\u00e1lfum Manasses kyn\u00fe\u00e6tti.<\/p>\n<p>\tEn \u00feessir eru landsins k\u00f3ngar sem J\u00f3s\u00faa og \u00cdsraelssynir sl\u00f3gu hinumegin J\u00f3rdanar \u00ed m\u00f3t vestri fr\u00e1 Baal Ga\u00f0 til Libani fjallssl\u00e9ttu og til \u00feess fjalls sem \u00ed sundur skilur landi\u00f0 upp \u00ed m\u00f3t Se\u00edr og J\u00f3s\u00faa gaf \u00cdsraels \u00e6ttkv\u00edslum \u00fea\u00f0 til eignar, hverjum sinn part, af \u00fev\u00ed sem var \u00e1 fj\u00f6llunum, \u00ed d\u00f6lunum og so og \u00e1 m\u00f6rkinni, hj\u00e1 l\u00e6kjunum og \u00fe\u00e1 ey\u00f0im\u00f6rk \u00ed m\u00f3ti su\u00f0ri: (\u00feessar \u00fej\u00f3\u00f0ir) Hethiter, Amoriter, Cananiter, Pheresiter, Heviter og Jebusiter: <span class=\"athugasemd\" title=\"Ellefu og tuttugu k\u00f3ngar slegnir af J\u00f3s\u00faa\">[<\/span><\/p>\n<p>\tK\u00f3ngurinn af Jer\u00edk\u00f3, k\u00f3ngurinn af A\u00ed sem liggur \u00e1 hina s\u00ed\u00f0u Betel, k\u00f3ngurinn af Jer\u00fasalem, k\u00f3ngurinn af Hebron, k\u00f3ngurinn af Jarm\u00fat, k\u00f3ngurinn af Lak\u00eds, k\u00f3ngurinn af Eglon, k\u00f3ngurinn af Geser, k\u00f3ngurinn af Deb\u00edr, k\u00f3ngurinn af Geder, k\u00f3ngurinn af Harma, k\u00f3ngurinn af Arad, k\u00f3ngurinn af L\u00edbna, k\u00f3ngurinn af Ad\u00fallam, k\u00f3ngurinn af Makkeda, k\u00f3ngurinn af Betel, k\u00f3ngurinn af Tapp\u00faa, k\u00f3ngurinn af Hefer, k\u00f3ngurinn af Afek, k\u00f3ngurinn af Saron, k\u00f3ngurinn af Madon, k\u00f3ngurinn af Has\u00f3r, k\u00f3ngurinn af Simr\u00f3n Mer\u00f3m, k\u00f3ngurinn af Aksaf, k\u00f3ngurinn af Taanak, k\u00f3ngurinn af Meg\u00eddd\u00f3, k\u00f3ngurinn af Kedes, k\u00f3ngurinn af Jokneam hj\u00e1 Karmel, k\u00f3ngurinn af Naf\u00f3t D\u00f3r, k\u00f3ngurinn af Gilgal sem var k\u00f3ngur hei\u00f0ingjanna, k\u00f3ngurinn af Tirsa. Og \u00feeir eru ellefu og tuttugu k\u00f3ngar.<\/p>\n","protected":false},"excerpt":{"rendered":"<p>XII. \u00deessir eru \u00feeir konungar landsins sem \u00cdsraelssynir sl\u00f3gu og eignu\u00f0ust \u00feeirra l\u00f6nd hinumegin J\u00f3rdanar \u00ed m\u00f3t austri fr\u00e1 \u00fev\u00ed vatni Arnon og til fjallsins Hermon og allt \u00fea\u00f0 v\u00ed\u00f0lendi\u00f0 \u00ed m\u00f3t austri: S\u00edhon k\u00f3ngur \u00feeirra Amoritarum sem bygg\u00f0i \u00ed Hesbon hvers r\u00edki e\u00f0 var fr\u00e1 Ar\u00f3er sem liggur hj\u00e1 Arnon vatsbakka og mitt \u00ed vatni\u00f0 og yfir h\u00e1lft G\u00edlea\u00f0 allt til vatsins Jabbok sem er landamerki Amm\u00f3nsona og yfir \u00fea\u00f0 sl\u00e9tta landi\u00f0 inn til sj\u00f3ar Kinneret, \u00fear austur og yfir \u00fea\u00f0 sl\u00e9tta land til \u00feess salta hafs \u00ed austur, \u00e1 \u00feann veg til Bet Jes\u00edm\u00f3t og fr\u00e1 su\u00f0ri til <a href=\"https:\/\/biblian.is\/gudbrandsbiblia\/josuabok-12-kafli\/\"> [&#8230;]<\/a><\/p>\n","protected":false},"author":1,"featured_media":0,"parent":0,"menu_order":0,"comment_status":"open","ping_status":"open","template":"bibliukaflar.php","meta":{"footnotes":""},"class_list":["post-2891","page","type-page","status-publish","hentry"],"_links":{"self":[{"href":"https:\/\/biblian.is\/gudbrandsbiblia\/wp-json\/wp\/v2\/pages\/2891","targetHints":{"allow":["GET"]}}],"collection":[{"href":"https:\/\/biblian.is\/gudbrandsbiblia\/wp-json\/wp\/v2\/pages"}],"about":[{"href":"https:\/\/biblian.is\/gudbrandsbiblia\/wp-json\/wp\/v2\/types\/page"}],"author":[{"embeddable":true,"href":"https:\/\/biblian.is\/gudbrandsbiblia\/wp-json\/wp\/v2\/users\/1"}],"replies":[{"embeddable":true,"href":"https:\/\/biblian.is\/gudbrandsbiblia\/wp-json\/wp\/v2\/comments?post=2891"}],"version-history":[{"count":0,"href":"https:\/\/biblian.is\/gudbrandsbiblia\/wp-json\/wp\/v2\/pages\/2891\/revisions"}],"wp:attachment":[{"href":"https:\/\/biblian.is\/gudbrandsbiblia\/wp-json\/wp\/v2\/media?parent=2891"}],"curies":[{"name":"wp","href":"https:\/\/api.w.org\/{rel}","templated":true}]}}