{"id":2890,"date":"2017-12-18T18:32:00","date_gmt":"2017-12-18T18:32:00","guid":{"rendered":"http:\/\/biblian.is\/gudbrandsbiblia\/josuabok-11-kafli\/"},"modified":"2017-12-18T18:32:00","modified_gmt":"2017-12-18T18:32:00","slug":"josuabok-11-kafli","status":"publish","type":"page","link":"https:\/\/biblian.is\/gudbrandsbiblia\/josuabok-11-kafli\/","title":{"rendered":"J\u00f3s\u00faab\u00f3k 11. kafli"},"content":{"rendered":"<p>XI.<\/p>\n<p>Sem Jab\u00edn k\u00f3ngur af Has\u00f3r spur\u00f0i \u00f6ll \u00feessi t\u00ed\u00f0indi \u00fe\u00e1 sendi hann bo\u00f0 til J\u00f3bab k\u00f3ngsins af Mad\u00f3n og til k\u00f3ngsins af Simron og til k\u00f3ngsins af Aksaf og til k\u00f3nganna \u00ed nor\u00f0ur sem \u00fear bjuggu \u00e1 fjallbygg\u00f0um og \u00e1 sl\u00e9ttlendinu fyrir sunnan Kinneret og so til \u00feeirra sem bjuggu \u00ed d\u00f6lunum \u00ed Naf\u00f3t D\u00f3r \u00fat me\u00f0 sj\u00f3num, til Kanaan\u00edtanna b\u00e6\u00f0i astur og vestur, til \u00feeirra Amor\u00edta, Het\u00edta, Peres\u00edta og Jeb\u00fas\u00edta \u00e1 fjallbyg\u00f0unum og til Hev\u00edtanna undir Hermonfjalli \u00ed Mispalandi. <span class=\"athugasemd\" title=\"Jab\u00edn safnar \u00f3fl\u00fdjanda her m\u00f3ti \u00cdsrael\">[<\/span> \u00deessir allir dr\u00f3gu \u00fat me\u00f0 allan sinn her, so margur l\u00fd\u00f0ur sem sj\u00e1varsandur, mj\u00f6g margir hestar og vagnar. Allir \u00feessir k\u00f3ngar samans\u00f6fnu\u00f0ust, komu og settu s\u00ednar herb\u00fa\u00f0ir \u00ed einn sta\u00f0 hj\u00e1 \u00fev\u00ed vatni Mer\u00f3m a\u00f0 halda bardaga vi\u00f0 \u00cdsrael. <span class=\"athugasemd\" title=\"Mer\u00f3m\">[<\/span> <\/p>\n<p>\tOg Drottinn sag\u00f0i til J\u00f3s\u00faa: &#8222;Eigi skalt \u00fe\u00fa hr\u00e6\u00f0ast \u00fe\u00e1 \u00fev\u00ed a\u00f0 \u00e1 morgun \u00ed \u00feetta mund vil eg gefa \u00fe\u00e1 alla fallna fyrir \u00cdsraelssonum. <span class=\"athugasemd\" title=\"Sigurinn kemur af Gu\u00f0i\">[<\/span> \u00de\u00fa skalt mei\u00f0a hesta \u00feeirra og uppbrenna \u00feeirra vagna \u00ed eldi.&#8220; Og J\u00f3s\u00faa hlj\u00f3p \u00e1 \u00fe\u00e1 me\u00f0 br\u00e1\u00f0um bardaga me\u00f0 \u00f6llu s\u00ednu str\u00ed\u00f0sf\u00f3lki hj\u00e1 vatninu Mer\u00f3m og f\u00e9ll yfir \u00fe\u00e1. Og Drottinn gaf \u00fe\u00e1 alla \u00ed Israelis hendur og \u00feeir felldu \u00fe\u00e1 og r\u00e1ku fl\u00f3ttann allt til \u00feeirrar miklu borgar S\u00eddon og til \u00feess varma vats, allt til \u00feeirrar st\u00f3ru merkur sem liggur \u00ed austur fr\u00e1 Mispa, og \u00feeir sl\u00f3gu \u00fe\u00e1 svo gj\u00f6rvalllega a\u00f0 \u00fear var ekki einn eftir l\u00edfs af \u00f6llum \u00feeim her.<\/p>\n<p>\tOg J\u00f3s\u00faa gj\u00f6r\u00f0i so sem Drottinn haf\u00f0i bo\u00f0i\u00f0 honum, meiddi hesta \u00feeirra en brenndi vagna. <span class=\"athugasemd\" title=\"Has\u00f3r h\u00f6fu\u00f0borg\">[<\/span> Hann sneri s\u00e9r \u00e1 \u00feeim sama t\u00edma og yfirvann Has\u00f3r og drap hennar k\u00f3ng me\u00f0 sver\u00f0i (\u00fev\u00ed Has\u00f3r haf\u00f0i \u00e1\u00f0ur veri\u00f0 h\u00f6fu\u00f0sta\u00f0ur fyrir \u00f6llum \u00feessum k\u00f3ngar\u00edkjum) og allar \u00fe\u00e6r s\u00e1lir sem voru \u00ed \u00feeirri borg sl\u00f3gu \u00feeir \u00ed hel me\u00f0 sver\u00f0seggjum og foreyddu \u00feeim og l\u00e9tu ekkert eftir lifa \u00fea\u00f0 sem l\u00edfsanda haf\u00f0i og uppbrenndi borgina Has\u00f3r me\u00f0 eldi. \u00deessa alla konunglega sta\u00f0i vann J\u00f3s\u00faa og sl\u00f3 \u00fe\u00e1 og \u00feeirra k\u00f3nga me\u00f0 sver\u00f0seggjum og foreyddi \u00feeim so sem M\u00f3ses Gu\u00f0s \u00fe\u00e9nari haf\u00f0i bo\u00f0i\u00f0. <span class=\"athugasemd\" title=\"Exod. 34 \/ Deut. 7\">[<\/span> <\/p>\n<p>\tEn \u00e1 fj\u00f6llum brenndu \u00cdsraelssynir \u00f6ngvar borgir, utan J\u00f3s\u00faa brenndi Has\u00f3r alleina. S\u00ed\u00f0an skiptu \u00cdsraelssynir \u00f6llu f\u00e9 og herfangi me\u00f0 s\u00e9r af \u00feessum st\u00f6\u00f0um en dr\u00e1pu allt f\u00f3lki\u00f0 \u00fear til \u00feeir h\u00f6f\u00f0u afm\u00e1\u00f0 \u00fea\u00f0 allt og ekki l\u00e9tu \u00feeir neitt eftirlifa \u00fea\u00f0 sem l\u00edfsanda haf\u00f0i. So sem Drottinn haf\u00f0i bo\u00f0i\u00f0 M\u00f3se s\u00ednum \u00fe\u00e9nara og M\u00f3ses bau\u00f0 J\u00f3s\u00faa, svo gj\u00f6r\u00f0i J\u00f3s\u00faa svo a\u00f0 \u00fear brast ekki neitt upp \u00e1 allt \u00fea\u00f0 sem Drottinn haf\u00f0i b\u00edfala\u00f0 M\u00f3se.<\/p>\n<p>\tSo eigna\u00f0ist J\u00f3s\u00faa \u00f6ll \u00feau l\u00f6ndin sem l\u00e1gu \u00e1 fjallbygg\u00f0unum og allt su\u00f0urlandi\u00f0, h\u00e9r me\u00f0 allt G\u00f3senland og \u00fe\u00e6r merkurnar og dalina og \u00cdsraels fjallbygg\u00f0ir me\u00f0 s\u00ednum d\u00f6lum og l\u00e1glendi\u00f0, fr\u00e1 \u00fev\u00ed fjalli sem l\u00f6ndin sundurdeilir, fr\u00e1 Se\u00edr allt til Baal Ga\u00f0 og til brei\u00f0innar fjallsins L\u00edbanon ne\u00f0an a\u00f0 fjallinu Hermon. Og hann yfirvann alla \u00feeirra k\u00f3nga og sl\u00f3 s\u00e9rhvern til dau\u00f0s. <span class=\"athugasemd\" title=\"J\u00f3s\u00fa. 9\">[<\/span> En langa t\u00edma \u00e1tti hann or\u00f6stur vi\u00f0 \u00feessa k\u00f3nga.<\/p>\n<p>\tOg \u00fear var engin s\u00fa borg sem me\u00f0 fri\u00f0i vildi gefa sig undir \u00cdsrael (utan alleina \u00feeir Heviter sem bjuggu \u00ed G\u00edbeon) heldur unnu \u00feeir \u00fe\u00e6r allar me\u00f0 str\u00ed\u00f0i. Og \u00fea\u00f0 ske\u00f0i af Drottni a\u00f0 \u00feeir h\u00f6r\u00f0nu\u00f0u \u00ed s\u00ednum hj\u00f6rtum til a\u00f0 m\u00e6ta Israelissonum \u00ed str\u00ed\u00f0i svo a\u00f0 \u00feeir skyldu forey\u00f0ast og \u00f6ngva n\u00e1\u00f0 finna heldur a\u00f0 \u00feeir skyldu ey\u00f0ileggjast so sem Drottinn bau\u00f0 M\u00f3se.<\/p>\n<p>\t\u00c1 \u00feeim sama t\u00edma kom J\u00f3s\u00faa og uppr\u00e6tti Enak\u00edm af fjallbygg\u00f0um Hebron, af Deb\u00edr, af Anab, af \u00f6llum fjallbygg\u00f0um J\u00fada og af \u00f6llum \u00cdsraels fjallbygg\u00f0um og foreyddu \u00feeim me\u00f0 \u00feeirra st\u00f6\u00f0um og l\u00e9t \u00f6ngvan bl\u00edfa eftir af Enak\u00edm \u00ed landi \u00cdsraelssona utan \u00ed Gasa, Gat og \u00ed Asd\u00f3t, \u00fear ur\u00f0u \u00feeir eftir. <span class=\"athugasemd\" title=\"J\u00f3s\u00faa afm\u00e1ir Enak\u00edm\">[<\/span> <\/p>\n<p>\tSo eigna\u00f0ist n\u00fa J\u00f3s\u00faa allt landi\u00f0 \u00ed allan m\u00e1ta svo sem Drottinn haf\u00f0i sagt til Mosen og gaf Israelissonum \u00fea\u00f0 til arft\u00f6ku, hverri \u00e6ttkv\u00edsl sinn part. Og \u00fear var\u00f0 fri\u00f0ur \u00ed landinu.<\/p>\n","protected":false},"excerpt":{"rendered":"<p>XI. Sem Jab\u00edn k\u00f3ngur af Has\u00f3r spur\u00f0i \u00f6ll \u00feessi t\u00ed\u00f0indi \u00fe\u00e1 sendi hann bo\u00f0 til J\u00f3bab k\u00f3ngsins af Mad\u00f3n og til k\u00f3ngsins af Simron og til k\u00f3ngsins af Aksaf og til k\u00f3nganna \u00ed nor\u00f0ur sem \u00fear bjuggu \u00e1 fjallbygg\u00f0um og \u00e1 sl\u00e9ttlendinu fyrir sunnan Kinneret og so til \u00feeirra sem bjuggu \u00ed d\u00f6lunum \u00ed Naf\u00f3t D\u00f3r \u00fat me\u00f0 sj\u00f3num, til Kanaan\u00edtanna b\u00e6\u00f0i astur og vestur, til \u00feeirra Amor\u00edta, Het\u00edta, Peres\u00edta og Jeb\u00fas\u00edta \u00e1 fjallbyg\u00f0unum og til Hev\u00edtanna undir Hermonfjalli \u00ed Mispalandi. [ \u00deessir allir dr\u00f3gu \u00fat me\u00f0 allan sinn her, so margur l\u00fd\u00f0ur sem sj\u00e1varsandur, mj\u00f6g margir hestar og vagnar. <a href=\"https:\/\/biblian.is\/gudbrandsbiblia\/josuabok-11-kafli\/\"> [&#8230;]<\/a><\/p>\n","protected":false},"author":1,"featured_media":0,"parent":0,"menu_order":0,"comment_status":"open","ping_status":"open","template":"bibliukaflar.php","meta":{"footnotes":""},"class_list":["post-2890","page","type-page","status-publish","hentry"],"_links":{"self":[{"href":"https:\/\/biblian.is\/gudbrandsbiblia\/wp-json\/wp\/v2\/pages\/2890","targetHints":{"allow":["GET"]}}],"collection":[{"href":"https:\/\/biblian.is\/gudbrandsbiblia\/wp-json\/wp\/v2\/pages"}],"about":[{"href":"https:\/\/biblian.is\/gudbrandsbiblia\/wp-json\/wp\/v2\/types\/page"}],"author":[{"embeddable":true,"href":"https:\/\/biblian.is\/gudbrandsbiblia\/wp-json\/wp\/v2\/users\/1"}],"replies":[{"embeddable":true,"href":"https:\/\/biblian.is\/gudbrandsbiblia\/wp-json\/wp\/v2\/comments?post=2890"}],"version-history":[{"count":0,"href":"https:\/\/biblian.is\/gudbrandsbiblia\/wp-json\/wp\/v2\/pages\/2890\/revisions"}],"wp:attachment":[{"href":"https:\/\/biblian.is\/gudbrandsbiblia\/wp-json\/wp\/v2\/media?parent=2890"}],"curies":[{"name":"wp","href":"https:\/\/api.w.org\/{rel}","templated":true}]}}